{"id":847,"date":"2025-01-18T08:57:08","date_gmt":"2025-01-18T07:57:08","guid":{"rendered":"https:\/\/carbonmiledesign.pl\/?post_type=product&#038;p=847"},"modified":"2026-01-08T03:10:27","modified_gmt":"2026-01-08T02:10:27","slug":"grill-atrapa-carbon-bmw-m3-g80-g81-m4-g82-g83-2","status":"publish","type":"product","link":"https:\/\/carbonmiledesign.pl\/en\/product\/grill-atrapa-carbon-bmw-m3-g80-g81-m4-g82-g83-2\/","title":{"rendered":"Carbon fibre grille (NO ACC) BMW M3 G80 G81 \/ M4 G82 G83"},"content":{"rendered":"<h2><strong>Carbon fibre grille (NO ACC) BMW M3 G80 G81 \/ M4 G82 G83<\/strong><\/h2>\n<div id=\"accordion-description\" class=\"accordion-item\">\n<div id=\"accordion-description-content\" class=\"accordion-inner\" aria-labelledby=\"accordion-description-label\">\n<p><strong>Manufacturer:<\/strong>\u00a0CM Design<\/p>\n<p><strong>Material:\u00a0<\/strong>Carbon \u2013 Carbon Fibre (<a href=\"https:\/\/carbonmiledesign.pl\/karbon-od-podstaw-co-warto-wiedziec\/\">Dry carbon<\/a>)<\/p>\n<p><b>Fits to:<\/b><\/p>\n<ul>\n<li>BMW M3 G80<\/li>\n<li>BMW M3 G81 Touring<\/li>\n<li>BMW M4 G82<\/li>\n<li>BMW M4 G83<\/li>\n<\/ul>\n<p><b>NOT equipped with radar (ACC) in the front grille!<\/b><\/p>\n<p>Exceptional front grille by CM Design in the \u201cCS\u201d pattern, made from top-quality carbon fiber, perfectly accentuates the aggressive silhouette of the vehicle, evoking the spirit of motorsport.<\/p>\n<p>The highest production standards ensure not only an outstanding appearance but also the highest quality and durability.<\/p>\n<p>Additionally, by expanding the \u201cEmblem\u201d option, we can equip your new grille with an original \u201cM3\u201d \/ \u201cM4\u201d badge.\u00a0<em>Look visualizations.<\/em><\/p>\n<\/div>\n<\/div>\n<div id=\"accordion-additional_information\" class=\"accordion-item\"><\/div>","protected":false},"excerpt":{"rendered":"<h4><strong><span style=\"font-size: 75%;\">Carbon fibre grille (NO ACC) BMW M3 G80 G81 \/ M4 G82 G83\u00a0<\/span><\/strong><\/h4>\n<p><span style=\"font-size: 10.8px;\">Exceptional front grille by CM Design in the \u201cCS\u201d style, made from the highest quality carbon fiber, perfectly emphasizes the car\u2019s aggressive silhouette, evoking the spirit of motorsports.\u00a0<\/span><\/p>\n<p><span style=\"font-size: 75%;\"><strong>Fits to:<\/strong><\/span><\/p>\n<ul>\n<li><span style=\"font-size: 75%;\">BMW M3 G80<\/span><\/li>\n<li><span style=\"font-size: 75%;\">BMW M3 G81<\/span><\/li>\n<li><span style=\"font-size: 75%;\">BMW M4 G82<\/span><\/li>\n<li><span style=\"font-size: 75%;\">BMW M4 G83\u00a0<\/span><\/li>\n<\/ul>\n<p><span style=\"font-size: 80%; color: #ed1c24;\"><em><strong><b>Not equipped with a front grille radar (ACC)!<\/b><\/strong><\/em><\/span><\/p>\n<p><span style=\"font-size: 75%;\"><strong>Estimated production time:<\/strong> Available in the showroom<\/span><\/p>","protected":false},"featured_media":851,"template":"","meta":[],"product_brand":[287],"product_cat":[70,157,107,123,211,212,105,143],"product_tag":[77,78,79,80,81,147,148],"class_list":{"0":"post-847","1":"product","2":"type-product","3":"status-publish","4":"has-post-thumbnail","6":"product_brand-carbonmiledesign","7":"product_cat-bmw","8":"product_cat-dostepne-na-miejscu","9":"product_cat-m3-g80","10":"product_cat-m3-g81","11":"product_cat-m4-g82","12":"product_cat-m4-g83","13":"product_cat-seria-3-m3","14":"product_cat-seria-4-m4","15":"product_tag-bmw","16":"product_tag-m3-g80","17":"product_tag-m3-g81","18":"product_tag-m4-g82","19":"product_tag-m4-g83","20":"product_tag-seria-3-m3","21":"product_tag-seria-4-m4","22":"product_shipping_class-srednia","24":"first","25":"instock","26":"shipping-taxable","27":"purchasable","28":"product-type-variable"},"yoast_head":"<!-- This site is optimized with the Yoast SEO plugin v26.6 - https:\/\/yoast.com\/wordpress\/plugins\/seo\/ -->\n<title>Grill atrapa carbon CS Style M3 G80 G81 M4 G82 G83<\/title>\n<meta name=\"description\" content=\"Grill atrapa carbon CS Style M3 G80 G81 M4 G82 G83 | Zmie\u0144 oblicze swojego BMW! Najwy\u017csza jako\u015b\u0107 wykonania i perfekcyjne dopasowanie, postaw na CM Design\" \/>\n<meta name=\"robots\" content=\"index, follow, max-snippet:-1, max-image-preview:large, max-video-preview:-1\" \/>\n<link rel=\"canonical\" href=\"https:\/\/carbonmiledesign.pl\/en\/product\/grill-atrapa-carbon-bmw-m3-g80-g81-m4-g82-g83-2\/\" \/>\n<meta property=\"og:locale\" content=\"en_US\" \/>\n<meta property=\"og:type\" content=\"article\" \/>\n<meta property=\"og:title\" content=\"Grill atrapa carbon CS Style M3 G80 G81 M4 G82 G83\" \/>\n<meta property=\"og:description\" content=\"Grill atrapa carbon CS Style M3 G80 G81 M4 G82 G83 | Zmie\u0144 oblicze swojego BMW! Najwy\u017csza jako\u015b\u0107 wykonania i perfekcyjne dopasowanie, postaw na CM Design\" \/>\n<meta property=\"og:url\" content=\"https:\/\/carbonmiledesign.pl\/en\/product\/grill-atrapa-carbon-bmw-m3-g80-g81-m4-g82-g83-2\/\" \/>\n<meta property=\"og:site_name\" content=\"CarbonMile design\" \/>\n<meta property=\"article:modified_time\" content=\"2026-01-08T02:10:27+00:00\" \/>\n<meta property=\"og:image\" content=\"https:\/\/carbonmiledesign.pl\/wp-content\/uploads\/2025\/01\/IMG_2811.jpg\" \/>\n\t<meta property=\"og:image:width\" content=\"1500\" \/>\n\t<meta property=\"og:image:height\" content=\"1500\" \/>\n\t<meta property=\"og:image:type\" content=\"image\/jpeg\" \/>\n<meta name=\"twitter:card\" content=\"summary_large_image\" \/>\n<meta name=\"twitter:label1\" content=\"Est. reading time\" \/>\n\t<meta name=\"twitter:data1\" content=\"1 minute\" \/>\n<script type=\"application\/ld+json\" class=\"yoast-schema-graph\">{\"@context\":\"https:\/\/schema.org\",\"@graph\":[{\"@type\":\"WebPage\",\"@id\":\"https:\/\/carbonmiledesign.pl\/produkt\/grill-atrapa-carbon-bmw-m3-g80-g81-m4-g82-g83-2\/\",\"url\":\"https:\/\/carbonmiledesign.pl\/produkt\/grill-atrapa-carbon-bmw-m3-g80-g81-m4-g82-g83-2\/\",\"name\":\"Grill atrapa carbon CS Style M3 G80 G81 M4 G82 G83\",\"isPartOf\":{\"@id\":\"https:\/\/carbonmiledesign.pl\/#website\"},\"primaryImageOfPage\":{\"@id\":\"https:\/\/carbonmiledesign.pl\/produkt\/grill-atrapa-carbon-bmw-m3-g80-g81-m4-g82-g83-2\/#primaryimage\"},\"image\":{\"@id\":\"https:\/\/carbonmiledesign.pl\/produkt\/grill-atrapa-carbon-bmw-m3-g80-g81-m4-g82-g83-2\/#primaryimage\"},\"thumbnailUrl\":\"https:\/\/carbonmiledesign.pl\/wp-content\/uploads\/2025\/01\/IMG_2811.jpg\",\"datePublished\":\"2025-01-18T07:57:08+00:00\",\"dateModified\":\"2026-01-08T02:10:27+00:00\",\"description\":\"Grill atrapa carbon CS Style M3 G80 G81 M4 G82 G83 | Zmie\u0144 oblicze swojego BMW! Najwy\u017csza jako\u015b\u0107 wykonania i perfekcyjne dopasowanie, postaw na CM Design\",\"breadcrumb\":{\"@id\":\"https:\/\/carbonmiledesign.pl\/produkt\/grill-atrapa-carbon-bmw-m3-g80-g81-m4-g82-g83-2\/#breadcrumb\"},\"inLanguage\":\"en-US\",\"potentialAction\":[{\"@type\":\"ReadAction\",\"target\":[\"https:\/\/carbonmiledesign.pl\/produkt\/grill-atrapa-carbon-bmw-m3-g80-g81-m4-g82-g83-2\/\"]}]},{\"@type\":\"ImageObject\",\"inLanguage\":\"en-US\",\"@id\":\"https:\/\/carbonmiledesign.pl\/produkt\/grill-atrapa-carbon-bmw-m3-g80-g81-m4-g82-g83-2\/#primaryimage\",\"url\":\"https:\/\/carbonmiledesign.pl\/wp-content\/uploads\/2025\/01\/IMG_2811.jpg\",\"contentUrl\":\"https:\/\/carbonmiledesign.pl\/wp-content\/uploads\/2025\/01\/IMG_2811.jpg\",\"width\":1500,\"height\":1500},{\"@type\":\"BreadcrumbList\",\"@id\":\"https:\/\/carbonmiledesign.pl\/produkt\/grill-atrapa-carbon-bmw-m3-g80-g81-m4-g82-g83-2\/#breadcrumb\",\"itemListElement\":[{\"@type\":\"ListItem\",\"position\":1,\"name\":\"Strona g\u0142\u00f3wna\",\"item\":\"https:\/\/carbonmiledesign.pl\/\"},{\"@type\":\"ListItem\",\"position\":2,\"name\":\"Sklep\",\"item\":\"https:\/\/carbonmiledesign.pl\/sklep-wysokiej-jakosci-czesci-carbon\/\"},{\"@type\":\"ListItem\",\"position\":3,\"name\":\"Grill atrapa carbon (BRAK ACC) BMW M3 G80 G81 \/ M4 G82 G83\"}]},{\"@type\":\"WebSite\",\"@id\":\"https:\/\/carbonmiledesign.pl\/#website\",\"url\":\"https:\/\/carbonmiledesign.pl\/\",\"name\":\"Carbonmile Design\",\"description\":\"\",\"publisher\":{\"@id\":\"https:\/\/carbonmiledesign.pl\/#organization\"},\"alternateName\":\"CM Design\",\"potentialAction\":[{\"@type\":\"SearchAction\",\"target\":{\"@type\":\"EntryPoint\",\"urlTemplate\":\"https:\/\/carbonmiledesign.pl\/?s={search_term_string}\"},\"query-input\":{\"@type\":\"PropertyValueSpecification\",\"valueRequired\":true,\"valueName\":\"search_term_string\"}}],\"inLanguage\":\"en-US\"},{\"@type\":\"Organization\",\"@id\":\"https:\/\/carbonmiledesign.pl\/#organization\",\"name\":\"Carbonmile Design\",\"url\":\"https:\/\/carbonmiledesign.pl\/\",\"logo\":{\"@type\":\"ImageObject\",\"inLanguage\":\"en-US\",\"@id\":\"https:\/\/carbonmiledesign.pl\/#\/schema\/logo\/image\/\",\"url\":\"https:\/\/carbonmiledesign.pl\/wp-content\/uploads\/2025\/01\/Carbonmiledesign-logo-czarne-przezroczyste-tlo.png\",\"contentUrl\":\"https:\/\/carbonmiledesign.pl\/wp-content\/uploads\/2025\/01\/Carbonmiledesign-logo-czarne-przezroczyste-tlo.png\",\"width\":2420,\"height\":520,\"caption\":\"Carbonmile Design\"},\"image\":{\"@id\":\"https:\/\/carbonmiledesign.pl\/#\/schema\/logo\/image\/\"}}]}<\/script>\n<!-- \/ Yoast SEO plugin. -->","yoast_head_json":{"title":"Carbon fibre grille (NO ACC) BMW M3 G80 G81 \/ M4 G82 G83","description":"Grill atrapa carbon CS Style M3 G80 G81 M4 G82 G83 | Zmie\u0144 oblicze swojego BMW! Najwy\u017csza jako\u015b\u0107 wykonania i perfekcyjne dopasowanie, postaw na CM Design","robots":{"index":"index","follow":"follow","max-snippet":"max-snippet:-1","max-image-preview":"max-image-preview:large","max-video-preview":"max-video-preview:-1"},"canonical":"https:\/\/carbonmiledesign.pl\/en\/product\/grill-atrapa-carbon-bmw-m3-g80-g81-m4-g82-g83-2\/","og_locale":"en_US","og_type":"article","og_title":"Grill atrapa carbon CS Style M3 G80 G81 M4 G82 G83","og_description":"Grill atrapa carbon CS Style M3 G80 G81 M4 G82 G83 | Zmie\u0144 oblicze swojego BMW! Najwy\u017csza jako\u015b\u0107 wykonania i perfekcyjne dopasowanie, postaw na CM Design","og_url":"https:\/\/carbonmiledesign.pl\/en\/product\/grill-atrapa-carbon-bmw-m3-g80-g81-m4-g82-g83-2\/","og_site_name":"CarbonMile design","article_modified_time":"2026-01-08T02:10:27+00:00","og_image":[{"width":1500,"height":1500,"url":"https:\/\/carbonmiledesign.pl\/wp-content\/uploads\/2025\/01\/IMG_2811.jpg","type":"image\/jpeg"}],"twitter_card":"summary_large_image","twitter_misc":{"Est. reading time":"1 minute"},"schema":{"@context":"https:\/\/schema.org","@graph":[{"@type":"WebPage","@id":"https:\/\/carbonmiledesign.pl\/produkt\/grill-atrapa-carbon-bmw-m3-g80-g81-m4-g82-g83-2\/","url":"https:\/\/carbonmiledesign.pl\/produkt\/grill-atrapa-carbon-bmw-m3-g80-g81-m4-g82-g83-2\/","name":"Carbon fibre grille (NO ACC) BMW M3 G80 G81 \/ M4 G82 G83","isPartOf":{"@id":"https:\/\/carbonmiledesign.pl\/#website"},"primaryImageOfPage":{"@id":"https:\/\/carbonmiledesign.pl\/produkt\/grill-atrapa-carbon-bmw-m3-g80-g81-m4-g82-g83-2\/#primaryimage"},"image":{"@id":"https:\/\/carbonmiledesign.pl\/produkt\/grill-atrapa-carbon-bmw-m3-g80-g81-m4-g82-g83-2\/#primaryimage"},"thumbnailUrl":"https:\/\/carbonmiledesign.pl\/wp-content\/uploads\/2025\/01\/IMG_2811.jpg","datePublished":"2025-01-18T07:57:08+00:00","dateModified":"2026-01-08T02:10:27+00:00","description":"Grill atrapa carbon CS Style M3 G80 G81 M4 G82 G83 | Zmie\u0144 oblicze swojego BMW! Najwy\u017csza jako\u015b\u0107 wykonania i perfekcyjne dopasowanie, postaw na CM Design","breadcrumb":{"@id":"https:\/\/carbonmiledesign.pl\/produkt\/grill-atrapa-carbon-bmw-m3-g80-g81-m4-g82-g83-2\/#breadcrumb"},"inLanguage":"en-US","potentialAction":[{"@type":"ReadAction","target":["https:\/\/carbonmiledesign.pl\/produkt\/grill-atrapa-carbon-bmw-m3-g80-g81-m4-g82-g83-2\/"]}]},{"@type":"ImageObject","inLanguage":"en-US","@id":"https:\/\/carbonmiledesign.pl\/produkt\/grill-atrapa-carbon-bmw-m3-g80-g81-m4-g82-g83-2\/#primaryimage","url":"https:\/\/carbonmiledesign.pl\/wp-content\/uploads\/2025\/01\/IMG_2811.jpg","contentUrl":"https:\/\/carbonmiledesign.pl\/wp-content\/uploads\/2025\/01\/IMG_2811.jpg","width":1500,"height":1500},{"@type":"BreadcrumbList","@id":"https:\/\/carbonmiledesign.pl\/produkt\/grill-atrapa-carbon-bmw-m3-g80-g81-m4-g82-g83-2\/#breadcrumb","itemListElement":[{"@type":"ListItem","position":1,"name":"Strona g\u0142\u00f3wna","item":"https:\/\/carbonmiledesign.pl\/"},{"@type":"ListItem","position":2,"name":"Sklep","item":"https:\/\/carbonmiledesign.pl\/sklep-wysokiej-jakosci-czesci-carbon\/"},{"@type":"ListItem","position":3,"name":"Grill atrapa carbon (BRAK ACC) BMW M3 G80 G81 \/ M4 G82 G83"}]},{"@type":"WebSite","@id":"https:\/\/carbonmiledesign.pl\/#website","url":"https:\/\/carbonmiledesign.pl\/","name":"Carbonmile Design","description":"","publisher":{"@id":"https:\/\/carbonmiledesign.pl\/#organization"},"alternateName":"CM Design","potentialAction":[{"@type":"SearchAction","target":{"@type":"EntryPoint","urlTemplate":"https:\/\/carbonmiledesign.pl\/?s={search_term_string}"},"query-input":{"@type":"PropertyValueSpecification","valueRequired":true,"valueName":"search_term_string"}}],"inLanguage":"en-US"},{"@type":"Organization","@id":"https:\/\/carbonmiledesign.pl\/#organization","name":"Carbonmile Design","url":"https:\/\/carbonmiledesign.pl\/","logo":{"@type":"ImageObject","inLanguage":"en-US","@id":"https:\/\/carbonmiledesign.pl\/#\/schema\/logo\/image\/","url":"https:\/\/carbonmiledesign.pl\/wp-content\/uploads\/2025\/01\/Carbonmiledesign-logo-czarne-przezroczyste-tlo.png","contentUrl":"https:\/\/carbonmiledesign.pl\/wp-content\/uploads\/2025\/01\/Carbonmiledesign-logo-czarne-przezroczyste-tlo.png","width":2420,"height":520,"caption":"Carbonmile Design"},"image":{"@id":"https:\/\/carbonmiledesign.pl\/#\/schema\/logo\/image\/"}}]}},"jetpack_sharing_enabled":true,"_links":{"self":[{"href":"https:\/\/carbonmiledesign.pl\/en\/wp-json\/wp\/v2\/product\/847","targetHints":{"allow":["GET"]}}],"collection":[{"href":"https:\/\/carbonmiledesign.pl\/en\/wp-json\/wp\/v2\/product"}],"about":[{"href":"https:\/\/carbonmiledesign.pl\/en\/wp-json\/wp\/v2\/types\/product"}],"wp:featuredmedia":[{"embeddable":true,"href":"https:\/\/carbonmiledesign.pl\/en\/wp-json\/wp\/v2\/media\/851"}],"wp:attachment":[{"href":"https:\/\/carbonmiledesign.pl\/en\/wp-json\/wp\/v2\/media?parent=847"}],"wp:term":[{"taxonomy":"product_brand","embeddable":true,"href":"https:\/\/carbonmiledesign.pl\/en\/wp-json\/wp\/v2\/product_brand?post=847"},{"taxonomy":"product_cat","embeddable":true,"href":"https:\/\/carbonmiledesign.pl\/en\/wp-json\/wp\/v2\/product_cat?post=847"},{"taxonomy":"product_tag","embeddable":true,"href":"https:\/\/carbonmiledesign.pl\/en\/wp-json\/wp\/v2\/product_tag?post=847"}],"curies":[{"name":"wp","href":"https:\/\/api.w.org\/{rel}","templated":true}]}}