{"id":4063,"date":"2026-01-12T15:18:31","date_gmt":"2026-01-12T14:18:31","guid":{"rendered":"https:\/\/carbonmiledesign.pl\/?post_type=product&#038;p=4063"},"modified":"2026-01-12T15:24:19","modified_gmt":"2026-01-12T14:24:19","slug":"dyfuzor-carbon-cm-style-bmw-6-f06-f12-f13","status":"publish","type":"product","link":"https:\/\/carbonmiledesign.pl\/en\/product\/dyfuzor-carbon-cm-style-bmw-6-f06-f12-f13\/","title":{"rendered":"Dyfuzor carbon CM Style BMW 6 F06 F12 F13"},"content":{"rendered":"<h3><strong>Dyfuzor carbon CM Style BMW 6 F06 F12 F13<\/strong><\/h3>\n<p><span style=\"font-size: 100%;\"><strong>Manufacturer:<\/strong> CM Design<\/span><\/p>\n<p><span style=\"font-size: 100%;\"><strong>Material:<\/strong> Material: Carbon fibre (Dry carbon)<a href=\"https:\/\/carbonmiledesign.pl\/karbon-od-podstaw-co-warto-wiedziec\/\">Dry carbon<\/a>)<\/span><\/p>\n<p><b>Fits to:<\/b><\/p>\n<ul>\n<li>BMW serii 6 F06 M-Pakiet<\/li>\n<li>BMW serii 6 F12 M-Pakiet<\/li>\n<li>BMW serii 6 F13 M-Pakiet<\/li>\n<\/ul>\n<p><span style=\"font-size: 100%;\">Sportowy dyfuzor wykonany z najwy\u017cszej jako\u015bci carbonu zintegrowany z dok\u0142adkami bocznymi tylnego zderzaka to propozycja dla najbardziej wymagaj\u0105cych. Idealne dopasowanie do fabrycznego zderzaka zapewnia \u0142atwy monta\u017c i sp\u00f3jno\u015b\u0107 stylistyczn\u0105.<\/span><\/p>\n<p>Najwy\u017csza jako\u015b\u0107 wykonania i materia\u0142\u00f3w gwarantuje trwa\u0142o\u015b\u0107, precyzj\u0119 oraz \u015bwietny efekt wizualny, kt\u00f3ry wyr\u00f3\u017cnia pojazd na drodze.<\/p>","protected":false},"excerpt":{"rendered":"<h3><span style=\"font-size: 75%;\"><strong>Dyfuzor carbon CM Style BMW 6 F06 F12 F13<\/strong><\/span><\/h3>\n<p><span style=\"font-size: 10.8px;\">Dyfuzor wykonany z wysokiej jako\u015bci carbonu w stylu CM ze zintegrowanym \u015bwiat\u0142em stopu \u2013 podkre\u015bla sportowy charakter pojazdu i nadaje wyj\u0105tkowego wygl\u0105du ty\u0142owi samochodu.<\/span><\/p>\n<p><span style=\"font-size: 75%;\"><strong>Fits to:<\/strong><\/span><\/p>\n<ul>\n<li><span style=\"font-size: 75%;\">BMW serii 6 F06 M-Pakiet<\/span><\/li>\n<li><span style=\"font-size: 75%;\">BMW serii 6 F12 M-Pakiet<\/span><\/li>\n<li><span style=\"font-size: 75%;\">BMW serii 6 F13 M-Pakiet<\/span><\/li>\n<\/ul>\n<p><span style=\"font-size: 75%;\"><strong>Estimated production time:<\/strong> 25<em>\u00a0days<\/em><\/span><\/p>","protected":false},"featured_media":4067,"template":"","meta":[],"product_brand":[287],"product_cat":[70,144],"product_tag":[418,77,210,419,420,421],"class_list":{"0":"post-4063","1":"product","2":"type-product","3":"status-publish","4":"has-post-thumbnail","6":"product_brand-carbonmiledesign","7":"product_cat-bmw","8":"product_cat-seria-5-m5","9":"product_tag-418","10":"product_tag-bmw","11":"product_tag-dyfuzor","12":"product_tag-f06","13":"product_tag-f12","14":"product_tag-f13","15":"product_shipping_class-srednia","16":"pa_marka-bmw","18":"first","19":"instock","20":"shipping-taxable","21":"purchasable","22":"product-type-simple"},"yoast_head":"<!-- This site is optimized with the Yoast SEO plugin v26.6 - https:\/\/yoast.com\/wordpress\/plugins\/seo\/ -->\n<title>Dyfuzor carbon CM Style BMW 6 F06 F12 F13<\/title>\n<meta name=\"description\" content=\"Dyfuzor carbon CM Style BMW 6 F06 F12 F13 to po\u0142\u0105czenie sportowego charakteru, najwy\u017cszej jako\u015bci wykonania i perfekcyjnego dopasowania \u2013 postaw na CM Design\" \/>\n<meta name=\"robots\" content=\"index, follow, max-snippet:-1, max-image-preview:large, max-video-preview:-1\" \/>\n<link rel=\"canonical\" href=\"https:\/\/carbonmiledesign.pl\/en\/product\/dyfuzor-carbon-cm-style-bmw-6-f06-f12-f13\/\" \/>\n<meta property=\"og:locale\" content=\"en_US\" \/>\n<meta property=\"og:type\" content=\"article\" \/>\n<meta property=\"og:title\" content=\"Dyfuzor carbon CM Style BMW 6 F06 F12 F13\" \/>\n<meta property=\"og:description\" content=\"Dyfuzor carbon CM Style BMW 6 F06 F12 F13 to po\u0142\u0105czenie sportowego charakteru, najwy\u017cszej jako\u015bci wykonania i perfekcyjnego dopasowania \u2013 postaw na CM Design\" \/>\n<meta property=\"og:url\" content=\"https:\/\/carbonmiledesign.pl\/en\/product\/dyfuzor-carbon-cm-style-bmw-6-f06-f12-f13\/\" \/>\n<meta property=\"og:site_name\" content=\"CarbonMile design\" \/>\n<meta property=\"article:modified_time\" content=\"2026-01-12T14:24:19+00:00\" \/>\n<meta property=\"og:image\" content=\"https:\/\/carbonmiledesign.pl\/wp-content\/uploads\/2026\/01\/dyfuzor.jpeg\" \/>\n\t<meta property=\"og:image:width\" content=\"1000\" \/>\n\t<meta property=\"og:image:height\" content=\"1000\" \/>\n\t<meta property=\"og:image:type\" content=\"image\/jpeg\" \/>\n<meta name=\"twitter:card\" content=\"summary_large_image\" \/>\n<meta name=\"twitter:label1\" content=\"Est. reading time\" \/>\n\t<meta name=\"twitter:data1\" content=\"1 minute\" \/>\n<script type=\"application\/ld+json\" class=\"yoast-schema-graph\">{\"@context\":\"https:\/\/schema.org\",\"@graph\":[{\"@type\":\"WebPage\",\"@id\":\"https:\/\/carbonmiledesign.pl\/produkt\/dyfuzor-carbon-cm-style-bmw-6-f06-f12-f13\/\",\"url\":\"https:\/\/carbonmiledesign.pl\/produkt\/dyfuzor-carbon-cm-style-bmw-6-f06-f12-f13\/\",\"name\":\"Dyfuzor carbon CM Style BMW 6 F06 F12 F13\",\"isPartOf\":{\"@id\":\"https:\/\/carbonmiledesign.pl\/#website\"},\"primaryImageOfPage\":{\"@id\":\"https:\/\/carbonmiledesign.pl\/produkt\/dyfuzor-carbon-cm-style-bmw-6-f06-f12-f13\/#primaryimage\"},\"image\":{\"@id\":\"https:\/\/carbonmiledesign.pl\/produkt\/dyfuzor-carbon-cm-style-bmw-6-f06-f12-f13\/#primaryimage\"},\"thumbnailUrl\":\"https:\/\/carbonmiledesign.pl\/wp-content\/uploads\/2026\/01\/dyfuzor.jpeg\",\"datePublished\":\"2026-01-12T14:18:31+00:00\",\"dateModified\":\"2026-01-12T14:24:19+00:00\",\"description\":\"Dyfuzor carbon CM Style BMW 6 F06 F12 F13 to po\u0142\u0105czenie sportowego charakteru, najwy\u017cszej jako\u015bci wykonania i perfekcyjnego dopasowania \u2013 postaw na CM Design\",\"breadcrumb\":{\"@id\":\"https:\/\/carbonmiledesign.pl\/produkt\/dyfuzor-carbon-cm-style-bmw-6-f06-f12-f13\/#breadcrumb\"},\"inLanguage\":\"en-US\",\"potentialAction\":[{\"@type\":\"ReadAction\",\"target\":[\"https:\/\/carbonmiledesign.pl\/produkt\/dyfuzor-carbon-cm-style-bmw-6-f06-f12-f13\/\"]}]},{\"@type\":\"ImageObject\",\"inLanguage\":\"en-US\",\"@id\":\"https:\/\/carbonmiledesign.pl\/produkt\/dyfuzor-carbon-cm-style-bmw-6-f06-f12-f13\/#primaryimage\",\"url\":\"https:\/\/carbonmiledesign.pl\/wp-content\/uploads\/2026\/01\/dyfuzor.jpeg\",\"contentUrl\":\"https:\/\/carbonmiledesign.pl\/wp-content\/uploads\/2026\/01\/dyfuzor.jpeg\",\"width\":1000,\"height\":1000},{\"@type\":\"BreadcrumbList\",\"@id\":\"https:\/\/carbonmiledesign.pl\/produkt\/dyfuzor-carbon-cm-style-bmw-6-f06-f12-f13\/#breadcrumb\",\"itemListElement\":[{\"@type\":\"ListItem\",\"position\":1,\"name\":\"Strona g\u0142\u00f3wna\",\"item\":\"https:\/\/carbonmiledesign.pl\/\"},{\"@type\":\"ListItem\",\"position\":2,\"name\":\"Sklep\",\"item\":\"https:\/\/carbonmiledesign.pl\/sklep-wysokiej-jakosci-czesci-carbon\/\"},{\"@type\":\"ListItem\",\"position\":3,\"name\":\"Dyfuzor carbon CM Style BMW 6 F06 F12 F13\"}]},{\"@type\":\"WebSite\",\"@id\":\"https:\/\/carbonmiledesign.pl\/#website\",\"url\":\"https:\/\/carbonmiledesign.pl\/\",\"name\":\"Carbonmile Design\",\"description\":\"\",\"publisher\":{\"@id\":\"https:\/\/carbonmiledesign.pl\/#organization\"},\"alternateName\":\"CM Design\",\"potentialAction\":[{\"@type\":\"SearchAction\",\"target\":{\"@type\":\"EntryPoint\",\"urlTemplate\":\"https:\/\/carbonmiledesign.pl\/?s={search_term_string}\"},\"query-input\":{\"@type\":\"PropertyValueSpecification\",\"valueRequired\":true,\"valueName\":\"search_term_string\"}}],\"inLanguage\":\"en-US\"},{\"@type\":\"Organization\",\"@id\":\"https:\/\/carbonmiledesign.pl\/#organization\",\"name\":\"Carbonmile Design\",\"url\":\"https:\/\/carbonmiledesign.pl\/\",\"logo\":{\"@type\":\"ImageObject\",\"inLanguage\":\"en-US\",\"@id\":\"https:\/\/carbonmiledesign.pl\/#\/schema\/logo\/image\/\",\"url\":\"https:\/\/carbonmiledesign.pl\/wp-content\/uploads\/2025\/01\/Carbonmiledesign-logo-czarne-przezroczyste-tlo.png\",\"contentUrl\":\"https:\/\/carbonmiledesign.pl\/wp-content\/uploads\/2025\/01\/Carbonmiledesign-logo-czarne-przezroczyste-tlo.png\",\"width\":2420,\"height\":520,\"caption\":\"Carbonmile Design\"},\"image\":{\"@id\":\"https:\/\/carbonmiledesign.pl\/#\/schema\/logo\/image\/\"}}]}<\/script>\n<!-- \/ Yoast SEO plugin. -->","yoast_head_json":{"title":"Dyfuzor carbon CM Style BMW 6 F06 F12 F13","description":"Dyfuzor carbon CM Style BMW 6 F06 F12 F13 to po\u0142\u0105czenie sportowego charakteru, najwy\u017cszej jako\u015bci wykonania i perfekcyjnego dopasowania \u2013 postaw na CM Design","robots":{"index":"index","follow":"follow","max-snippet":"max-snippet:-1","max-image-preview":"max-image-preview:large","max-video-preview":"max-video-preview:-1"},"canonical":"https:\/\/carbonmiledesign.pl\/en\/product\/dyfuzor-carbon-cm-style-bmw-6-f06-f12-f13\/","og_locale":"en_US","og_type":"article","og_title":"Dyfuzor carbon CM Style BMW 6 F06 F12 F13","og_description":"Dyfuzor carbon CM Style BMW 6 F06 F12 F13 to po\u0142\u0105czenie sportowego charakteru, najwy\u017cszej jako\u015bci wykonania i perfekcyjnego dopasowania \u2013 postaw na CM Design","og_url":"https:\/\/carbonmiledesign.pl\/en\/product\/dyfuzor-carbon-cm-style-bmw-6-f06-f12-f13\/","og_site_name":"CarbonMile design","article_modified_time":"2026-01-12T14:24:19+00:00","og_image":[{"width":1000,"height":1000,"url":"https:\/\/carbonmiledesign.pl\/wp-content\/uploads\/2026\/01\/dyfuzor.jpeg","type":"image\/jpeg"}],"twitter_card":"summary_large_image","twitter_misc":{"Est. reading time":"1 minute"},"schema":{"@context":"https:\/\/schema.org","@graph":[{"@type":"WebPage","@id":"https:\/\/carbonmiledesign.pl\/produkt\/dyfuzor-carbon-cm-style-bmw-6-f06-f12-f13\/","url":"https:\/\/carbonmiledesign.pl\/produkt\/dyfuzor-carbon-cm-style-bmw-6-f06-f12-f13\/","name":"Dyfuzor carbon CM Style BMW 6 F06 F12 F13","isPartOf":{"@id":"https:\/\/carbonmiledesign.pl\/#website"},"primaryImageOfPage":{"@id":"https:\/\/carbonmiledesign.pl\/produkt\/dyfuzor-carbon-cm-style-bmw-6-f06-f12-f13\/#primaryimage"},"image":{"@id":"https:\/\/carbonmiledesign.pl\/produkt\/dyfuzor-carbon-cm-style-bmw-6-f06-f12-f13\/#primaryimage"},"thumbnailUrl":"https:\/\/carbonmiledesign.pl\/wp-content\/uploads\/2026\/01\/dyfuzor.jpeg","datePublished":"2026-01-12T14:18:31+00:00","dateModified":"2026-01-12T14:24:19+00:00","description":"Dyfuzor carbon CM Style BMW 6 F06 F12 F13 to po\u0142\u0105czenie sportowego charakteru, najwy\u017cszej jako\u015bci wykonania i perfekcyjnego dopasowania \u2013 postaw na CM Design","breadcrumb":{"@id":"https:\/\/carbonmiledesign.pl\/produkt\/dyfuzor-carbon-cm-style-bmw-6-f06-f12-f13\/#breadcrumb"},"inLanguage":"en-US","potentialAction":[{"@type":"ReadAction","target":["https:\/\/carbonmiledesign.pl\/produkt\/dyfuzor-carbon-cm-style-bmw-6-f06-f12-f13\/"]}]},{"@type":"ImageObject","inLanguage":"en-US","@id":"https:\/\/carbonmiledesign.pl\/produkt\/dyfuzor-carbon-cm-style-bmw-6-f06-f12-f13\/#primaryimage","url":"https:\/\/carbonmiledesign.pl\/wp-content\/uploads\/2026\/01\/dyfuzor.jpeg","contentUrl":"https:\/\/carbonmiledesign.pl\/wp-content\/uploads\/2026\/01\/dyfuzor.jpeg","width":1000,"height":1000},{"@type":"BreadcrumbList","@id":"https:\/\/carbonmiledesign.pl\/produkt\/dyfuzor-carbon-cm-style-bmw-6-f06-f12-f13\/#breadcrumb","itemListElement":[{"@type":"ListItem","position":1,"name":"Strona g\u0142\u00f3wna","item":"https:\/\/carbonmiledesign.pl\/"},{"@type":"ListItem","position":2,"name":"Sklep","item":"https:\/\/carbonmiledesign.pl\/sklep-wysokiej-jakosci-czesci-carbon\/"},{"@type":"ListItem","position":3,"name":"Dyfuzor carbon CM Style BMW 6 F06 F12 F13"}]},{"@type":"WebSite","@id":"https:\/\/carbonmiledesign.pl\/#website","url":"https:\/\/carbonmiledesign.pl\/","name":"Carbonmile Design","description":"","publisher":{"@id":"https:\/\/carbonmiledesign.pl\/#organization"},"alternateName":"CM Design","potentialAction":[{"@type":"SearchAction","target":{"@type":"EntryPoint","urlTemplate":"https:\/\/carbonmiledesign.pl\/?s={search_term_string}"},"query-input":{"@type":"PropertyValueSpecification","valueRequired":true,"valueName":"search_term_string"}}],"inLanguage":"en-US"},{"@type":"Organization","@id":"https:\/\/carbonmiledesign.pl\/#organization","name":"Carbonmile Design","url":"https:\/\/carbonmiledesign.pl\/","logo":{"@type":"ImageObject","inLanguage":"en-US","@id":"https:\/\/carbonmiledesign.pl\/#\/schema\/logo\/image\/","url":"https:\/\/carbonmiledesign.pl\/wp-content\/uploads\/2025\/01\/Carbonmiledesign-logo-czarne-przezroczyste-tlo.png","contentUrl":"https:\/\/carbonmiledesign.pl\/wp-content\/uploads\/2025\/01\/Carbonmiledesign-logo-czarne-przezroczyste-tlo.png","width":2420,"height":520,"caption":"Carbonmile Design"},"image":{"@id":"https:\/\/carbonmiledesign.pl\/#\/schema\/logo\/image\/"}}]}},"jetpack_sharing_enabled":true,"_links":{"self":[{"href":"https:\/\/carbonmiledesign.pl\/en\/wp-json\/wp\/v2\/product\/4063","targetHints":{"allow":["GET"]}}],"collection":[{"href":"https:\/\/carbonmiledesign.pl\/en\/wp-json\/wp\/v2\/product"}],"about":[{"href":"https:\/\/carbonmiledesign.pl\/en\/wp-json\/wp\/v2\/types\/product"}],"wp:featuredmedia":[{"embeddable":true,"href":"https:\/\/carbonmiledesign.pl\/en\/wp-json\/wp\/v2\/media\/4067"}],"wp:attachment":[{"href":"https:\/\/carbonmiledesign.pl\/en\/wp-json\/wp\/v2\/media?parent=4063"}],"wp:term":[{"taxonomy":"product_brand","embeddable":true,"href":"https:\/\/carbonmiledesign.pl\/en\/wp-json\/wp\/v2\/product_brand?post=4063"},{"taxonomy":"product_cat","embeddable":true,"href":"https:\/\/carbonmiledesign.pl\/en\/wp-json\/wp\/v2\/product_cat?post=4063"},{"taxonomy":"product_tag","embeddable":true,"href":"https:\/\/carbonmiledesign.pl\/en\/wp-json\/wp\/v2\/product_tag?post=4063"}],"curies":[{"name":"wp","href":"https:\/\/api.w.org\/{rel}","templated":true}]}}