{"id":4054,"date":"2026-01-12T09:56:36","date_gmt":"2026-01-12T08:56:36","guid":{"rendered":"https:\/\/carbonmiledesign.pl\/?post_type=product&#038;p=4054"},"modified":"2026-01-12T10:25:58","modified_gmt":"2026-01-12T09:25:58","slug":"listwy-progowe-progi-carbon-m5-style-bmw-m5-f10","status":"publish","type":"product","link":"https:\/\/carbonmiledesign.pl\/en\/product\/listwy-progowe-progi-carbon-m5-style-bmw-m5-f10\/","title":{"rendered":"Listwy progowe Progi carbon M5 Style BMW M5 F10"},"content":{"rendered":"<h3><strong>Listwy progowe Progi carbon M5 Style BMW M5 F10<\/strong><\/h3>\n<p><span style=\"font-size: 100%;\"><strong>Manufacturer:<\/strong> CM Design<\/span><\/p>\n<p><span style=\"font-size: 100%;\"><strong>Material:<\/strong> Carbon \u2013 w\u0142\u00f3kno w\u0119glowe\u00a0<\/span><\/p>\n<p><b>Fits to:<\/b><\/p>\n<ul>\n<li>BMW M5 F10<\/li>\n<\/ul>\n<p>Progi carbon M5 Style BMW N5 F19 to wysokiej jako\u015bci element wykonany z lekkiego i niezwykle wytrzyma\u0142ego w\u0142\u00f3kna w\u0119glowego. Zosta\u0142 zaprojektowany z my\u015bl\u0105 o w\u0142a\u015bcicielach M-pi\u0105tki, kt\u00f3rzy oczekuj\u0105 po\u0142\u0105czenia nowoczesnego designu, precyzyjnego dopasowania i sportowego charakteru.<\/p>\n<p>Ka\u017cdy detal zosta\u0142 opracowany z dba\u0142o\u015bci\u0105 o aerodynamik\u0119 oraz estetyk\u0119. Konstrukcja z carbonu nie tylko podkre\u015bla agresywn\u0105 lini\u0119 nadwozia, ale r\u00f3wnie\u017c zapewnia trwa\u0142o\u015b\u0107 i odporno\u015b\u0107 na warunki atmosferyczne.<\/p>\n<p>CM Design stawia na najwy\u017csze standardy wykonania \u2013 od precyzyjnego formowania carbonu po perfekcyjne wyko\u0144czenie powierzchni. Efektem jest produkt, kt\u00f3ry spe\u0142ni oczekiwania nawet najbardziej wymagaj\u0105cych entuzjast\u00f3w motoryzacji.<\/p>","protected":false},"excerpt":{"rendered":"<h4><span style=\"font-size: 75%;\"><strong>LISTWY PROGOWE PROGI CARBON BMW 5 F10 F11<\/strong><\/span><\/h4>\n<p><span style=\"font-size: 10.8px;\">Listwy progowe carbon M5 Style BMW M5 F10 to wysokiej jako\u015bci element z w\u0142\u00f3kna w\u0119glowego, kt\u00f3ry podkre\u015bla sportowy charakter i indywidualny styl pojazdu.<\/span><\/p>\n<p><span style=\"font-size: 75%;\"><strong>Fits to:<\/strong><\/span><\/p>\n<ul>\n<li><span style=\"font-size: 75%;\">BMW M5 F10<\/span><\/li>\n<\/ul>\n<p><span style=\"font-size: 75%;\"><strong>Estimated production time:<\/strong> <em>25 dni<\/em><\/span><\/p>","protected":false},"featured_media":4058,"template":"","meta":[],"product_brand":[287],"product_cat":[70,144],"product_tag":[77,413,417,228,335],"class_list":{"0":"post-4054","1":"product","2":"type-product","3":"status-publish","4":"has-post-thumbnail","6":"product_brand-carbonmiledesign","7":"product_cat-bmw","8":"product_cat-seria-5-m5","9":"product_tag-bmw","10":"product_tag-f10","11":"product_tag-listwy","12":"product_tag-m5","13":"product_tag-progi","14":"product_shipping_class-srednia","15":"pa_marka-bmw","16":"pa_model-seria-5-m5","18":"first","19":"instock","20":"shipping-taxable","21":"purchasable","22":"product-type-simple"},"yoast_head":"<!-- This site is optimized with the Yoast SEO plugin v26.6 - https:\/\/yoast.com\/wordpress\/plugins\/seo\/ -->\n<title>Listwy progowe Progi carbon M5 Style BMW M5 F10<\/title>\n<meta name=\"description\" content=\"Listwy progowe Progi carbon M5 Style BMW 5 F10 F11 \u2014 sportowy wygl\u0105d, perfekcyjne dopasowanie i najwy\u017csza jako\u015b\u0107 wykonania od CM Design.\" \/>\n<meta name=\"robots\" content=\"index, follow, max-snippet:-1, max-image-preview:large, max-video-preview:-1\" \/>\n<link rel=\"canonical\" href=\"https:\/\/carbonmiledesign.pl\/en\/product\/listwy-progowe-progi-carbon-m5-style-bmw-m5-f10\/\" \/>\n<meta property=\"og:locale\" content=\"en_US\" \/>\n<meta property=\"og:type\" content=\"article\" \/>\n<meta property=\"og:title\" content=\"Listwy progowe Progi carbon M5 Style BMW M5 F10\" \/>\n<meta property=\"og:description\" content=\"Listwy progowe Progi carbon M5 Style BMW 5 F10 F11 \u2014 sportowy wygl\u0105d, perfekcyjne dopasowanie i najwy\u017csza jako\u015b\u0107 wykonania od CM Design.\" \/>\n<meta property=\"og:url\" content=\"https:\/\/carbonmiledesign.pl\/en\/product\/listwy-progowe-progi-carbon-m5-style-bmw-m5-f10\/\" \/>\n<meta property=\"og:site_name\" content=\"CarbonMile design\" \/>\n<meta property=\"article:modified_time\" content=\"2026-01-12T09:25:58+00:00\" \/>\n<meta property=\"og:image\" content=\"https:\/\/carbonmiledesign.pl\/wp-content\/uploads\/2026\/01\/listwy.jpeg\" \/>\n\t<meta property=\"og:image:width\" content=\"1024\" \/>\n\t<meta property=\"og:image:height\" content=\"1024\" \/>\n\t<meta property=\"og:image:type\" content=\"image\/jpeg\" \/>\n<meta name=\"twitter:card\" content=\"summary_large_image\" \/>\n<meta name=\"twitter:label1\" content=\"Est. reading time\" \/>\n\t<meta name=\"twitter:data1\" content=\"1 minute\" \/>\n<script type=\"application\/ld+json\" class=\"yoast-schema-graph\">{\"@context\":\"https:\/\/schema.org\",\"@graph\":[{\"@type\":\"WebPage\",\"@id\":\"https:\/\/carbonmiledesign.pl\/produkt\/listwy-progowe-progi-carbon-m5-style-bmw-m5-f10\/\",\"url\":\"https:\/\/carbonmiledesign.pl\/produkt\/listwy-progowe-progi-carbon-m5-style-bmw-m5-f10\/\",\"name\":\"Listwy progowe Progi carbon M5 Style BMW M5 F10\",\"isPartOf\":{\"@id\":\"https:\/\/carbonmiledesign.pl\/#website\"},\"primaryImageOfPage\":{\"@id\":\"https:\/\/carbonmiledesign.pl\/produkt\/listwy-progowe-progi-carbon-m5-style-bmw-m5-f10\/#primaryimage\"},\"image\":{\"@id\":\"https:\/\/carbonmiledesign.pl\/produkt\/listwy-progowe-progi-carbon-m5-style-bmw-m5-f10\/#primaryimage\"},\"thumbnailUrl\":\"https:\/\/carbonmiledesign.pl\/wp-content\/uploads\/2026\/01\/listwy.jpeg\",\"datePublished\":\"2026-01-12T08:56:36+00:00\",\"dateModified\":\"2026-01-12T09:25:58+00:00\",\"description\":\"Listwy progowe Progi carbon M5 Style BMW 5 F10 F11 \u2014 sportowy wygl\u0105d, perfekcyjne dopasowanie i najwy\u017csza jako\u015b\u0107 wykonania od CM Design.\",\"breadcrumb\":{\"@id\":\"https:\/\/carbonmiledesign.pl\/produkt\/listwy-progowe-progi-carbon-m5-style-bmw-m5-f10\/#breadcrumb\"},\"inLanguage\":\"en-US\",\"potentialAction\":[{\"@type\":\"ReadAction\",\"target\":[\"https:\/\/carbonmiledesign.pl\/produkt\/listwy-progowe-progi-carbon-m5-style-bmw-m5-f10\/\"]}]},{\"@type\":\"ImageObject\",\"inLanguage\":\"en-US\",\"@id\":\"https:\/\/carbonmiledesign.pl\/produkt\/listwy-progowe-progi-carbon-m5-style-bmw-m5-f10\/#primaryimage\",\"url\":\"https:\/\/carbonmiledesign.pl\/wp-content\/uploads\/2026\/01\/listwy.jpeg\",\"contentUrl\":\"https:\/\/carbonmiledesign.pl\/wp-content\/uploads\/2026\/01\/listwy.jpeg\",\"width\":1024,\"height\":1024},{\"@type\":\"BreadcrumbList\",\"@id\":\"https:\/\/carbonmiledesign.pl\/produkt\/listwy-progowe-progi-carbon-m5-style-bmw-m5-f10\/#breadcrumb\",\"itemListElement\":[{\"@type\":\"ListItem\",\"position\":1,\"name\":\"Strona g\u0142\u00f3wna\",\"item\":\"https:\/\/carbonmiledesign.pl\/\"},{\"@type\":\"ListItem\",\"position\":2,\"name\":\"Sklep\",\"item\":\"https:\/\/carbonmiledesign.pl\/sklep-wysokiej-jakosci-czesci-carbon\/\"},{\"@type\":\"ListItem\",\"position\":3,\"name\":\"Listwy progowe Progi carbon M5 Style BMW M5 F10\"}]},{\"@type\":\"WebSite\",\"@id\":\"https:\/\/carbonmiledesign.pl\/#website\",\"url\":\"https:\/\/carbonmiledesign.pl\/\",\"name\":\"Carbonmile Design\",\"description\":\"\",\"publisher\":{\"@id\":\"https:\/\/carbonmiledesign.pl\/#organization\"},\"alternateName\":\"CM Design\",\"potentialAction\":[{\"@type\":\"SearchAction\",\"target\":{\"@type\":\"EntryPoint\",\"urlTemplate\":\"https:\/\/carbonmiledesign.pl\/?s={search_term_string}\"},\"query-input\":{\"@type\":\"PropertyValueSpecification\",\"valueRequired\":true,\"valueName\":\"search_term_string\"}}],\"inLanguage\":\"en-US\"},{\"@type\":\"Organization\",\"@id\":\"https:\/\/carbonmiledesign.pl\/#organization\",\"name\":\"Carbonmile Design\",\"url\":\"https:\/\/carbonmiledesign.pl\/\",\"logo\":{\"@type\":\"ImageObject\",\"inLanguage\":\"en-US\",\"@id\":\"https:\/\/carbonmiledesign.pl\/#\/schema\/logo\/image\/\",\"url\":\"https:\/\/carbonmiledesign.pl\/wp-content\/uploads\/2025\/01\/Carbonmiledesign-logo-czarne-przezroczyste-tlo.png\",\"contentUrl\":\"https:\/\/carbonmiledesign.pl\/wp-content\/uploads\/2025\/01\/Carbonmiledesign-logo-czarne-przezroczyste-tlo.png\",\"width\":2420,\"height\":520,\"caption\":\"Carbonmile Design\"},\"image\":{\"@id\":\"https:\/\/carbonmiledesign.pl\/#\/schema\/logo\/image\/\"}}]}<\/script>\n<!-- \/ Yoast SEO plugin. -->","yoast_head_json":{"title":"Listwy progowe Progi carbon M5 Style BMW M5 F10","description":"Listwy progowe Progi carbon M5 Style BMW 5 F10 F11 \u2014 sportowy wygl\u0105d, perfekcyjne dopasowanie i najwy\u017csza jako\u015b\u0107 wykonania od CM Design.","robots":{"index":"index","follow":"follow","max-snippet":"max-snippet:-1","max-image-preview":"max-image-preview:large","max-video-preview":"max-video-preview:-1"},"canonical":"https:\/\/carbonmiledesign.pl\/en\/product\/listwy-progowe-progi-carbon-m5-style-bmw-m5-f10\/","og_locale":"en_US","og_type":"article","og_title":"Listwy progowe Progi carbon M5 Style BMW M5 F10","og_description":"Listwy progowe Progi carbon M5 Style BMW 5 F10 F11 \u2014 sportowy wygl\u0105d, perfekcyjne dopasowanie i najwy\u017csza jako\u015b\u0107 wykonania od CM Design.","og_url":"https:\/\/carbonmiledesign.pl\/en\/product\/listwy-progowe-progi-carbon-m5-style-bmw-m5-f10\/","og_site_name":"CarbonMile design","article_modified_time":"2026-01-12T09:25:58+00:00","og_image":[{"width":1024,"height":1024,"url":"https:\/\/carbonmiledesign.pl\/wp-content\/uploads\/2026\/01\/listwy.jpeg","type":"image\/jpeg"}],"twitter_card":"summary_large_image","twitter_misc":{"Est. reading time":"1 minute"},"schema":{"@context":"https:\/\/schema.org","@graph":[{"@type":"WebPage","@id":"https:\/\/carbonmiledesign.pl\/produkt\/listwy-progowe-progi-carbon-m5-style-bmw-m5-f10\/","url":"https:\/\/carbonmiledesign.pl\/produkt\/listwy-progowe-progi-carbon-m5-style-bmw-m5-f10\/","name":"Listwy progowe Progi carbon M5 Style BMW M5 F10","isPartOf":{"@id":"https:\/\/carbonmiledesign.pl\/#website"},"primaryImageOfPage":{"@id":"https:\/\/carbonmiledesign.pl\/produkt\/listwy-progowe-progi-carbon-m5-style-bmw-m5-f10\/#primaryimage"},"image":{"@id":"https:\/\/carbonmiledesign.pl\/produkt\/listwy-progowe-progi-carbon-m5-style-bmw-m5-f10\/#primaryimage"},"thumbnailUrl":"https:\/\/carbonmiledesign.pl\/wp-content\/uploads\/2026\/01\/listwy.jpeg","datePublished":"2026-01-12T08:56:36+00:00","dateModified":"2026-01-12T09:25:58+00:00","description":"Listwy progowe Progi carbon M5 Style BMW 5 F10 F11 \u2014 sportowy wygl\u0105d, perfekcyjne dopasowanie i najwy\u017csza jako\u015b\u0107 wykonania od CM Design.","breadcrumb":{"@id":"https:\/\/carbonmiledesign.pl\/produkt\/listwy-progowe-progi-carbon-m5-style-bmw-m5-f10\/#breadcrumb"},"inLanguage":"en-US","potentialAction":[{"@type":"ReadAction","target":["https:\/\/carbonmiledesign.pl\/produkt\/listwy-progowe-progi-carbon-m5-style-bmw-m5-f10\/"]}]},{"@type":"ImageObject","inLanguage":"en-US","@id":"https:\/\/carbonmiledesign.pl\/produkt\/listwy-progowe-progi-carbon-m5-style-bmw-m5-f10\/#primaryimage","url":"https:\/\/carbonmiledesign.pl\/wp-content\/uploads\/2026\/01\/listwy.jpeg","contentUrl":"https:\/\/carbonmiledesign.pl\/wp-content\/uploads\/2026\/01\/listwy.jpeg","width":1024,"height":1024},{"@type":"BreadcrumbList","@id":"https:\/\/carbonmiledesign.pl\/produkt\/listwy-progowe-progi-carbon-m5-style-bmw-m5-f10\/#breadcrumb","itemListElement":[{"@type":"ListItem","position":1,"name":"Strona g\u0142\u00f3wna","item":"https:\/\/carbonmiledesign.pl\/"},{"@type":"ListItem","position":2,"name":"Sklep","item":"https:\/\/carbonmiledesign.pl\/sklep-wysokiej-jakosci-czesci-carbon\/"},{"@type":"ListItem","position":3,"name":"Listwy progowe Progi carbon M5 Style BMW M5 F10"}]},{"@type":"WebSite","@id":"https:\/\/carbonmiledesign.pl\/#website","url":"https:\/\/carbonmiledesign.pl\/","name":"Carbonmile Design","description":"","publisher":{"@id":"https:\/\/carbonmiledesign.pl\/#organization"},"alternateName":"CM Design","potentialAction":[{"@type":"SearchAction","target":{"@type":"EntryPoint","urlTemplate":"https:\/\/carbonmiledesign.pl\/?s={search_term_string}"},"query-input":{"@type":"PropertyValueSpecification","valueRequired":true,"valueName":"search_term_string"}}],"inLanguage":"en-US"},{"@type":"Organization","@id":"https:\/\/carbonmiledesign.pl\/#organization","name":"Carbonmile Design","url":"https:\/\/carbonmiledesign.pl\/","logo":{"@type":"ImageObject","inLanguage":"en-US","@id":"https:\/\/carbonmiledesign.pl\/#\/schema\/logo\/image\/","url":"https:\/\/carbonmiledesign.pl\/wp-content\/uploads\/2025\/01\/Carbonmiledesign-logo-czarne-przezroczyste-tlo.png","contentUrl":"https:\/\/carbonmiledesign.pl\/wp-content\/uploads\/2025\/01\/Carbonmiledesign-logo-czarne-przezroczyste-tlo.png","width":2420,"height":520,"caption":"Carbonmile Design"},"image":{"@id":"https:\/\/carbonmiledesign.pl\/#\/schema\/logo\/image\/"}}]}},"jetpack_sharing_enabled":true,"_links":{"self":[{"href":"https:\/\/carbonmiledesign.pl\/en\/wp-json\/wp\/v2\/product\/4054","targetHints":{"allow":["GET"]}}],"collection":[{"href":"https:\/\/carbonmiledesign.pl\/en\/wp-json\/wp\/v2\/product"}],"about":[{"href":"https:\/\/carbonmiledesign.pl\/en\/wp-json\/wp\/v2\/types\/product"}],"wp:featuredmedia":[{"embeddable":true,"href":"https:\/\/carbonmiledesign.pl\/en\/wp-json\/wp\/v2\/media\/4058"}],"wp:attachment":[{"href":"https:\/\/carbonmiledesign.pl\/en\/wp-json\/wp\/v2\/media?parent=4054"}],"wp:term":[{"taxonomy":"product_brand","embeddable":true,"href":"https:\/\/carbonmiledesign.pl\/en\/wp-json\/wp\/v2\/product_brand?post=4054"},{"taxonomy":"product_cat","embeddable":true,"href":"https:\/\/carbonmiledesign.pl\/en\/wp-json\/wp\/v2\/product_cat?post=4054"},{"taxonomy":"product_tag","embeddable":true,"href":"https:\/\/carbonmiledesign.pl\/en\/wp-json\/wp\/v2\/product_tag?post=4054"}],"curies":[{"name":"wp","href":"https:\/\/api.w.org\/{rel}","templated":true}]}}