{"id":4037,"date":"2026-01-09T13:04:57","date_gmt":"2026-01-09T12:04:57","guid":{"rendered":"https:\/\/carbonmiledesign.pl\/?post_type=product&#038;p=4037"},"modified":"2026-01-09T13:54:18","modified_gmt":"2026-01-09T12:54:18","slug":"nakladki-lusterek-lusterka-carbon-cm-style-chevrolet-camaro-ss","status":"publish","type":"product","link":"https:\/\/carbonmiledesign.pl\/en\/product\/nakladki-lusterek-lusterka-carbon-cm-style-chevrolet-camaro-ss\/","title":{"rendered":"Nak\u0142adki lusterek lusterka carbon CM Style Chevrolet Camaro SS"},"content":{"rendered":"<h2>Nak\u0142adki lusterek lusterka carbon CM Style Chevrolet Camaro SS<\/h2>\n<p>&nbsp;<\/p>\n<p><strong>Manufacturer:<\/strong>\u00a0CM Design<\/p>\n<p><strong>Material:\u00a0<\/strong>Carbon \u2013 W\u0142\u00f3kno-w\u0119glowe<\/p>\n<p><b>Fits to:<\/b><\/p>\n<ul>\n<li>Chevrolet Camaro SS<\/li>\n<\/ul>\n<p>Wysokiej jako\u015bci nak\u0142adki lusterek w stylu CM, wykonane z prawdziwego carbonu, to idealne dope\u0142nienie sportowego wygl\u0105du Twojego Camaro.<\/p>\n<p>Najwy\u017csze standardy produkcji zapewniaj\u0105 nie tylko wygl\u0105d, ale r\u00f3wnie\u017c najwy\u017csz\u0105 jako\u015b\u0107, oraz perfekcyjne dopasowanie.<\/p>","protected":false},"excerpt":{"rendered":"<p><span style=\"font-size: 80%;\">NAK\u0141ADKI LUSTEREK LUSTERKA CARBON CM STYLE CHEVROLET CAMARO SS<\/span><\/p>\n<p><span style=\"font-size: 80%;\">Wyj\u0105tkowe nak\u0142adki lusterek z w\u0142\u00f3kna w\u0119glowego, dodadz\u0105 prawdziwego sportowego charakteru Twojemu BMW. Lekkie, trwa\u0142e i perfekcyjnie dopasowane.<\/span><\/p>\n<p><span style=\"font-size: 80%;\"><strong>Fits to:<\/strong><\/span><\/p>\n<ul>\n<li><span style=\"font-size: 10.8px;\">Chevrolet Camaro SS<\/span><\/li>\n<\/ul>\n<p><span style=\"font-size: 80%;\"><strong>Estimated production time:<\/strong> 25 dni<\/span><\/p>","protected":false},"featured_media":4038,"template":"","meta":[],"product_brand":[287],"product_cat":[408],"product_tag":[],"class_list":{"0":"post-4037","1":"product","2":"type-product","3":"status-publish","4":"has-post-thumbnail","6":"product_brand-carbonmiledesign","7":"product_cat-chevrolet","8":"product_shipping_class-mala","9":"pa_generacja-f30-f80","10":"pa_marka-chevrolet","11":"pa_model-camaro-ss","13":"first","14":"instock","15":"shipping-taxable","16":"purchasable","17":"product-type-simple"},"yoast_head":"<!-- This site is optimized with the Yoast SEO plugin v26.6 - https:\/\/yoast.com\/wordpress\/plugins\/seo\/ -->\n<title>Nak\u0142adki lusterek lusterka carbon CM Style Chevrolet Camaro SS<\/title>\n<meta name=\"description\" content=\"Nak\u0142adki lusterek lusterka carbon CM Style Chevrolet Camaro SS | Podkre\u015bl sportowy charakter swojego BMW! Nowe oblicze tuningu wizualnego z CM Design\" \/>\n<meta name=\"robots\" content=\"index, follow, max-snippet:-1, max-image-preview:large, max-video-preview:-1\" \/>\n<link rel=\"canonical\" href=\"https:\/\/carbonmiledesign.pl\/en\/product\/nakladki-lusterek-lusterka-carbon-cm-style-chevrolet-camaro-ss\/\" \/>\n<meta property=\"og:locale\" content=\"en_US\" \/>\n<meta property=\"og:type\" content=\"article\" \/>\n<meta property=\"og:title\" content=\"Nak\u0142adki lusterek lusterka carbon CM Style Chevrolet Camaro SS\" \/>\n<meta property=\"og:description\" content=\"Nak\u0142adki lusterek lusterka carbon CM Style Chevrolet Camaro SS | Podkre\u015bl sportowy charakter swojego BMW! Nowe oblicze tuningu wizualnego z CM Design\" \/>\n<meta property=\"og:url\" content=\"https:\/\/carbonmiledesign.pl\/en\/product\/nakladki-lusterek-lusterka-carbon-cm-style-chevrolet-camaro-ss\/\" \/>\n<meta property=\"og:site_name\" content=\"CarbonMile design\" \/>\n<meta property=\"article:modified_time\" content=\"2026-01-09T12:54:18+00:00\" \/>\n<meta property=\"og:image\" content=\"https:\/\/carbonmiledesign.pl\/wp-content\/uploads\/2026\/01\/b500b02d-4724-4ece-bf00-2bc5cb28b3f8.jpg\" \/>\n\t<meta property=\"og:image:width\" content=\"1024\" \/>\n\t<meta property=\"og:image:height\" content=\"1024\" \/>\n\t<meta property=\"og:image:type\" content=\"image\/jpeg\" \/>\n<meta name=\"twitter:card\" content=\"summary_large_image\" \/>\n<meta name=\"twitter:label1\" content=\"Est. reading time\" \/>\n\t<meta name=\"twitter:data1\" content=\"1 minute\" \/>\n<script type=\"application\/ld+json\" class=\"yoast-schema-graph\">{\"@context\":\"https:\/\/schema.org\",\"@graph\":[{\"@type\":\"WebPage\",\"@id\":\"https:\/\/carbonmiledesign.pl\/produkt\/nakladki-lusterek-lusterka-carbon-cm-style-chevrolet-camaro-ss\/\",\"url\":\"https:\/\/carbonmiledesign.pl\/produkt\/nakladki-lusterek-lusterka-carbon-cm-style-chevrolet-camaro-ss\/\",\"name\":\"Nak\u0142adki lusterek lusterka carbon CM Style Chevrolet Camaro SS\",\"isPartOf\":{\"@id\":\"https:\/\/carbonmiledesign.pl\/#website\"},\"primaryImageOfPage\":{\"@id\":\"https:\/\/carbonmiledesign.pl\/produkt\/nakladki-lusterek-lusterka-carbon-cm-style-chevrolet-camaro-ss\/#primaryimage\"},\"image\":{\"@id\":\"https:\/\/carbonmiledesign.pl\/produkt\/nakladki-lusterek-lusterka-carbon-cm-style-chevrolet-camaro-ss\/#primaryimage\"},\"thumbnailUrl\":\"https:\/\/carbonmiledesign.pl\/wp-content\/uploads\/2026\/01\/b500b02d-4724-4ece-bf00-2bc5cb28b3f8.jpg\",\"datePublished\":\"2026-01-09T12:04:57+00:00\",\"dateModified\":\"2026-01-09T12:54:18+00:00\",\"description\":\"Nak\u0142adki lusterek lusterka carbon CM Style Chevrolet Camaro SS | Podkre\u015bl sportowy charakter swojego BMW! Nowe oblicze tuningu wizualnego z CM Design\",\"breadcrumb\":{\"@id\":\"https:\/\/carbonmiledesign.pl\/produkt\/nakladki-lusterek-lusterka-carbon-cm-style-chevrolet-camaro-ss\/#breadcrumb\"},\"inLanguage\":\"en-US\",\"potentialAction\":[{\"@type\":\"ReadAction\",\"target\":[\"https:\/\/carbonmiledesign.pl\/produkt\/nakladki-lusterek-lusterka-carbon-cm-style-chevrolet-camaro-ss\/\"]}]},{\"@type\":\"ImageObject\",\"inLanguage\":\"en-US\",\"@id\":\"https:\/\/carbonmiledesign.pl\/produkt\/nakladki-lusterek-lusterka-carbon-cm-style-chevrolet-camaro-ss\/#primaryimage\",\"url\":\"https:\/\/carbonmiledesign.pl\/wp-content\/uploads\/2026\/01\/b500b02d-4724-4ece-bf00-2bc5cb28b3f8.jpg\",\"contentUrl\":\"https:\/\/carbonmiledesign.pl\/wp-content\/uploads\/2026\/01\/b500b02d-4724-4ece-bf00-2bc5cb28b3f8.jpg\",\"width\":1024,\"height\":1024},{\"@type\":\"BreadcrumbList\",\"@id\":\"https:\/\/carbonmiledesign.pl\/produkt\/nakladki-lusterek-lusterka-carbon-cm-style-chevrolet-camaro-ss\/#breadcrumb\",\"itemListElement\":[{\"@type\":\"ListItem\",\"position\":1,\"name\":\"Strona g\u0142\u00f3wna\",\"item\":\"https:\/\/carbonmiledesign.pl\/\"},{\"@type\":\"ListItem\",\"position\":2,\"name\":\"Sklep\",\"item\":\"https:\/\/carbonmiledesign.pl\/sklep-wysokiej-jakosci-czesci-carbon\/\"},{\"@type\":\"ListItem\",\"position\":3,\"name\":\"Nak\u0142adki lusterek lusterka carbon CM Style Chevrolet Camaro SS\"}]},{\"@type\":\"WebSite\",\"@id\":\"https:\/\/carbonmiledesign.pl\/#website\",\"url\":\"https:\/\/carbonmiledesign.pl\/\",\"name\":\"Carbonmile Design\",\"description\":\"\",\"publisher\":{\"@id\":\"https:\/\/carbonmiledesign.pl\/#organization\"},\"alternateName\":\"CM Design\",\"potentialAction\":[{\"@type\":\"SearchAction\",\"target\":{\"@type\":\"EntryPoint\",\"urlTemplate\":\"https:\/\/carbonmiledesign.pl\/?s={search_term_string}\"},\"query-input\":{\"@type\":\"PropertyValueSpecification\",\"valueRequired\":true,\"valueName\":\"search_term_string\"}}],\"inLanguage\":\"en-US\"},{\"@type\":\"Organization\",\"@id\":\"https:\/\/carbonmiledesign.pl\/#organization\",\"name\":\"Carbonmile Design\",\"url\":\"https:\/\/carbonmiledesign.pl\/\",\"logo\":{\"@type\":\"ImageObject\",\"inLanguage\":\"en-US\",\"@id\":\"https:\/\/carbonmiledesign.pl\/#\/schema\/logo\/image\/\",\"url\":\"https:\/\/carbonmiledesign.pl\/wp-content\/uploads\/2025\/01\/Carbonmiledesign-logo-czarne-przezroczyste-tlo.png\",\"contentUrl\":\"https:\/\/carbonmiledesign.pl\/wp-content\/uploads\/2025\/01\/Carbonmiledesign-logo-czarne-przezroczyste-tlo.png\",\"width\":2420,\"height\":520,\"caption\":\"Carbonmile Design\"},\"image\":{\"@id\":\"https:\/\/carbonmiledesign.pl\/#\/schema\/logo\/image\/\"}}]}<\/script>\n<!-- \/ Yoast SEO plugin. -->","yoast_head_json":{"title":"Nak\u0142adki lusterek lusterka carbon CM Style Chevrolet Camaro SS","description":"Nak\u0142adki lusterek lusterka carbon CM Style Chevrolet Camaro SS | Podkre\u015bl sportowy charakter swojego BMW! Nowe oblicze tuningu wizualnego z CM Design","robots":{"index":"index","follow":"follow","max-snippet":"max-snippet:-1","max-image-preview":"max-image-preview:large","max-video-preview":"max-video-preview:-1"},"canonical":"https:\/\/carbonmiledesign.pl\/en\/product\/nakladki-lusterek-lusterka-carbon-cm-style-chevrolet-camaro-ss\/","og_locale":"en_US","og_type":"article","og_title":"Nak\u0142adki lusterek lusterka carbon CM Style Chevrolet Camaro SS","og_description":"Nak\u0142adki lusterek lusterka carbon CM Style Chevrolet Camaro SS | Podkre\u015bl sportowy charakter swojego BMW! Nowe oblicze tuningu wizualnego z CM Design","og_url":"https:\/\/carbonmiledesign.pl\/en\/product\/nakladki-lusterek-lusterka-carbon-cm-style-chevrolet-camaro-ss\/","og_site_name":"CarbonMile design","article_modified_time":"2026-01-09T12:54:18+00:00","og_image":[{"width":1024,"height":1024,"url":"https:\/\/carbonmiledesign.pl\/wp-content\/uploads\/2026\/01\/b500b02d-4724-4ece-bf00-2bc5cb28b3f8.jpg","type":"image\/jpeg"}],"twitter_card":"summary_large_image","twitter_misc":{"Est. reading time":"1 minute"},"schema":{"@context":"https:\/\/schema.org","@graph":[{"@type":"WebPage","@id":"https:\/\/carbonmiledesign.pl\/produkt\/nakladki-lusterek-lusterka-carbon-cm-style-chevrolet-camaro-ss\/","url":"https:\/\/carbonmiledesign.pl\/produkt\/nakladki-lusterek-lusterka-carbon-cm-style-chevrolet-camaro-ss\/","name":"Nak\u0142adki lusterek lusterka carbon CM Style Chevrolet Camaro SS","isPartOf":{"@id":"https:\/\/carbonmiledesign.pl\/#website"},"primaryImageOfPage":{"@id":"https:\/\/carbonmiledesign.pl\/produkt\/nakladki-lusterek-lusterka-carbon-cm-style-chevrolet-camaro-ss\/#primaryimage"},"image":{"@id":"https:\/\/carbonmiledesign.pl\/produkt\/nakladki-lusterek-lusterka-carbon-cm-style-chevrolet-camaro-ss\/#primaryimage"},"thumbnailUrl":"https:\/\/carbonmiledesign.pl\/wp-content\/uploads\/2026\/01\/b500b02d-4724-4ece-bf00-2bc5cb28b3f8.jpg","datePublished":"2026-01-09T12:04:57+00:00","dateModified":"2026-01-09T12:54:18+00:00","description":"Nak\u0142adki lusterek lusterka carbon CM Style Chevrolet Camaro SS | Podkre\u015bl sportowy charakter swojego BMW! Nowe oblicze tuningu wizualnego z CM Design","breadcrumb":{"@id":"https:\/\/carbonmiledesign.pl\/produkt\/nakladki-lusterek-lusterka-carbon-cm-style-chevrolet-camaro-ss\/#breadcrumb"},"inLanguage":"en-US","potentialAction":[{"@type":"ReadAction","target":["https:\/\/carbonmiledesign.pl\/produkt\/nakladki-lusterek-lusterka-carbon-cm-style-chevrolet-camaro-ss\/"]}]},{"@type":"ImageObject","inLanguage":"en-US","@id":"https:\/\/carbonmiledesign.pl\/produkt\/nakladki-lusterek-lusterka-carbon-cm-style-chevrolet-camaro-ss\/#primaryimage","url":"https:\/\/carbonmiledesign.pl\/wp-content\/uploads\/2026\/01\/b500b02d-4724-4ece-bf00-2bc5cb28b3f8.jpg","contentUrl":"https:\/\/carbonmiledesign.pl\/wp-content\/uploads\/2026\/01\/b500b02d-4724-4ece-bf00-2bc5cb28b3f8.jpg","width":1024,"height":1024},{"@type":"BreadcrumbList","@id":"https:\/\/carbonmiledesign.pl\/produkt\/nakladki-lusterek-lusterka-carbon-cm-style-chevrolet-camaro-ss\/#breadcrumb","itemListElement":[{"@type":"ListItem","position":1,"name":"Strona g\u0142\u00f3wna","item":"https:\/\/carbonmiledesign.pl\/"},{"@type":"ListItem","position":2,"name":"Sklep","item":"https:\/\/carbonmiledesign.pl\/sklep-wysokiej-jakosci-czesci-carbon\/"},{"@type":"ListItem","position":3,"name":"Nak\u0142adki lusterek lusterka carbon CM Style Chevrolet Camaro SS"}]},{"@type":"WebSite","@id":"https:\/\/carbonmiledesign.pl\/#website","url":"https:\/\/carbonmiledesign.pl\/","name":"Carbonmile Design","description":"","publisher":{"@id":"https:\/\/carbonmiledesign.pl\/#organization"},"alternateName":"CM Design","potentialAction":[{"@type":"SearchAction","target":{"@type":"EntryPoint","urlTemplate":"https:\/\/carbonmiledesign.pl\/?s={search_term_string}"},"query-input":{"@type":"PropertyValueSpecification","valueRequired":true,"valueName":"search_term_string"}}],"inLanguage":"en-US"},{"@type":"Organization","@id":"https:\/\/carbonmiledesign.pl\/#organization","name":"Carbonmile Design","url":"https:\/\/carbonmiledesign.pl\/","logo":{"@type":"ImageObject","inLanguage":"en-US","@id":"https:\/\/carbonmiledesign.pl\/#\/schema\/logo\/image\/","url":"https:\/\/carbonmiledesign.pl\/wp-content\/uploads\/2025\/01\/Carbonmiledesign-logo-czarne-przezroczyste-tlo.png","contentUrl":"https:\/\/carbonmiledesign.pl\/wp-content\/uploads\/2025\/01\/Carbonmiledesign-logo-czarne-przezroczyste-tlo.png","width":2420,"height":520,"caption":"Carbonmile Design"},"image":{"@id":"https:\/\/carbonmiledesign.pl\/#\/schema\/logo\/image\/"}}]}},"jetpack_sharing_enabled":true,"_links":{"self":[{"href":"https:\/\/carbonmiledesign.pl\/en\/wp-json\/wp\/v2\/product\/4037","targetHints":{"allow":["GET"]}}],"collection":[{"href":"https:\/\/carbonmiledesign.pl\/en\/wp-json\/wp\/v2\/product"}],"about":[{"href":"https:\/\/carbonmiledesign.pl\/en\/wp-json\/wp\/v2\/types\/product"}],"wp:featuredmedia":[{"embeddable":true,"href":"https:\/\/carbonmiledesign.pl\/en\/wp-json\/wp\/v2\/media\/4038"}],"wp:attachment":[{"href":"https:\/\/carbonmiledesign.pl\/en\/wp-json\/wp\/v2\/media?parent=4037"}],"wp:term":[{"taxonomy":"product_brand","embeddable":true,"href":"https:\/\/carbonmiledesign.pl\/en\/wp-json\/wp\/v2\/product_brand?post=4037"},{"taxonomy":"product_cat","embeddable":true,"href":"https:\/\/carbonmiledesign.pl\/en\/wp-json\/wp\/v2\/product_cat?post=4037"},{"taxonomy":"product_tag","embeddable":true,"href":"https:\/\/carbonmiledesign.pl\/en\/wp-json\/wp\/v2\/product_tag?post=4037"}],"curies":[{"name":"wp","href":"https:\/\/api.w.org\/{rel}","templated":true}]}}