{"id":3941,"date":"2025-12-05T13:38:36","date_gmt":"2025-12-05T12:38:36","guid":{"rendered":"https:\/\/carbonmiledesign.pl\/?post_type=product&#038;p=3941"},"modified":"2025-12-05T13:44:14","modified_gmt":"2025-12-05T12:44:14","slug":"dyfuzor-carbon-cm-style-audi-rs3-8y","status":"publish","type":"product","link":"https:\/\/carbonmiledesign.pl\/en\/product\/dyfuzor-carbon-cm-style-audi-rs3-8y\/","title":{"rendered":"Dyfuzor carbon CM Style Audi RS3 8Y"},"content":{"rendered":"<h2><strong>Dyfuzor carbon CM Style Audi RS3 8Y<\/strong><\/h2>\n<p><span style=\"font-size: 100%;\"><strong>Manufacturer:<\/strong> CM Design\u00a0<\/span><\/p>\n<p><span style=\"font-size: 100%;\"><strong>Material: <\/strong>Material: Carbon fibre (Dry carbon)<a href=\"https:\/\/carbonmiledesign.pl\/karbon-od-podstaw-co-warto-wiedziec\/\">Dry-carbon<\/a>)<\/span><\/p>\n<p><b>Fits to:<\/b><\/p>\n<ul>\n<li>Audi RS3 8Y<\/li>\n<\/ul>\n<p><span style=\"font-size: 100%;\">Wysokiej jako\u015bci dyfuzor carbon, to element, kt\u00f3ry fenomenalnie wkomponowuje si\u0119 w agresywn\u0105 lini\u0119 RS-\u00f3w i dodaje podkre\u015bla agresywn\u0105 lini\u0119 nadwozia!\u00a0<\/span><\/p>\n<p>The highest production standards ensure not only an outstanding appearance but also the highest quality and durability.<\/p>","protected":false},"excerpt":{"rendered":"<h4><span style=\"font-size: 75%;\">DYFUZOR CARBON CM STYLE AUDI RS3 8Y<\/span><\/h4>\n<p><span style=\"font-size: 10.8px;\">Element robi\u0105cy wielk\u0105 r\u00f3\u017cnic\u0119! Dyfuzor carbon fenomenalnie wkomponowuje si\u0119 w charakter samochodu.<\/span><\/p>\n<p><span style=\"font-size: 75%;\"><strong>Fits to:<\/strong><\/span><\/p>\n<ul>\n<li><span style=\"font-size: 10.8px;\">Audi RS3 8Y<\/span><\/li>\n<\/ul>\n<p><span style=\"font-size: 75%;\"><strong>Estimated production time:<\/strong> <em>25dni<\/em><\/span><\/p>","protected":false},"featured_media":3945,"template":"","meta":[],"product_brand":[287],"product_cat":[325,324,333],"product_tag":[330,326,329],"class_list":{"0":"post-3941","1":"product","2":"type-product","3":"status-publish","4":"has-post-thumbnail","6":"product_brand-carbonmiledesign","7":"product_cat-a3-s3-rs3","8":"product_cat-audi","9":"product_cat-rs3-8y","10":"product_tag-8y","11":"product_tag-audi","12":"product_tag-rs3","13":"product_shipping_class-mala","14":"pa_generacja-8y","15":"pa_marka-audi","16":"pa_model-a3-s3-rs3","18":"first","19":"instock","20":"shipping-taxable","21":"purchasable","22":"product-type-simple"},"yoast_head":"<!-- This site is optimized with the Yoast SEO plugin v26.6 - https:\/\/yoast.com\/wordpress\/plugins\/seo\/ -->\n<title>Dyfuzor carbon CM Style Audi RS3 8Y<\/title>\n<meta name=\"description\" content=\"Dyfuzor carbon CM Style Audi RS3 8Y | Element tylnego zderzaka, fenomenalnie podkre\u015blaj\u0105cy sportowy charakter RS3! Postaw na jako\u015b\u0107 z CM Design\" \/>\n<meta name=\"robots\" content=\"index, follow, max-snippet:-1, max-image-preview:large, max-video-preview:-1\" \/>\n<link rel=\"canonical\" href=\"https:\/\/carbonmiledesign.pl\/en\/product\/dyfuzor-carbon-cm-style-audi-rs3-8y\/\" \/>\n<meta property=\"og:locale\" content=\"en_US\" \/>\n<meta property=\"og:type\" content=\"article\" \/>\n<meta property=\"og:title\" content=\"Dyfuzor carbon CM Style Audi RS3 8Y\" \/>\n<meta property=\"og:description\" content=\"Dyfuzor carbon CM Style Audi RS3 8Y | Element tylnego zderzaka, fenomenalnie podkre\u015blaj\u0105cy sportowy charakter RS3! Postaw na jako\u015b\u0107 z CM Design\" \/>\n<meta property=\"og:url\" content=\"https:\/\/carbonmiledesign.pl\/en\/product\/dyfuzor-carbon-cm-style-audi-rs3-8y\/\" \/>\n<meta property=\"og:site_name\" content=\"CarbonMile design\" \/>\n<meta property=\"article:modified_time\" content=\"2025-12-05T12:44:14+00:00\" \/>\n<meta property=\"og:image\" content=\"https:\/\/carbonmiledesign.pl\/wp-content\/uploads\/2025\/12\/dyfuzor-rs.jpeg\" \/>\n\t<meta property=\"og:image:width\" content=\"1024\" \/>\n\t<meta property=\"og:image:height\" content=\"1024\" \/>\n\t<meta property=\"og:image:type\" content=\"image\/jpeg\" \/>\n<meta name=\"twitter:card\" content=\"summary_large_image\" \/>\n<meta name=\"twitter:label1\" content=\"Est. reading time\" \/>\n\t<meta name=\"twitter:data1\" content=\"1 minute\" \/>\n<script type=\"application\/ld+json\" class=\"yoast-schema-graph\">{\"@context\":\"https:\/\/schema.org\",\"@graph\":[{\"@type\":\"WebPage\",\"@id\":\"https:\/\/carbonmiledesign.pl\/produkt\/dyfuzor-carbon-cm-style-audi-rs3-8y\/\",\"url\":\"https:\/\/carbonmiledesign.pl\/produkt\/dyfuzor-carbon-cm-style-audi-rs3-8y\/\",\"name\":\"Dyfuzor carbon CM Style Audi RS3 8Y\",\"isPartOf\":{\"@id\":\"https:\/\/carbonmiledesign.pl\/#website\"},\"primaryImageOfPage\":{\"@id\":\"https:\/\/carbonmiledesign.pl\/produkt\/dyfuzor-carbon-cm-style-audi-rs3-8y\/#primaryimage\"},\"image\":{\"@id\":\"https:\/\/carbonmiledesign.pl\/produkt\/dyfuzor-carbon-cm-style-audi-rs3-8y\/#primaryimage\"},\"thumbnailUrl\":\"https:\/\/carbonmiledesign.pl\/wp-content\/uploads\/2025\/12\/dyfuzor-rs.jpeg\",\"datePublished\":\"2025-12-05T12:38:36+00:00\",\"dateModified\":\"2025-12-05T12:44:14+00:00\",\"description\":\"Dyfuzor carbon CM Style Audi RS3 8Y | Element tylnego zderzaka, fenomenalnie podkre\u015blaj\u0105cy sportowy charakter RS3! Postaw na jako\u015b\u0107 z CM Design\",\"breadcrumb\":{\"@id\":\"https:\/\/carbonmiledesign.pl\/produkt\/dyfuzor-carbon-cm-style-audi-rs3-8y\/#breadcrumb\"},\"inLanguage\":\"en-US\",\"potentialAction\":[{\"@type\":\"ReadAction\",\"target\":[\"https:\/\/carbonmiledesign.pl\/produkt\/dyfuzor-carbon-cm-style-audi-rs3-8y\/\"]}]},{\"@type\":\"ImageObject\",\"inLanguage\":\"en-US\",\"@id\":\"https:\/\/carbonmiledesign.pl\/produkt\/dyfuzor-carbon-cm-style-audi-rs3-8y\/#primaryimage\",\"url\":\"https:\/\/carbonmiledesign.pl\/wp-content\/uploads\/2025\/12\/dyfuzor-rs.jpeg\",\"contentUrl\":\"https:\/\/carbonmiledesign.pl\/wp-content\/uploads\/2025\/12\/dyfuzor-rs.jpeg\",\"width\":1024,\"height\":1024},{\"@type\":\"BreadcrumbList\",\"@id\":\"https:\/\/carbonmiledesign.pl\/produkt\/dyfuzor-carbon-cm-style-audi-rs3-8y\/#breadcrumb\",\"itemListElement\":[{\"@type\":\"ListItem\",\"position\":1,\"name\":\"Strona g\u0142\u00f3wna\",\"item\":\"https:\/\/carbonmiledesign.pl\/\"},{\"@type\":\"ListItem\",\"position\":2,\"name\":\"Sklep\",\"item\":\"https:\/\/carbonmiledesign.pl\/sklep-wysokiej-jakosci-czesci-carbon\/\"},{\"@type\":\"ListItem\",\"position\":3,\"name\":\"Dyfuzor carbon CM Style Audi RS3 8Y\"}]},{\"@type\":\"WebSite\",\"@id\":\"https:\/\/carbonmiledesign.pl\/#website\",\"url\":\"https:\/\/carbonmiledesign.pl\/\",\"name\":\"Carbonmile Design\",\"description\":\"\",\"publisher\":{\"@id\":\"https:\/\/carbonmiledesign.pl\/#organization\"},\"alternateName\":\"CM Design\",\"potentialAction\":[{\"@type\":\"SearchAction\",\"target\":{\"@type\":\"EntryPoint\",\"urlTemplate\":\"https:\/\/carbonmiledesign.pl\/?s={search_term_string}\"},\"query-input\":{\"@type\":\"PropertyValueSpecification\",\"valueRequired\":true,\"valueName\":\"search_term_string\"}}],\"inLanguage\":\"en-US\"},{\"@type\":\"Organization\",\"@id\":\"https:\/\/carbonmiledesign.pl\/#organization\",\"name\":\"Carbonmile Design\",\"url\":\"https:\/\/carbonmiledesign.pl\/\",\"logo\":{\"@type\":\"ImageObject\",\"inLanguage\":\"en-US\",\"@id\":\"https:\/\/carbonmiledesign.pl\/#\/schema\/logo\/image\/\",\"url\":\"https:\/\/carbonmiledesign.pl\/wp-content\/uploads\/2025\/01\/Carbonmiledesign-logo-czarne-przezroczyste-tlo.png\",\"contentUrl\":\"https:\/\/carbonmiledesign.pl\/wp-content\/uploads\/2025\/01\/Carbonmiledesign-logo-czarne-przezroczyste-tlo.png\",\"width\":2420,\"height\":520,\"caption\":\"Carbonmile Design\"},\"image\":{\"@id\":\"https:\/\/carbonmiledesign.pl\/#\/schema\/logo\/image\/\"}}]}<\/script>\n<!-- \/ Yoast SEO plugin. -->","yoast_head_json":{"title":"Dyfuzor carbon CM Style Audi RS3 8Y","description":"Dyfuzor carbon CM Style Audi RS3 8Y | Element tylnego zderzaka, fenomenalnie podkre\u015blaj\u0105cy sportowy charakter RS3! Postaw na jako\u015b\u0107 z CM Design","robots":{"index":"index","follow":"follow","max-snippet":"max-snippet:-1","max-image-preview":"max-image-preview:large","max-video-preview":"max-video-preview:-1"},"canonical":"https:\/\/carbonmiledesign.pl\/en\/product\/dyfuzor-carbon-cm-style-audi-rs3-8y\/","og_locale":"en_US","og_type":"article","og_title":"Dyfuzor carbon CM Style Audi RS3 8Y","og_description":"Dyfuzor carbon CM Style Audi RS3 8Y | Element tylnego zderzaka, fenomenalnie podkre\u015blaj\u0105cy sportowy charakter RS3! Postaw na jako\u015b\u0107 z CM Design","og_url":"https:\/\/carbonmiledesign.pl\/en\/product\/dyfuzor-carbon-cm-style-audi-rs3-8y\/","og_site_name":"CarbonMile design","article_modified_time":"2025-12-05T12:44:14+00:00","og_image":[{"width":1024,"height":1024,"url":"https:\/\/carbonmiledesign.pl\/wp-content\/uploads\/2025\/12\/dyfuzor-rs.jpeg","type":"image\/jpeg"}],"twitter_card":"summary_large_image","twitter_misc":{"Est. reading time":"1 minute"},"schema":{"@context":"https:\/\/schema.org","@graph":[{"@type":"WebPage","@id":"https:\/\/carbonmiledesign.pl\/produkt\/dyfuzor-carbon-cm-style-audi-rs3-8y\/","url":"https:\/\/carbonmiledesign.pl\/produkt\/dyfuzor-carbon-cm-style-audi-rs3-8y\/","name":"Dyfuzor carbon CM Style Audi RS3 8Y","isPartOf":{"@id":"https:\/\/carbonmiledesign.pl\/#website"},"primaryImageOfPage":{"@id":"https:\/\/carbonmiledesign.pl\/produkt\/dyfuzor-carbon-cm-style-audi-rs3-8y\/#primaryimage"},"image":{"@id":"https:\/\/carbonmiledesign.pl\/produkt\/dyfuzor-carbon-cm-style-audi-rs3-8y\/#primaryimage"},"thumbnailUrl":"https:\/\/carbonmiledesign.pl\/wp-content\/uploads\/2025\/12\/dyfuzor-rs.jpeg","datePublished":"2025-12-05T12:38:36+00:00","dateModified":"2025-12-05T12:44:14+00:00","description":"Dyfuzor carbon CM Style Audi RS3 8Y | Element tylnego zderzaka, fenomenalnie podkre\u015blaj\u0105cy sportowy charakter RS3! Postaw na jako\u015b\u0107 z CM Design","breadcrumb":{"@id":"https:\/\/carbonmiledesign.pl\/produkt\/dyfuzor-carbon-cm-style-audi-rs3-8y\/#breadcrumb"},"inLanguage":"en-US","potentialAction":[{"@type":"ReadAction","target":["https:\/\/carbonmiledesign.pl\/produkt\/dyfuzor-carbon-cm-style-audi-rs3-8y\/"]}]},{"@type":"ImageObject","inLanguage":"en-US","@id":"https:\/\/carbonmiledesign.pl\/produkt\/dyfuzor-carbon-cm-style-audi-rs3-8y\/#primaryimage","url":"https:\/\/carbonmiledesign.pl\/wp-content\/uploads\/2025\/12\/dyfuzor-rs.jpeg","contentUrl":"https:\/\/carbonmiledesign.pl\/wp-content\/uploads\/2025\/12\/dyfuzor-rs.jpeg","width":1024,"height":1024},{"@type":"BreadcrumbList","@id":"https:\/\/carbonmiledesign.pl\/produkt\/dyfuzor-carbon-cm-style-audi-rs3-8y\/#breadcrumb","itemListElement":[{"@type":"ListItem","position":1,"name":"Strona g\u0142\u00f3wna","item":"https:\/\/carbonmiledesign.pl\/"},{"@type":"ListItem","position":2,"name":"Sklep","item":"https:\/\/carbonmiledesign.pl\/sklep-wysokiej-jakosci-czesci-carbon\/"},{"@type":"ListItem","position":3,"name":"Dyfuzor carbon CM Style Audi RS3 8Y"}]},{"@type":"WebSite","@id":"https:\/\/carbonmiledesign.pl\/#website","url":"https:\/\/carbonmiledesign.pl\/","name":"Carbonmile Design","description":"","publisher":{"@id":"https:\/\/carbonmiledesign.pl\/#organization"},"alternateName":"CM Design","potentialAction":[{"@type":"SearchAction","target":{"@type":"EntryPoint","urlTemplate":"https:\/\/carbonmiledesign.pl\/?s={search_term_string}"},"query-input":{"@type":"PropertyValueSpecification","valueRequired":true,"valueName":"search_term_string"}}],"inLanguage":"en-US"},{"@type":"Organization","@id":"https:\/\/carbonmiledesign.pl\/#organization","name":"Carbonmile Design","url":"https:\/\/carbonmiledesign.pl\/","logo":{"@type":"ImageObject","inLanguage":"en-US","@id":"https:\/\/carbonmiledesign.pl\/#\/schema\/logo\/image\/","url":"https:\/\/carbonmiledesign.pl\/wp-content\/uploads\/2025\/01\/Carbonmiledesign-logo-czarne-przezroczyste-tlo.png","contentUrl":"https:\/\/carbonmiledesign.pl\/wp-content\/uploads\/2025\/01\/Carbonmiledesign-logo-czarne-przezroczyste-tlo.png","width":2420,"height":520,"caption":"Carbonmile Design"},"image":{"@id":"https:\/\/carbonmiledesign.pl\/#\/schema\/logo\/image\/"}}]}},"jetpack_sharing_enabled":true,"_links":{"self":[{"href":"https:\/\/carbonmiledesign.pl\/en\/wp-json\/wp\/v2\/product\/3941","targetHints":{"allow":["GET"]}}],"collection":[{"href":"https:\/\/carbonmiledesign.pl\/en\/wp-json\/wp\/v2\/product"}],"about":[{"href":"https:\/\/carbonmiledesign.pl\/en\/wp-json\/wp\/v2\/types\/product"}],"wp:featuredmedia":[{"embeddable":true,"href":"https:\/\/carbonmiledesign.pl\/en\/wp-json\/wp\/v2\/media\/3945"}],"wp:attachment":[{"href":"https:\/\/carbonmiledesign.pl\/en\/wp-json\/wp\/v2\/media?parent=3941"}],"wp:term":[{"taxonomy":"product_brand","embeddable":true,"href":"https:\/\/carbonmiledesign.pl\/en\/wp-json\/wp\/v2\/product_brand?post=3941"},{"taxonomy":"product_cat","embeddable":true,"href":"https:\/\/carbonmiledesign.pl\/en\/wp-json\/wp\/v2\/product_cat?post=3941"},{"taxonomy":"product_tag","embeddable":true,"href":"https:\/\/carbonmiledesign.pl\/en\/wp-json\/wp\/v2\/product_tag?post=3941"}],"curies":[{"name":"wp","href":"https:\/\/api.w.org\/{rel}","templated":true}]}}