{"id":3884,"date":"2025-11-25T10:01:58","date_gmt":"2025-11-25T09:01:58","guid":{"rendered":"https:\/\/carbonmiledesign.pl\/?post_type=product&#038;p=3884"},"modified":"2025-11-28T11:44:21","modified_gmt":"2025-11-28T10:44:21","slug":"splitter-carbon-cm-style-bmw-3-f30-f31","status":"publish","type":"product","link":"https:\/\/carbonmiledesign.pl\/en\/product\/splitter-carbon-cm-style-bmw-3-f30-f31\/","title":{"rendered":"Splitter carbon CM Style BMW 3 F30 F31"},"content":{"rendered":"<h3><strong>Splitter carbon CM Style BMW 3 F30 F31<\/strong><\/h3>\n<p><span style=\"font-size: 100%;\"><strong>Manufacturer:<\/strong> CM Design<\/span><\/p>\n<p><span style=\"font-size: 100%;\"><strong>Material:<\/strong> Carbon \u2013 w\u0142\u00f3kno w\u0119glowe (<a href=\"https:\/\/carbonmiledesign.pl\/karbon-od-podstaw-co-warto-wiedziec\/\">Dry carbon<\/a>)<\/span><\/p>\n<p><b>Fits to:<\/b><\/p>\n<ul>\n<li>BMW F30 F31 M-pakiet<\/li>\n<\/ul>\n<p>Splitter carbon CM Style BMW 3 F30 F31 to wysokiej jako\u015bci element wykonany z lekkiego i niezwykle wytrzyma\u0142ego w\u0142\u00f3kna w\u0119glowego. Zosta\u0142 zaprojektowany z my\u015bl\u0105 o w\u0142a\u015bcicielach BMW F30 F31 M-pakiet, kt\u00f3rzy oczekuj\u0105 po\u0142\u0105czenia nowoczesnego designu, precyzyjnego dopasowania i sportowego charakteru.<\/p>\n<p>Ka\u017cdy detal zosta\u0142 opracowany z dba\u0142o\u015bci\u0105 o aerodynamik\u0119 oraz estetyk\u0119. Konstrukcja z carbonu nie tylko podkre\u015bla agresywn\u0105 lini\u0119 nadwozia, ale r\u00f3wnie\u017c zapewnia trwa\u0142o\u015b\u0107 i odporno\u015b\u0107 na warunki atmosferyczne.<\/p>\n<p>CM Design stawia na najwy\u017csze standardy wykonania \u2013 od precyzyjnego formowania carbonu po perfekcyjne wyko\u0144czenie powierzchni. Efektem jest produkt, kt\u00f3ry spe\u0142ni oczekiwania nawet najbardziej wymagaj\u0105cych entuzjast\u00f3w motoryzacji.<\/p>\n<p>Wybieraj\u0105c Splitter carbon CM Style BMW 3 F30 F31, zyskujesz nie tylko wyj\u0105tkowy wygl\u0105d swojego samochodu, ale tak\u017ce cz\u0119\u015b\u0107 o realnym wp\u0142ywie na jego charakter i indywidualno\u015b\u0107.<\/p>","protected":false},"excerpt":{"rendered":"<h4><span style=\"font-size: 75%;\"><strong>Splitter carbon CM Style BMW 3 F30 F31<\/strong><\/span><\/h4>\n<p><span style=\"font-size: 10.8px;\">Splitter carbon CM Style BMW 3 F30 F31 to wysokiej jako\u015bci element z w\u0142\u00f3kna w\u0119glowego, kt\u00f3ry podkre\u015bla sportowy charakter i indywidualny styl pojazdu.<\/span><\/p>\n<p><span style=\"font-size: 75%;\"><strong>Fits to:<\/strong><\/span><\/p>\n<ul>\n<li><span style=\"font-size: 75%;\">BMW F30 F31 M-pakiet<\/span><\/li>\n<\/ul>\n<p><span style=\"font-size: 75%;\"><strong>Estimated production time:<\/strong> <em>25 dni<\/em><\/span><\/p>","protected":false},"featured_media":3920,"template":"","meta":[],"product_brand":[287],"product_cat":[374,375,70,105],"product_tag":[376],"class_list":{"0":"post-3884","1":"product","2":"type-product","3":"status-publish","4":"has-post-thumbnail","6":"product_brand-carbonmiledesign","7":"product_cat-3-f30","8":"product_cat-3-f31","9":"product_cat-bmw","10":"product_cat-seria-3-m3","11":"product_tag-bmw-f30-f31-m-pakiet","12":"product_shipping_class-srednia","13":"pa_generacja-f30-f31","14":"pa_marka-bmw","15":"pa_model-seria-3-m3","17":"first","18":"instock","19":"shipping-taxable","20":"purchasable","21":"product-type-simple"},"yoast_head":"<!-- This site is optimized with the Yoast SEO plugin v26.6 - https:\/\/yoast.com\/wordpress\/plugins\/seo\/ -->\n<title>Splitter carbon CM Style BMW 3 F30 F31<\/title>\n<meta name=\"description\" content=\"Splitter carbon CM Style BMW 3 F30 F31 \u2014 sportowy wygl\u0105d, perfekcyjne dopasowanie i najwy\u017csza jako\u015b\u0107 wykonania od CM Design.\" \/>\n<meta name=\"robots\" content=\"index, follow, max-snippet:-1, max-image-preview:large, max-video-preview:-1\" \/>\n<link rel=\"canonical\" href=\"https:\/\/carbonmiledesign.pl\/en\/product\/splitter-carbon-cm-style-bmw-3-f30-f31\/\" \/>\n<meta property=\"og:locale\" content=\"en_US\" \/>\n<meta property=\"og:type\" content=\"article\" \/>\n<meta property=\"og:title\" content=\"Splitter carbon CM Style BMW 3 F30 F31\" \/>\n<meta property=\"og:description\" content=\"Splitter carbon CM Style BMW 3 F30 F31 \u2014 sportowy wygl\u0105d, perfekcyjne dopasowanie i najwy\u017csza jako\u015b\u0107 wykonania od CM Design.\" \/>\n<meta property=\"og:url\" content=\"https:\/\/carbonmiledesign.pl\/en\/product\/splitter-carbon-cm-style-bmw-3-f30-f31\/\" \/>\n<meta property=\"og:site_name\" content=\"CarbonMile design\" \/>\n<meta property=\"article:modified_time\" content=\"2025-11-28T10:44:21+00:00\" \/>\n<meta property=\"og:image\" content=\"https:\/\/carbonmiledesign.pl\/wp-content\/uploads\/2025\/11\/splitter-f30.jpeg\" \/>\n\t<meta property=\"og:image:width\" content=\"1000\" \/>\n\t<meta property=\"og:image:height\" content=\"1000\" \/>\n\t<meta property=\"og:image:type\" content=\"image\/jpeg\" \/>\n<meta name=\"twitter:card\" content=\"summary_large_image\" \/>\n<meta name=\"twitter:label1\" content=\"Est. reading time\" \/>\n\t<meta name=\"twitter:data1\" content=\"2 minutes\" \/>\n<script type=\"application\/ld+json\" class=\"yoast-schema-graph\">{\"@context\":\"https:\/\/schema.org\",\"@graph\":[{\"@type\":\"WebPage\",\"@id\":\"https:\/\/carbonmiledesign.pl\/produkt\/splitter-carbon-cm-style-bmw-3-f30-f31\/\",\"url\":\"https:\/\/carbonmiledesign.pl\/produkt\/splitter-carbon-cm-style-bmw-3-f30-f31\/\",\"name\":\"Splitter carbon CM Style BMW 3 F30 F31\",\"isPartOf\":{\"@id\":\"https:\/\/carbonmiledesign.pl\/#website\"},\"primaryImageOfPage\":{\"@id\":\"https:\/\/carbonmiledesign.pl\/produkt\/splitter-carbon-cm-style-bmw-3-f30-f31\/#primaryimage\"},\"image\":{\"@id\":\"https:\/\/carbonmiledesign.pl\/produkt\/splitter-carbon-cm-style-bmw-3-f30-f31\/#primaryimage\"},\"thumbnailUrl\":\"https:\/\/carbonmiledesign.pl\/wp-content\/uploads\/2025\/11\/splitter-f30.jpeg\",\"datePublished\":\"2025-11-25T09:01:58+00:00\",\"dateModified\":\"2025-11-28T10:44:21+00:00\",\"description\":\"Splitter carbon CM Style BMW 3 F30 F31 \u2014 sportowy wygl\u0105d, perfekcyjne dopasowanie i najwy\u017csza jako\u015b\u0107 wykonania od CM Design.\",\"breadcrumb\":{\"@id\":\"https:\/\/carbonmiledesign.pl\/produkt\/splitter-carbon-cm-style-bmw-3-f30-f31\/#breadcrumb\"},\"inLanguage\":\"en-US\",\"potentialAction\":[{\"@type\":\"ReadAction\",\"target\":[\"https:\/\/carbonmiledesign.pl\/produkt\/splitter-carbon-cm-style-bmw-3-f30-f31\/\"]}]},{\"@type\":\"ImageObject\",\"inLanguage\":\"en-US\",\"@id\":\"https:\/\/carbonmiledesign.pl\/produkt\/splitter-carbon-cm-style-bmw-3-f30-f31\/#primaryimage\",\"url\":\"https:\/\/carbonmiledesign.pl\/wp-content\/uploads\/2025\/11\/splitter-f30.jpeg\",\"contentUrl\":\"https:\/\/carbonmiledesign.pl\/wp-content\/uploads\/2025\/11\/splitter-f30.jpeg\",\"width\":1000,\"height\":1000},{\"@type\":\"BreadcrumbList\",\"@id\":\"https:\/\/carbonmiledesign.pl\/produkt\/splitter-carbon-cm-style-bmw-3-f30-f31\/#breadcrumb\",\"itemListElement\":[{\"@type\":\"ListItem\",\"position\":1,\"name\":\"Strona g\u0142\u00f3wna\",\"item\":\"https:\/\/carbonmiledesign.pl\/\"},{\"@type\":\"ListItem\",\"position\":2,\"name\":\"Sklep\",\"item\":\"https:\/\/carbonmiledesign.pl\/sklep-wysokiej-jakosci-czesci-carbon\/\"},{\"@type\":\"ListItem\",\"position\":3,\"name\":\"Splitter carbon CM Style BMW 3 F30 F31\"}]},{\"@type\":\"WebSite\",\"@id\":\"https:\/\/carbonmiledesign.pl\/#website\",\"url\":\"https:\/\/carbonmiledesign.pl\/\",\"name\":\"Carbonmile Design\",\"description\":\"\",\"publisher\":{\"@id\":\"https:\/\/carbonmiledesign.pl\/#organization\"},\"alternateName\":\"CM Design\",\"potentialAction\":[{\"@type\":\"SearchAction\",\"target\":{\"@type\":\"EntryPoint\",\"urlTemplate\":\"https:\/\/carbonmiledesign.pl\/?s={search_term_string}\"},\"query-input\":{\"@type\":\"PropertyValueSpecification\",\"valueRequired\":true,\"valueName\":\"search_term_string\"}}],\"inLanguage\":\"en-US\"},{\"@type\":\"Organization\",\"@id\":\"https:\/\/carbonmiledesign.pl\/#organization\",\"name\":\"Carbonmile Design\",\"url\":\"https:\/\/carbonmiledesign.pl\/\",\"logo\":{\"@type\":\"ImageObject\",\"inLanguage\":\"en-US\",\"@id\":\"https:\/\/carbonmiledesign.pl\/#\/schema\/logo\/image\/\",\"url\":\"https:\/\/carbonmiledesign.pl\/wp-content\/uploads\/2025\/01\/Carbonmiledesign-logo-czarne-przezroczyste-tlo.png\",\"contentUrl\":\"https:\/\/carbonmiledesign.pl\/wp-content\/uploads\/2025\/01\/Carbonmiledesign-logo-czarne-przezroczyste-tlo.png\",\"width\":2420,\"height\":520,\"caption\":\"Carbonmile Design\"},\"image\":{\"@id\":\"https:\/\/carbonmiledesign.pl\/#\/schema\/logo\/image\/\"}}]}<\/script>\n<!-- \/ Yoast SEO plugin. -->","yoast_head_json":{"title":"Splitter carbon CM Style BMW 3 F30 F31","description":"Splitter carbon CM Style BMW 3 F30 F31 \u2014 sportowy wygl\u0105d, perfekcyjne dopasowanie i najwy\u017csza jako\u015b\u0107 wykonania od CM Design.","robots":{"index":"index","follow":"follow","max-snippet":"max-snippet:-1","max-image-preview":"max-image-preview:large","max-video-preview":"max-video-preview:-1"},"canonical":"https:\/\/carbonmiledesign.pl\/en\/product\/splitter-carbon-cm-style-bmw-3-f30-f31\/","og_locale":"en_US","og_type":"article","og_title":"Splitter carbon CM Style BMW 3 F30 F31","og_description":"Splitter carbon CM Style BMW 3 F30 F31 \u2014 sportowy wygl\u0105d, perfekcyjne dopasowanie i najwy\u017csza jako\u015b\u0107 wykonania od CM Design.","og_url":"https:\/\/carbonmiledesign.pl\/en\/product\/splitter-carbon-cm-style-bmw-3-f30-f31\/","og_site_name":"CarbonMile design","article_modified_time":"2025-11-28T10:44:21+00:00","og_image":[{"width":1000,"height":1000,"url":"https:\/\/carbonmiledesign.pl\/wp-content\/uploads\/2025\/11\/splitter-f30.jpeg","type":"image\/jpeg"}],"twitter_card":"summary_large_image","twitter_misc":{"Est. reading time":"2 minutes"},"schema":{"@context":"https:\/\/schema.org","@graph":[{"@type":"WebPage","@id":"https:\/\/carbonmiledesign.pl\/produkt\/splitter-carbon-cm-style-bmw-3-f30-f31\/","url":"https:\/\/carbonmiledesign.pl\/produkt\/splitter-carbon-cm-style-bmw-3-f30-f31\/","name":"Splitter carbon CM Style BMW 3 F30 F31","isPartOf":{"@id":"https:\/\/carbonmiledesign.pl\/#website"},"primaryImageOfPage":{"@id":"https:\/\/carbonmiledesign.pl\/produkt\/splitter-carbon-cm-style-bmw-3-f30-f31\/#primaryimage"},"image":{"@id":"https:\/\/carbonmiledesign.pl\/produkt\/splitter-carbon-cm-style-bmw-3-f30-f31\/#primaryimage"},"thumbnailUrl":"https:\/\/carbonmiledesign.pl\/wp-content\/uploads\/2025\/11\/splitter-f30.jpeg","datePublished":"2025-11-25T09:01:58+00:00","dateModified":"2025-11-28T10:44:21+00:00","description":"Splitter carbon CM Style BMW 3 F30 F31 \u2014 sportowy wygl\u0105d, perfekcyjne dopasowanie i najwy\u017csza jako\u015b\u0107 wykonania od CM Design.","breadcrumb":{"@id":"https:\/\/carbonmiledesign.pl\/produkt\/splitter-carbon-cm-style-bmw-3-f30-f31\/#breadcrumb"},"inLanguage":"en-US","potentialAction":[{"@type":"ReadAction","target":["https:\/\/carbonmiledesign.pl\/produkt\/splitter-carbon-cm-style-bmw-3-f30-f31\/"]}]},{"@type":"ImageObject","inLanguage":"en-US","@id":"https:\/\/carbonmiledesign.pl\/produkt\/splitter-carbon-cm-style-bmw-3-f30-f31\/#primaryimage","url":"https:\/\/carbonmiledesign.pl\/wp-content\/uploads\/2025\/11\/splitter-f30.jpeg","contentUrl":"https:\/\/carbonmiledesign.pl\/wp-content\/uploads\/2025\/11\/splitter-f30.jpeg","width":1000,"height":1000},{"@type":"BreadcrumbList","@id":"https:\/\/carbonmiledesign.pl\/produkt\/splitter-carbon-cm-style-bmw-3-f30-f31\/#breadcrumb","itemListElement":[{"@type":"ListItem","position":1,"name":"Strona g\u0142\u00f3wna","item":"https:\/\/carbonmiledesign.pl\/"},{"@type":"ListItem","position":2,"name":"Sklep","item":"https:\/\/carbonmiledesign.pl\/sklep-wysokiej-jakosci-czesci-carbon\/"},{"@type":"ListItem","position":3,"name":"Splitter carbon CM Style BMW 3 F30 F31"}]},{"@type":"WebSite","@id":"https:\/\/carbonmiledesign.pl\/#website","url":"https:\/\/carbonmiledesign.pl\/","name":"Carbonmile Design","description":"","publisher":{"@id":"https:\/\/carbonmiledesign.pl\/#organization"},"alternateName":"CM Design","potentialAction":[{"@type":"SearchAction","target":{"@type":"EntryPoint","urlTemplate":"https:\/\/carbonmiledesign.pl\/?s={search_term_string}"},"query-input":{"@type":"PropertyValueSpecification","valueRequired":true,"valueName":"search_term_string"}}],"inLanguage":"en-US"},{"@type":"Organization","@id":"https:\/\/carbonmiledesign.pl\/#organization","name":"Carbonmile Design","url":"https:\/\/carbonmiledesign.pl\/","logo":{"@type":"ImageObject","inLanguage":"en-US","@id":"https:\/\/carbonmiledesign.pl\/#\/schema\/logo\/image\/","url":"https:\/\/carbonmiledesign.pl\/wp-content\/uploads\/2025\/01\/Carbonmiledesign-logo-czarne-przezroczyste-tlo.png","contentUrl":"https:\/\/carbonmiledesign.pl\/wp-content\/uploads\/2025\/01\/Carbonmiledesign-logo-czarne-przezroczyste-tlo.png","width":2420,"height":520,"caption":"Carbonmile Design"},"image":{"@id":"https:\/\/carbonmiledesign.pl\/#\/schema\/logo\/image\/"}}]}},"jetpack_sharing_enabled":true,"_links":{"self":[{"href":"https:\/\/carbonmiledesign.pl\/en\/wp-json\/wp\/v2\/product\/3884","targetHints":{"allow":["GET"]}}],"collection":[{"href":"https:\/\/carbonmiledesign.pl\/en\/wp-json\/wp\/v2\/product"}],"about":[{"href":"https:\/\/carbonmiledesign.pl\/en\/wp-json\/wp\/v2\/types\/product"}],"wp:featuredmedia":[{"embeddable":true,"href":"https:\/\/carbonmiledesign.pl\/en\/wp-json\/wp\/v2\/media\/3920"}],"wp:attachment":[{"href":"https:\/\/carbonmiledesign.pl\/en\/wp-json\/wp\/v2\/media?parent=3884"}],"wp:term":[{"taxonomy":"product_brand","embeddable":true,"href":"https:\/\/carbonmiledesign.pl\/en\/wp-json\/wp\/v2\/product_brand?post=3884"},{"taxonomy":"product_cat","embeddable":true,"href":"https:\/\/carbonmiledesign.pl\/en\/wp-json\/wp\/v2\/product_cat?post=3884"},{"taxonomy":"product_tag","embeddable":true,"href":"https:\/\/carbonmiledesign.pl\/en\/wp-json\/wp\/v2\/product_tag?post=3884"}],"curies":[{"name":"wp","href":"https:\/\/api.w.org\/{rel}","templated":true}]}}