{"id":3834,"date":"2025-11-14T15:37:09","date_gmt":"2025-11-14T14:37:09","guid":{"rendered":"https:\/\/carbonmiledesign.pl\/?post_type=product&#038;p=3834"},"modified":"2025-12-02T01:48:58","modified_gmt":"2025-12-02T00:48:58","slug":"listwy-progowe-progi-carbon-cm-style-bmw-3-g20-g21","status":"publish","type":"product","link":"https:\/\/carbonmiledesign.pl\/en\/product\/listwy-progowe-progi-carbon-cm-style-bmw-3-g20-g21\/","title":{"rendered":"Listwy progowe progi carbon CM style BMW 3 G20 G21"},"content":{"rendered":"<h2><strong>Listwy progowe progi carbon CM style BMW 3 G20 G21<\/strong><\/h2>\n<div id=\"accordion-description\" class=\"accordion-item\">\n<div id=\"accordion-description-content\" class=\"accordion-inner\" aria-labelledby=\"accordion-description-label\">\n<p><span style=\"color: #333333;\"><strong>Manufacturer:<\/strong>\u00a0CM Design<\/span><\/p>\n<p><span style=\"color: #333333;\"><strong>Material:\u00a0<\/strong>Carbon \u2013 W\u0142\u00f3kno-w\u0119glowe\u00a0<\/span><\/p>\n<p><span style=\"color: #333333;\"><b>Fits to:<\/b><\/span><\/p>\n<ul>\n<li><span style=\"color: #333333;\">BMW serii 3 G20<\/span><\/li>\n<li>BMW serii 3 G21<\/li>\n<\/ul>\n<p data-start=\"674\" data-end=\"1131\"><span style=\"color: #333333;\">Listwy progowe carbon w stylu CM to idealne uzupe\u0142nienie pakietu carbon lub element indywidualnej personalizacji BMW serii 3 G20 G21. Wykonane z najwy\u017cszej jako\u015bci w\u0142\u00f3kna w\u0119glowego, nie tylko podkre\u015blaj\u0105 sportowy charakter pojazdu, ale r\u00f3wnie\u017c poprawiaj\u0105 jego aerodynamik\u0119. Perfekcyjne dopasowanie i precyzyjne wykonanie sprawiaj\u0105, \u017ce dok\u0142adki idealnie komponuj\u0105 si\u0119 z fabrycznym designem, nadaj\u0105c samochodowi bardziej agresywny i dynamiczny wygl\u0105d.<\/span><\/p>\n<p data-start=\"994\" data-end=\"1103\"><span style=\"color: #333333;\">The highest production standards ensure perfect fitment, durability, and an exceptional sporty appearance.<\/span><\/p>\n<\/div>\n<\/div>\n<div id=\"accordion-additional_information\" class=\"accordion-item\"><\/div>","protected":false},"excerpt":{"rendered":"<h2><span style=\"font-size: 75%;\"><strong>Listwy progowe progi carbon CM style BMW 3 G20 G21<\/strong><\/span><\/h2>\n<p data-start=\"71\" data-end=\"398\"><span style=\"font-size: 75%;\">Listwy progowe w stylu CM, wykonane z najwy\u017cszej jako\u015bci carbonu, to doskona\u0142y spos\u00f3b na podkre\u015blenie sportowego i agresywnego wygl\u0105du Twojego BMW serii 3 G20 G21. Ich dynamiczny design inspirowany motorsportem sprawia, \u017ce auto zyskuje bardziej wyrazisty i aerodynamiczny charakter, idealnie komponuj\u0105c si\u0119 z lini\u0105 nadwozia.<\/span><\/p>\n<p><span style=\"font-size: 75%;\"><strong>Fits to:<\/strong><\/span><\/p>\n<ul>\n<li><span style=\"font-size: 75%;\">BMW serii 3 G20\u00a0<\/span><\/li>\n<li><span style=\"font-size: 75%;\">BMW serii 3 G21<\/span><\/li>\n<\/ul>\n<p><span style=\"font-size: 75%;\"><strong>Estimated production time:<\/strong> Czas produkcji oko\u0142o 25 dni<\/span><\/p>","protected":false},"featured_media":3836,"template":"","meta":[],"product_brand":[],"product_cat":[120,122,70,105],"product_tag":[77,205,206,367],"class_list":{"0":"post-3834","1":"product","2":"type-product","3":"status-publish","4":"has-post-thumbnail","6":"product_cat-3-g20","7":"product_cat-3-g21","8":"product_cat-bmw","9":"product_cat-seria-3-m3","10":"product_tag-bmw","11":"product_tag-g20","12":"product_tag-g21","13":"product_tag-seria-3","14":"product_shipping_class-srednia","15":"pa_generacja-g20","16":"pa_generacja-g20-g21","17":"pa_generacja-g21","18":"pa_marka-bmw","19":"pa_model-seria-3-m3","21":"first","22":"instock","23":"shipping-taxable","24":"purchasable","25":"product-type-simple"},"yoast_head":"<!-- This site is optimized with the Yoast SEO plugin v26.6 - https:\/\/yoast.com\/wordpress\/plugins\/seo\/ -->\n<title>Listwy progowe progi carbon CM style BMW 3 G20 G21<\/title>\n<meta name=\"description\" content=\"Listwy progowe progi carbon CM style BMW 3 G20 G21 to idealne po\u0142\u0105czenie agresywnego designu, aerodynamiki i najwy\u017cszej jako\u015bci wykonania \u2013 postaw na CM Design. \ud83d\ude80\ud83d\udd25\" \/>\n<meta name=\"robots\" content=\"index, follow, max-snippet:-1, max-image-preview:large, max-video-preview:-1\" \/>\n<link rel=\"canonical\" href=\"https:\/\/carbonmiledesign.pl\/en\/product\/listwy-progowe-progi-carbon-cm-style-bmw-3-g20-g21\/\" \/>\n<meta property=\"og:locale\" content=\"en_US\" \/>\n<meta property=\"og:type\" content=\"article\" \/>\n<meta property=\"og:title\" content=\"Listwy progowe progi carbon CM style BMW 3 G20 G21\" \/>\n<meta property=\"og:description\" content=\"Listwy progowe progi carbon CM style BMW 3 G20 G21 to idealne po\u0142\u0105czenie agresywnego designu, aerodynamiki i najwy\u017cszej jako\u015bci wykonania \u2013 postaw na CM Design. \ud83d\ude80\ud83d\udd25\" \/>\n<meta property=\"og:url\" content=\"https:\/\/carbonmiledesign.pl\/en\/product\/listwy-progowe-progi-carbon-cm-style-bmw-3-g20-g21\/\" \/>\n<meta property=\"og:site_name\" content=\"CarbonMile design\" \/>\n<meta property=\"article:modified_time\" content=\"2025-12-02T00:48:58+00:00\" \/>\n<meta property=\"og:image\" content=\"https:\/\/carbonmiledesign.pl\/wp-content\/uploads\/2025\/11\/PHOTO-2025-11-14-16-00-16.jpg\" \/>\n\t<meta property=\"og:image:width\" content=\"1000\" \/>\n\t<meta property=\"og:image:height\" content=\"1000\" \/>\n\t<meta property=\"og:image:type\" content=\"image\/jpeg\" \/>\n<meta name=\"twitter:card\" content=\"summary_large_image\" \/>\n<meta name=\"twitter:label1\" content=\"Est. reading time\" \/>\n\t<meta name=\"twitter:data1\" content=\"1 minute\" \/>\n<script type=\"application\/ld+json\" class=\"yoast-schema-graph\">{\"@context\":\"https:\/\/schema.org\",\"@graph\":[{\"@type\":\"WebPage\",\"@id\":\"https:\/\/carbonmiledesign.pl\/produkt\/listwy-progowe-progi-carbon-cm-style-bmw-3-g20-g21\/\",\"url\":\"https:\/\/carbonmiledesign.pl\/produkt\/listwy-progowe-progi-carbon-cm-style-bmw-3-g20-g21\/\",\"name\":\"Listwy progowe progi carbon CM style BMW 3 G20 G21\",\"isPartOf\":{\"@id\":\"https:\/\/carbonmiledesign.pl\/#website\"},\"primaryImageOfPage\":{\"@id\":\"https:\/\/carbonmiledesign.pl\/produkt\/listwy-progowe-progi-carbon-cm-style-bmw-3-g20-g21\/#primaryimage\"},\"image\":{\"@id\":\"https:\/\/carbonmiledesign.pl\/produkt\/listwy-progowe-progi-carbon-cm-style-bmw-3-g20-g21\/#primaryimage\"},\"thumbnailUrl\":\"https:\/\/carbonmiledesign.pl\/wp-content\/uploads\/2025\/11\/PHOTO-2025-11-14-16-00-16.jpg\",\"datePublished\":\"2025-11-14T14:37:09+00:00\",\"dateModified\":\"2025-12-02T00:48:58+00:00\",\"description\":\"Listwy progowe progi carbon CM style BMW 3 G20 G21 to idealne po\u0142\u0105czenie agresywnego designu, aerodynamiki i najwy\u017cszej jako\u015bci wykonania \u2013 postaw na CM Design. \ud83d\ude80\ud83d\udd25\",\"breadcrumb\":{\"@id\":\"https:\/\/carbonmiledesign.pl\/produkt\/listwy-progowe-progi-carbon-cm-style-bmw-3-g20-g21\/#breadcrumb\"},\"inLanguage\":\"en-US\",\"potentialAction\":[{\"@type\":\"ReadAction\",\"target\":[\"https:\/\/carbonmiledesign.pl\/produkt\/listwy-progowe-progi-carbon-cm-style-bmw-3-g20-g21\/\"]}]},{\"@type\":\"ImageObject\",\"inLanguage\":\"en-US\",\"@id\":\"https:\/\/carbonmiledesign.pl\/produkt\/listwy-progowe-progi-carbon-cm-style-bmw-3-g20-g21\/#primaryimage\",\"url\":\"https:\/\/carbonmiledesign.pl\/wp-content\/uploads\/2025\/11\/PHOTO-2025-11-14-16-00-16.jpg\",\"contentUrl\":\"https:\/\/carbonmiledesign.pl\/wp-content\/uploads\/2025\/11\/PHOTO-2025-11-14-16-00-16.jpg\",\"width\":1000,\"height\":1000},{\"@type\":\"BreadcrumbList\",\"@id\":\"https:\/\/carbonmiledesign.pl\/produkt\/listwy-progowe-progi-carbon-cm-style-bmw-3-g20-g21\/#breadcrumb\",\"itemListElement\":[{\"@type\":\"ListItem\",\"position\":1,\"name\":\"Strona g\u0142\u00f3wna\",\"item\":\"https:\/\/carbonmiledesign.pl\/\"},{\"@type\":\"ListItem\",\"position\":2,\"name\":\"Sklep\",\"item\":\"https:\/\/carbonmiledesign.pl\/sklep-wysokiej-jakosci-czesci-carbon\/\"},{\"@type\":\"ListItem\",\"position\":3,\"name\":\"Listwy progowe progi carbon CM style BMW 3 G20 G21\"}]},{\"@type\":\"WebSite\",\"@id\":\"https:\/\/carbonmiledesign.pl\/#website\",\"url\":\"https:\/\/carbonmiledesign.pl\/\",\"name\":\"Carbonmile Design\",\"description\":\"\",\"publisher\":{\"@id\":\"https:\/\/carbonmiledesign.pl\/#organization\"},\"alternateName\":\"CM Design\",\"potentialAction\":[{\"@type\":\"SearchAction\",\"target\":{\"@type\":\"EntryPoint\",\"urlTemplate\":\"https:\/\/carbonmiledesign.pl\/?s={search_term_string}\"},\"query-input\":{\"@type\":\"PropertyValueSpecification\",\"valueRequired\":true,\"valueName\":\"search_term_string\"}}],\"inLanguage\":\"en-US\"},{\"@type\":\"Organization\",\"@id\":\"https:\/\/carbonmiledesign.pl\/#organization\",\"name\":\"Carbonmile Design\",\"url\":\"https:\/\/carbonmiledesign.pl\/\",\"logo\":{\"@type\":\"ImageObject\",\"inLanguage\":\"en-US\",\"@id\":\"https:\/\/carbonmiledesign.pl\/#\/schema\/logo\/image\/\",\"url\":\"https:\/\/carbonmiledesign.pl\/wp-content\/uploads\/2025\/01\/Carbonmiledesign-logo-czarne-przezroczyste-tlo.png\",\"contentUrl\":\"https:\/\/carbonmiledesign.pl\/wp-content\/uploads\/2025\/01\/Carbonmiledesign-logo-czarne-przezroczyste-tlo.png\",\"width\":2420,\"height\":520,\"caption\":\"Carbonmile Design\"},\"image\":{\"@id\":\"https:\/\/carbonmiledesign.pl\/#\/schema\/logo\/image\/\"}}]}<\/script>\n<!-- \/ Yoast SEO plugin. -->","yoast_head_json":{"title":"Listwy progowe progi carbon CM style BMW 3 G20 G21","description":"Listwy progowe progi carbon CM style BMW 3 G20 G21 to idealne po\u0142\u0105czenie agresywnego designu, aerodynamiki i najwy\u017cszej jako\u015bci wykonania \u2013 postaw na CM Design. \ud83d\ude80\ud83d\udd25","robots":{"index":"index","follow":"follow","max-snippet":"max-snippet:-1","max-image-preview":"max-image-preview:large","max-video-preview":"max-video-preview:-1"},"canonical":"https:\/\/carbonmiledesign.pl\/en\/product\/listwy-progowe-progi-carbon-cm-style-bmw-3-g20-g21\/","og_locale":"en_US","og_type":"article","og_title":"Listwy progowe progi carbon CM style BMW 3 G20 G21","og_description":"Listwy progowe progi carbon CM style BMW 3 G20 G21 to idealne po\u0142\u0105czenie agresywnego designu, aerodynamiki i najwy\u017cszej jako\u015bci wykonania \u2013 postaw na CM Design. \ud83d\ude80\ud83d\udd25","og_url":"https:\/\/carbonmiledesign.pl\/en\/product\/listwy-progowe-progi-carbon-cm-style-bmw-3-g20-g21\/","og_site_name":"CarbonMile design","article_modified_time":"2025-12-02T00:48:58+00:00","og_image":[{"width":1000,"height":1000,"url":"https:\/\/carbonmiledesign.pl\/wp-content\/uploads\/2025\/11\/PHOTO-2025-11-14-16-00-16.jpg","type":"image\/jpeg"}],"twitter_card":"summary_large_image","twitter_misc":{"Est. reading time":"1 minute"},"schema":{"@context":"https:\/\/schema.org","@graph":[{"@type":"WebPage","@id":"https:\/\/carbonmiledesign.pl\/produkt\/listwy-progowe-progi-carbon-cm-style-bmw-3-g20-g21\/","url":"https:\/\/carbonmiledesign.pl\/produkt\/listwy-progowe-progi-carbon-cm-style-bmw-3-g20-g21\/","name":"Listwy progowe progi carbon CM style BMW 3 G20 G21","isPartOf":{"@id":"https:\/\/carbonmiledesign.pl\/#website"},"primaryImageOfPage":{"@id":"https:\/\/carbonmiledesign.pl\/produkt\/listwy-progowe-progi-carbon-cm-style-bmw-3-g20-g21\/#primaryimage"},"image":{"@id":"https:\/\/carbonmiledesign.pl\/produkt\/listwy-progowe-progi-carbon-cm-style-bmw-3-g20-g21\/#primaryimage"},"thumbnailUrl":"https:\/\/carbonmiledesign.pl\/wp-content\/uploads\/2025\/11\/PHOTO-2025-11-14-16-00-16.jpg","datePublished":"2025-11-14T14:37:09+00:00","dateModified":"2025-12-02T00:48:58+00:00","description":"Listwy progowe progi carbon CM style BMW 3 G20 G21 to idealne po\u0142\u0105czenie agresywnego designu, aerodynamiki i najwy\u017cszej jako\u015bci wykonania \u2013 postaw na CM Design. \ud83d\ude80\ud83d\udd25","breadcrumb":{"@id":"https:\/\/carbonmiledesign.pl\/produkt\/listwy-progowe-progi-carbon-cm-style-bmw-3-g20-g21\/#breadcrumb"},"inLanguage":"en-US","potentialAction":[{"@type":"ReadAction","target":["https:\/\/carbonmiledesign.pl\/produkt\/listwy-progowe-progi-carbon-cm-style-bmw-3-g20-g21\/"]}]},{"@type":"ImageObject","inLanguage":"en-US","@id":"https:\/\/carbonmiledesign.pl\/produkt\/listwy-progowe-progi-carbon-cm-style-bmw-3-g20-g21\/#primaryimage","url":"https:\/\/carbonmiledesign.pl\/wp-content\/uploads\/2025\/11\/PHOTO-2025-11-14-16-00-16.jpg","contentUrl":"https:\/\/carbonmiledesign.pl\/wp-content\/uploads\/2025\/11\/PHOTO-2025-11-14-16-00-16.jpg","width":1000,"height":1000},{"@type":"BreadcrumbList","@id":"https:\/\/carbonmiledesign.pl\/produkt\/listwy-progowe-progi-carbon-cm-style-bmw-3-g20-g21\/#breadcrumb","itemListElement":[{"@type":"ListItem","position":1,"name":"Strona g\u0142\u00f3wna","item":"https:\/\/carbonmiledesign.pl\/"},{"@type":"ListItem","position":2,"name":"Sklep","item":"https:\/\/carbonmiledesign.pl\/sklep-wysokiej-jakosci-czesci-carbon\/"},{"@type":"ListItem","position":3,"name":"Listwy progowe progi carbon CM style BMW 3 G20 G21"}]},{"@type":"WebSite","@id":"https:\/\/carbonmiledesign.pl\/#website","url":"https:\/\/carbonmiledesign.pl\/","name":"Carbonmile Design","description":"","publisher":{"@id":"https:\/\/carbonmiledesign.pl\/#organization"},"alternateName":"CM Design","potentialAction":[{"@type":"SearchAction","target":{"@type":"EntryPoint","urlTemplate":"https:\/\/carbonmiledesign.pl\/?s={search_term_string}"},"query-input":{"@type":"PropertyValueSpecification","valueRequired":true,"valueName":"search_term_string"}}],"inLanguage":"en-US"},{"@type":"Organization","@id":"https:\/\/carbonmiledesign.pl\/#organization","name":"Carbonmile Design","url":"https:\/\/carbonmiledesign.pl\/","logo":{"@type":"ImageObject","inLanguage":"en-US","@id":"https:\/\/carbonmiledesign.pl\/#\/schema\/logo\/image\/","url":"https:\/\/carbonmiledesign.pl\/wp-content\/uploads\/2025\/01\/Carbonmiledesign-logo-czarne-przezroczyste-tlo.png","contentUrl":"https:\/\/carbonmiledesign.pl\/wp-content\/uploads\/2025\/01\/Carbonmiledesign-logo-czarne-przezroczyste-tlo.png","width":2420,"height":520,"caption":"Carbonmile Design"},"image":{"@id":"https:\/\/carbonmiledesign.pl\/#\/schema\/logo\/image\/"}}]}},"jetpack_sharing_enabled":true,"_links":{"self":[{"href":"https:\/\/carbonmiledesign.pl\/en\/wp-json\/wp\/v2\/product\/3834","targetHints":{"allow":["GET"]}}],"collection":[{"href":"https:\/\/carbonmiledesign.pl\/en\/wp-json\/wp\/v2\/product"}],"about":[{"href":"https:\/\/carbonmiledesign.pl\/en\/wp-json\/wp\/v2\/types\/product"}],"wp:featuredmedia":[{"embeddable":true,"href":"https:\/\/carbonmiledesign.pl\/en\/wp-json\/wp\/v2\/media\/3836"}],"wp:attachment":[{"href":"https:\/\/carbonmiledesign.pl\/en\/wp-json\/wp\/v2\/media?parent=3834"}],"wp:term":[{"taxonomy":"product_brand","embeddable":true,"href":"https:\/\/carbonmiledesign.pl\/en\/wp-json\/wp\/v2\/product_brand?post=3834"},{"taxonomy":"product_cat","embeddable":true,"href":"https:\/\/carbonmiledesign.pl\/en\/wp-json\/wp\/v2\/product_cat?post=3834"},{"taxonomy":"product_tag","embeddable":true,"href":"https:\/\/carbonmiledesign.pl\/en\/wp-json\/wp\/v2\/product_tag?post=3834"}],"curies":[{"name":"wp","href":"https:\/\/api.w.org\/{rel}","templated":true}]}}