{"id":3636,"date":"2025-10-15T13:33:56","date_gmt":"2025-10-15T11:33:56","guid":{"rendered":"https:\/\/carbonmiledesign.pl\/?post_type=product&#038;p=3636"},"modified":"2026-02-04T08:56:57","modified_gmt":"2026-02-04T07:56:57","slug":"dyfuzor-carbon-led-f1-style-bmw-m3-g80-g81-m4-g82-g83","status":"publish","type":"product","link":"https:\/\/carbonmiledesign.pl\/en\/product\/dyfuzor-carbon-led-f1-style-bmw-m3-g80-g81-m4-g82-g83\/","title":{"rendered":"Dyfuzor carbon led F1 Style BMW M3 G80 G81 M4 G82 G83"},"content":{"rendered":"<h3><strong>Dyfuzor carbon LED F1 Style BMW M3 G80 G81 M4 G82 G83<\/strong><\/h3>\n<p><span style=\"font-size: 100%;\"><strong>Manufacturer:<\/strong> CM Design<\/span><\/p>\n<p><span style=\"font-size: 100%;\"><strong>Material:<\/strong> Material: Carbon fibre (Dry carbon)<a href=\"https:\/\/carbonmiledesign.pl\/karbon-od-podstaw-co-warto-wiedziec\/\">Dry carbon<\/a>)<\/span><\/p>\n<p><b>Fits to:<\/b><\/p>\n<ul>\n<li>BMW M3 G80<\/li>\n<li>BMW M3 G81 Touring<\/li>\n<li>BMW M4 G82<\/li>\n<li>BMW M4 G83<\/li>\n<\/ul>\n<p><span style=\"font-size: 100%;\">Sportowy dyfuzor tylny wykonany z carbonu w stylu F1 to propozycja dla wymagaj\u0105cych kierowc\u00f3w. Wbudowane \u015bwiat\u0142o LED dodaje nowoczesnego, agresywnego wygl\u0105du i zwi\u0119ksza widoczno\u015b\u0107 pojazdu. Idealne dopasowanie do fabrycznego zderzaka zapewnia \u0142atwy monta\u017c i sp\u00f3jno\u015b\u0107 stylistyczn\u0105.<\/span><\/p>\n<p>Najwy\u017csza jako\u015b\u0107 wykonania i materia\u0142\u00f3w gwarantuje trwa\u0142o\u015b\u0107, precyzj\u0119 oraz \u015bwietny efekt wizualny, kt\u00f3ry wyr\u00f3\u017cnia pojazd na drodze.<\/p>","protected":false},"excerpt":{"rendered":"<h4><span style=\"font-size: 75%;\"><strong>Dyfuzor carbon LED F1 Style BMW M3 G80 G81 M4 G82 G83<\/strong><\/span><\/h4>\n<p><span style=\"font-size: 10.8px;\">Dyfuzor wykonany z wysokiej jako\u015bci carbonu w stylu F1 Design z wbudowanym \u015bwiat\u0142em LED \u2013 podkre\u015bla sportowy charakter pojazdu i nadaje wyj\u0105tkowego wygl\u0105du ty\u0142owi samochodu.<\/span><\/p>\n<p><span style=\"font-size: 75%;\"><strong>Fits to:<\/strong><\/span><\/p>\n<ul>\n<li><span style=\"font-size: 75%;\">BMW M3 G80<\/span><\/li>\n<li><span style=\"font-size: 75%;\">BMW M3 G81<\/span><\/li>\n<li><span style=\"font-size: 75%;\">BMW M4 G82<\/span><\/li>\n<li><span style=\"font-size: 75%;\">BMW M4 G83<\/span><\/li>\n<\/ul>\n<p><span style=\"font-size: 75%;\"><strong>Estimated production time:<\/strong> 20 dni\u00a0<\/span><\/p>","protected":false},"featured_media":3637,"template":"","meta":[],"product_brand":[287],"product_cat":[70,107,123,211,212,105,143],"product_tag":[77,78,79,80,81,147,148],"class_list":{"0":"post-3636","1":"product","2":"type-product","3":"status-publish","4":"has-post-thumbnail","6":"product_brand-carbonmiledesign","7":"product_cat-bmw","8":"product_cat-m3-g80","9":"product_cat-m3-g81","10":"product_cat-m4-g82","11":"product_cat-m4-g83","12":"product_cat-seria-3-m3","13":"product_cat-seria-4-m4","14":"product_tag-bmw","15":"product_tag-m3-g80","16":"product_tag-m3-g81","17":"product_tag-m4-g82","18":"product_tag-m4-g83","19":"product_tag-seria-3-m3","20":"product_tag-seria-4-m4","21":"product_shipping_class-srednia","22":"pa_generacja-g80","23":"pa_generacja-g81","24":"pa_generacja-g82","25":"pa_generacja-g83","26":"pa_marka-bmw","27":"pa_model-seria-3-m3","28":"pa_model-seria-4-m4","30":"first","31":"instock","32":"shipping-taxable","33":"purchasable","34":"product-type-simple"},"yoast_head":"<!-- This site is optimized with the Yoast SEO plugin v26.6 - https:\/\/yoast.com\/wordpress\/plugins\/seo\/ -->\n<title>Dyfuzor carbon led F1 Style BMW M3 G80 G81 M4 G82 G83<\/title>\n<meta name=\"description\" content=\"Podkre\u015bl wyj\u0105tkowy styl swojego BMW M3 M4 G8X! Carbonowy dyfuzor led F1 style to po\u0142\u0105czenie sportowego charakteru, najwy\u017cszej jako\u015bci wykonania i perfekcyjnego dopasowania \u2013 postaw na CM Design\" \/>\n<meta name=\"robots\" content=\"index, follow, max-snippet:-1, max-image-preview:large, max-video-preview:-1\" \/>\n<link rel=\"canonical\" href=\"https:\/\/carbonmiledesign.pl\/en\/product\/dyfuzor-carbon-led-f1-style-bmw-m3-g80-g81-m4-g82-g83\/\" \/>\n<meta property=\"og:locale\" content=\"en_US\" \/>\n<meta property=\"og:type\" content=\"article\" \/>\n<meta property=\"og:title\" content=\"Dyfuzor carbon led F1 Style BMW M3 G80 G81 M4 G82 G83\" \/>\n<meta property=\"og:description\" content=\"Podkre\u015bl wyj\u0105tkowy styl swojego BMW M3 M4 G8X! Carbonowy dyfuzor led F1 style to po\u0142\u0105czenie sportowego charakteru, najwy\u017cszej jako\u015bci wykonania i perfekcyjnego dopasowania \u2013 postaw na CM Design\" \/>\n<meta property=\"og:url\" content=\"https:\/\/carbonmiledesign.pl\/en\/product\/dyfuzor-carbon-led-f1-style-bmw-m3-g80-g81-m4-g82-g83\/\" \/>\n<meta property=\"og:site_name\" content=\"CarbonMile design\" \/>\n<meta property=\"article:modified_time\" content=\"2026-02-04T07:56:57+00:00\" \/>\n<meta property=\"og:image\" content=\"https:\/\/carbonmiledesign.pl\/wp-content\/uploads\/2025\/10\/Dyfuzor-led-F1-CM-Design-1.jpg\" \/>\n\t<meta property=\"og:image:width\" content=\"1000\" \/>\n\t<meta property=\"og:image:height\" content=\"1000\" \/>\n\t<meta property=\"og:image:type\" content=\"image\/jpeg\" \/>\n<meta name=\"twitter:card\" content=\"summary_large_image\" \/>\n<meta name=\"twitter:label1\" content=\"Est. reading time\" \/>\n\t<meta name=\"twitter:data1\" content=\"1 minute\" \/>\n<script type=\"application\/ld+json\" class=\"yoast-schema-graph\">{\"@context\":\"https:\/\/schema.org\",\"@graph\":[{\"@type\":\"WebPage\",\"@id\":\"https:\/\/carbonmiledesign.pl\/produkt\/dyfuzor-carbon-led-f1-style-bmw-m3-g80-g81-m4-g82-g83\/\",\"url\":\"https:\/\/carbonmiledesign.pl\/produkt\/dyfuzor-carbon-led-f1-style-bmw-m3-g80-g81-m4-g82-g83\/\",\"name\":\"Dyfuzor carbon led F1 Style BMW M3 G80 G81 M4 G82 G83\",\"isPartOf\":{\"@id\":\"https:\/\/carbonmiledesign.pl\/#website\"},\"primaryImageOfPage\":{\"@id\":\"https:\/\/carbonmiledesign.pl\/produkt\/dyfuzor-carbon-led-f1-style-bmw-m3-g80-g81-m4-g82-g83\/#primaryimage\"},\"image\":{\"@id\":\"https:\/\/carbonmiledesign.pl\/produkt\/dyfuzor-carbon-led-f1-style-bmw-m3-g80-g81-m4-g82-g83\/#primaryimage\"},\"thumbnailUrl\":\"https:\/\/carbonmiledesign.pl\/wp-content\/uploads\/2025\/10\/Dyfuzor-led-F1-CM-Design-1.jpg\",\"datePublished\":\"2025-10-15T11:33:56+00:00\",\"dateModified\":\"2026-02-04T07:56:57+00:00\",\"description\":\"Podkre\u015bl wyj\u0105tkowy styl swojego BMW M3 M4 G8X! Carbonowy dyfuzor led F1 style to po\u0142\u0105czenie sportowego charakteru, najwy\u017cszej jako\u015bci wykonania i perfekcyjnego dopasowania \u2013 postaw na CM Design\",\"breadcrumb\":{\"@id\":\"https:\/\/carbonmiledesign.pl\/produkt\/dyfuzor-carbon-led-f1-style-bmw-m3-g80-g81-m4-g82-g83\/#breadcrumb\"},\"inLanguage\":\"en-US\",\"potentialAction\":[{\"@type\":\"ReadAction\",\"target\":[\"https:\/\/carbonmiledesign.pl\/produkt\/dyfuzor-carbon-led-f1-style-bmw-m3-g80-g81-m4-g82-g83\/\"]}]},{\"@type\":\"ImageObject\",\"inLanguage\":\"en-US\",\"@id\":\"https:\/\/carbonmiledesign.pl\/produkt\/dyfuzor-carbon-led-f1-style-bmw-m3-g80-g81-m4-g82-g83\/#primaryimage\",\"url\":\"https:\/\/carbonmiledesign.pl\/wp-content\/uploads\/2025\/10\/Dyfuzor-led-F1-CM-Design-1.jpg\",\"contentUrl\":\"https:\/\/carbonmiledesign.pl\/wp-content\/uploads\/2025\/10\/Dyfuzor-led-F1-CM-Design-1.jpg\",\"width\":1000,\"height\":1000},{\"@type\":\"BreadcrumbList\",\"@id\":\"https:\/\/carbonmiledesign.pl\/produkt\/dyfuzor-carbon-led-f1-style-bmw-m3-g80-g81-m4-g82-g83\/#breadcrumb\",\"itemListElement\":[{\"@type\":\"ListItem\",\"position\":1,\"name\":\"Strona g\u0142\u00f3wna\",\"item\":\"https:\/\/carbonmiledesign.pl\/\"},{\"@type\":\"ListItem\",\"position\":2,\"name\":\"Sklep\",\"item\":\"https:\/\/carbonmiledesign.pl\/sklep-wysokiej-jakosci-czesci-carbon\/\"},{\"@type\":\"ListItem\",\"position\":3,\"name\":\"Dyfuzor carbon led F1 Style BMW M3 G80 G81 M4 G82 G83\"}]},{\"@type\":\"WebSite\",\"@id\":\"https:\/\/carbonmiledesign.pl\/#website\",\"url\":\"https:\/\/carbonmiledesign.pl\/\",\"name\":\"Carbonmile Design\",\"description\":\"\",\"publisher\":{\"@id\":\"https:\/\/carbonmiledesign.pl\/#organization\"},\"alternateName\":\"CM Design\",\"potentialAction\":[{\"@type\":\"SearchAction\",\"target\":{\"@type\":\"EntryPoint\",\"urlTemplate\":\"https:\/\/carbonmiledesign.pl\/?s={search_term_string}\"},\"query-input\":{\"@type\":\"PropertyValueSpecification\",\"valueRequired\":true,\"valueName\":\"search_term_string\"}}],\"inLanguage\":\"en-US\"},{\"@type\":\"Organization\",\"@id\":\"https:\/\/carbonmiledesign.pl\/#organization\",\"name\":\"Carbonmile Design\",\"url\":\"https:\/\/carbonmiledesign.pl\/\",\"logo\":{\"@type\":\"ImageObject\",\"inLanguage\":\"en-US\",\"@id\":\"https:\/\/carbonmiledesign.pl\/#\/schema\/logo\/image\/\",\"url\":\"https:\/\/carbonmiledesign.pl\/wp-content\/uploads\/2025\/01\/Carbonmiledesign-logo-czarne-przezroczyste-tlo.png\",\"contentUrl\":\"https:\/\/carbonmiledesign.pl\/wp-content\/uploads\/2025\/01\/Carbonmiledesign-logo-czarne-przezroczyste-tlo.png\",\"width\":2420,\"height\":520,\"caption\":\"Carbonmile Design\"},\"image\":{\"@id\":\"https:\/\/carbonmiledesign.pl\/#\/schema\/logo\/image\/\"}}]}<\/script>\n<!-- \/ Yoast SEO plugin. -->","yoast_head_json":{"title":"Dyfuzor carbon led F1 Style BMW M3 G80 G81 M4 G82 G83","description":"Podkre\u015bl wyj\u0105tkowy styl swojego BMW M3 M4 G8X! Carbonowy dyfuzor led F1 style to po\u0142\u0105czenie sportowego charakteru, najwy\u017cszej jako\u015bci wykonania i perfekcyjnego dopasowania \u2013 postaw na CM Design","robots":{"index":"index","follow":"follow","max-snippet":"max-snippet:-1","max-image-preview":"max-image-preview:large","max-video-preview":"max-video-preview:-1"},"canonical":"https:\/\/carbonmiledesign.pl\/en\/product\/dyfuzor-carbon-led-f1-style-bmw-m3-g80-g81-m4-g82-g83\/","og_locale":"en_US","og_type":"article","og_title":"Dyfuzor carbon led F1 Style BMW M3 G80 G81 M4 G82 G83","og_description":"Podkre\u015bl wyj\u0105tkowy styl swojego BMW M3 M4 G8X! Carbonowy dyfuzor led F1 style to po\u0142\u0105czenie sportowego charakteru, najwy\u017cszej jako\u015bci wykonania i perfekcyjnego dopasowania \u2013 postaw na CM Design","og_url":"https:\/\/carbonmiledesign.pl\/en\/product\/dyfuzor-carbon-led-f1-style-bmw-m3-g80-g81-m4-g82-g83\/","og_site_name":"CarbonMile design","article_modified_time":"2026-02-04T07:56:57+00:00","og_image":[{"width":1000,"height":1000,"url":"https:\/\/carbonmiledesign.pl\/wp-content\/uploads\/2025\/10\/Dyfuzor-led-F1-CM-Design-1.jpg","type":"image\/jpeg"}],"twitter_card":"summary_large_image","twitter_misc":{"Est. reading time":"1 minute"},"schema":{"@context":"https:\/\/schema.org","@graph":[{"@type":"WebPage","@id":"https:\/\/carbonmiledesign.pl\/produkt\/dyfuzor-carbon-led-f1-style-bmw-m3-g80-g81-m4-g82-g83\/","url":"https:\/\/carbonmiledesign.pl\/produkt\/dyfuzor-carbon-led-f1-style-bmw-m3-g80-g81-m4-g82-g83\/","name":"Dyfuzor carbon led F1 Style BMW M3 G80 G81 M4 G82 G83","isPartOf":{"@id":"https:\/\/carbonmiledesign.pl\/#website"},"primaryImageOfPage":{"@id":"https:\/\/carbonmiledesign.pl\/produkt\/dyfuzor-carbon-led-f1-style-bmw-m3-g80-g81-m4-g82-g83\/#primaryimage"},"image":{"@id":"https:\/\/carbonmiledesign.pl\/produkt\/dyfuzor-carbon-led-f1-style-bmw-m3-g80-g81-m4-g82-g83\/#primaryimage"},"thumbnailUrl":"https:\/\/carbonmiledesign.pl\/wp-content\/uploads\/2025\/10\/Dyfuzor-led-F1-CM-Design-1.jpg","datePublished":"2025-10-15T11:33:56+00:00","dateModified":"2026-02-04T07:56:57+00:00","description":"Podkre\u015bl wyj\u0105tkowy styl swojego BMW M3 M4 G8X! Carbonowy dyfuzor led F1 style to po\u0142\u0105czenie sportowego charakteru, najwy\u017cszej jako\u015bci wykonania i perfekcyjnego dopasowania \u2013 postaw na CM Design","breadcrumb":{"@id":"https:\/\/carbonmiledesign.pl\/produkt\/dyfuzor-carbon-led-f1-style-bmw-m3-g80-g81-m4-g82-g83\/#breadcrumb"},"inLanguage":"en-US","potentialAction":[{"@type":"ReadAction","target":["https:\/\/carbonmiledesign.pl\/produkt\/dyfuzor-carbon-led-f1-style-bmw-m3-g80-g81-m4-g82-g83\/"]}]},{"@type":"ImageObject","inLanguage":"en-US","@id":"https:\/\/carbonmiledesign.pl\/produkt\/dyfuzor-carbon-led-f1-style-bmw-m3-g80-g81-m4-g82-g83\/#primaryimage","url":"https:\/\/carbonmiledesign.pl\/wp-content\/uploads\/2025\/10\/Dyfuzor-led-F1-CM-Design-1.jpg","contentUrl":"https:\/\/carbonmiledesign.pl\/wp-content\/uploads\/2025\/10\/Dyfuzor-led-F1-CM-Design-1.jpg","width":1000,"height":1000},{"@type":"BreadcrumbList","@id":"https:\/\/carbonmiledesign.pl\/produkt\/dyfuzor-carbon-led-f1-style-bmw-m3-g80-g81-m4-g82-g83\/#breadcrumb","itemListElement":[{"@type":"ListItem","position":1,"name":"Strona g\u0142\u00f3wna","item":"https:\/\/carbonmiledesign.pl\/"},{"@type":"ListItem","position":2,"name":"Sklep","item":"https:\/\/carbonmiledesign.pl\/sklep-wysokiej-jakosci-czesci-carbon\/"},{"@type":"ListItem","position":3,"name":"Dyfuzor carbon led F1 Style BMW M3 G80 G81 M4 G82 G83"}]},{"@type":"WebSite","@id":"https:\/\/carbonmiledesign.pl\/#website","url":"https:\/\/carbonmiledesign.pl\/","name":"Carbonmile Design","description":"","publisher":{"@id":"https:\/\/carbonmiledesign.pl\/#organization"},"alternateName":"CM Design","potentialAction":[{"@type":"SearchAction","target":{"@type":"EntryPoint","urlTemplate":"https:\/\/carbonmiledesign.pl\/?s={search_term_string}"},"query-input":{"@type":"PropertyValueSpecification","valueRequired":true,"valueName":"search_term_string"}}],"inLanguage":"en-US"},{"@type":"Organization","@id":"https:\/\/carbonmiledesign.pl\/#organization","name":"Carbonmile Design","url":"https:\/\/carbonmiledesign.pl\/","logo":{"@type":"ImageObject","inLanguage":"en-US","@id":"https:\/\/carbonmiledesign.pl\/#\/schema\/logo\/image\/","url":"https:\/\/carbonmiledesign.pl\/wp-content\/uploads\/2025\/01\/Carbonmiledesign-logo-czarne-przezroczyste-tlo.png","contentUrl":"https:\/\/carbonmiledesign.pl\/wp-content\/uploads\/2025\/01\/Carbonmiledesign-logo-czarne-przezroczyste-tlo.png","width":2420,"height":520,"caption":"Carbonmile Design"},"image":{"@id":"https:\/\/carbonmiledesign.pl\/#\/schema\/logo\/image\/"}}]}},"jetpack_sharing_enabled":true,"_links":{"self":[{"href":"https:\/\/carbonmiledesign.pl\/en\/wp-json\/wp\/v2\/product\/3636","targetHints":{"allow":["GET"]}}],"collection":[{"href":"https:\/\/carbonmiledesign.pl\/en\/wp-json\/wp\/v2\/product"}],"about":[{"href":"https:\/\/carbonmiledesign.pl\/en\/wp-json\/wp\/v2\/types\/product"}],"wp:featuredmedia":[{"embeddable":true,"href":"https:\/\/carbonmiledesign.pl\/en\/wp-json\/wp\/v2\/media\/3637"}],"wp:attachment":[{"href":"https:\/\/carbonmiledesign.pl\/en\/wp-json\/wp\/v2\/media?parent=3636"}],"wp:term":[{"taxonomy":"product_brand","embeddable":true,"href":"https:\/\/carbonmiledesign.pl\/en\/wp-json\/wp\/v2\/product_brand?post=3636"},{"taxonomy":"product_cat","embeddable":true,"href":"https:\/\/carbonmiledesign.pl\/en\/wp-json\/wp\/v2\/product_cat?post=3636"},{"taxonomy":"product_tag","embeddable":true,"href":"https:\/\/carbonmiledesign.pl\/en\/wp-json\/wp\/v2\/product_tag?post=3636"}],"curies":[{"name":"wp","href":"https:\/\/api.w.org\/{rel}","templated":true}]}}