{"id":3413,"date":"2025-10-06T15:06:53","date_gmt":"2025-10-06T13:06:53","guid":{"rendered":"https:\/\/carbonmiledesign.pl\/?post_type=product&#038;p=3413"},"modified":"2025-10-06T15:13:20","modified_gmt":"2025-10-06T13:13:20","slug":"listwy-progowe-progi-carbon-cm-style-audi-s3-8y","status":"publish","type":"product","link":"https:\/\/carbonmiledesign.pl\/en\/product\/listwy-progowe-progi-carbon-cm-style-audi-s3-8y\/","title":{"rendered":"Listwy progowe progi carbon CM Style Audi S3 8Y"},"content":{"rendered":"<h2><strong>Listwy progowe progi carbon CM Style Audi S3 8Y<\/strong><\/h2>\n<div id=\"accordion-description\" class=\"accordion-item\">\n<div id=\"accordion-description-content\" class=\"accordion-inner\" aria-labelledby=\"accordion-description-label\">\n<p><strong>Manufacturer:<\/strong>\u00a0CM Design<\/p>\n<p><strong>Material:\u00a0<\/strong>Carbon \u2013 W\u0142\u00f3kno-w\u0119glowe<\/p>\n<p><b>Fits to:<\/b><\/p>\n<ul>\n<li>Audi S3 8Y<\/li>\n<\/ul>\n<p data-start=\"658\" data-end=\"992\">Listwy progowe carbon to doskona\u0142e uzupe\u0142nienie pakietu carbon lub ca\u0142kowicie oddzielnej personalizacji pojazdu. Wykonane z najwy\u017cszej jako\u015bci w\u0142\u00f3kna w\u0119glowego, nie tylko podkre\u015blaj\u0105 sportowy design auta, ale tak\u017ce optycznie poszerzaj\u0105 sylwetk\u0119 samochodu. Dzi\u0119ki precyzyjnemu wykonaniu idealnie dopasowuj\u0105 si\u0119 do nadwozia, nadaj\u0105c S3 jeszcze bardziej dynamiczny charakter.<\/p>\n<p data-start=\"994\" data-end=\"1103\">The highest production standards ensure perfect fitment, durability, and an exceptional sporty appearance.<\/p>\n<\/div>\n<\/div>\n<div id=\"accordion-additional_information\" class=\"accordion-item\"><\/div>","protected":false},"excerpt":{"rendered":"<h4><span style=\"font-size: 75%;\">Listwy progowe progi carbon CM Style Audi S3 8Y<\/span><\/h4>\n<p data-start=\"62\" data-end=\"374\"><span style=\"font-size: 75%;\">Listwy progowe, wykonane z najwy\u017cszej jako\u015bci carbonu, fenomenalnie podkre\u015bl\u0105 agresywny i sportowy charakter Twojego S3. Jego dynamiczny kszta\u0142t inspirowany motorsportem nie tylko nadaje pojazdowi bardziej wyrazisty wygl\u0105d, ale tak\u017ce poprawia aerodynamik\u0119, zwi\u0119kszaj\u0105c docisk przedniej osi.<\/span><\/p>\n<p><span style=\"font-size: 75%;\"><strong>Fits to:<\/strong><\/span><\/p>\n<ul>\n<li><span style=\"font-size: 75%;\">Audi S3 8Y\u00a0<\/span><\/li>\n<\/ul>\n<p><span style=\"font-size: 75%;\"><strong>Estimated production time:<\/strong> 25<em>days<\/em><\/span><\/p>","protected":false},"featured_media":3416,"template":"","meta":[],"product_brand":[],"product_cat":[325,324],"product_tag":[326,334,335],"class_list":{"0":"post-3413","1":"product","2":"type-product","3":"status-publish","4":"has-post-thumbnail","6":"product_cat-a3-s3-rs3","7":"product_cat-audi","8":"product_tag-audi","9":"product_tag-listwy-progowe","10":"product_tag-progi","11":"product_shipping_class-srednia","12":"pa_generacja-8y","13":"pa_marka-audi","14":"pa_model-a3-s3-rs3","16":"first","17":"instock","18":"shipping-taxable","19":"purchasable","20":"product-type-simple"},"yoast_head":"<!-- This site is optimized with the Yoast SEO plugin v26.6 - https:\/\/yoast.com\/wordpress\/plugins\/seo\/ -->\n<title>Listwy progowe progi carbon CM Style Audi S3 8Y<\/title>\n<meta name=\"description\" content=\"Listwy progowe progi carbon CM Style Audi S3 8Y to po\u0142\u0105czenie agresywnego designu, lepszej aerodynamiki i najwy\u017cszej jako\u015bci wykonania \u2013 wybierz CM Design. \ud83d\ude80\" \/>\n<meta name=\"robots\" content=\"index, follow, max-snippet:-1, max-image-preview:large, max-video-preview:-1\" \/>\n<link rel=\"canonical\" href=\"https:\/\/carbonmiledesign.pl\/en\/product\/listwy-progowe-progi-carbon-cm-style-audi-s3-8y\/\" \/>\n<meta property=\"og:locale\" content=\"en_US\" \/>\n<meta property=\"og:type\" content=\"article\" \/>\n<meta property=\"og:title\" content=\"Listwy progowe progi carbon CM Style Audi S3 8Y\" \/>\n<meta property=\"og:description\" content=\"Listwy progowe progi carbon CM Style Audi S3 8Y to po\u0142\u0105czenie agresywnego designu, lepszej aerodynamiki i najwy\u017cszej jako\u015bci wykonania \u2013 wybierz CM Design. \ud83d\ude80\" \/>\n<meta property=\"og:url\" content=\"https:\/\/carbonmiledesign.pl\/en\/product\/listwy-progowe-progi-carbon-cm-style-audi-s3-8y\/\" \/>\n<meta property=\"og:site_name\" content=\"CarbonMile design\" \/>\n<meta property=\"article:modified_time\" content=\"2025-10-06T13:13:20+00:00\" \/>\n<meta property=\"og:image\" content=\"https:\/\/carbonmiledesign.pl\/wp-content\/uploads\/2025\/10\/listwy-progowe-s3.jpeg\" \/>\n\t<meta property=\"og:image:width\" content=\"1024\" \/>\n\t<meta property=\"og:image:height\" content=\"1024\" \/>\n\t<meta property=\"og:image:type\" content=\"image\/jpeg\" \/>\n<meta name=\"twitter:card\" content=\"summary_large_image\" \/>\n<meta name=\"twitter:label1\" content=\"Est. reading time\" \/>\n\t<meta name=\"twitter:data1\" content=\"1 minute\" \/>\n<script type=\"application\/ld+json\" class=\"yoast-schema-graph\">{\"@context\":\"https:\/\/schema.org\",\"@graph\":[{\"@type\":\"WebPage\",\"@id\":\"https:\/\/carbonmiledesign.pl\/produkt\/listwy-progowe-progi-carbon-cm-style-audi-s3-8y\/\",\"url\":\"https:\/\/carbonmiledesign.pl\/produkt\/listwy-progowe-progi-carbon-cm-style-audi-s3-8y\/\",\"name\":\"Listwy progowe progi carbon CM Style Audi S3 8Y\",\"isPartOf\":{\"@id\":\"https:\/\/carbonmiledesign.pl\/#website\"},\"primaryImageOfPage\":{\"@id\":\"https:\/\/carbonmiledesign.pl\/produkt\/listwy-progowe-progi-carbon-cm-style-audi-s3-8y\/#primaryimage\"},\"image\":{\"@id\":\"https:\/\/carbonmiledesign.pl\/produkt\/listwy-progowe-progi-carbon-cm-style-audi-s3-8y\/#primaryimage\"},\"thumbnailUrl\":\"https:\/\/carbonmiledesign.pl\/wp-content\/uploads\/2025\/10\/listwy-progowe-s3.jpeg\",\"datePublished\":\"2025-10-06T13:06:53+00:00\",\"dateModified\":\"2025-10-06T13:13:20+00:00\",\"description\":\"Listwy progowe progi carbon CM Style Audi S3 8Y to po\u0142\u0105czenie agresywnego designu, lepszej aerodynamiki i najwy\u017cszej jako\u015bci wykonania \u2013 wybierz CM Design. \ud83d\ude80\",\"breadcrumb\":{\"@id\":\"https:\/\/carbonmiledesign.pl\/produkt\/listwy-progowe-progi-carbon-cm-style-audi-s3-8y\/#breadcrumb\"},\"inLanguage\":\"en-US\",\"potentialAction\":[{\"@type\":\"ReadAction\",\"target\":[\"https:\/\/carbonmiledesign.pl\/produkt\/listwy-progowe-progi-carbon-cm-style-audi-s3-8y\/\"]}]},{\"@type\":\"ImageObject\",\"inLanguage\":\"en-US\",\"@id\":\"https:\/\/carbonmiledesign.pl\/produkt\/listwy-progowe-progi-carbon-cm-style-audi-s3-8y\/#primaryimage\",\"url\":\"https:\/\/carbonmiledesign.pl\/wp-content\/uploads\/2025\/10\/listwy-progowe-s3.jpeg\",\"contentUrl\":\"https:\/\/carbonmiledesign.pl\/wp-content\/uploads\/2025\/10\/listwy-progowe-s3.jpeg\",\"width\":1024,\"height\":1024},{\"@type\":\"BreadcrumbList\",\"@id\":\"https:\/\/carbonmiledesign.pl\/produkt\/listwy-progowe-progi-carbon-cm-style-audi-s3-8y\/#breadcrumb\",\"itemListElement\":[{\"@type\":\"ListItem\",\"position\":1,\"name\":\"Strona g\u0142\u00f3wna\",\"item\":\"https:\/\/carbonmiledesign.pl\/\"},{\"@type\":\"ListItem\",\"position\":2,\"name\":\"Sklep\",\"item\":\"https:\/\/carbonmiledesign.pl\/sklep-wysokiej-jakosci-czesci-carbon\/\"},{\"@type\":\"ListItem\",\"position\":3,\"name\":\"Listwy progowe progi carbon CM Style Audi S3 8Y\"}]},{\"@type\":\"WebSite\",\"@id\":\"https:\/\/carbonmiledesign.pl\/#website\",\"url\":\"https:\/\/carbonmiledesign.pl\/\",\"name\":\"Carbonmile Design\",\"description\":\"\",\"publisher\":{\"@id\":\"https:\/\/carbonmiledesign.pl\/#organization\"},\"alternateName\":\"CM Design\",\"potentialAction\":[{\"@type\":\"SearchAction\",\"target\":{\"@type\":\"EntryPoint\",\"urlTemplate\":\"https:\/\/carbonmiledesign.pl\/?s={search_term_string}\"},\"query-input\":{\"@type\":\"PropertyValueSpecification\",\"valueRequired\":true,\"valueName\":\"search_term_string\"}}],\"inLanguage\":\"en-US\"},{\"@type\":\"Organization\",\"@id\":\"https:\/\/carbonmiledesign.pl\/#organization\",\"name\":\"Carbonmile Design\",\"url\":\"https:\/\/carbonmiledesign.pl\/\",\"logo\":{\"@type\":\"ImageObject\",\"inLanguage\":\"en-US\",\"@id\":\"https:\/\/carbonmiledesign.pl\/#\/schema\/logo\/image\/\",\"url\":\"https:\/\/carbonmiledesign.pl\/wp-content\/uploads\/2025\/01\/Carbonmiledesign-logo-czarne-przezroczyste-tlo.png\",\"contentUrl\":\"https:\/\/carbonmiledesign.pl\/wp-content\/uploads\/2025\/01\/Carbonmiledesign-logo-czarne-przezroczyste-tlo.png\",\"width\":2420,\"height\":520,\"caption\":\"Carbonmile Design\"},\"image\":{\"@id\":\"https:\/\/carbonmiledesign.pl\/#\/schema\/logo\/image\/\"}}]}<\/script>\n<!-- \/ Yoast SEO plugin. -->","yoast_head_json":{"title":"Listwy progowe progi carbon CM Style Audi S3 8Y","description":"Listwy progowe progi carbon CM Style Audi S3 8Y to po\u0142\u0105czenie agresywnego designu, lepszej aerodynamiki i najwy\u017cszej jako\u015bci wykonania \u2013 wybierz CM Design. \ud83d\ude80","robots":{"index":"index","follow":"follow","max-snippet":"max-snippet:-1","max-image-preview":"max-image-preview:large","max-video-preview":"max-video-preview:-1"},"canonical":"https:\/\/carbonmiledesign.pl\/en\/product\/listwy-progowe-progi-carbon-cm-style-audi-s3-8y\/","og_locale":"en_US","og_type":"article","og_title":"Listwy progowe progi carbon CM Style Audi S3 8Y","og_description":"Listwy progowe progi carbon CM Style Audi S3 8Y to po\u0142\u0105czenie agresywnego designu, lepszej aerodynamiki i najwy\u017cszej jako\u015bci wykonania \u2013 wybierz CM Design. \ud83d\ude80","og_url":"https:\/\/carbonmiledesign.pl\/en\/product\/listwy-progowe-progi-carbon-cm-style-audi-s3-8y\/","og_site_name":"CarbonMile design","article_modified_time":"2025-10-06T13:13:20+00:00","og_image":[{"width":1024,"height":1024,"url":"https:\/\/carbonmiledesign.pl\/wp-content\/uploads\/2025\/10\/listwy-progowe-s3.jpeg","type":"image\/jpeg"}],"twitter_card":"summary_large_image","twitter_misc":{"Est. reading time":"1 minute"},"schema":{"@context":"https:\/\/schema.org","@graph":[{"@type":"WebPage","@id":"https:\/\/carbonmiledesign.pl\/produkt\/listwy-progowe-progi-carbon-cm-style-audi-s3-8y\/","url":"https:\/\/carbonmiledesign.pl\/produkt\/listwy-progowe-progi-carbon-cm-style-audi-s3-8y\/","name":"Listwy progowe progi carbon CM Style Audi S3 8Y","isPartOf":{"@id":"https:\/\/carbonmiledesign.pl\/#website"},"primaryImageOfPage":{"@id":"https:\/\/carbonmiledesign.pl\/produkt\/listwy-progowe-progi-carbon-cm-style-audi-s3-8y\/#primaryimage"},"image":{"@id":"https:\/\/carbonmiledesign.pl\/produkt\/listwy-progowe-progi-carbon-cm-style-audi-s3-8y\/#primaryimage"},"thumbnailUrl":"https:\/\/carbonmiledesign.pl\/wp-content\/uploads\/2025\/10\/listwy-progowe-s3.jpeg","datePublished":"2025-10-06T13:06:53+00:00","dateModified":"2025-10-06T13:13:20+00:00","description":"Listwy progowe progi carbon CM Style Audi S3 8Y to po\u0142\u0105czenie agresywnego designu, lepszej aerodynamiki i najwy\u017cszej jako\u015bci wykonania \u2013 wybierz CM Design. \ud83d\ude80","breadcrumb":{"@id":"https:\/\/carbonmiledesign.pl\/produkt\/listwy-progowe-progi-carbon-cm-style-audi-s3-8y\/#breadcrumb"},"inLanguage":"en-US","potentialAction":[{"@type":"ReadAction","target":["https:\/\/carbonmiledesign.pl\/produkt\/listwy-progowe-progi-carbon-cm-style-audi-s3-8y\/"]}]},{"@type":"ImageObject","inLanguage":"en-US","@id":"https:\/\/carbonmiledesign.pl\/produkt\/listwy-progowe-progi-carbon-cm-style-audi-s3-8y\/#primaryimage","url":"https:\/\/carbonmiledesign.pl\/wp-content\/uploads\/2025\/10\/listwy-progowe-s3.jpeg","contentUrl":"https:\/\/carbonmiledesign.pl\/wp-content\/uploads\/2025\/10\/listwy-progowe-s3.jpeg","width":1024,"height":1024},{"@type":"BreadcrumbList","@id":"https:\/\/carbonmiledesign.pl\/produkt\/listwy-progowe-progi-carbon-cm-style-audi-s3-8y\/#breadcrumb","itemListElement":[{"@type":"ListItem","position":1,"name":"Strona g\u0142\u00f3wna","item":"https:\/\/carbonmiledesign.pl\/"},{"@type":"ListItem","position":2,"name":"Sklep","item":"https:\/\/carbonmiledesign.pl\/sklep-wysokiej-jakosci-czesci-carbon\/"},{"@type":"ListItem","position":3,"name":"Listwy progowe progi carbon CM Style Audi S3 8Y"}]},{"@type":"WebSite","@id":"https:\/\/carbonmiledesign.pl\/#website","url":"https:\/\/carbonmiledesign.pl\/","name":"Carbonmile Design","description":"","publisher":{"@id":"https:\/\/carbonmiledesign.pl\/#organization"},"alternateName":"CM Design","potentialAction":[{"@type":"SearchAction","target":{"@type":"EntryPoint","urlTemplate":"https:\/\/carbonmiledesign.pl\/?s={search_term_string}"},"query-input":{"@type":"PropertyValueSpecification","valueRequired":true,"valueName":"search_term_string"}}],"inLanguage":"en-US"},{"@type":"Organization","@id":"https:\/\/carbonmiledesign.pl\/#organization","name":"Carbonmile Design","url":"https:\/\/carbonmiledesign.pl\/","logo":{"@type":"ImageObject","inLanguage":"en-US","@id":"https:\/\/carbonmiledesign.pl\/#\/schema\/logo\/image\/","url":"https:\/\/carbonmiledesign.pl\/wp-content\/uploads\/2025\/01\/Carbonmiledesign-logo-czarne-przezroczyste-tlo.png","contentUrl":"https:\/\/carbonmiledesign.pl\/wp-content\/uploads\/2025\/01\/Carbonmiledesign-logo-czarne-przezroczyste-tlo.png","width":2420,"height":520,"caption":"Carbonmile Design"},"image":{"@id":"https:\/\/carbonmiledesign.pl\/#\/schema\/logo\/image\/"}}]}},"jetpack_sharing_enabled":true,"_links":{"self":[{"href":"https:\/\/carbonmiledesign.pl\/en\/wp-json\/wp\/v2\/product\/3413","targetHints":{"allow":["GET"]}}],"collection":[{"href":"https:\/\/carbonmiledesign.pl\/en\/wp-json\/wp\/v2\/product"}],"about":[{"href":"https:\/\/carbonmiledesign.pl\/en\/wp-json\/wp\/v2\/types\/product"}],"wp:featuredmedia":[{"embeddable":true,"href":"https:\/\/carbonmiledesign.pl\/en\/wp-json\/wp\/v2\/media\/3416"}],"wp:attachment":[{"href":"https:\/\/carbonmiledesign.pl\/en\/wp-json\/wp\/v2\/media?parent=3413"}],"wp:term":[{"taxonomy":"product_brand","embeddable":true,"href":"https:\/\/carbonmiledesign.pl\/en\/wp-json\/wp\/v2\/product_brand?post=3413"},{"taxonomy":"product_cat","embeddable":true,"href":"https:\/\/carbonmiledesign.pl\/en\/wp-json\/wp\/v2\/product_cat?post=3413"},{"taxonomy":"product_tag","embeddable":true,"href":"https:\/\/carbonmiledesign.pl\/en\/wp-json\/wp\/v2\/product_tag?post=3413"}],"curies":[{"name":"wp","href":"https:\/\/api.w.org\/{rel}","templated":true}]}}