{"id":3380,"date":"2025-09-26T15:32:02","date_gmt":"2025-09-26T13:32:02","guid":{"rendered":"https:\/\/carbonmiledesign.pl\/?post_type=product&#038;p=3380"},"modified":"2026-01-30T15:11:29","modified_gmt":"2026-01-30T14:11:29","slug":"listwy-progowe-progi-carbon-cm-style-bmw-m2-g87","status":"publish","type":"product","link":"https:\/\/carbonmiledesign.pl\/en\/product\/listwy-progowe-progi-carbon-cm-style-bmw-m2-g87\/","title":{"rendered":"Listwy progowe progi carbon CM style BMW M2 G87"},"content":{"rendered":"<h2><strong>Listwy progowe progi carbon CM style BMW M2 G87<\/strong><\/h2>\n<div id=\"accordion-description\" class=\"accordion-item\">\n<div id=\"accordion-description-content\" class=\"accordion-inner\" aria-labelledby=\"accordion-description-label\">\n<p><span style=\"color: #333333;\"><strong>Manufacturer:<\/strong>\u00a0CM Design<\/span><\/p>\n<p><span style=\"color: #333333;\"><strong>Material:\u00a0<\/strong>Carbon \u2013 Carbon Fibre (<a style=\"color: #333333;\" href=\"https:\/\/carbonmiledesign.pl\/karbon-od-podstaw-co-warto-wiedziec\/\">Dry carbon<\/a>)<\/span><\/p>\n<p><span style=\"color: #333333;\"><b>Fits to:<\/b><\/span><\/p>\n<ul>\n<li><span style=\"color: #333333;\">BMW M2 G87<\/span><\/li>\n<\/ul>\n<p data-start=\"674\" data-end=\"1131\"><span style=\"color: #333333;\">Listwy progowe carbon w stylu CM to idealne uzupe\u0142nienie fabrycznego pakietu carbon lub element indywidualnej personalizacji BMW M2 G87. Wykonane z najwy\u017cszej jako\u015bci w\u0142\u00f3kna w\u0119glowego, nie tylko podkre\u015blaj\u0105 sportowy charakter pojazdu, ale r\u00f3wnie\u017c poprawiaj\u0105 jego aerodynamik\u0119. Perfekcyjne dopasowanie i precyzyjne wykonanie sprawiaj\u0105, \u017ce dok\u0142adki idealnie komponuj\u0105 si\u0119 z fabrycznym designem, nadaj\u0105c samochodowi bardziej agresywny i dynamiczny wygl\u0105d.<\/span><\/p>\n<p data-start=\"994\" data-end=\"1103\"><span style=\"color: #333333;\">The highest production standards ensure perfect fitment, durability, and an exceptional sporty appearance.<\/span><\/p>\n<\/div>\n<\/div>\n<div id=\"accordion-additional_information\" class=\"accordion-item\"><\/div>","protected":false},"excerpt":{"rendered":"<h2><span style=\"font-size: 75%;\"><strong>Listwy progowe progi carbon CM style BMW M2 G87<\/strong> <\/span><\/h2>\n<p data-start=\"71\" data-end=\"398\"><span style=\"font-size: 75%;\">Listwy progowe w stylu CM, wykonane z najwy\u017cszej jako\u015bci carbonu, to doskona\u0142y spos\u00f3b na podkre\u015blenie sportowego i agresywnego wygl\u0105du Twojego BMW M2 G87. Ich dynamiczny design inspirowany motorsportem sprawia, \u017ce auto zyskuje bardziej wyrazisty i aerodynamiczny charakter, idealnie komponuj\u0105c si\u0119 z lini\u0105 nadwozia.<\/span><\/p>\n<p><span style=\"font-size: 75%;\"><strong>Fits to:<\/strong><\/span><\/p>\n<ul>\n<li><span style=\"font-size: 75%;\">BMW M2 G87<\/span><\/li>\n<\/ul>\n<p><span style=\"font-size: 75%;\"><strong>Estimated production time:<\/strong>\u00a029<em>days<\/em><\/span><\/p>","protected":false},"featured_media":3383,"template":"","meta":[],"product_brand":[],"product_cat":[70,203,146],"product_tag":[77,197,204],"class_list":{"0":"post-3380","1":"product","2":"type-product","3":"status-publish","4":"has-post-thumbnail","6":"product_cat-bmw","7":"product_cat-m2-g87","8":"product_cat-seria-2-m2","9":"product_tag-bmw","10":"product_tag-m2-g87","11":"product_tag-seria-2-m2","12":"product_shipping_class-srednia","13":"pa_generacja-g87","14":"pa_marka-bmw","15":"pa_model-seria-2-m2","17":"first","18":"instock","19":"shipping-taxable","20":"purchasable","21":"product-type-simple"},"yoast_head":"<!-- This site is optimized with the Yoast SEO plugin v26.6 - https:\/\/yoast.com\/wordpress\/plugins\/seo\/ -->\n<title>Listwy progowe progi carbon CM style BMW M2 G87<\/title>\n<meta name=\"description\" content=\"Listwy progowe progi carbon CM style BMW M2 G87 to idealne po\u0142\u0105czenie agresywnego designu, aerodynamiki i najwy\u017cszej jako\u015bci wykonania \u2013 postaw na CM Design. \ud83d\ude80\ud83d\udd25\" \/>\n<meta name=\"robots\" content=\"index, follow, max-snippet:-1, max-image-preview:large, max-video-preview:-1\" \/>\n<link rel=\"canonical\" href=\"https:\/\/carbonmiledesign.pl\/en\/product\/listwy-progowe-progi-carbon-cm-style-bmw-m2-g87\/\" \/>\n<meta property=\"og:locale\" content=\"en_US\" \/>\n<meta property=\"og:type\" content=\"article\" \/>\n<meta property=\"og:title\" content=\"Listwy progowe progi carbon CM style BMW M2 G87\" \/>\n<meta property=\"og:description\" content=\"Listwy progowe progi carbon CM style BMW M2 G87 to idealne po\u0142\u0105czenie agresywnego designu, aerodynamiki i najwy\u017cszej jako\u015bci wykonania \u2013 postaw na CM Design. \ud83d\ude80\ud83d\udd25\" \/>\n<meta property=\"og:url\" content=\"https:\/\/carbonmiledesign.pl\/en\/product\/listwy-progowe-progi-carbon-cm-style-bmw-m2-g87\/\" \/>\n<meta property=\"og:site_name\" content=\"CarbonMile design\" \/>\n<meta property=\"article:modified_time\" content=\"2026-01-30T14:11:29+00:00\" \/>\n<meta property=\"og:image\" content=\"https:\/\/carbonmiledesign.pl\/wp-content\/uploads\/2025\/09\/listwy-g87.jpg\" \/>\n\t<meta property=\"og:image:width\" content=\"1024\" \/>\n\t<meta property=\"og:image:height\" content=\"1024\" \/>\n\t<meta property=\"og:image:type\" content=\"image\/jpeg\" \/>\n<meta name=\"twitter:card\" content=\"summary_large_image\" \/>\n<meta name=\"twitter:label1\" content=\"Est. reading time\" \/>\n\t<meta name=\"twitter:data1\" content=\"1 minute\" \/>\n<script type=\"application\/ld+json\" class=\"yoast-schema-graph\">{\"@context\":\"https:\/\/schema.org\",\"@graph\":[{\"@type\":\"WebPage\",\"@id\":\"https:\/\/carbonmiledesign.pl\/produkt\/listwy-progowe-progi-carbon-cm-style-bmw-m2-g87\/\",\"url\":\"https:\/\/carbonmiledesign.pl\/produkt\/listwy-progowe-progi-carbon-cm-style-bmw-m2-g87\/\",\"name\":\"Listwy progowe progi carbon CM style BMW M2 G87\",\"isPartOf\":{\"@id\":\"https:\/\/carbonmiledesign.pl\/#website\"},\"primaryImageOfPage\":{\"@id\":\"https:\/\/carbonmiledesign.pl\/produkt\/listwy-progowe-progi-carbon-cm-style-bmw-m2-g87\/#primaryimage\"},\"image\":{\"@id\":\"https:\/\/carbonmiledesign.pl\/produkt\/listwy-progowe-progi-carbon-cm-style-bmw-m2-g87\/#primaryimage\"},\"thumbnailUrl\":\"https:\/\/carbonmiledesign.pl\/wp-content\/uploads\/2025\/09\/listwy-g87.jpg\",\"datePublished\":\"2025-09-26T13:32:02+00:00\",\"dateModified\":\"2026-01-30T14:11:29+00:00\",\"description\":\"Listwy progowe progi carbon CM style BMW M2 G87 to idealne po\u0142\u0105czenie agresywnego designu, aerodynamiki i najwy\u017cszej jako\u015bci wykonania \u2013 postaw na CM Design. \ud83d\ude80\ud83d\udd25\",\"breadcrumb\":{\"@id\":\"https:\/\/carbonmiledesign.pl\/produkt\/listwy-progowe-progi-carbon-cm-style-bmw-m2-g87\/#breadcrumb\"},\"inLanguage\":\"en-US\",\"potentialAction\":[{\"@type\":\"ReadAction\",\"target\":[\"https:\/\/carbonmiledesign.pl\/produkt\/listwy-progowe-progi-carbon-cm-style-bmw-m2-g87\/\"]}]},{\"@type\":\"ImageObject\",\"inLanguage\":\"en-US\",\"@id\":\"https:\/\/carbonmiledesign.pl\/produkt\/listwy-progowe-progi-carbon-cm-style-bmw-m2-g87\/#primaryimage\",\"url\":\"https:\/\/carbonmiledesign.pl\/wp-content\/uploads\/2025\/09\/listwy-g87.jpg\",\"contentUrl\":\"https:\/\/carbonmiledesign.pl\/wp-content\/uploads\/2025\/09\/listwy-g87.jpg\",\"width\":1024,\"height\":1024},{\"@type\":\"BreadcrumbList\",\"@id\":\"https:\/\/carbonmiledesign.pl\/produkt\/listwy-progowe-progi-carbon-cm-style-bmw-m2-g87\/#breadcrumb\",\"itemListElement\":[{\"@type\":\"ListItem\",\"position\":1,\"name\":\"Strona g\u0142\u00f3wna\",\"item\":\"https:\/\/carbonmiledesign.pl\/\"},{\"@type\":\"ListItem\",\"position\":2,\"name\":\"Sklep\",\"item\":\"https:\/\/carbonmiledesign.pl\/sklep-wysokiej-jakosci-czesci-carbon\/\"},{\"@type\":\"ListItem\",\"position\":3,\"name\":\"Listwy progowe progi carbon CM style BMW M2 G87\"}]},{\"@type\":\"WebSite\",\"@id\":\"https:\/\/carbonmiledesign.pl\/#website\",\"url\":\"https:\/\/carbonmiledesign.pl\/\",\"name\":\"Carbonmile Design\",\"description\":\"\",\"publisher\":{\"@id\":\"https:\/\/carbonmiledesign.pl\/#organization\"},\"alternateName\":\"CM Design\",\"potentialAction\":[{\"@type\":\"SearchAction\",\"target\":{\"@type\":\"EntryPoint\",\"urlTemplate\":\"https:\/\/carbonmiledesign.pl\/?s={search_term_string}\"},\"query-input\":{\"@type\":\"PropertyValueSpecification\",\"valueRequired\":true,\"valueName\":\"search_term_string\"}}],\"inLanguage\":\"en-US\"},{\"@type\":\"Organization\",\"@id\":\"https:\/\/carbonmiledesign.pl\/#organization\",\"name\":\"Carbonmile Design\",\"url\":\"https:\/\/carbonmiledesign.pl\/\",\"logo\":{\"@type\":\"ImageObject\",\"inLanguage\":\"en-US\",\"@id\":\"https:\/\/carbonmiledesign.pl\/#\/schema\/logo\/image\/\",\"url\":\"https:\/\/carbonmiledesign.pl\/wp-content\/uploads\/2025\/01\/Carbonmiledesign-logo-czarne-przezroczyste-tlo.png\",\"contentUrl\":\"https:\/\/carbonmiledesign.pl\/wp-content\/uploads\/2025\/01\/Carbonmiledesign-logo-czarne-przezroczyste-tlo.png\",\"width\":2420,\"height\":520,\"caption\":\"Carbonmile Design\"},\"image\":{\"@id\":\"https:\/\/carbonmiledesign.pl\/#\/schema\/logo\/image\/\"}}]}<\/script>\n<!-- \/ Yoast SEO plugin. -->","yoast_head_json":{"title":"Listwy progowe progi carbon CM style BMW M2 G87","description":"Listwy progowe progi carbon CM style BMW M2 G87 to idealne po\u0142\u0105czenie agresywnego designu, aerodynamiki i najwy\u017cszej jako\u015bci wykonania \u2013 postaw na CM Design. \ud83d\ude80\ud83d\udd25","robots":{"index":"index","follow":"follow","max-snippet":"max-snippet:-1","max-image-preview":"max-image-preview:large","max-video-preview":"max-video-preview:-1"},"canonical":"https:\/\/carbonmiledesign.pl\/en\/product\/listwy-progowe-progi-carbon-cm-style-bmw-m2-g87\/","og_locale":"en_US","og_type":"article","og_title":"Listwy progowe progi carbon CM style BMW M2 G87","og_description":"Listwy progowe progi carbon CM style BMW M2 G87 to idealne po\u0142\u0105czenie agresywnego designu, aerodynamiki i najwy\u017cszej jako\u015bci wykonania \u2013 postaw na CM Design. \ud83d\ude80\ud83d\udd25","og_url":"https:\/\/carbonmiledesign.pl\/en\/product\/listwy-progowe-progi-carbon-cm-style-bmw-m2-g87\/","og_site_name":"CarbonMile design","article_modified_time":"2026-01-30T14:11:29+00:00","og_image":[{"width":1024,"height":1024,"url":"https:\/\/carbonmiledesign.pl\/wp-content\/uploads\/2025\/09\/listwy-g87.jpg","type":"image\/jpeg"}],"twitter_card":"summary_large_image","twitter_misc":{"Est. reading time":"1 minute"},"schema":{"@context":"https:\/\/schema.org","@graph":[{"@type":"WebPage","@id":"https:\/\/carbonmiledesign.pl\/produkt\/listwy-progowe-progi-carbon-cm-style-bmw-m2-g87\/","url":"https:\/\/carbonmiledesign.pl\/produkt\/listwy-progowe-progi-carbon-cm-style-bmw-m2-g87\/","name":"Listwy progowe progi carbon CM style BMW M2 G87","isPartOf":{"@id":"https:\/\/carbonmiledesign.pl\/#website"},"primaryImageOfPage":{"@id":"https:\/\/carbonmiledesign.pl\/produkt\/listwy-progowe-progi-carbon-cm-style-bmw-m2-g87\/#primaryimage"},"image":{"@id":"https:\/\/carbonmiledesign.pl\/produkt\/listwy-progowe-progi-carbon-cm-style-bmw-m2-g87\/#primaryimage"},"thumbnailUrl":"https:\/\/carbonmiledesign.pl\/wp-content\/uploads\/2025\/09\/listwy-g87.jpg","datePublished":"2025-09-26T13:32:02+00:00","dateModified":"2026-01-30T14:11:29+00:00","description":"Listwy progowe progi carbon CM style BMW M2 G87 to idealne po\u0142\u0105czenie agresywnego designu, aerodynamiki i najwy\u017cszej jako\u015bci wykonania \u2013 postaw na CM Design. \ud83d\ude80\ud83d\udd25","breadcrumb":{"@id":"https:\/\/carbonmiledesign.pl\/produkt\/listwy-progowe-progi-carbon-cm-style-bmw-m2-g87\/#breadcrumb"},"inLanguage":"en-US","potentialAction":[{"@type":"ReadAction","target":["https:\/\/carbonmiledesign.pl\/produkt\/listwy-progowe-progi-carbon-cm-style-bmw-m2-g87\/"]}]},{"@type":"ImageObject","inLanguage":"en-US","@id":"https:\/\/carbonmiledesign.pl\/produkt\/listwy-progowe-progi-carbon-cm-style-bmw-m2-g87\/#primaryimage","url":"https:\/\/carbonmiledesign.pl\/wp-content\/uploads\/2025\/09\/listwy-g87.jpg","contentUrl":"https:\/\/carbonmiledesign.pl\/wp-content\/uploads\/2025\/09\/listwy-g87.jpg","width":1024,"height":1024},{"@type":"BreadcrumbList","@id":"https:\/\/carbonmiledesign.pl\/produkt\/listwy-progowe-progi-carbon-cm-style-bmw-m2-g87\/#breadcrumb","itemListElement":[{"@type":"ListItem","position":1,"name":"Strona g\u0142\u00f3wna","item":"https:\/\/carbonmiledesign.pl\/"},{"@type":"ListItem","position":2,"name":"Sklep","item":"https:\/\/carbonmiledesign.pl\/sklep-wysokiej-jakosci-czesci-carbon\/"},{"@type":"ListItem","position":3,"name":"Listwy progowe progi carbon CM style BMW M2 G87"}]},{"@type":"WebSite","@id":"https:\/\/carbonmiledesign.pl\/#website","url":"https:\/\/carbonmiledesign.pl\/","name":"Carbonmile Design","description":"","publisher":{"@id":"https:\/\/carbonmiledesign.pl\/#organization"},"alternateName":"CM Design","potentialAction":[{"@type":"SearchAction","target":{"@type":"EntryPoint","urlTemplate":"https:\/\/carbonmiledesign.pl\/?s={search_term_string}"},"query-input":{"@type":"PropertyValueSpecification","valueRequired":true,"valueName":"search_term_string"}}],"inLanguage":"en-US"},{"@type":"Organization","@id":"https:\/\/carbonmiledesign.pl\/#organization","name":"Carbonmile Design","url":"https:\/\/carbonmiledesign.pl\/","logo":{"@type":"ImageObject","inLanguage":"en-US","@id":"https:\/\/carbonmiledesign.pl\/#\/schema\/logo\/image\/","url":"https:\/\/carbonmiledesign.pl\/wp-content\/uploads\/2025\/01\/Carbonmiledesign-logo-czarne-przezroczyste-tlo.png","contentUrl":"https:\/\/carbonmiledesign.pl\/wp-content\/uploads\/2025\/01\/Carbonmiledesign-logo-czarne-przezroczyste-tlo.png","width":2420,"height":520,"caption":"Carbonmile Design"},"image":{"@id":"https:\/\/carbonmiledesign.pl\/#\/schema\/logo\/image\/"}}]}},"jetpack_sharing_enabled":true,"_links":{"self":[{"href":"https:\/\/carbonmiledesign.pl\/en\/wp-json\/wp\/v2\/product\/3380","targetHints":{"allow":["GET"]}}],"collection":[{"href":"https:\/\/carbonmiledesign.pl\/en\/wp-json\/wp\/v2\/product"}],"about":[{"href":"https:\/\/carbonmiledesign.pl\/en\/wp-json\/wp\/v2\/types\/product"}],"wp:featuredmedia":[{"embeddable":true,"href":"https:\/\/carbonmiledesign.pl\/en\/wp-json\/wp\/v2\/media\/3383"}],"wp:attachment":[{"href":"https:\/\/carbonmiledesign.pl\/en\/wp-json\/wp\/v2\/media?parent=3380"}],"wp:term":[{"taxonomy":"product_brand","embeddable":true,"href":"https:\/\/carbonmiledesign.pl\/en\/wp-json\/wp\/v2\/product_brand?post=3380"},{"taxonomy":"product_cat","embeddable":true,"href":"https:\/\/carbonmiledesign.pl\/en\/wp-json\/wp\/v2\/product_cat?post=3380"},{"taxonomy":"product_tag","embeddable":true,"href":"https:\/\/carbonmiledesign.pl\/en\/wp-json\/wp\/v2\/product_tag?post=3380"}],"curies":[{"name":"wp","href":"https:\/\/api.w.org\/{rel}","templated":true}]}}