{"id":3326,"date":"2025-09-19T15:40:17","date_gmt":"2025-09-19T13:40:17","guid":{"rendered":"https:\/\/carbonmiledesign.pl\/?post_type=product&#038;p=3326"},"modified":"2025-10-16T10:59:42","modified_gmt":"2025-10-16T08:59:42","slug":"splitter-carbon-mp-style-bmw-x5-g05-lci","status":"publish","type":"product","link":"https:\/\/carbonmiledesign.pl\/en\/product\/splitter-carbon-mp-style-bmw-x5-g05-lci\/","title":{"rendered":"Splitter carbon MP Style BMW X5 G05 LCI"},"content":{"rendered":"<h3><strong>Splitter carbon MP Style BMW X5 G05 LCI<\/strong><\/h3>\n<p><span style=\"font-size: 100%;\"><strong>Manufacturer:<\/strong> CM Design<\/span><\/p>\n<p><span style=\"font-size: 100%;\"><strong>Material:<\/strong> Material: Carbon fibre (Dry carbon)<a href=\"https:\/\/carbonmiledesign.pl\/karbon-od-podstaw-co-warto-wiedziec\/\">Dry carbon<\/a>)<\/span><\/p>\n<p><b>Fits to:<\/b><\/p>\n<ul>\n<li>BMW X5 G05 LCI w M pakiecie<\/li>\n<\/ul>\n<p><span style=\"font-size: 100%;\">Splitter carbon MP Style to doskona\u0142y wyb\u00f3r dla w\u0142a\u015bcicieli BMW X5 G05 LCI w pakiecie M, kt\u00f3rzy chc\u0105 sportowego wygl\u0105du i najwy\u017cszej jako\u015bci wykonania. Lekka konstrukcja z w\u0142\u00f3kna w\u0119glowego zapewnia trwa\u0142o\u015b\u0107 i idealne dopasowanie do fabrycznych punkt\u00f3w monta\u017cowych, a jednocze\u015bnie podkre\u015bla agresywny charakter pojazdu.<\/span><\/p>\n<p>Najwy\u017csze standardy produkcji gwarantuj\u0105 perfekcyjne wykonanie, trwa\u0142o\u015b\u0107 oraz d\u0142ugotrwa\u0142\u0105 satysfakcj\u0119 z u\u017cytkowania.<\/p>","protected":false},"excerpt":{"rendered":"<h4><span style=\"font-size: 75%;\"><strong>Splitter carbon MP Style BMW X5 G05 LCI<\/strong><\/span><\/h4>\n<p><span style=\"font-size: 10.8px;\">Splitter carbon w stylu MP, zaprojektowany dla BMW X5 G05 LCI w pakiecie M \u2014 dodaje agresywnego wygl\u0105du i podkre\u015bla sportowy charakter SUV-a.<\/span><\/p>\n<p><span style=\"font-size: 75%;\"><strong>Fits to:<\/strong><\/span><\/p>\n<ul>\n<li><span style=\"font-size: 75%;\">BMW X5 G05 LCI w M pakiecie<\/span><\/li>\n<\/ul>\n<p><span style=\"font-size: 75%;\"><strong>Estimated production time:<\/strong> <em>25 dni<\/em><\/span><\/p>","protected":false},"featured_media":3335,"template":"","meta":[],"product_brand":[287],"product_cat":[70,248],"product_tag":[77,321,320,322],"class_list":{"0":"post-3326","1":"product","2":"type-product","3":"status-publish","4":"has-post-thumbnail","6":"product_brand-carbonmiledesign","7":"product_cat-bmw","8":"product_cat-x5-g05","9":"product_tag-bmw","10":"product_tag-g05","11":"product_tag-x5","12":"product_tag-x5-g05","13":"pa_generacja-g05","14":"pa_marka-bmw","15":"pa_model-x5","17":"first","18":"instock","19":"shipping-taxable","20":"purchasable","21":"product-type-simple"},"yoast_head":"<!-- This site is optimized with the Yoast SEO plugin v26.6 - https:\/\/yoast.com\/wordpress\/plugins\/seo\/ -->\n<title>Splitter carbon MP Style BMW X5 G05 LCI<\/title>\n<meta name=\"description\" content=\"Splitter carbon MP Style do BMW X5 G05 LCI w pakiecie M \u2014 sportowy wygl\u0105d, perfekcyjne dopasowanie i najwy\u017csza jako\u015b\u0107 wykonania od CM Design.\" \/>\n<meta name=\"robots\" content=\"index, follow, max-snippet:-1, max-image-preview:large, max-video-preview:-1\" \/>\n<link rel=\"canonical\" href=\"https:\/\/carbonmiledesign.pl\/en\/product\/splitter-carbon-mp-style-bmw-x5-g05-lci\/\" \/>\n<meta property=\"og:locale\" content=\"en_US\" \/>\n<meta property=\"og:type\" content=\"article\" \/>\n<meta property=\"og:title\" content=\"Splitter carbon MP Style BMW X5 G05 LCI\" \/>\n<meta property=\"og:description\" content=\"Splitter carbon MP Style do BMW X5 G05 LCI w pakiecie M \u2014 sportowy wygl\u0105d, perfekcyjne dopasowanie i najwy\u017csza jako\u015b\u0107 wykonania od CM Design.\" \/>\n<meta property=\"og:url\" content=\"https:\/\/carbonmiledesign.pl\/en\/product\/splitter-carbon-mp-style-bmw-x5-g05-lci\/\" \/>\n<meta property=\"og:site_name\" content=\"CarbonMile design\" \/>\n<meta property=\"article:modified_time\" content=\"2025-10-16T08:59:42+00:00\" \/>\n<meta property=\"og:image\" content=\"https:\/\/carbonmiledesign.pl\/wp-content\/uploads\/2025\/09\/PHOTO-2025-09-17-09-12-20-1.jpg\" \/>\n\t<meta property=\"og:image:width\" content=\"1000\" \/>\n\t<meta property=\"og:image:height\" content=\"1000\" \/>\n\t<meta property=\"og:image:type\" content=\"image\/jpeg\" \/>\n<meta name=\"twitter:card\" content=\"summary_large_image\" \/>\n<meta name=\"twitter:label1\" content=\"Est. reading time\" \/>\n\t<meta name=\"twitter:data1\" content=\"1 minute\" \/>\n<script type=\"application\/ld+json\" class=\"yoast-schema-graph\">{\"@context\":\"https:\/\/schema.org\",\"@graph\":[{\"@type\":\"WebPage\",\"@id\":\"https:\/\/carbonmiledesign.pl\/produkt\/splitter-carbon-mp-style-bmw-x5-g05-lci\/\",\"url\":\"https:\/\/carbonmiledesign.pl\/produkt\/splitter-carbon-mp-style-bmw-x5-g05-lci\/\",\"name\":\"Splitter carbon MP Style BMW X5 G05 LCI\",\"isPartOf\":{\"@id\":\"https:\/\/carbonmiledesign.pl\/#website\"},\"primaryImageOfPage\":{\"@id\":\"https:\/\/carbonmiledesign.pl\/produkt\/splitter-carbon-mp-style-bmw-x5-g05-lci\/#primaryimage\"},\"image\":{\"@id\":\"https:\/\/carbonmiledesign.pl\/produkt\/splitter-carbon-mp-style-bmw-x5-g05-lci\/#primaryimage\"},\"thumbnailUrl\":\"https:\/\/carbonmiledesign.pl\/wp-content\/uploads\/2025\/09\/PHOTO-2025-09-17-09-12-20-1.jpg\",\"datePublished\":\"2025-09-19T13:40:17+00:00\",\"dateModified\":\"2025-10-16T08:59:42+00:00\",\"description\":\"Splitter carbon MP Style do BMW X5 G05 LCI w pakiecie M \u2014 sportowy wygl\u0105d, perfekcyjne dopasowanie i najwy\u017csza jako\u015b\u0107 wykonania od CM Design.\",\"breadcrumb\":{\"@id\":\"https:\/\/carbonmiledesign.pl\/produkt\/splitter-carbon-mp-style-bmw-x5-g05-lci\/#breadcrumb\"},\"inLanguage\":\"en-US\",\"potentialAction\":[{\"@type\":\"ReadAction\",\"target\":[\"https:\/\/carbonmiledesign.pl\/produkt\/splitter-carbon-mp-style-bmw-x5-g05-lci\/\"]}]},{\"@type\":\"ImageObject\",\"inLanguage\":\"en-US\",\"@id\":\"https:\/\/carbonmiledesign.pl\/produkt\/splitter-carbon-mp-style-bmw-x5-g05-lci\/#primaryimage\",\"url\":\"https:\/\/carbonmiledesign.pl\/wp-content\/uploads\/2025\/09\/PHOTO-2025-09-17-09-12-20-1.jpg\",\"contentUrl\":\"https:\/\/carbonmiledesign.pl\/wp-content\/uploads\/2025\/09\/PHOTO-2025-09-17-09-12-20-1.jpg\",\"width\":1000,\"height\":1000},{\"@type\":\"BreadcrumbList\",\"@id\":\"https:\/\/carbonmiledesign.pl\/produkt\/splitter-carbon-mp-style-bmw-x5-g05-lci\/#breadcrumb\",\"itemListElement\":[{\"@type\":\"ListItem\",\"position\":1,\"name\":\"Strona g\u0142\u00f3wna\",\"item\":\"https:\/\/carbonmiledesign.pl\/\"},{\"@type\":\"ListItem\",\"position\":2,\"name\":\"Sklep\",\"item\":\"https:\/\/carbonmiledesign.pl\/sklep-wysokiej-jakosci-czesci-carbon\/\"},{\"@type\":\"ListItem\",\"position\":3,\"name\":\"Splitter carbon MP Style BMW X5 G05 LCI\"}]},{\"@type\":\"WebSite\",\"@id\":\"https:\/\/carbonmiledesign.pl\/#website\",\"url\":\"https:\/\/carbonmiledesign.pl\/\",\"name\":\"Carbonmile Design\",\"description\":\"\",\"publisher\":{\"@id\":\"https:\/\/carbonmiledesign.pl\/#organization\"},\"alternateName\":\"CM Design\",\"potentialAction\":[{\"@type\":\"SearchAction\",\"target\":{\"@type\":\"EntryPoint\",\"urlTemplate\":\"https:\/\/carbonmiledesign.pl\/?s={search_term_string}\"},\"query-input\":{\"@type\":\"PropertyValueSpecification\",\"valueRequired\":true,\"valueName\":\"search_term_string\"}}],\"inLanguage\":\"en-US\"},{\"@type\":\"Organization\",\"@id\":\"https:\/\/carbonmiledesign.pl\/#organization\",\"name\":\"Carbonmile Design\",\"url\":\"https:\/\/carbonmiledesign.pl\/\",\"logo\":{\"@type\":\"ImageObject\",\"inLanguage\":\"en-US\",\"@id\":\"https:\/\/carbonmiledesign.pl\/#\/schema\/logo\/image\/\",\"url\":\"https:\/\/carbonmiledesign.pl\/wp-content\/uploads\/2025\/01\/Carbonmiledesign-logo-czarne-przezroczyste-tlo.png\",\"contentUrl\":\"https:\/\/carbonmiledesign.pl\/wp-content\/uploads\/2025\/01\/Carbonmiledesign-logo-czarne-przezroczyste-tlo.png\",\"width\":2420,\"height\":520,\"caption\":\"Carbonmile Design\"},\"image\":{\"@id\":\"https:\/\/carbonmiledesign.pl\/#\/schema\/logo\/image\/\"}}]}<\/script>\n<!-- \/ Yoast SEO plugin. -->","yoast_head_json":{"title":"Splitter carbon MP Style BMW X5 G05 LCI","description":"Splitter carbon MP Style do BMW X5 G05 LCI w pakiecie M \u2014 sportowy wygl\u0105d, perfekcyjne dopasowanie i najwy\u017csza jako\u015b\u0107 wykonania od CM Design.","robots":{"index":"index","follow":"follow","max-snippet":"max-snippet:-1","max-image-preview":"max-image-preview:large","max-video-preview":"max-video-preview:-1"},"canonical":"https:\/\/carbonmiledesign.pl\/en\/product\/splitter-carbon-mp-style-bmw-x5-g05-lci\/","og_locale":"en_US","og_type":"article","og_title":"Splitter carbon MP Style BMW X5 G05 LCI","og_description":"Splitter carbon MP Style do BMW X5 G05 LCI w pakiecie M \u2014 sportowy wygl\u0105d, perfekcyjne dopasowanie i najwy\u017csza jako\u015b\u0107 wykonania od CM Design.","og_url":"https:\/\/carbonmiledesign.pl\/en\/product\/splitter-carbon-mp-style-bmw-x5-g05-lci\/","og_site_name":"CarbonMile design","article_modified_time":"2025-10-16T08:59:42+00:00","og_image":[{"width":1000,"height":1000,"url":"https:\/\/carbonmiledesign.pl\/wp-content\/uploads\/2025\/09\/PHOTO-2025-09-17-09-12-20-1.jpg","type":"image\/jpeg"}],"twitter_card":"summary_large_image","twitter_misc":{"Est. reading time":"1 minute"},"schema":{"@context":"https:\/\/schema.org","@graph":[{"@type":"WebPage","@id":"https:\/\/carbonmiledesign.pl\/produkt\/splitter-carbon-mp-style-bmw-x5-g05-lci\/","url":"https:\/\/carbonmiledesign.pl\/produkt\/splitter-carbon-mp-style-bmw-x5-g05-lci\/","name":"Splitter carbon MP Style BMW X5 G05 LCI","isPartOf":{"@id":"https:\/\/carbonmiledesign.pl\/#website"},"primaryImageOfPage":{"@id":"https:\/\/carbonmiledesign.pl\/produkt\/splitter-carbon-mp-style-bmw-x5-g05-lci\/#primaryimage"},"image":{"@id":"https:\/\/carbonmiledesign.pl\/produkt\/splitter-carbon-mp-style-bmw-x5-g05-lci\/#primaryimage"},"thumbnailUrl":"https:\/\/carbonmiledesign.pl\/wp-content\/uploads\/2025\/09\/PHOTO-2025-09-17-09-12-20-1.jpg","datePublished":"2025-09-19T13:40:17+00:00","dateModified":"2025-10-16T08:59:42+00:00","description":"Splitter carbon MP Style do BMW X5 G05 LCI w pakiecie M \u2014 sportowy wygl\u0105d, perfekcyjne dopasowanie i najwy\u017csza jako\u015b\u0107 wykonania od CM Design.","breadcrumb":{"@id":"https:\/\/carbonmiledesign.pl\/produkt\/splitter-carbon-mp-style-bmw-x5-g05-lci\/#breadcrumb"},"inLanguage":"en-US","potentialAction":[{"@type":"ReadAction","target":["https:\/\/carbonmiledesign.pl\/produkt\/splitter-carbon-mp-style-bmw-x5-g05-lci\/"]}]},{"@type":"ImageObject","inLanguage":"en-US","@id":"https:\/\/carbonmiledesign.pl\/produkt\/splitter-carbon-mp-style-bmw-x5-g05-lci\/#primaryimage","url":"https:\/\/carbonmiledesign.pl\/wp-content\/uploads\/2025\/09\/PHOTO-2025-09-17-09-12-20-1.jpg","contentUrl":"https:\/\/carbonmiledesign.pl\/wp-content\/uploads\/2025\/09\/PHOTO-2025-09-17-09-12-20-1.jpg","width":1000,"height":1000},{"@type":"BreadcrumbList","@id":"https:\/\/carbonmiledesign.pl\/produkt\/splitter-carbon-mp-style-bmw-x5-g05-lci\/#breadcrumb","itemListElement":[{"@type":"ListItem","position":1,"name":"Strona g\u0142\u00f3wna","item":"https:\/\/carbonmiledesign.pl\/"},{"@type":"ListItem","position":2,"name":"Sklep","item":"https:\/\/carbonmiledesign.pl\/sklep-wysokiej-jakosci-czesci-carbon\/"},{"@type":"ListItem","position":3,"name":"Splitter carbon MP Style BMW X5 G05 LCI"}]},{"@type":"WebSite","@id":"https:\/\/carbonmiledesign.pl\/#website","url":"https:\/\/carbonmiledesign.pl\/","name":"Carbonmile Design","description":"","publisher":{"@id":"https:\/\/carbonmiledesign.pl\/#organization"},"alternateName":"CM Design","potentialAction":[{"@type":"SearchAction","target":{"@type":"EntryPoint","urlTemplate":"https:\/\/carbonmiledesign.pl\/?s={search_term_string}"},"query-input":{"@type":"PropertyValueSpecification","valueRequired":true,"valueName":"search_term_string"}}],"inLanguage":"en-US"},{"@type":"Organization","@id":"https:\/\/carbonmiledesign.pl\/#organization","name":"Carbonmile Design","url":"https:\/\/carbonmiledesign.pl\/","logo":{"@type":"ImageObject","inLanguage":"en-US","@id":"https:\/\/carbonmiledesign.pl\/#\/schema\/logo\/image\/","url":"https:\/\/carbonmiledesign.pl\/wp-content\/uploads\/2025\/01\/Carbonmiledesign-logo-czarne-przezroczyste-tlo.png","contentUrl":"https:\/\/carbonmiledesign.pl\/wp-content\/uploads\/2025\/01\/Carbonmiledesign-logo-czarne-przezroczyste-tlo.png","width":2420,"height":520,"caption":"Carbonmile Design"},"image":{"@id":"https:\/\/carbonmiledesign.pl\/#\/schema\/logo\/image\/"}}]}},"jetpack_sharing_enabled":true,"_links":{"self":[{"href":"https:\/\/carbonmiledesign.pl\/en\/wp-json\/wp\/v2\/product\/3326","targetHints":{"allow":["GET"]}}],"collection":[{"href":"https:\/\/carbonmiledesign.pl\/en\/wp-json\/wp\/v2\/product"}],"about":[{"href":"https:\/\/carbonmiledesign.pl\/en\/wp-json\/wp\/v2\/types\/product"}],"wp:featuredmedia":[{"embeddable":true,"href":"https:\/\/carbonmiledesign.pl\/en\/wp-json\/wp\/v2\/media\/3335"}],"wp:attachment":[{"href":"https:\/\/carbonmiledesign.pl\/en\/wp-json\/wp\/v2\/media?parent=3326"}],"wp:term":[{"taxonomy":"product_brand","embeddable":true,"href":"https:\/\/carbonmiledesign.pl\/en\/wp-json\/wp\/v2\/product_brand?post=3326"},{"taxonomy":"product_cat","embeddable":true,"href":"https:\/\/carbonmiledesign.pl\/en\/wp-json\/wp\/v2\/product_cat?post=3326"},{"taxonomy":"product_tag","embeddable":true,"href":"https:\/\/carbonmiledesign.pl\/en\/wp-json\/wp\/v2\/product_tag?post=3326"}],"curies":[{"name":"wp","href":"https:\/\/api.w.org\/{rel}","templated":true}]}}