{"id":3056,"date":"2025-08-13T15:59:41","date_gmt":"2025-08-13T13:59:41","guid":{"rendered":"https:\/\/carbonmiledesign.pl\/?post_type=product&#038;p=3056"},"modified":"2025-12-02T01:48:59","modified_gmt":"2025-12-02T00:48:59","slug":"dyfuzor-carbon-mp-style-bmw-3-g20-g21-m340-pre-lci","status":"publish","type":"product","link":"https:\/\/carbonmiledesign.pl\/en\/product\/dyfuzor-carbon-mp-style-bmw-3-g20-g21-m340-pre-lci\/","title":{"rendered":"MP Style carbon diffuser BMW 3 G20 G21 M340 pre-LCI"},"content":{"rendered":"<h3><strong>MP Style carbon diffuser BMW 3 G20 G21 M340 pre-LCI<\/strong><\/h3>\n<p><span style=\"font-size: 100%\"><strong>Manufacturer:<\/strong> CM Design<\/span><\/p>\n<p><span style=\"font-size: 100%\"><strong>Material: <\/strong>Carbon fibre\u00a0<\/span><\/p>\n<p><b>Fits to:<\/b><\/p>\n<ul>\n<li>BMW serii 3 G20 M340 pre-LCI (wersja przed-liftowa)<\/li>\n<li>BMW serii 3 G21 M340 pre-LCI (wersja przed-liftowa)<\/li>\n<\/ul>\n<p><span style=\"font-size: 100%\">Wysokiej jako\u015bci dyfuzor carbon w stylu MP to doskona\u0142y wyb\u00f3r dla entuzjast\u00f3w sportowego wygl\u0105du i funkcjonalnych dodatk\u00f3w aerodynamicznych. Element inspirowany M Performance idealnie dope\u0142nia tyln\u0105 cz\u0119\u015b\u0107 nadwozia, oferuj\u0105c lekko\u015b\u0107, trwa\u0142o\u015b\u0107 i precyzyjne dopasowanie.<\/span><\/p>\n<p>Najwy\u017csze standardy produkcji zapewniaj\u0105 estetyk\u0119, niezawodno\u015b\u0107 i d\u0142ugowieczno\u015b\u0107 produktu.<\/p>","protected":false},"excerpt":{"rendered":"<h4><span style=\"font-size: 75%\"><strong>DYFUZOR CARBON MP STYLE BMW 3 G20 G21 M340 PRE-LCI<\/strong><\/span><\/h4>\n<p><span style=\"font-size: 10.8px\">Dyfuzor w stylu M Performance, wykonany z najwy\u017cszej jako\u015bci carbonu \u2013 podkre\u015bla agresywny wygl\u0105d ty\u0142u Twojego BMW i dodaje mu sportowego charakteru.<\/span><\/p>\n<p><span style=\"font-size: 75%\"><strong>Fits to:<\/strong><\/span><\/p>\n<ul>\n<li><span style=\"font-size: 75%\">BMW serii 3 G20 M340 pre-LCI<\/span><\/li>\n<li><span style=\"font-size: 75%\">BMW serii 3 G21 M340 pre-LCI<\/span><\/li>\n<\/ul>\n<p><span style=\"font-size: 75%\"><strong>Estimated production time:<\/strong> 28 dni<\/span><\/p>","protected":false},"featured_media":3057,"template":"","meta":[],"product_brand":[287],"product_cat":[120,122,70,105],"product_tag":[77],"class_list":{"0":"post-3056","1":"product","2":"type-product","3":"status-publish","4":"has-post-thumbnail","6":"product_brand-carbonmiledesign","7":"product_cat-3-g20","8":"product_cat-3-g21","9":"product_cat-bmw","10":"product_cat-seria-3-m3","11":"product_tag-bmw","12":"product_shipping_class-srednia","13":"pa_generacja-g20","14":"pa_generacja-g21","15":"pa_marka-bmw","16":"pa_model-seria-3-m3","18":"first","19":"instock","20":"shipping-taxable","21":"purchasable","22":"product-type-simple"},"yoast_head":"<!-- This site is optimized with the Yoast SEO plugin v26.6 - https:\/\/yoast.com\/wordpress\/plugins\/seo\/ -->\n<title>Dyfuzor carbon MP Style BMW 3 G20 G21 M340 pre-LCI<\/title>\n<meta name=\"description\" content=\"Dyfuzor carbon MP Style BMW 3 G20 G21 M340 pre-LCI \u2013 sportowy styl, lekko\u015b\u0107 i idealne dopasowanie. Postaw na jako\u015b\u0107 CM Design.\" \/>\n<meta name=\"robots\" content=\"index, follow, max-snippet:-1, max-image-preview:large, max-video-preview:-1\" \/>\n<link rel=\"canonical\" href=\"https:\/\/carbonmiledesign.pl\/en\/product\/dyfuzor-carbon-mp-style-bmw-3-g20-g21-m340-pre-lci\/\" \/>\n<meta property=\"og:locale\" content=\"en_US\" \/>\n<meta property=\"og:type\" content=\"article\" \/>\n<meta property=\"og:title\" content=\"Dyfuzor carbon MP Style BMW 3 G20 G21 M340 pre-LCI\" \/>\n<meta property=\"og:description\" content=\"Dyfuzor carbon MP Style BMW 3 G20 G21 M340 pre-LCI \u2013 sportowy styl, lekko\u015b\u0107 i idealne dopasowanie. Postaw na jako\u015b\u0107 CM Design.\" \/>\n<meta property=\"og:url\" content=\"https:\/\/carbonmiledesign.pl\/en\/product\/dyfuzor-carbon-mp-style-bmw-3-g20-g21-m340-pre-lci\/\" \/>\n<meta property=\"og:site_name\" content=\"CarbonMile design\" \/>\n<meta property=\"article:modified_time\" content=\"2025-12-02T00:48:59+00:00\" \/>\n<meta property=\"og:image\" content=\"https:\/\/carbonmiledesign.pl\/wp-content\/uploads\/2025\/08\/IMG_3022.jpg\" \/>\n\t<meta property=\"og:image:width\" content=\"1206\" \/>\n\t<meta property=\"og:image:height\" content=\"1176\" \/>\n\t<meta property=\"og:image:type\" content=\"image\/jpeg\" \/>\n<meta name=\"twitter:card\" content=\"summary_large_image\" \/>\n<meta name=\"twitter:label1\" content=\"Est. reading time\" \/>\n\t<meta name=\"twitter:data1\" content=\"1 minute\" \/>\n<script type=\"application\/ld+json\" class=\"yoast-schema-graph\">{\"@context\":\"https:\/\/schema.org\",\"@graph\":[{\"@type\":\"WebPage\",\"@id\":\"https:\/\/carbonmiledesign.pl\/produkt\/dyfuzor-carbon-mp-style-bmw-3-g20-g21-m340-pre-lci\/\",\"url\":\"https:\/\/carbonmiledesign.pl\/produkt\/dyfuzor-carbon-mp-style-bmw-3-g20-g21-m340-pre-lci\/\",\"name\":\"Dyfuzor carbon MP Style BMW 3 G20 G21 M340 pre-LCI\",\"isPartOf\":{\"@id\":\"https:\/\/carbonmiledesign.pl\/#website\"},\"primaryImageOfPage\":{\"@id\":\"https:\/\/carbonmiledesign.pl\/produkt\/dyfuzor-carbon-mp-style-bmw-3-g20-g21-m340-pre-lci\/#primaryimage\"},\"image\":{\"@id\":\"https:\/\/carbonmiledesign.pl\/produkt\/dyfuzor-carbon-mp-style-bmw-3-g20-g21-m340-pre-lci\/#primaryimage\"},\"thumbnailUrl\":\"https:\/\/carbonmiledesign.pl\/wp-content\/uploads\/2025\/08\/IMG_3022.jpg\",\"datePublished\":\"2025-08-13T13:59:41+00:00\",\"dateModified\":\"2025-12-02T00:48:59+00:00\",\"description\":\"Dyfuzor carbon MP Style BMW 3 G20 G21 M340 pre-LCI \u2013 sportowy styl, lekko\u015b\u0107 i idealne dopasowanie. Postaw na jako\u015b\u0107 CM Design.\",\"breadcrumb\":{\"@id\":\"https:\/\/carbonmiledesign.pl\/produkt\/dyfuzor-carbon-mp-style-bmw-3-g20-g21-m340-pre-lci\/#breadcrumb\"},\"inLanguage\":\"en-US\",\"potentialAction\":[{\"@type\":\"ReadAction\",\"target\":[\"https:\/\/carbonmiledesign.pl\/produkt\/dyfuzor-carbon-mp-style-bmw-3-g20-g21-m340-pre-lci\/\"]}]},{\"@type\":\"ImageObject\",\"inLanguage\":\"en-US\",\"@id\":\"https:\/\/carbonmiledesign.pl\/produkt\/dyfuzor-carbon-mp-style-bmw-3-g20-g21-m340-pre-lci\/#primaryimage\",\"url\":\"https:\/\/carbonmiledesign.pl\/wp-content\/uploads\/2025\/08\/IMG_3022.jpg\",\"contentUrl\":\"https:\/\/carbonmiledesign.pl\/wp-content\/uploads\/2025\/08\/IMG_3022.jpg\",\"width\":1206,\"height\":1176},{\"@type\":\"BreadcrumbList\",\"@id\":\"https:\/\/carbonmiledesign.pl\/produkt\/dyfuzor-carbon-mp-style-bmw-3-g20-g21-m340-pre-lci\/#breadcrumb\",\"itemListElement\":[{\"@type\":\"ListItem\",\"position\":1,\"name\":\"Strona g\u0142\u00f3wna\",\"item\":\"https:\/\/carbonmiledesign.pl\/\"},{\"@type\":\"ListItem\",\"position\":2,\"name\":\"Sklep\",\"item\":\"https:\/\/carbonmiledesign.pl\/sklep-wysokiej-jakosci-czesci-carbon\/\"},{\"@type\":\"ListItem\",\"position\":3,\"name\":\"Dyfuzor carbon MP Style BMW 3 G20 G21 M340 pre-LCI\"}]},{\"@type\":\"WebSite\",\"@id\":\"https:\/\/carbonmiledesign.pl\/#website\",\"url\":\"https:\/\/carbonmiledesign.pl\/\",\"name\":\"Carbonmile Design\",\"description\":\"\",\"publisher\":{\"@id\":\"https:\/\/carbonmiledesign.pl\/#organization\"},\"alternateName\":\"CM Design\",\"potentialAction\":[{\"@type\":\"SearchAction\",\"target\":{\"@type\":\"EntryPoint\",\"urlTemplate\":\"https:\/\/carbonmiledesign.pl\/?s={search_term_string}\"},\"query-input\":{\"@type\":\"PropertyValueSpecification\",\"valueRequired\":true,\"valueName\":\"search_term_string\"}}],\"inLanguage\":\"en-US\"},{\"@type\":\"Organization\",\"@id\":\"https:\/\/carbonmiledesign.pl\/#organization\",\"name\":\"Carbonmile Design\",\"url\":\"https:\/\/carbonmiledesign.pl\/\",\"logo\":{\"@type\":\"ImageObject\",\"inLanguage\":\"en-US\",\"@id\":\"https:\/\/carbonmiledesign.pl\/#\/schema\/logo\/image\/\",\"url\":\"https:\/\/carbonmiledesign.pl\/wp-content\/uploads\/2025\/01\/Carbonmiledesign-logo-czarne-przezroczyste-tlo.png\",\"contentUrl\":\"https:\/\/carbonmiledesign.pl\/wp-content\/uploads\/2025\/01\/Carbonmiledesign-logo-czarne-przezroczyste-tlo.png\",\"width\":2420,\"height\":520,\"caption\":\"Carbonmile Design\"},\"image\":{\"@id\":\"https:\/\/carbonmiledesign.pl\/#\/schema\/logo\/image\/\"}}]}<\/script>\n<!-- \/ Yoast SEO plugin. -->","yoast_head_json":{"title":"MP Style carbon diffuser BMW 3 G20 G21 M340 pre-LCI","description":"Dyfuzor carbon MP Style BMW 3 G20 G21 M340 pre-LCI \u2013 sportowy styl, lekko\u015b\u0107 i idealne dopasowanie. Postaw na jako\u015b\u0107 CM Design.","robots":{"index":"index","follow":"follow","max-snippet":"max-snippet:-1","max-image-preview":"max-image-preview:large","max-video-preview":"max-video-preview:-1"},"canonical":"https:\/\/carbonmiledesign.pl\/en\/product\/dyfuzor-carbon-mp-style-bmw-3-g20-g21-m340-pre-lci\/","og_locale":"en_US","og_type":"article","og_title":"Dyfuzor carbon MP Style BMW 3 G20 G21 M340 pre-LCI","og_description":"Dyfuzor carbon MP Style BMW 3 G20 G21 M340 pre-LCI \u2013 sportowy styl, lekko\u015b\u0107 i idealne dopasowanie. Postaw na jako\u015b\u0107 CM Design.","og_url":"https:\/\/carbonmiledesign.pl\/en\/product\/dyfuzor-carbon-mp-style-bmw-3-g20-g21-m340-pre-lci\/","og_site_name":"CarbonMile design","article_modified_time":"2025-12-02T00:48:59+00:00","og_image":[{"width":1206,"height":1176,"url":"https:\/\/carbonmiledesign.pl\/wp-content\/uploads\/2025\/08\/IMG_3022.jpg","type":"image\/jpeg"}],"twitter_card":"summary_large_image","twitter_misc":{"Est. reading time":"1 minute"},"schema":{"@context":"https:\/\/schema.org","@graph":[{"@type":"WebPage","@id":"https:\/\/carbonmiledesign.pl\/produkt\/dyfuzor-carbon-mp-style-bmw-3-g20-g21-m340-pre-lci\/","url":"https:\/\/carbonmiledesign.pl\/produkt\/dyfuzor-carbon-mp-style-bmw-3-g20-g21-m340-pre-lci\/","name":"MP Style carbon diffuser BMW 3 G20 G21 M340 pre-LCI","isPartOf":{"@id":"https:\/\/carbonmiledesign.pl\/#website"},"primaryImageOfPage":{"@id":"https:\/\/carbonmiledesign.pl\/produkt\/dyfuzor-carbon-mp-style-bmw-3-g20-g21-m340-pre-lci\/#primaryimage"},"image":{"@id":"https:\/\/carbonmiledesign.pl\/produkt\/dyfuzor-carbon-mp-style-bmw-3-g20-g21-m340-pre-lci\/#primaryimage"},"thumbnailUrl":"https:\/\/carbonmiledesign.pl\/wp-content\/uploads\/2025\/08\/IMG_3022.jpg","datePublished":"2025-08-13T13:59:41+00:00","dateModified":"2025-12-02T00:48:59+00:00","description":"Dyfuzor carbon MP Style BMW 3 G20 G21 M340 pre-LCI \u2013 sportowy styl, lekko\u015b\u0107 i idealne dopasowanie. Postaw na jako\u015b\u0107 CM Design.","breadcrumb":{"@id":"https:\/\/carbonmiledesign.pl\/produkt\/dyfuzor-carbon-mp-style-bmw-3-g20-g21-m340-pre-lci\/#breadcrumb"},"inLanguage":"en-US","potentialAction":[{"@type":"ReadAction","target":["https:\/\/carbonmiledesign.pl\/produkt\/dyfuzor-carbon-mp-style-bmw-3-g20-g21-m340-pre-lci\/"]}]},{"@type":"ImageObject","inLanguage":"en-US","@id":"https:\/\/carbonmiledesign.pl\/produkt\/dyfuzor-carbon-mp-style-bmw-3-g20-g21-m340-pre-lci\/#primaryimage","url":"https:\/\/carbonmiledesign.pl\/wp-content\/uploads\/2025\/08\/IMG_3022.jpg","contentUrl":"https:\/\/carbonmiledesign.pl\/wp-content\/uploads\/2025\/08\/IMG_3022.jpg","width":1206,"height":1176},{"@type":"BreadcrumbList","@id":"https:\/\/carbonmiledesign.pl\/produkt\/dyfuzor-carbon-mp-style-bmw-3-g20-g21-m340-pre-lci\/#breadcrumb","itemListElement":[{"@type":"ListItem","position":1,"name":"Strona g\u0142\u00f3wna","item":"https:\/\/carbonmiledesign.pl\/"},{"@type":"ListItem","position":2,"name":"Sklep","item":"https:\/\/carbonmiledesign.pl\/sklep-wysokiej-jakosci-czesci-carbon\/"},{"@type":"ListItem","position":3,"name":"Dyfuzor carbon MP Style BMW 3 G20 G21 M340 pre-LCI"}]},{"@type":"WebSite","@id":"https:\/\/carbonmiledesign.pl\/#website","url":"https:\/\/carbonmiledesign.pl\/","name":"Carbonmile Design","description":"","publisher":{"@id":"https:\/\/carbonmiledesign.pl\/#organization"},"alternateName":"CM Design","potentialAction":[{"@type":"SearchAction","target":{"@type":"EntryPoint","urlTemplate":"https:\/\/carbonmiledesign.pl\/?s={search_term_string}"},"query-input":{"@type":"PropertyValueSpecification","valueRequired":true,"valueName":"search_term_string"}}],"inLanguage":"en-US"},{"@type":"Organization","@id":"https:\/\/carbonmiledesign.pl\/#organization","name":"Carbonmile Design","url":"https:\/\/carbonmiledesign.pl\/","logo":{"@type":"ImageObject","inLanguage":"en-US","@id":"https:\/\/carbonmiledesign.pl\/#\/schema\/logo\/image\/","url":"https:\/\/carbonmiledesign.pl\/wp-content\/uploads\/2025\/01\/Carbonmiledesign-logo-czarne-przezroczyste-tlo.png","contentUrl":"https:\/\/carbonmiledesign.pl\/wp-content\/uploads\/2025\/01\/Carbonmiledesign-logo-czarne-przezroczyste-tlo.png","width":2420,"height":520,"caption":"Carbonmile Design"},"image":{"@id":"https:\/\/carbonmiledesign.pl\/#\/schema\/logo\/image\/"}}]}},"jetpack_sharing_enabled":true,"_links":{"self":[{"href":"https:\/\/carbonmiledesign.pl\/en\/wp-json\/wp\/v2\/product\/3056","targetHints":{"allow":["GET"]}}],"collection":[{"href":"https:\/\/carbonmiledesign.pl\/en\/wp-json\/wp\/v2\/product"}],"about":[{"href":"https:\/\/carbonmiledesign.pl\/en\/wp-json\/wp\/v2\/types\/product"}],"wp:featuredmedia":[{"embeddable":true,"href":"https:\/\/carbonmiledesign.pl\/en\/wp-json\/wp\/v2\/media\/3057"}],"wp:attachment":[{"href":"https:\/\/carbonmiledesign.pl\/en\/wp-json\/wp\/v2\/media?parent=3056"}],"wp:term":[{"taxonomy":"product_brand","embeddable":true,"href":"https:\/\/carbonmiledesign.pl\/en\/wp-json\/wp\/v2\/product_brand?post=3056"},{"taxonomy":"product_cat","embeddable":true,"href":"https:\/\/carbonmiledesign.pl\/en\/wp-json\/wp\/v2\/product_cat?post=3056"},{"taxonomy":"product_tag","embeddable":true,"href":"https:\/\/carbonmiledesign.pl\/en\/wp-json\/wp\/v2\/product_tag?post=3056"}],"curies":[{"name":"wp","href":"https:\/\/api.w.org\/{rel}","templated":true}]}}