{"id":3046,"date":"2025-08-06T12:37:18","date_gmt":"2025-08-06T10:37:18","guid":{"rendered":"https:\/\/carbonmiledesign.pl\/?post_type=product&#038;p=3046"},"modified":"2025-10-16T11:02:36","modified_gmt":"2025-10-16T09:02:36","slug":"splitter-carbon-bmw-m3-f80-m4-f82-f83","status":"publish","type":"product","link":"https:\/\/carbonmiledesign.pl\/en\/product\/splitter-carbon-bmw-m3-f80-m4-f82-f83\/","title":{"rendered":"Splitter carbon BMW M3 F80 M4 F82 F83"},"content":{"rendered":"<h3><strong>Splitter carbon BMW M3 F80 M4 F82 F83<\/strong><\/h3>\n<p><span style=\"font-size: 100%;\"><strong>Manufacturer:<\/strong> CM Design<\/span><\/p>\n<p><span style=\"font-size: 100%;\"><strong>Material: <\/strong>Carbon fibre <\/span><\/p>\n<p><b>Fits to:<\/b><\/p>\n<ul>\n<li>BMW M3 F80<\/li>\n<li>BMW M4 F82<\/li>\n<li>BMW M4 F83<\/li>\n<\/ul>\n<p><span style=\"font-size: 100%;\">Wysokiej jako\u015bci splitter carbon to idealne rozwi\u0105zanie dla os\u00f3b szukaj\u0105cych sportowego i dynamicznego wygl\u0105du przodu pojazdu. Lekka i trwa\u0142a konstrukcja z carbonu zapewnia doskona\u0142e w\u0142a\u015bciwo\u015bci aerodynamiczne oraz wytrzyma\u0142o\u015b\u0107.<\/span><\/p>\n<p>Najwy\u017csze standardy produkcji gwarantuj\u0105 zar\u00f3wno estetyk\u0119, jak i d\u0142ugotrwa\u0142\u0105 niezawodno\u015b\u0107.<\/p>","protected":false},"excerpt":{"rendered":"<h4><span style=\"font-size: 75%;\"><strong>Splitter carbon BMW M3 F80 M4 F82 F83<\/strong><\/span><\/h4>\n<p><span style=\"font-size: 10.8px;\">Splitter wykonany z najwy\u017cszej jako\u015bci carbonu, podkre\u015blaj\u0105cy sportowy charakter Twojego BMW i nadaj\u0105cy agresywnego wygl\u0105du przodowi pojazdu.<\/span><\/p>\n<p><span style=\"font-size: 75%;\"><strong>Fits to:<\/strong><\/span><\/p>\n<ul>\n<li><span style=\"font-size: 75%;\">BMW M3 F80<\/span><\/li>\n<li><span style=\"font-size: 75%;\">BMW M4 F82<\/span><\/li>\n<li><span style=\"font-size: 75%;\">BMW M4 F83<\/span><\/li>\n<\/ul>\n<p><span style=\"font-size: 75%;\"><strong>Estimated production time:<\/strong> <em>25 dni<\/em><\/span><\/p>","protected":false},"featured_media":3023,"template":"","meta":[],"product_brand":[287],"product_cat":[70,310,311,312,105,143],"product_tag":[77,313,314,315,147,148],"class_list":{"0":"post-3046","1":"product","2":"type-product","3":"status-publish","4":"has-post-thumbnail","6":"product_brand-carbonmiledesign","7":"product_cat-bmw","8":"product_cat-m3-f80","9":"product_cat-m4-f82","10":"product_cat-m4-f83","11":"product_cat-seria-3-m3","12":"product_cat-seria-4-m4","13":"product_tag-bmw","14":"product_tag-m3-f80","15":"product_tag-m4-f82","16":"product_tag-m4-f83","17":"product_tag-seria-3-m3","18":"product_tag-seria-4-m4","19":"product_shipping_class-srednia","20":"pa_generacja-f80","21":"pa_generacja-f82","22":"pa_generacja-f83","23":"pa_marka-bmw","24":"pa_model-seria-3-m3","25":"pa_model-seria-4-m4","27":"first","28":"instock","29":"shipping-taxable","30":"purchasable","31":"product-type-simple"},"yoast_head":"<!-- This site is optimized with the Yoast SEO plugin v26.6 - https:\/\/yoast.com\/wordpress\/plugins\/seo\/ -->\n<title>Splitter carbon BMW M3 F80 M4 F82 F83<\/title>\n<meta name=\"description\" content=\"Podkre\u015bl sportowy styl swojego BMW M3 M4 F8X! Splitter carbon to po\u0142\u0105czenie jako\u015bci, stylu i perfekcyjnego dopasowania \u2013 postaw na CM Design.\" \/>\n<meta name=\"robots\" content=\"index, follow, max-snippet:-1, max-image-preview:large, max-video-preview:-1\" \/>\n<link rel=\"canonical\" href=\"https:\/\/carbonmiledesign.pl\/en\/product\/splitter-carbon-bmw-m3-f80-m4-f82-f83\/\" \/>\n<meta property=\"og:locale\" content=\"en_US\" \/>\n<meta property=\"og:type\" content=\"article\" \/>\n<meta property=\"og:title\" content=\"Splitter carbon BMW M3 F80 M4 F82 F83\" \/>\n<meta property=\"og:description\" content=\"Podkre\u015bl sportowy styl swojego BMW M3 M4 F8X! Splitter carbon to po\u0142\u0105czenie jako\u015bci, stylu i perfekcyjnego dopasowania \u2013 postaw na CM Design.\" \/>\n<meta property=\"og:url\" content=\"https:\/\/carbonmiledesign.pl\/en\/product\/splitter-carbon-bmw-m3-f80-m4-f82-f83\/\" \/>\n<meta property=\"og:site_name\" content=\"CarbonMile design\" \/>\n<meta property=\"article:modified_time\" content=\"2025-10-16T09:02:36+00:00\" \/>\n<meta property=\"og:image\" content=\"https:\/\/carbonmiledesign.pl\/wp-content\/uploads\/2025\/08\/Splitter-carbon-CM-Design-F8X-1.png\" \/>\n\t<meta property=\"og:image:width\" content=\"1576\" \/>\n\t<meta property=\"og:image:height\" content=\"1576\" \/>\n\t<meta property=\"og:image:type\" content=\"image\/png\" \/>\n<meta name=\"twitter:card\" content=\"summary_large_image\" \/>\n<meta name=\"twitter:label1\" content=\"Est. reading time\" \/>\n\t<meta name=\"twitter:data1\" content=\"1 minute\" \/>\n<script type=\"application\/ld+json\" class=\"yoast-schema-graph\">{\"@context\":\"https:\/\/schema.org\",\"@graph\":[{\"@type\":\"WebPage\",\"@id\":\"https:\/\/carbonmiledesign.pl\/produkt\/splitter-carbon-bmw-m3-f80-m4-f82-f83\/\",\"url\":\"https:\/\/carbonmiledesign.pl\/produkt\/splitter-carbon-bmw-m3-f80-m4-f82-f83\/\",\"name\":\"Splitter carbon BMW M3 F80 M4 F82 F83\",\"isPartOf\":{\"@id\":\"https:\/\/carbonmiledesign.pl\/#website\"},\"primaryImageOfPage\":{\"@id\":\"https:\/\/carbonmiledesign.pl\/produkt\/splitter-carbon-bmw-m3-f80-m4-f82-f83\/#primaryimage\"},\"image\":{\"@id\":\"https:\/\/carbonmiledesign.pl\/produkt\/splitter-carbon-bmw-m3-f80-m4-f82-f83\/#primaryimage\"},\"thumbnailUrl\":\"https:\/\/carbonmiledesign.pl\/wp-content\/uploads\/2025\/08\/Splitter-carbon-CM-Design-F8X-1.png\",\"datePublished\":\"2025-08-06T10:37:18+00:00\",\"dateModified\":\"2025-10-16T09:02:36+00:00\",\"description\":\"Podkre\u015bl sportowy styl swojego BMW M3 M4 F8X! Splitter carbon to po\u0142\u0105czenie jako\u015bci, stylu i perfekcyjnego dopasowania \u2013 postaw na CM Design.\",\"breadcrumb\":{\"@id\":\"https:\/\/carbonmiledesign.pl\/produkt\/splitter-carbon-bmw-m3-f80-m4-f82-f83\/#breadcrumb\"},\"inLanguage\":\"en-US\",\"potentialAction\":[{\"@type\":\"ReadAction\",\"target\":[\"https:\/\/carbonmiledesign.pl\/produkt\/splitter-carbon-bmw-m3-f80-m4-f82-f83\/\"]}]},{\"@type\":\"ImageObject\",\"inLanguage\":\"en-US\",\"@id\":\"https:\/\/carbonmiledesign.pl\/produkt\/splitter-carbon-bmw-m3-f80-m4-f82-f83\/#primaryimage\",\"url\":\"https:\/\/carbonmiledesign.pl\/wp-content\/uploads\/2025\/08\/Splitter-carbon-CM-Design-F8X-1.png\",\"contentUrl\":\"https:\/\/carbonmiledesign.pl\/wp-content\/uploads\/2025\/08\/Splitter-carbon-CM-Design-F8X-1.png\",\"width\":1576,\"height\":1576},{\"@type\":\"BreadcrumbList\",\"@id\":\"https:\/\/carbonmiledesign.pl\/produkt\/splitter-carbon-bmw-m3-f80-m4-f82-f83\/#breadcrumb\",\"itemListElement\":[{\"@type\":\"ListItem\",\"position\":1,\"name\":\"Strona g\u0142\u00f3wna\",\"item\":\"https:\/\/carbonmiledesign.pl\/\"},{\"@type\":\"ListItem\",\"position\":2,\"name\":\"Sklep\",\"item\":\"https:\/\/carbonmiledesign.pl\/sklep-wysokiej-jakosci-czesci-carbon\/\"},{\"@type\":\"ListItem\",\"position\":3,\"name\":\"Splitter carbon BMW M3 F80 M4 F82 F83\"}]},{\"@type\":\"WebSite\",\"@id\":\"https:\/\/carbonmiledesign.pl\/#website\",\"url\":\"https:\/\/carbonmiledesign.pl\/\",\"name\":\"Carbonmile Design\",\"description\":\"\",\"publisher\":{\"@id\":\"https:\/\/carbonmiledesign.pl\/#organization\"},\"alternateName\":\"CM Design\",\"potentialAction\":[{\"@type\":\"SearchAction\",\"target\":{\"@type\":\"EntryPoint\",\"urlTemplate\":\"https:\/\/carbonmiledesign.pl\/?s={search_term_string}\"},\"query-input\":{\"@type\":\"PropertyValueSpecification\",\"valueRequired\":true,\"valueName\":\"search_term_string\"}}],\"inLanguage\":\"en-US\"},{\"@type\":\"Organization\",\"@id\":\"https:\/\/carbonmiledesign.pl\/#organization\",\"name\":\"Carbonmile Design\",\"url\":\"https:\/\/carbonmiledesign.pl\/\",\"logo\":{\"@type\":\"ImageObject\",\"inLanguage\":\"en-US\",\"@id\":\"https:\/\/carbonmiledesign.pl\/#\/schema\/logo\/image\/\",\"url\":\"https:\/\/carbonmiledesign.pl\/wp-content\/uploads\/2025\/01\/Carbonmiledesign-logo-czarne-przezroczyste-tlo.png\",\"contentUrl\":\"https:\/\/carbonmiledesign.pl\/wp-content\/uploads\/2025\/01\/Carbonmiledesign-logo-czarne-przezroczyste-tlo.png\",\"width\":2420,\"height\":520,\"caption\":\"Carbonmile Design\"},\"image\":{\"@id\":\"https:\/\/carbonmiledesign.pl\/#\/schema\/logo\/image\/\"}}]}<\/script>\n<!-- \/ Yoast SEO plugin. -->","yoast_head_json":{"title":"Splitter carbon BMW M3 F80 M4 F82 F83","description":"Podkre\u015bl sportowy styl swojego BMW M3 M4 F8X! Splitter carbon to po\u0142\u0105czenie jako\u015bci, stylu i perfekcyjnego dopasowania \u2013 postaw na CM Design.","robots":{"index":"index","follow":"follow","max-snippet":"max-snippet:-1","max-image-preview":"max-image-preview:large","max-video-preview":"max-video-preview:-1"},"canonical":"https:\/\/carbonmiledesign.pl\/en\/product\/splitter-carbon-bmw-m3-f80-m4-f82-f83\/","og_locale":"en_US","og_type":"article","og_title":"Splitter carbon BMW M3 F80 M4 F82 F83","og_description":"Podkre\u015bl sportowy styl swojego BMW M3 M4 F8X! Splitter carbon to po\u0142\u0105czenie jako\u015bci, stylu i perfekcyjnego dopasowania \u2013 postaw na CM Design.","og_url":"https:\/\/carbonmiledesign.pl\/en\/product\/splitter-carbon-bmw-m3-f80-m4-f82-f83\/","og_site_name":"CarbonMile design","article_modified_time":"2025-10-16T09:02:36+00:00","og_image":[{"width":1576,"height":1576,"url":"https:\/\/carbonmiledesign.pl\/wp-content\/uploads\/2025\/08\/Splitter-carbon-CM-Design-F8X-1.png","type":"image\/png"}],"twitter_card":"summary_large_image","twitter_misc":{"Est. reading time":"1 minute"},"schema":{"@context":"https:\/\/schema.org","@graph":[{"@type":"WebPage","@id":"https:\/\/carbonmiledesign.pl\/produkt\/splitter-carbon-bmw-m3-f80-m4-f82-f83\/","url":"https:\/\/carbonmiledesign.pl\/produkt\/splitter-carbon-bmw-m3-f80-m4-f82-f83\/","name":"Splitter carbon BMW M3 F80 M4 F82 F83","isPartOf":{"@id":"https:\/\/carbonmiledesign.pl\/#website"},"primaryImageOfPage":{"@id":"https:\/\/carbonmiledesign.pl\/produkt\/splitter-carbon-bmw-m3-f80-m4-f82-f83\/#primaryimage"},"image":{"@id":"https:\/\/carbonmiledesign.pl\/produkt\/splitter-carbon-bmw-m3-f80-m4-f82-f83\/#primaryimage"},"thumbnailUrl":"https:\/\/carbonmiledesign.pl\/wp-content\/uploads\/2025\/08\/Splitter-carbon-CM-Design-F8X-1.png","datePublished":"2025-08-06T10:37:18+00:00","dateModified":"2025-10-16T09:02:36+00:00","description":"Podkre\u015bl sportowy styl swojego BMW M3 M4 F8X! Splitter carbon to po\u0142\u0105czenie jako\u015bci, stylu i perfekcyjnego dopasowania \u2013 postaw na CM Design.","breadcrumb":{"@id":"https:\/\/carbonmiledesign.pl\/produkt\/splitter-carbon-bmw-m3-f80-m4-f82-f83\/#breadcrumb"},"inLanguage":"en-US","potentialAction":[{"@type":"ReadAction","target":["https:\/\/carbonmiledesign.pl\/produkt\/splitter-carbon-bmw-m3-f80-m4-f82-f83\/"]}]},{"@type":"ImageObject","inLanguage":"en-US","@id":"https:\/\/carbonmiledesign.pl\/produkt\/splitter-carbon-bmw-m3-f80-m4-f82-f83\/#primaryimage","url":"https:\/\/carbonmiledesign.pl\/wp-content\/uploads\/2025\/08\/Splitter-carbon-CM-Design-F8X-1.png","contentUrl":"https:\/\/carbonmiledesign.pl\/wp-content\/uploads\/2025\/08\/Splitter-carbon-CM-Design-F8X-1.png","width":1576,"height":1576},{"@type":"BreadcrumbList","@id":"https:\/\/carbonmiledesign.pl\/produkt\/splitter-carbon-bmw-m3-f80-m4-f82-f83\/#breadcrumb","itemListElement":[{"@type":"ListItem","position":1,"name":"Strona g\u0142\u00f3wna","item":"https:\/\/carbonmiledesign.pl\/"},{"@type":"ListItem","position":2,"name":"Sklep","item":"https:\/\/carbonmiledesign.pl\/sklep-wysokiej-jakosci-czesci-carbon\/"},{"@type":"ListItem","position":3,"name":"Splitter carbon BMW M3 F80 M4 F82 F83"}]},{"@type":"WebSite","@id":"https:\/\/carbonmiledesign.pl\/#website","url":"https:\/\/carbonmiledesign.pl\/","name":"Carbonmile Design","description":"","publisher":{"@id":"https:\/\/carbonmiledesign.pl\/#organization"},"alternateName":"CM Design","potentialAction":[{"@type":"SearchAction","target":{"@type":"EntryPoint","urlTemplate":"https:\/\/carbonmiledesign.pl\/?s={search_term_string}"},"query-input":{"@type":"PropertyValueSpecification","valueRequired":true,"valueName":"search_term_string"}}],"inLanguage":"en-US"},{"@type":"Organization","@id":"https:\/\/carbonmiledesign.pl\/#organization","name":"Carbonmile Design","url":"https:\/\/carbonmiledesign.pl\/","logo":{"@type":"ImageObject","inLanguage":"en-US","@id":"https:\/\/carbonmiledesign.pl\/#\/schema\/logo\/image\/","url":"https:\/\/carbonmiledesign.pl\/wp-content\/uploads\/2025\/01\/Carbonmiledesign-logo-czarne-przezroczyste-tlo.png","contentUrl":"https:\/\/carbonmiledesign.pl\/wp-content\/uploads\/2025\/01\/Carbonmiledesign-logo-czarne-przezroczyste-tlo.png","width":2420,"height":520,"caption":"Carbonmile Design"},"image":{"@id":"https:\/\/carbonmiledesign.pl\/#\/schema\/logo\/image\/"}}]}},"jetpack_sharing_enabled":true,"_links":{"self":[{"href":"https:\/\/carbonmiledesign.pl\/en\/wp-json\/wp\/v2\/product\/3046","targetHints":{"allow":["GET"]}}],"collection":[{"href":"https:\/\/carbonmiledesign.pl\/en\/wp-json\/wp\/v2\/product"}],"about":[{"href":"https:\/\/carbonmiledesign.pl\/en\/wp-json\/wp\/v2\/types\/product"}],"wp:featuredmedia":[{"embeddable":true,"href":"https:\/\/carbonmiledesign.pl\/en\/wp-json\/wp\/v2\/media\/3023"}],"wp:attachment":[{"href":"https:\/\/carbonmiledesign.pl\/en\/wp-json\/wp\/v2\/media?parent=3046"}],"wp:term":[{"taxonomy":"product_brand","embeddable":true,"href":"https:\/\/carbonmiledesign.pl\/en\/wp-json\/wp\/v2\/product_brand?post=3046"},{"taxonomy":"product_cat","embeddable":true,"href":"https:\/\/carbonmiledesign.pl\/en\/wp-json\/wp\/v2\/product_cat?post=3046"},{"taxonomy":"product_tag","embeddable":true,"href":"https:\/\/carbonmiledesign.pl\/en\/wp-json\/wp\/v2\/product_tag?post=3046"}],"curies":[{"name":"wp","href":"https:\/\/api.w.org\/{rel}","templated":true}]}}