{"id":2983,"date":"2025-07-18T14:02:00","date_gmt":"2025-07-18T12:02:00","guid":{"rendered":"https:\/\/carbonmiledesign.pl\/?post_type=product&#038;p=2983"},"modified":"2025-11-05T14:15:49","modified_gmt":"2025-11-05T13:15:49","slug":"obudowy-lusterek-lusterka-carbon-mp-style-bmw-x3-g01-x4-g02-x5-g05-x6-g06-x7-g07","status":"publish","type":"product","link":"https:\/\/carbonmiledesign.pl\/en\/product\/obudowy-lusterek-lusterka-carbon-mp-style-bmw-x3-g01-x4-g02-x5-g05-x6-g06-x7-g07\/","title":{"rendered":"Mirror housings carbon mirror MP Style BMW X3 G01 X4 G02 X5 G05 X6 G06 X7 G07"},"content":{"rendered":"<p><span style=\"font-size: 130%;\"><strong>Mirror housings carbon mirror MP Style BMW X3 G01 X4 G02 X5 G05 X6 G06 X7 G07<\/strong><\/span><\/p>\n<p>&nbsp;<\/p>\n<p><strong>Manufacturer:<\/strong>\u00a0CM Design<\/p>\n<p><strong>Material:\u00a0<\/strong>Carbon \u2013 Carbon Fibre (<a href=\"https:\/\/carbonmiledesign.pl\/karbon-od-podstaw-co-warto-wiedziec\/\">Dry carbon<\/a>) + ABS (tworzywo sztuczne)<\/p>\n<p><b>Fits to:<\/b><\/p>\n<ul>\n<li>BMW X3 G01<\/li>\n<li>BMW X4 G02<\/li>\n<li>BMW X5 G05<\/li>\n<li>BMW X6 G06<\/li>\n<li>BMW X7 G07<\/li>\n<\/ul>\n<p>Wysokiej jako\u015bci os\u0142ony lusterek w stylu MP, wykonane z prawdziwego carbonu, to idealne dope\u0142nienie sportowego wygl\u0105du Twojego BMW.<\/p>\n<p>Najwy\u017csze standardy produkcji zapewniaj\u0105 nie tylko wygl\u0105d, ale r\u00f3wnie\u017c najwy\u017csz\u0105 jako\u015b\u0107, oraz perfekcyjne dopasowanie.<\/p>","protected":false},"excerpt":{"rendered":"<p><span style=\"font-size: 80%;\">OBUDOWY LUSTEREK LUSTERKA CARBON MP STYLE BMW X3 G01 X4 G02 X5 G05 X6 G06 X7 G07<\/span><\/p>\n<p><span style=\"font-size: 80%;\">Wyj\u0105tkowe os\u0142ony lusterek z w\u0142\u00f3kna w\u0119glowego, dodadz\u0105 prawdziwego sportowego charakteru Twojemu BMW. Lekkie, trwa\u0142e i perfekcyjnie dopasowane.<\/span><\/p>\n<p><span style=\"font-size: 80%;\"><strong>Fits to:<\/strong><\/span><\/p>\n<ul>\n<li><span style=\"font-size: 75%;\">BMW X3 G01<\/span><\/li>\n<li><span style=\"font-size: 75%;\">BMW X4 G02<\/span><\/li>\n<li><span style=\"font-size: 75%;\">BMW X5 G05<\/span><\/li>\n<li><span style=\"font-size: 75%;\">BMW X6 G06\u00a0<\/span><\/li>\n<li><span style=\"font-size: 75%;\">BMW X7 G07<\/span><\/li>\n<\/ul>\n<p><span style=\"font-size: 80%;\"><strong>Estimated production time:<\/strong> 28 dni<\/span><\/p>","protected":false},"featured_media":2986,"template":"","meta":[],"product_brand":[287],"product_cat":[70,248,245],"product_tag":[],"class_list":{"0":"post-2983","1":"product","2":"type-product","3":"status-publish","4":"has-post-thumbnail","6":"product_brand-carbonmiledesign","7":"product_cat-bmw","8":"product_cat-x5-g05","9":"product_cat-x7-g07","10":"product_shipping_class-mala","11":"pa_generacja-g05","12":"pa_generacja-g07","13":"pa_marka-bmw","14":"pa_model-x5","15":"pa_model-x7","17":"first","18":"instock","19":"shipping-taxable","20":"purchasable","21":"product-type-simple"},"yoast_head":"<!-- This site is optimized with the Yoast SEO plugin v26.6 - https:\/\/yoast.com\/wordpress\/plugins\/seo\/ -->\n<title>Obudowy lusterek lusterka carbon MP Style BMW X3 G01 X4 G02 X5 G05 X6 G06 X7 G07<\/title>\n<meta name=\"description\" content=\"Obudowy lusterek lusterka carbon MP Style BMW X3 G01 X4 G02 X5 G05 X6 G06 X7 G07 | Podkre\u015bl sportowy charakter swojego BMW! Nowe oblicze tuningu wizualnego z CM Design\" \/>\n<meta name=\"robots\" content=\"index, follow, max-snippet:-1, max-image-preview:large, max-video-preview:-1\" \/>\n<link rel=\"canonical\" href=\"https:\/\/carbonmiledesign.pl\/en\/product\/obudowy-lusterek-lusterka-carbon-mp-style-bmw-x3-g01-x4-g02-x5-g05-x6-g06-x7-g07\/\" \/>\n<meta property=\"og:locale\" content=\"en_US\" \/>\n<meta property=\"og:type\" content=\"article\" \/>\n<meta property=\"og:title\" content=\"Obudowy lusterek lusterka carbon MP Style BMW X3 G01 X4 G02 X5 G05 X6 G06 X7 G07\" \/>\n<meta property=\"og:description\" content=\"Obudowy lusterek lusterka carbon MP Style BMW X3 G01 X4 G02 X5 G05 X6 G06 X7 G07 | Podkre\u015bl sportowy charakter swojego BMW! Nowe oblicze tuningu wizualnego z CM Design\" \/>\n<meta property=\"og:url\" content=\"https:\/\/carbonmiledesign.pl\/en\/product\/obudowy-lusterek-lusterka-carbon-mp-style-bmw-x3-g01-x4-g02-x5-g05-x6-g06-x7-g07\/\" \/>\n<meta property=\"og:site_name\" content=\"CarbonMile design\" \/>\n<meta property=\"article:modified_time\" content=\"2025-11-05T13:15:49+00:00\" \/>\n<meta property=\"og:image\" content=\"https:\/\/carbonmiledesign.pl\/wp-content\/uploads\/2025\/07\/lusterka-carbon-g01-1.jpeg\" \/>\n\t<meta property=\"og:image:width\" content=\"1000\" \/>\n\t<meta property=\"og:image:height\" content=\"1000\" \/>\n\t<meta property=\"og:image:type\" content=\"image\/jpeg\" \/>\n<meta name=\"twitter:card\" content=\"summary_large_image\" \/>\n<meta name=\"twitter:label1\" content=\"Est. reading time\" \/>\n\t<meta name=\"twitter:data1\" content=\"1 minute\" \/>\n<script type=\"application\/ld+json\" class=\"yoast-schema-graph\">{\"@context\":\"https:\/\/schema.org\",\"@graph\":[{\"@type\":\"WebPage\",\"@id\":\"https:\/\/carbonmiledesign.pl\/produkt\/obudowy-lusterek-lusterka-carbon-mp-style-bmw-x3-g01-x4-g02-x5-g05-x6-g06-x7-g07\/\",\"url\":\"https:\/\/carbonmiledesign.pl\/produkt\/obudowy-lusterek-lusterka-carbon-mp-style-bmw-x3-g01-x4-g02-x5-g05-x6-g06-x7-g07\/\",\"name\":\"Obudowy lusterek lusterka carbon MP Style BMW X3 G01 X4 G02 X5 G05 X6 G06 X7 G07\",\"isPartOf\":{\"@id\":\"https:\/\/carbonmiledesign.pl\/#website\"},\"primaryImageOfPage\":{\"@id\":\"https:\/\/carbonmiledesign.pl\/produkt\/obudowy-lusterek-lusterka-carbon-mp-style-bmw-x3-g01-x4-g02-x5-g05-x6-g06-x7-g07\/#primaryimage\"},\"image\":{\"@id\":\"https:\/\/carbonmiledesign.pl\/produkt\/obudowy-lusterek-lusterka-carbon-mp-style-bmw-x3-g01-x4-g02-x5-g05-x6-g06-x7-g07\/#primaryimage\"},\"thumbnailUrl\":\"https:\/\/carbonmiledesign.pl\/wp-content\/uploads\/2025\/07\/lusterka-carbon-g01-1.jpeg\",\"datePublished\":\"2025-07-18T12:02:00+00:00\",\"dateModified\":\"2025-11-05T13:15:49+00:00\",\"description\":\"Obudowy lusterek lusterka carbon MP Style BMW X3 G01 X4 G02 X5 G05 X6 G06 X7 G07 | Podkre\u015bl sportowy charakter swojego BMW! Nowe oblicze tuningu wizualnego z CM Design\",\"breadcrumb\":{\"@id\":\"https:\/\/carbonmiledesign.pl\/produkt\/obudowy-lusterek-lusterka-carbon-mp-style-bmw-x3-g01-x4-g02-x5-g05-x6-g06-x7-g07\/#breadcrumb\"},\"inLanguage\":\"en-US\",\"potentialAction\":[{\"@type\":\"ReadAction\",\"target\":[\"https:\/\/carbonmiledesign.pl\/produkt\/obudowy-lusterek-lusterka-carbon-mp-style-bmw-x3-g01-x4-g02-x5-g05-x6-g06-x7-g07\/\"]}]},{\"@type\":\"ImageObject\",\"inLanguage\":\"en-US\",\"@id\":\"https:\/\/carbonmiledesign.pl\/produkt\/obudowy-lusterek-lusterka-carbon-mp-style-bmw-x3-g01-x4-g02-x5-g05-x6-g06-x7-g07\/#primaryimage\",\"url\":\"https:\/\/carbonmiledesign.pl\/wp-content\/uploads\/2025\/07\/lusterka-carbon-g01-1.jpeg\",\"contentUrl\":\"https:\/\/carbonmiledesign.pl\/wp-content\/uploads\/2025\/07\/lusterka-carbon-g01-1.jpeg\",\"width\":1000,\"height\":1000},{\"@type\":\"BreadcrumbList\",\"@id\":\"https:\/\/carbonmiledesign.pl\/produkt\/obudowy-lusterek-lusterka-carbon-mp-style-bmw-x3-g01-x4-g02-x5-g05-x6-g06-x7-g07\/#breadcrumb\",\"itemListElement\":[{\"@type\":\"ListItem\",\"position\":1,\"name\":\"Strona g\u0142\u00f3wna\",\"item\":\"https:\/\/carbonmiledesign.pl\/\"},{\"@type\":\"ListItem\",\"position\":2,\"name\":\"Sklep\",\"item\":\"https:\/\/carbonmiledesign.pl\/sklep-wysokiej-jakosci-czesci-carbon\/\"},{\"@type\":\"ListItem\",\"position\":3,\"name\":\"Obudowy lusterek lusterka carbon MP Style BMW X3 G01 X4 G02 X5 G05 X6 G06 X7 G07\"}]},{\"@type\":\"WebSite\",\"@id\":\"https:\/\/carbonmiledesign.pl\/#website\",\"url\":\"https:\/\/carbonmiledesign.pl\/\",\"name\":\"Carbonmile Design\",\"description\":\"\",\"publisher\":{\"@id\":\"https:\/\/carbonmiledesign.pl\/#organization\"},\"alternateName\":\"CM Design\",\"potentialAction\":[{\"@type\":\"SearchAction\",\"target\":{\"@type\":\"EntryPoint\",\"urlTemplate\":\"https:\/\/carbonmiledesign.pl\/?s={search_term_string}\"},\"query-input\":{\"@type\":\"PropertyValueSpecification\",\"valueRequired\":true,\"valueName\":\"search_term_string\"}}],\"inLanguage\":\"en-US\"},{\"@type\":\"Organization\",\"@id\":\"https:\/\/carbonmiledesign.pl\/#organization\",\"name\":\"Carbonmile Design\",\"url\":\"https:\/\/carbonmiledesign.pl\/\",\"logo\":{\"@type\":\"ImageObject\",\"inLanguage\":\"en-US\",\"@id\":\"https:\/\/carbonmiledesign.pl\/#\/schema\/logo\/image\/\",\"url\":\"https:\/\/carbonmiledesign.pl\/wp-content\/uploads\/2025\/01\/Carbonmiledesign-logo-czarne-przezroczyste-tlo.png\",\"contentUrl\":\"https:\/\/carbonmiledesign.pl\/wp-content\/uploads\/2025\/01\/Carbonmiledesign-logo-czarne-przezroczyste-tlo.png\",\"width\":2420,\"height\":520,\"caption\":\"Carbonmile Design\"},\"image\":{\"@id\":\"https:\/\/carbonmiledesign.pl\/#\/schema\/logo\/image\/\"}}]}<\/script>\n<!-- \/ Yoast SEO plugin. -->","yoast_head_json":{"title":"Mirror housings carbon mirror MP Style BMW X3 G01 X4 G02 X5 G05 X6 G06 X7 G07","description":"Obudowy lusterek lusterka carbon MP Style BMW X3 G01 X4 G02 X5 G05 X6 G06 X7 G07 | Podkre\u015bl sportowy charakter swojego BMW! Nowe oblicze tuningu wizualnego z CM Design","robots":{"index":"index","follow":"follow","max-snippet":"max-snippet:-1","max-image-preview":"max-image-preview:large","max-video-preview":"max-video-preview:-1"},"canonical":"https:\/\/carbonmiledesign.pl\/en\/product\/obudowy-lusterek-lusterka-carbon-mp-style-bmw-x3-g01-x4-g02-x5-g05-x6-g06-x7-g07\/","og_locale":"en_US","og_type":"article","og_title":"Obudowy lusterek lusterka carbon MP Style BMW X3 G01 X4 G02 X5 G05 X6 G06 X7 G07","og_description":"Obudowy lusterek lusterka carbon MP Style BMW X3 G01 X4 G02 X5 G05 X6 G06 X7 G07 | Podkre\u015bl sportowy charakter swojego BMW! Nowe oblicze tuningu wizualnego z CM Design","og_url":"https:\/\/carbonmiledesign.pl\/en\/product\/obudowy-lusterek-lusterka-carbon-mp-style-bmw-x3-g01-x4-g02-x5-g05-x6-g06-x7-g07\/","og_site_name":"CarbonMile design","article_modified_time":"2025-11-05T13:15:49+00:00","og_image":[{"width":1000,"height":1000,"url":"https:\/\/carbonmiledesign.pl\/wp-content\/uploads\/2025\/07\/lusterka-carbon-g01-1.jpeg","type":"image\/jpeg"}],"twitter_card":"summary_large_image","twitter_misc":{"Est. reading time":"1 minute"},"schema":{"@context":"https:\/\/schema.org","@graph":[{"@type":"WebPage","@id":"https:\/\/carbonmiledesign.pl\/produkt\/obudowy-lusterek-lusterka-carbon-mp-style-bmw-x3-g01-x4-g02-x5-g05-x6-g06-x7-g07\/","url":"https:\/\/carbonmiledesign.pl\/produkt\/obudowy-lusterek-lusterka-carbon-mp-style-bmw-x3-g01-x4-g02-x5-g05-x6-g06-x7-g07\/","name":"Mirror housings carbon mirror MP Style BMW X3 G01 X4 G02 X5 G05 X6 G06 X7 G07","isPartOf":{"@id":"https:\/\/carbonmiledesign.pl\/#website"},"primaryImageOfPage":{"@id":"https:\/\/carbonmiledesign.pl\/produkt\/obudowy-lusterek-lusterka-carbon-mp-style-bmw-x3-g01-x4-g02-x5-g05-x6-g06-x7-g07\/#primaryimage"},"image":{"@id":"https:\/\/carbonmiledesign.pl\/produkt\/obudowy-lusterek-lusterka-carbon-mp-style-bmw-x3-g01-x4-g02-x5-g05-x6-g06-x7-g07\/#primaryimage"},"thumbnailUrl":"https:\/\/carbonmiledesign.pl\/wp-content\/uploads\/2025\/07\/lusterka-carbon-g01-1.jpeg","datePublished":"2025-07-18T12:02:00+00:00","dateModified":"2025-11-05T13:15:49+00:00","description":"Obudowy lusterek lusterka carbon MP Style BMW X3 G01 X4 G02 X5 G05 X6 G06 X7 G07 | Podkre\u015bl sportowy charakter swojego BMW! Nowe oblicze tuningu wizualnego z CM Design","breadcrumb":{"@id":"https:\/\/carbonmiledesign.pl\/produkt\/obudowy-lusterek-lusterka-carbon-mp-style-bmw-x3-g01-x4-g02-x5-g05-x6-g06-x7-g07\/#breadcrumb"},"inLanguage":"en-US","potentialAction":[{"@type":"ReadAction","target":["https:\/\/carbonmiledesign.pl\/produkt\/obudowy-lusterek-lusterka-carbon-mp-style-bmw-x3-g01-x4-g02-x5-g05-x6-g06-x7-g07\/"]}]},{"@type":"ImageObject","inLanguage":"en-US","@id":"https:\/\/carbonmiledesign.pl\/produkt\/obudowy-lusterek-lusterka-carbon-mp-style-bmw-x3-g01-x4-g02-x5-g05-x6-g06-x7-g07\/#primaryimage","url":"https:\/\/carbonmiledesign.pl\/wp-content\/uploads\/2025\/07\/lusterka-carbon-g01-1.jpeg","contentUrl":"https:\/\/carbonmiledesign.pl\/wp-content\/uploads\/2025\/07\/lusterka-carbon-g01-1.jpeg","width":1000,"height":1000},{"@type":"BreadcrumbList","@id":"https:\/\/carbonmiledesign.pl\/produkt\/obudowy-lusterek-lusterka-carbon-mp-style-bmw-x3-g01-x4-g02-x5-g05-x6-g06-x7-g07\/#breadcrumb","itemListElement":[{"@type":"ListItem","position":1,"name":"Strona g\u0142\u00f3wna","item":"https:\/\/carbonmiledesign.pl\/"},{"@type":"ListItem","position":2,"name":"Sklep","item":"https:\/\/carbonmiledesign.pl\/sklep-wysokiej-jakosci-czesci-carbon\/"},{"@type":"ListItem","position":3,"name":"Obudowy lusterek lusterka carbon MP Style BMW X3 G01 X4 G02 X5 G05 X6 G06 X7 G07"}]},{"@type":"WebSite","@id":"https:\/\/carbonmiledesign.pl\/#website","url":"https:\/\/carbonmiledesign.pl\/","name":"Carbonmile Design","description":"","publisher":{"@id":"https:\/\/carbonmiledesign.pl\/#organization"},"alternateName":"CM Design","potentialAction":[{"@type":"SearchAction","target":{"@type":"EntryPoint","urlTemplate":"https:\/\/carbonmiledesign.pl\/?s={search_term_string}"},"query-input":{"@type":"PropertyValueSpecification","valueRequired":true,"valueName":"search_term_string"}}],"inLanguage":"en-US"},{"@type":"Organization","@id":"https:\/\/carbonmiledesign.pl\/#organization","name":"Carbonmile Design","url":"https:\/\/carbonmiledesign.pl\/","logo":{"@type":"ImageObject","inLanguage":"en-US","@id":"https:\/\/carbonmiledesign.pl\/#\/schema\/logo\/image\/","url":"https:\/\/carbonmiledesign.pl\/wp-content\/uploads\/2025\/01\/Carbonmiledesign-logo-czarne-przezroczyste-tlo.png","contentUrl":"https:\/\/carbonmiledesign.pl\/wp-content\/uploads\/2025\/01\/Carbonmiledesign-logo-czarne-przezroczyste-tlo.png","width":2420,"height":520,"caption":"Carbonmile Design"},"image":{"@id":"https:\/\/carbonmiledesign.pl\/#\/schema\/logo\/image\/"}}]}},"jetpack_sharing_enabled":true,"_links":{"self":[{"href":"https:\/\/carbonmiledesign.pl\/en\/wp-json\/wp\/v2\/product\/2983","targetHints":{"allow":["GET"]}}],"collection":[{"href":"https:\/\/carbonmiledesign.pl\/en\/wp-json\/wp\/v2\/product"}],"about":[{"href":"https:\/\/carbonmiledesign.pl\/en\/wp-json\/wp\/v2\/types\/product"}],"wp:featuredmedia":[{"embeddable":true,"href":"https:\/\/carbonmiledesign.pl\/en\/wp-json\/wp\/v2\/media\/2986"}],"wp:attachment":[{"href":"https:\/\/carbonmiledesign.pl\/en\/wp-json\/wp\/v2\/media?parent=2983"}],"wp:term":[{"taxonomy":"product_brand","embeddable":true,"href":"https:\/\/carbonmiledesign.pl\/en\/wp-json\/wp\/v2\/product_brand?post=2983"},{"taxonomy":"product_cat","embeddable":true,"href":"https:\/\/carbonmiledesign.pl\/en\/wp-json\/wp\/v2\/product_cat?post=2983"},{"taxonomy":"product_tag","embeddable":true,"href":"https:\/\/carbonmiledesign.pl\/en\/wp-json\/wp\/v2\/product_tag?post=2983"}],"curies":[{"name":"wp","href":"https:\/\/api.w.org\/{rel}","templated":true}]}}