{"id":2955,"date":"2025-07-18T13:32:09","date_gmt":"2025-07-18T11:32:09","guid":{"rendered":"https:\/\/carbonmiledesign.pl\/?post_type=product&#038;p=2955"},"modified":"2025-12-02T01:49:00","modified_gmt":"2025-12-02T00:49:00","slug":"koncowki-wydechu-carbon-cm-bmw-m3-g80-g81-m4-g82-g83-m2-g87","status":"publish","type":"product","link":"https:\/\/carbonmiledesign.pl\/en\/product\/koncowki-wydechu-carbon-cm-bmw-m3-g80-g81-m4-g82-g83-m2-g87\/","title":{"rendered":"Exhaust tips carbon CM BMW M3 G80 G81 M4 G82 G83 M2 G87"},"content":{"rendered":"<h3><strong>Exhaust tips carbon CM BMW M3 G80 G81 M4 G82 G83 M2 G87<\/strong><\/h3>\n<p><span style=\"font-size: 100%;\"><strong>Manufacturer:<\/strong> CM Design<\/span><\/p>\n<p><span style=\"font-size: 100%;\"><strong>Material:<\/strong> Material: Carbon fibre (Dry carbon)<a href=\"https:\/\/carbonmiledesign.pl\/karbon-od-podstaw-co-warto-wiedziec\/\">Dry carbon<\/a>)<\/span><\/p>\n<p><b>Fits to:<\/b><\/p>\n<ul>\n<li>BMW M3 G80<\/li>\n<li>BMW M3 G81 Touring<\/li>\n<li>BMW M4 G82<\/li>\n<li>BMW M4 G83<\/li>\n<li>BMW M2 G87<\/li>\n<\/ul>\n<p><span style=\"font-size: 100%;\">Wysokiej jako\u015bci ko\u0144c\u00f3wki wydechu wykonane z carbonu to idealne po\u0142\u0105czenie estetyki i funkcjonalno\u015bci. Projekt CM Design zapewnia doskona\u0142e dopasowanie, trwa\u0142o\u015b\u0107 i wyko\u0144czenie klasy premium. Ko\u0144c\u00f3wki te \u015bwietnie wsp\u00f3\u0142graj\u0105 z fabrycznym uk\u0142adem wydechowym oraz dodaj\u0105 agresywnego, sportowego charakteru ty\u0142owi pojazdu.<\/span><\/p>\n<p>Najwy\u017csze standardy produkcji gwarantuj\u0105 zar\u00f3wno perfekcyjny wygl\u0105d, jak i niezawodno\u015b\u0107 w u\u017cytkowaniu.<\/p>","protected":false},"excerpt":{"rendered":"<h4><span style=\"font-size: 75%;\"><strong>Exhaust tips carbon CM BMW M3 G80 G81 M4 G82 G83 M2 G87<\/strong><\/span><\/h4>\n<p><span style=\"font-size: 10.8px;\">Ko\u0144c\u00f3wki wydechu wykonane z najwy\u017cszej jako\u015bci carbonu, stworzone przez CM Design, podkre\u015blaj\u0105 sportowy charakter pojazdu i idealnie komponuj\u0105 si\u0119 z fabrycznym uk\u0142adem wydechowym.<\/span><\/p>\n<p><span style=\"font-size: 75%;\"><strong>Fits to:<\/strong><\/span><\/p>\n<ul>\n<li><span style=\"font-size: 75%;\">BMW M3 G80<\/span><\/li>\n<li><span style=\"font-size: 75%;\">BMW M3 G81<\/span><\/li>\n<li><span style=\"font-size: 75%;\">BMW M4 G82<\/span><\/li>\n<li><span style=\"font-size: 75%;\">BMW M4 G83<br \/>\n<\/span><\/li>\n<li><span style=\"font-size: 75%;\">BMW M2 G87<\/span><\/li>\n<\/ul>\n<p><span style=\"font-size: 75%;\"><strong>Estimated production time:<\/strong> 18 dni<\/span><\/p>","protected":false},"featured_media":2993,"template":"","meta":[],"product_brand":[287],"product_cat":[70,203,107,123,211,212,146,105,143],"product_tag":[77,78,79,80,81,147,148],"class_list":{"0":"post-2955","1":"product","2":"type-product","3":"status-publish","4":"has-post-thumbnail","6":"product_brand-carbonmiledesign","7":"product_cat-bmw","8":"product_cat-m2-g87","9":"product_cat-m3-g80","10":"product_cat-m3-g81","11":"product_cat-m4-g82","12":"product_cat-m4-g83","13":"product_cat-seria-2-m2","14":"product_cat-seria-3-m3","15":"product_cat-seria-4-m4","16":"product_tag-bmw","17":"product_tag-m3-g80","18":"product_tag-m3-g81","19":"product_tag-m4-g82","20":"product_tag-m4-g83","21":"product_tag-seria-3-m3","22":"product_tag-seria-4-m4","23":"product_shipping_class-mala","24":"pa_generacja-g80","25":"pa_generacja-g81","26":"pa_generacja-g82","27":"pa_generacja-g83","28":"pa_marka-bmw","29":"pa_model-seria-3-m3","30":"pa_model-seria-4-m4","32":"first","33":"instock","34":"shipping-taxable","35":"purchasable","36":"product-type-simple"},"yoast_head":"<!-- This site is optimized with the Yoast SEO plugin v26.6 - https:\/\/yoast.com\/wordpress\/plugins\/seo\/ -->\n<title>Ko\u0144c\u00f3wki wydechu carbon CM BMW M3 G80 G81 M4 G82 G83 M2 G87<\/title>\n<meta name=\"description\" content=\"Podkre\u015bl wyj\u0105tkowy styl swojego BMW M3 M4 G8X! Carbonowe ko\u0144c\u00f3wki wydechu CM Design to po\u0142\u0105czenie sportowego charakteru, najwy\u017cszej jako\u015bci wykonania i perfekcyjnego dopasowania \u2013 postaw na CM Design.\" \/>\n<meta name=\"robots\" content=\"index, follow, max-snippet:-1, max-image-preview:large, max-video-preview:-1\" \/>\n<link rel=\"canonical\" href=\"https:\/\/carbonmiledesign.pl\/en\/product\/koncowki-wydechu-carbon-cm-bmw-m3-g80-g81-m4-g82-g83-m2-g87\/\" \/>\n<meta property=\"og:locale\" content=\"en_US\" \/>\n<meta property=\"og:type\" content=\"article\" \/>\n<meta property=\"og:title\" content=\"Ko\u0144c\u00f3wki wydechu carbon CM BMW M3 G80 G81 M4 G82 G83 M2 G87\" \/>\n<meta property=\"og:description\" content=\"Podkre\u015bl wyj\u0105tkowy styl swojego BMW M3 M4 G8X! Carbonowe ko\u0144c\u00f3wki wydechu CM Design to po\u0142\u0105czenie sportowego charakteru, najwy\u017cszej jako\u015bci wykonania i perfekcyjnego dopasowania \u2013 postaw na CM Design.\" \/>\n<meta property=\"og:url\" content=\"https:\/\/carbonmiledesign.pl\/en\/product\/koncowki-wydechu-carbon-cm-bmw-m3-g80-g81-m4-g82-g83-m2-g87\/\" \/>\n<meta property=\"og:site_name\" content=\"CarbonMile design\" \/>\n<meta property=\"article:modified_time\" content=\"2025-12-02T00:49:00+00:00\" \/>\n<meta property=\"og:image\" content=\"https:\/\/carbonmiledesign.pl\/wp-content\/uploads\/2025\/07\/7.png\" \/>\n\t<meta property=\"og:image:width\" content=\"1576\" \/>\n\t<meta property=\"og:image:height\" content=\"1576\" \/>\n\t<meta property=\"og:image:type\" content=\"image\/png\" \/>\n<meta name=\"twitter:card\" content=\"summary_large_image\" \/>\n<meta name=\"twitter:label1\" content=\"Est. reading time\" \/>\n\t<meta name=\"twitter:data1\" content=\"1 minute\" \/>\n<script type=\"application\/ld+json\" class=\"yoast-schema-graph\">{\"@context\":\"https:\/\/schema.org\",\"@graph\":[{\"@type\":\"WebPage\",\"@id\":\"https:\/\/carbonmiledesign.pl\/produkt\/koncowki-wydechu-carbon-cm-bmw-m3-g80-g81-m4-g82-g83-m2-g87\/\",\"url\":\"https:\/\/carbonmiledesign.pl\/produkt\/koncowki-wydechu-carbon-cm-bmw-m3-g80-g81-m4-g82-g83-m2-g87\/\",\"name\":\"Ko\u0144c\u00f3wki wydechu carbon CM BMW M3 G80 G81 M4 G82 G83 M2 G87\",\"isPartOf\":{\"@id\":\"https:\/\/carbonmiledesign.pl\/#website\"},\"primaryImageOfPage\":{\"@id\":\"https:\/\/carbonmiledesign.pl\/produkt\/koncowki-wydechu-carbon-cm-bmw-m3-g80-g81-m4-g82-g83-m2-g87\/#primaryimage\"},\"image\":{\"@id\":\"https:\/\/carbonmiledesign.pl\/produkt\/koncowki-wydechu-carbon-cm-bmw-m3-g80-g81-m4-g82-g83-m2-g87\/#primaryimage\"},\"thumbnailUrl\":\"https:\/\/carbonmiledesign.pl\/wp-content\/uploads\/2025\/07\/7.png\",\"datePublished\":\"2025-07-18T11:32:09+00:00\",\"dateModified\":\"2025-12-02T00:49:00+00:00\",\"description\":\"Podkre\u015bl wyj\u0105tkowy styl swojego BMW M3 M4 G8X! Carbonowe ko\u0144c\u00f3wki wydechu CM Design to po\u0142\u0105czenie sportowego charakteru, najwy\u017cszej jako\u015bci wykonania i perfekcyjnego dopasowania \u2013 postaw na CM Design.\",\"breadcrumb\":{\"@id\":\"https:\/\/carbonmiledesign.pl\/produkt\/koncowki-wydechu-carbon-cm-bmw-m3-g80-g81-m4-g82-g83-m2-g87\/#breadcrumb\"},\"inLanguage\":\"en-US\",\"potentialAction\":[{\"@type\":\"ReadAction\",\"target\":[\"https:\/\/carbonmiledesign.pl\/produkt\/koncowki-wydechu-carbon-cm-bmw-m3-g80-g81-m4-g82-g83-m2-g87\/\"]}]},{\"@type\":\"ImageObject\",\"inLanguage\":\"en-US\",\"@id\":\"https:\/\/carbonmiledesign.pl\/produkt\/koncowki-wydechu-carbon-cm-bmw-m3-g80-g81-m4-g82-g83-m2-g87\/#primaryimage\",\"url\":\"https:\/\/carbonmiledesign.pl\/wp-content\/uploads\/2025\/07\/7.png\",\"contentUrl\":\"https:\/\/carbonmiledesign.pl\/wp-content\/uploads\/2025\/07\/7.png\",\"width\":1576,\"height\":1576},{\"@type\":\"BreadcrumbList\",\"@id\":\"https:\/\/carbonmiledesign.pl\/produkt\/koncowki-wydechu-carbon-cm-bmw-m3-g80-g81-m4-g82-g83-m2-g87\/#breadcrumb\",\"itemListElement\":[{\"@type\":\"ListItem\",\"position\":1,\"name\":\"Strona g\u0142\u00f3wna\",\"item\":\"https:\/\/carbonmiledesign.pl\/\"},{\"@type\":\"ListItem\",\"position\":2,\"name\":\"Sklep\",\"item\":\"https:\/\/carbonmiledesign.pl\/sklep-wysokiej-jakosci-czesci-carbon\/\"},{\"@type\":\"ListItem\",\"position\":3,\"name\":\"Ko\u0144c\u00f3wki wydechu carbon CM BMW M3 G80 G81 M4 G82 G83 M2 G87\"}]},{\"@type\":\"WebSite\",\"@id\":\"https:\/\/carbonmiledesign.pl\/#website\",\"url\":\"https:\/\/carbonmiledesign.pl\/\",\"name\":\"Carbonmile Design\",\"description\":\"\",\"publisher\":{\"@id\":\"https:\/\/carbonmiledesign.pl\/#organization\"},\"alternateName\":\"CM Design\",\"potentialAction\":[{\"@type\":\"SearchAction\",\"target\":{\"@type\":\"EntryPoint\",\"urlTemplate\":\"https:\/\/carbonmiledesign.pl\/?s={search_term_string}\"},\"query-input\":{\"@type\":\"PropertyValueSpecification\",\"valueRequired\":true,\"valueName\":\"search_term_string\"}}],\"inLanguage\":\"en-US\"},{\"@type\":\"Organization\",\"@id\":\"https:\/\/carbonmiledesign.pl\/#organization\",\"name\":\"Carbonmile Design\",\"url\":\"https:\/\/carbonmiledesign.pl\/\",\"logo\":{\"@type\":\"ImageObject\",\"inLanguage\":\"en-US\",\"@id\":\"https:\/\/carbonmiledesign.pl\/#\/schema\/logo\/image\/\",\"url\":\"https:\/\/carbonmiledesign.pl\/wp-content\/uploads\/2025\/01\/Carbonmiledesign-logo-czarne-przezroczyste-tlo.png\",\"contentUrl\":\"https:\/\/carbonmiledesign.pl\/wp-content\/uploads\/2025\/01\/Carbonmiledesign-logo-czarne-przezroczyste-tlo.png\",\"width\":2420,\"height\":520,\"caption\":\"Carbonmile Design\"},\"image\":{\"@id\":\"https:\/\/carbonmiledesign.pl\/#\/schema\/logo\/image\/\"}}]}<\/script>\n<!-- \/ Yoast SEO plugin. -->","yoast_head_json":{"title":"Exhaust tips carbon CM BMW M3 G80 G81 M4 G82 G83 M2 G87","description":"Podkre\u015bl wyj\u0105tkowy styl swojego BMW M3 M4 G8X! Carbonowe ko\u0144c\u00f3wki wydechu CM Design to po\u0142\u0105czenie sportowego charakteru, najwy\u017cszej jako\u015bci wykonania i perfekcyjnego dopasowania \u2013 postaw na CM Design.","robots":{"index":"index","follow":"follow","max-snippet":"max-snippet:-1","max-image-preview":"max-image-preview:large","max-video-preview":"max-video-preview:-1"},"canonical":"https:\/\/carbonmiledesign.pl\/en\/product\/koncowki-wydechu-carbon-cm-bmw-m3-g80-g81-m4-g82-g83-m2-g87\/","og_locale":"en_US","og_type":"article","og_title":"Ko\u0144c\u00f3wki wydechu carbon CM BMW M3 G80 G81 M4 G82 G83 M2 G87","og_description":"Podkre\u015bl wyj\u0105tkowy styl swojego BMW M3 M4 G8X! Carbonowe ko\u0144c\u00f3wki wydechu CM Design to po\u0142\u0105czenie sportowego charakteru, najwy\u017cszej jako\u015bci wykonania i perfekcyjnego dopasowania \u2013 postaw na CM Design.","og_url":"https:\/\/carbonmiledesign.pl\/en\/product\/koncowki-wydechu-carbon-cm-bmw-m3-g80-g81-m4-g82-g83-m2-g87\/","og_site_name":"CarbonMile design","article_modified_time":"2025-12-02T00:49:00+00:00","og_image":[{"width":1576,"height":1576,"url":"https:\/\/carbonmiledesign.pl\/wp-content\/uploads\/2025\/07\/7.png","type":"image\/png"}],"twitter_card":"summary_large_image","twitter_misc":{"Est. reading time":"1 minute"},"schema":{"@context":"https:\/\/schema.org","@graph":[{"@type":"WebPage","@id":"https:\/\/carbonmiledesign.pl\/produkt\/koncowki-wydechu-carbon-cm-bmw-m3-g80-g81-m4-g82-g83-m2-g87\/","url":"https:\/\/carbonmiledesign.pl\/produkt\/koncowki-wydechu-carbon-cm-bmw-m3-g80-g81-m4-g82-g83-m2-g87\/","name":"Exhaust tips carbon CM BMW M3 G80 G81 M4 G82 G83 M2 G87","isPartOf":{"@id":"https:\/\/carbonmiledesign.pl\/#website"},"primaryImageOfPage":{"@id":"https:\/\/carbonmiledesign.pl\/produkt\/koncowki-wydechu-carbon-cm-bmw-m3-g80-g81-m4-g82-g83-m2-g87\/#primaryimage"},"image":{"@id":"https:\/\/carbonmiledesign.pl\/produkt\/koncowki-wydechu-carbon-cm-bmw-m3-g80-g81-m4-g82-g83-m2-g87\/#primaryimage"},"thumbnailUrl":"https:\/\/carbonmiledesign.pl\/wp-content\/uploads\/2025\/07\/7.png","datePublished":"2025-07-18T11:32:09+00:00","dateModified":"2025-12-02T00:49:00+00:00","description":"Podkre\u015bl wyj\u0105tkowy styl swojego BMW M3 M4 G8X! Carbonowe ko\u0144c\u00f3wki wydechu CM Design to po\u0142\u0105czenie sportowego charakteru, najwy\u017cszej jako\u015bci wykonania i perfekcyjnego dopasowania \u2013 postaw na CM Design.","breadcrumb":{"@id":"https:\/\/carbonmiledesign.pl\/produkt\/koncowki-wydechu-carbon-cm-bmw-m3-g80-g81-m4-g82-g83-m2-g87\/#breadcrumb"},"inLanguage":"en-US","potentialAction":[{"@type":"ReadAction","target":["https:\/\/carbonmiledesign.pl\/produkt\/koncowki-wydechu-carbon-cm-bmw-m3-g80-g81-m4-g82-g83-m2-g87\/"]}]},{"@type":"ImageObject","inLanguage":"en-US","@id":"https:\/\/carbonmiledesign.pl\/produkt\/koncowki-wydechu-carbon-cm-bmw-m3-g80-g81-m4-g82-g83-m2-g87\/#primaryimage","url":"https:\/\/carbonmiledesign.pl\/wp-content\/uploads\/2025\/07\/7.png","contentUrl":"https:\/\/carbonmiledesign.pl\/wp-content\/uploads\/2025\/07\/7.png","width":1576,"height":1576},{"@type":"BreadcrumbList","@id":"https:\/\/carbonmiledesign.pl\/produkt\/koncowki-wydechu-carbon-cm-bmw-m3-g80-g81-m4-g82-g83-m2-g87\/#breadcrumb","itemListElement":[{"@type":"ListItem","position":1,"name":"Strona g\u0142\u00f3wna","item":"https:\/\/carbonmiledesign.pl\/"},{"@type":"ListItem","position":2,"name":"Sklep","item":"https:\/\/carbonmiledesign.pl\/sklep-wysokiej-jakosci-czesci-carbon\/"},{"@type":"ListItem","position":3,"name":"Ko\u0144c\u00f3wki wydechu carbon CM BMW M3 G80 G81 M4 G82 G83 M2 G87"}]},{"@type":"WebSite","@id":"https:\/\/carbonmiledesign.pl\/#website","url":"https:\/\/carbonmiledesign.pl\/","name":"Carbonmile Design","description":"","publisher":{"@id":"https:\/\/carbonmiledesign.pl\/#organization"},"alternateName":"CM Design","potentialAction":[{"@type":"SearchAction","target":{"@type":"EntryPoint","urlTemplate":"https:\/\/carbonmiledesign.pl\/?s={search_term_string}"},"query-input":{"@type":"PropertyValueSpecification","valueRequired":true,"valueName":"search_term_string"}}],"inLanguage":"en-US"},{"@type":"Organization","@id":"https:\/\/carbonmiledesign.pl\/#organization","name":"Carbonmile Design","url":"https:\/\/carbonmiledesign.pl\/","logo":{"@type":"ImageObject","inLanguage":"en-US","@id":"https:\/\/carbonmiledesign.pl\/#\/schema\/logo\/image\/","url":"https:\/\/carbonmiledesign.pl\/wp-content\/uploads\/2025\/01\/Carbonmiledesign-logo-czarne-przezroczyste-tlo.png","contentUrl":"https:\/\/carbonmiledesign.pl\/wp-content\/uploads\/2025\/01\/Carbonmiledesign-logo-czarne-przezroczyste-tlo.png","width":2420,"height":520,"caption":"Carbonmile Design"},"image":{"@id":"https:\/\/carbonmiledesign.pl\/#\/schema\/logo\/image\/"}}]}},"jetpack_sharing_enabled":true,"_links":{"self":[{"href":"https:\/\/carbonmiledesign.pl\/en\/wp-json\/wp\/v2\/product\/2955","targetHints":{"allow":["GET"]}}],"collection":[{"href":"https:\/\/carbonmiledesign.pl\/en\/wp-json\/wp\/v2\/product"}],"about":[{"href":"https:\/\/carbonmiledesign.pl\/en\/wp-json\/wp\/v2\/types\/product"}],"wp:featuredmedia":[{"embeddable":true,"href":"https:\/\/carbonmiledesign.pl\/en\/wp-json\/wp\/v2\/media\/2993"}],"wp:attachment":[{"href":"https:\/\/carbonmiledesign.pl\/en\/wp-json\/wp\/v2\/media?parent=2955"}],"wp:term":[{"taxonomy":"product_brand","embeddable":true,"href":"https:\/\/carbonmiledesign.pl\/en\/wp-json\/wp\/v2\/product_brand?post=2955"},{"taxonomy":"product_cat","embeddable":true,"href":"https:\/\/carbonmiledesign.pl\/en\/wp-json\/wp\/v2\/product_cat?post=2955"},{"taxonomy":"product_tag","embeddable":true,"href":"https:\/\/carbonmiledesign.pl\/en\/wp-json\/wp\/v2\/product_tag?post=2955"}],"curies":[{"name":"wp","href":"https:\/\/api.w.org\/{rel}","templated":true}]}}