{"id":2560,"date":"2025-07-18T13:55:04","date_gmt":"2025-07-18T11:55:04","guid":{"rendered":"https:\/\/carbonmiledesign.pl\/?post_type=product&#038;p=2560"},"modified":"2026-01-08T03:10:04","modified_gmt":"2026-01-08T02:10:04","slug":"obudowy-lusterek-lusterka-carbon-mp-style-m2-g87-m3-g80-g81-m4-g82-g83","status":"publish","type":"product","link":"https:\/\/carbonmiledesign.pl\/en\/product\/obudowy-lusterek-lusterka-carbon-mp-style-m2-g87-m3-g80-g81-m4-g82-g83\/","title":{"rendered":"Obudowy lusterek lusterka carbon MP Style M2 G87 M3 G80 G81 M4 G82 G83"},"content":{"rendered":"<p><strong><span style=\"font-size: 130%;\">Obudowy lusterek carbon MP Style M2 G87 M3 G80 G81 M4 G82 G83<\/span><\/strong><\/p>\n<p>&nbsp;<\/p>\n<p><strong>Manufacturer:<\/strong>\u00a0CM Design<\/p>\n<p><strong>Material:\u00a0<\/strong>Carbon \u2013 Carbon Fibre (<a href=\"https:\/\/carbonmiledesign.pl\/karbon-od-podstaw-co-warto-wiedziec\/\">Dry carbon<\/a>)<\/p>\n<p><b>Fits to:<\/b><\/p>\n<ul>\n<li>BMW M2 G87<\/li>\n<li>BMW M3 G80<\/li>\n<li>BMW M3 G81 Touring<\/li>\n<li>BMW M4 G82<\/li>\n<li>BMW M4 G83<\/li>\n<\/ul>\n<p>Wysokiej jako\u015bci os\u0142ony lusterek w stylu MP, wykonane z prawdziwego carbonu, to idealne dope\u0142nienie sportowego wygl\u0105du Twojego BMW.<\/p>\n<p>Najwy\u017csze standardy produkcji zapewniaj\u0105 nie tylko wygl\u0105d, ale r\u00f3wnie\u017c najwy\u017csz\u0105 jako\u015b\u0107, oraz perfekcyjne dopasowanie.<\/p>","protected":false},"excerpt":{"rendered":"<p><strong><span style=\"font-size: 80%;\">OBUDOWY LUSTEREK CARBON MP STYLE M2 G87 M3 G80 G81 M4 G82 G83<\/span><\/strong><\/p>\n<p><span style=\"font-size: 80%;\">Wyj\u0105tkowe os\u0142ony lusterek z w\u0142\u00f3kna w\u0119glowego, dodadz\u0105 prawdziwego sportowego charakteru Twojemu BMW. Lekkie, trwa\u0142e i perfekcyjnie dopasowane.<\/span><\/p>\n<p><span style=\"font-size: 80%;\"><strong>Fits to:<\/strong><\/span><\/p>\n<ul>\n<li><span style=\"font-size: 80%;\">BMW M2 G87<\/span><\/li>\n<li><span style=\"font-size: 80%;\">BMW M3 G80<\/span><\/li>\n<li><span style=\"font-size: 80%;\">BMW M3 G81<\/span><\/li>\n<li><span style=\"font-size: 80%;\">BMW M4 G82<\/span><\/li>\n<li><span style=\"font-size: 80%;\">BMW M4 G83<\/span><\/li>\n<\/ul>\n<p><span style=\"font-size: 80%;\"><strong>Estimated production time:<\/strong> Available in the showroom<\/span><\/p>","protected":false},"featured_media":2982,"template":"","meta":[],"product_brand":[287],"product_cat":[70,157,203,107,123,211,212,146,105,143],"product_tag":[],"class_list":{"0":"post-2560","1":"product","2":"type-product","3":"status-publish","4":"has-post-thumbnail","6":"product_brand-carbonmiledesign","7":"product_cat-bmw","8":"product_cat-dostepne-na-miejscu","9":"product_cat-m2-g87","10":"product_cat-m3-g80","11":"product_cat-m3-g81","12":"product_cat-m4-g82","13":"product_cat-m4-g83","14":"product_cat-seria-2-m2","15":"product_cat-seria-3-m3","16":"product_cat-seria-4-m4","17":"product_shipping_class-mala","18":"pa_generacja-g80","19":"pa_generacja-g81","20":"pa_generacja-g82","21":"pa_generacja-g83","22":"pa_generacja-g87","23":"pa_model-seria-2-m2","24":"pa_model-seria-3-m3","25":"pa_model-seria-4-m4","27":"first","28":"instock","29":"shipping-taxable","30":"purchasable","31":"product-type-simple"},"yoast_head":"<!-- This site is optimized with the Yoast SEO plugin v26.6 - https:\/\/yoast.com\/wordpress\/plugins\/seo\/ -->\n<title>Obudowy lusterek carbon MP Style M2 G87 M3 G80 M4 G82<\/title>\n<meta name=\"description\" content=\"Obudowy lusterek lusterka carbon MP Style M2 G87 M3 G80 M4 G82 | Podkre\u015bl sportowy charakter swojego BMW! Nowe oblicze tuningu wizualnego z CM Design\" \/>\n<meta name=\"robots\" content=\"index, follow, max-snippet:-1, max-image-preview:large, max-video-preview:-1\" \/>\n<link rel=\"canonical\" href=\"https:\/\/carbonmiledesign.pl\/en\/product\/obudowy-lusterek-lusterka-carbon-mp-style-m2-g87-m3-g80-g81-m4-g82-g83\/\" \/>\n<meta property=\"og:locale\" content=\"en_US\" \/>\n<meta property=\"og:type\" content=\"article\" \/>\n<meta property=\"og:title\" content=\"Obudowy lusterek carbon MP Style M2 G87 M3 G80 M4 G82\" \/>\n<meta property=\"og:description\" content=\"Obudowy lusterek lusterka carbon MP Style M2 G87 M3 G80 M4 G82 | Podkre\u015bl sportowy charakter swojego BMW! Nowe oblicze tuningu wizualnego z CM Design\" \/>\n<meta property=\"og:url\" content=\"https:\/\/carbonmiledesign.pl\/en\/product\/obudowy-lusterek-lusterka-carbon-mp-style-m2-g87-m3-g80-g81-m4-g82-g83\/\" \/>\n<meta property=\"og:site_name\" content=\"CarbonMile design\" \/>\n<meta property=\"article:modified_time\" content=\"2026-01-08T02:10:04+00:00\" \/>\n<meta property=\"og:image\" content=\"https:\/\/carbonmiledesign.pl\/wp-content\/uploads\/2025\/07\/lusterka-g80.jpeg\" \/>\n\t<meta property=\"og:image:width\" content=\"1024\" \/>\n\t<meta property=\"og:image:height\" content=\"1024\" \/>\n\t<meta property=\"og:image:type\" content=\"image\/jpeg\" \/>\n<meta name=\"twitter:card\" content=\"summary_large_image\" \/>\n<meta name=\"twitter:label1\" content=\"Est. reading time\" \/>\n\t<meta name=\"twitter:data1\" content=\"1 minute\" \/>\n<script type=\"application\/ld+json\" class=\"yoast-schema-graph\">{\"@context\":\"https:\/\/schema.org\",\"@graph\":[{\"@type\":\"WebPage\",\"@id\":\"https:\/\/carbonmiledesign.pl\/produkt\/obudowy-lusterek-lusterka-carbon-mp-style-m2-g87-m3-g80-g81-m4-g82-g83\/\",\"url\":\"https:\/\/carbonmiledesign.pl\/produkt\/obudowy-lusterek-lusterka-carbon-mp-style-m2-g87-m3-g80-g81-m4-g82-g83\/\",\"name\":\"Obudowy lusterek carbon MP Style M2 G87 M3 G80 M4 G82\",\"isPartOf\":{\"@id\":\"https:\/\/carbonmiledesign.pl\/#website\"},\"primaryImageOfPage\":{\"@id\":\"https:\/\/carbonmiledesign.pl\/produkt\/obudowy-lusterek-lusterka-carbon-mp-style-m2-g87-m3-g80-g81-m4-g82-g83\/#primaryimage\"},\"image\":{\"@id\":\"https:\/\/carbonmiledesign.pl\/produkt\/obudowy-lusterek-lusterka-carbon-mp-style-m2-g87-m3-g80-g81-m4-g82-g83\/#primaryimage\"},\"thumbnailUrl\":\"https:\/\/carbonmiledesign.pl\/wp-content\/uploads\/2025\/07\/lusterka-g80.jpeg\",\"datePublished\":\"2025-07-18T11:55:04+00:00\",\"dateModified\":\"2026-01-08T02:10:04+00:00\",\"description\":\"Obudowy lusterek lusterka carbon MP Style M2 G87 M3 G80 M4 G82 | Podkre\u015bl sportowy charakter swojego BMW! Nowe oblicze tuningu wizualnego z CM Design\",\"breadcrumb\":{\"@id\":\"https:\/\/carbonmiledesign.pl\/produkt\/obudowy-lusterek-lusterka-carbon-mp-style-m2-g87-m3-g80-g81-m4-g82-g83\/#breadcrumb\"},\"inLanguage\":\"en-US\",\"potentialAction\":[{\"@type\":\"ReadAction\",\"target\":[\"https:\/\/carbonmiledesign.pl\/produkt\/obudowy-lusterek-lusterka-carbon-mp-style-m2-g87-m3-g80-g81-m4-g82-g83\/\"]}]},{\"@type\":\"ImageObject\",\"inLanguage\":\"en-US\",\"@id\":\"https:\/\/carbonmiledesign.pl\/produkt\/obudowy-lusterek-lusterka-carbon-mp-style-m2-g87-m3-g80-g81-m4-g82-g83\/#primaryimage\",\"url\":\"https:\/\/carbonmiledesign.pl\/wp-content\/uploads\/2025\/07\/lusterka-g80.jpeg\",\"contentUrl\":\"https:\/\/carbonmiledesign.pl\/wp-content\/uploads\/2025\/07\/lusterka-g80.jpeg\",\"width\":1024,\"height\":1024},{\"@type\":\"BreadcrumbList\",\"@id\":\"https:\/\/carbonmiledesign.pl\/produkt\/obudowy-lusterek-lusterka-carbon-mp-style-m2-g87-m3-g80-g81-m4-g82-g83\/#breadcrumb\",\"itemListElement\":[{\"@type\":\"ListItem\",\"position\":1,\"name\":\"Strona g\u0142\u00f3wna\",\"item\":\"https:\/\/carbonmiledesign.pl\/\"},{\"@type\":\"ListItem\",\"position\":2,\"name\":\"Sklep\",\"item\":\"https:\/\/carbonmiledesign.pl\/sklep-wysokiej-jakosci-czesci-carbon\/\"},{\"@type\":\"ListItem\",\"position\":3,\"name\":\"Obudowy lusterek lusterka carbon MP Style M2 G87 M3 G80 G81 M4 G82 G83\"}]},{\"@type\":\"WebSite\",\"@id\":\"https:\/\/carbonmiledesign.pl\/#website\",\"url\":\"https:\/\/carbonmiledesign.pl\/\",\"name\":\"Carbonmile Design\",\"description\":\"\",\"publisher\":{\"@id\":\"https:\/\/carbonmiledesign.pl\/#organization\"},\"alternateName\":\"CM Design\",\"potentialAction\":[{\"@type\":\"SearchAction\",\"target\":{\"@type\":\"EntryPoint\",\"urlTemplate\":\"https:\/\/carbonmiledesign.pl\/?s={search_term_string}\"},\"query-input\":{\"@type\":\"PropertyValueSpecification\",\"valueRequired\":true,\"valueName\":\"search_term_string\"}}],\"inLanguage\":\"en-US\"},{\"@type\":\"Organization\",\"@id\":\"https:\/\/carbonmiledesign.pl\/#organization\",\"name\":\"Carbonmile Design\",\"url\":\"https:\/\/carbonmiledesign.pl\/\",\"logo\":{\"@type\":\"ImageObject\",\"inLanguage\":\"en-US\",\"@id\":\"https:\/\/carbonmiledesign.pl\/#\/schema\/logo\/image\/\",\"url\":\"https:\/\/carbonmiledesign.pl\/wp-content\/uploads\/2025\/01\/Carbonmiledesign-logo-czarne-przezroczyste-tlo.png\",\"contentUrl\":\"https:\/\/carbonmiledesign.pl\/wp-content\/uploads\/2025\/01\/Carbonmiledesign-logo-czarne-przezroczyste-tlo.png\",\"width\":2420,\"height\":520,\"caption\":\"Carbonmile Design\"},\"image\":{\"@id\":\"https:\/\/carbonmiledesign.pl\/#\/schema\/logo\/image\/\"}}]}<\/script>\n<!-- \/ Yoast SEO plugin. -->","yoast_head_json":{"title":"Obudowy lusterek carbon MP Style M2 G87 M3 G80 M4 G82","description":"Obudowy lusterek lusterka carbon MP Style M2 G87 M3 G80 M4 G82 | Podkre\u015bl sportowy charakter swojego BMW! Nowe oblicze tuningu wizualnego z CM Design","robots":{"index":"index","follow":"follow","max-snippet":"max-snippet:-1","max-image-preview":"max-image-preview:large","max-video-preview":"max-video-preview:-1"},"canonical":"https:\/\/carbonmiledesign.pl\/en\/product\/obudowy-lusterek-lusterka-carbon-mp-style-m2-g87-m3-g80-g81-m4-g82-g83\/","og_locale":"en_US","og_type":"article","og_title":"Obudowy lusterek carbon MP Style M2 G87 M3 G80 M4 G82","og_description":"Obudowy lusterek lusterka carbon MP Style M2 G87 M3 G80 M4 G82 | Podkre\u015bl sportowy charakter swojego BMW! Nowe oblicze tuningu wizualnego z CM Design","og_url":"https:\/\/carbonmiledesign.pl\/en\/product\/obudowy-lusterek-lusterka-carbon-mp-style-m2-g87-m3-g80-g81-m4-g82-g83\/","og_site_name":"CarbonMile design","article_modified_time":"2026-01-08T02:10:04+00:00","og_image":[{"width":1024,"height":1024,"url":"https:\/\/carbonmiledesign.pl\/wp-content\/uploads\/2025\/07\/lusterka-g80.jpeg","type":"image\/jpeg"}],"twitter_card":"summary_large_image","twitter_misc":{"Est. reading time":"1 minute"},"schema":{"@context":"https:\/\/schema.org","@graph":[{"@type":"WebPage","@id":"https:\/\/carbonmiledesign.pl\/produkt\/obudowy-lusterek-lusterka-carbon-mp-style-m2-g87-m3-g80-g81-m4-g82-g83\/","url":"https:\/\/carbonmiledesign.pl\/produkt\/obudowy-lusterek-lusterka-carbon-mp-style-m2-g87-m3-g80-g81-m4-g82-g83\/","name":"Obudowy lusterek carbon MP Style M2 G87 M3 G80 M4 G82","isPartOf":{"@id":"https:\/\/carbonmiledesign.pl\/#website"},"primaryImageOfPage":{"@id":"https:\/\/carbonmiledesign.pl\/produkt\/obudowy-lusterek-lusterka-carbon-mp-style-m2-g87-m3-g80-g81-m4-g82-g83\/#primaryimage"},"image":{"@id":"https:\/\/carbonmiledesign.pl\/produkt\/obudowy-lusterek-lusterka-carbon-mp-style-m2-g87-m3-g80-g81-m4-g82-g83\/#primaryimage"},"thumbnailUrl":"https:\/\/carbonmiledesign.pl\/wp-content\/uploads\/2025\/07\/lusterka-g80.jpeg","datePublished":"2025-07-18T11:55:04+00:00","dateModified":"2026-01-08T02:10:04+00:00","description":"Obudowy lusterek lusterka carbon MP Style M2 G87 M3 G80 M4 G82 | Podkre\u015bl sportowy charakter swojego BMW! Nowe oblicze tuningu wizualnego z CM Design","breadcrumb":{"@id":"https:\/\/carbonmiledesign.pl\/produkt\/obudowy-lusterek-lusterka-carbon-mp-style-m2-g87-m3-g80-g81-m4-g82-g83\/#breadcrumb"},"inLanguage":"en-US","potentialAction":[{"@type":"ReadAction","target":["https:\/\/carbonmiledesign.pl\/produkt\/obudowy-lusterek-lusterka-carbon-mp-style-m2-g87-m3-g80-g81-m4-g82-g83\/"]}]},{"@type":"ImageObject","inLanguage":"en-US","@id":"https:\/\/carbonmiledesign.pl\/produkt\/obudowy-lusterek-lusterka-carbon-mp-style-m2-g87-m3-g80-g81-m4-g82-g83\/#primaryimage","url":"https:\/\/carbonmiledesign.pl\/wp-content\/uploads\/2025\/07\/lusterka-g80.jpeg","contentUrl":"https:\/\/carbonmiledesign.pl\/wp-content\/uploads\/2025\/07\/lusterka-g80.jpeg","width":1024,"height":1024},{"@type":"BreadcrumbList","@id":"https:\/\/carbonmiledesign.pl\/produkt\/obudowy-lusterek-lusterka-carbon-mp-style-m2-g87-m3-g80-g81-m4-g82-g83\/#breadcrumb","itemListElement":[{"@type":"ListItem","position":1,"name":"Strona g\u0142\u00f3wna","item":"https:\/\/carbonmiledesign.pl\/"},{"@type":"ListItem","position":2,"name":"Sklep","item":"https:\/\/carbonmiledesign.pl\/sklep-wysokiej-jakosci-czesci-carbon\/"},{"@type":"ListItem","position":3,"name":"Obudowy lusterek lusterka carbon MP Style M2 G87 M3 G80 G81 M4 G82 G83"}]},{"@type":"WebSite","@id":"https:\/\/carbonmiledesign.pl\/#website","url":"https:\/\/carbonmiledesign.pl\/","name":"Carbonmile Design","description":"","publisher":{"@id":"https:\/\/carbonmiledesign.pl\/#organization"},"alternateName":"CM Design","potentialAction":[{"@type":"SearchAction","target":{"@type":"EntryPoint","urlTemplate":"https:\/\/carbonmiledesign.pl\/?s={search_term_string}"},"query-input":{"@type":"PropertyValueSpecification","valueRequired":true,"valueName":"search_term_string"}}],"inLanguage":"en-US"},{"@type":"Organization","@id":"https:\/\/carbonmiledesign.pl\/#organization","name":"Carbonmile Design","url":"https:\/\/carbonmiledesign.pl\/","logo":{"@type":"ImageObject","inLanguage":"en-US","@id":"https:\/\/carbonmiledesign.pl\/#\/schema\/logo\/image\/","url":"https:\/\/carbonmiledesign.pl\/wp-content\/uploads\/2025\/01\/Carbonmiledesign-logo-czarne-przezroczyste-tlo.png","contentUrl":"https:\/\/carbonmiledesign.pl\/wp-content\/uploads\/2025\/01\/Carbonmiledesign-logo-czarne-przezroczyste-tlo.png","width":2420,"height":520,"caption":"Carbonmile Design"},"image":{"@id":"https:\/\/carbonmiledesign.pl\/#\/schema\/logo\/image\/"}}]}},"jetpack_sharing_enabled":true,"_links":{"self":[{"href":"https:\/\/carbonmiledesign.pl\/en\/wp-json\/wp\/v2\/product\/2560","targetHints":{"allow":["GET"]}}],"collection":[{"href":"https:\/\/carbonmiledesign.pl\/en\/wp-json\/wp\/v2\/product"}],"about":[{"href":"https:\/\/carbonmiledesign.pl\/en\/wp-json\/wp\/v2\/types\/product"}],"wp:featuredmedia":[{"embeddable":true,"href":"https:\/\/carbonmiledesign.pl\/en\/wp-json\/wp\/v2\/media\/2982"}],"wp:attachment":[{"href":"https:\/\/carbonmiledesign.pl\/en\/wp-json\/wp\/v2\/media?parent=2560"}],"wp:term":[{"taxonomy":"product_brand","embeddable":true,"href":"https:\/\/carbonmiledesign.pl\/en\/wp-json\/wp\/v2\/product_brand?post=2560"},{"taxonomy":"product_cat","embeddable":true,"href":"https:\/\/carbonmiledesign.pl\/en\/wp-json\/wp\/v2\/product_cat?post=2560"},{"taxonomy":"product_tag","embeddable":true,"href":"https:\/\/carbonmiledesign.pl\/en\/wp-json\/wp\/v2\/product_tag?post=2560"}],"curies":[{"name":"wp","href":"https:\/\/api.w.org\/{rel}","templated":true}]}}