{"id":2514,"date":"2025-07-10T15:59:51","date_gmt":"2025-07-10T13:59:51","guid":{"rendered":"https:\/\/carbonmiledesign.pl\/?post_type=product&#038;p=2514"},"modified":"2025-12-02T01:49:00","modified_gmt":"2025-12-02T00:49:00","slug":"listwy-progowe-progi-carbon-cm-style-x5-g05","status":"publish","type":"product","link":"https:\/\/carbonmiledesign.pl\/en\/product\/listwy-progowe-progi-carbon-cm-style-x5-g05\/","title":{"rendered":"Sill strips carbon CM Style X5 G05 sills"},"content":{"rendered":"<h2><strong>Sill strips carbon CM Style X5 G05 sills<\/strong><\/h2>\n<p><span style=\"font-size: 100%;\"><strong>Manufacturer:<\/strong><\/span><span style=\"font-size: 100%;\"> CM Design<\/span><\/p>\n<p><span style=\"font-size: 100%;\"><strong>Material: <\/strong><\/span><span style=\"font-size: 100%;\">Carbon fibre <\/span><\/p>\n<p><b>Fits to:<\/b><\/p>\n<ul>\n<li>BMW X5 G05<\/li>\n<\/ul>\n<p>Wysokiej jako\u015bci listwy progowe [progi] boczne CM style, wykonane z najwy\u017cszej jako\u015bci carbonu. Elementy charakteryzuj\u0105 si\u0119 perfekcyjnym dopasowaniem oraz wyj\u0105tkow\u0105 trwa\u0142o\u015bci\u0105. Dzi\u0119ki starannemu wyko\u0144czeniu i zastosowaniu w\u0142\u00f3kna w\u0119glowego, nadaj\u0105 pojazdowi sportowy i presti\u017cowy wygl\u0105d, podkre\u015blaj\u0105c jego dynamiczny charakter.<\/p>\n<p>Najwy\u017csze standardy produkcji zapewniaj\u0105 nie tylko wygl\u0105d, ale r\u00f3wnie\u017c najwy\u017csz\u0105 jako\u015b\u0107, oraz perfekcyjne dopasowanie.<\/p>","protected":false},"excerpt":{"rendered":"<p><span style=\"font-size: 75%;\"><strong>LISTWY PROGOWE PROGI CARBON CM STYLE BMW X5 G05<\/strong><\/span><\/p>\n<p><span style=\"font-size: 75%;\">Wyj\u0105tkowe listwy progowe [progi], wykonane z najwy\u017cszej jako\u015bci<\/span><span style=\"font-size: 75%;\"> z w\u0142\u00f3kna w\u0119glowego, \u015bwietnie podkre\u015bl\u0105 agresywn\u0105 lini\u0119 Twojego BMW.\u00a0<\/span><\/p>\n<p><span style=\"font-size: 75%;\"><strong>Fits to:<\/strong><\/span><\/p>\n<ul>\n<li><span style=\"font-size: 75%;\">BMW X5 G05<\/span><\/li>\n<\/ul>\n<p><span style=\"font-size: 75%;\"><strong>Estimated production time:<\/strong><\/span>\u00a0<span style=\"font-size: 75%;\">28 dni\u00a0<\/span><\/p>","protected":false},"featured_media":2516,"template":"","meta":[],"product_brand":[287],"product_cat":[70,248],"product_tag":[77],"class_list":{"0":"post-2514","1":"product","2":"type-product","3":"status-publish","4":"has-post-thumbnail","6":"product_brand-carbonmiledesign","7":"product_cat-bmw","8":"product_cat-x5-g05","9":"product_tag-bmw","10":"product_shipping_class-gabarytowe","11":"pa_generacja-g05","12":"pa_marka-bmw","13":"pa_model-x5","15":"first","16":"instock","17":"shipping-taxable","18":"purchasable","19":"product-type-simple"},"yoast_head":"<!-- This site is optimized with the Yoast SEO plugin v26.6 - https:\/\/yoast.com\/wordpress\/plugins\/seo\/ -->\n<title>Listwy progowe progi carbon CM Style X5 G05<\/title>\n<meta name=\"description\" content=\"Listwy progowe progi carbon CM Style X5 G05 wykonane z najwy\u017cszej jako\u015bci w\u0142\u00f3kna w\u0119glowego, \u015bwietnie podkre\u015bl\u0105 agresywn\u0105 sylwetk\u0119 Twojego BMW!\" \/>\n<meta name=\"robots\" content=\"index, follow, max-snippet:-1, max-image-preview:large, max-video-preview:-1\" \/>\n<link rel=\"canonical\" href=\"https:\/\/carbonmiledesign.pl\/en\/product\/listwy-progowe-progi-carbon-cm-style-x5-g05\/\" \/>\n<meta property=\"og:locale\" content=\"en_US\" \/>\n<meta property=\"og:type\" content=\"article\" \/>\n<meta property=\"og:title\" content=\"Listwy progowe progi carbon CM Style X5 G05\" \/>\n<meta property=\"og:description\" content=\"Listwy progowe progi carbon CM Style X5 G05 wykonane z najwy\u017cszej jako\u015bci w\u0142\u00f3kna w\u0119glowego, \u015bwietnie podkre\u015bl\u0105 agresywn\u0105 sylwetk\u0119 Twojego BMW!\" \/>\n<meta property=\"og:url\" content=\"https:\/\/carbonmiledesign.pl\/en\/product\/listwy-progowe-progi-carbon-cm-style-x5-g05\/\" \/>\n<meta property=\"og:site_name\" content=\"CarbonMile design\" \/>\n<meta property=\"article:modified_time\" content=\"2025-12-02T00:49:00+00:00\" \/>\n<meta property=\"og:image\" content=\"https:\/\/carbonmiledesign.pl\/wp-content\/uploads\/2025\/07\/listwy-g05.jpeg\" \/>\n\t<meta property=\"og:image:width\" content=\"1000\" \/>\n\t<meta property=\"og:image:height\" content=\"1000\" \/>\n\t<meta property=\"og:image:type\" content=\"image\/jpeg\" \/>\n<meta name=\"twitter:card\" content=\"summary_large_image\" \/>\n<meta name=\"twitter:label1\" content=\"Est. reading time\" \/>\n\t<meta name=\"twitter:data1\" content=\"1 minute\" \/>\n<script type=\"application\/ld+json\" class=\"yoast-schema-graph\">{\"@context\":\"https:\/\/schema.org\",\"@graph\":[{\"@type\":\"WebPage\",\"@id\":\"https:\/\/carbonmiledesign.pl\/produkt\/listwy-progowe-progi-carbon-cm-style-x5-g05\/\",\"url\":\"https:\/\/carbonmiledesign.pl\/produkt\/listwy-progowe-progi-carbon-cm-style-x5-g05\/\",\"name\":\"Listwy progowe progi carbon CM Style X5 G05\",\"isPartOf\":{\"@id\":\"https:\/\/carbonmiledesign.pl\/#website\"},\"primaryImageOfPage\":{\"@id\":\"https:\/\/carbonmiledesign.pl\/produkt\/listwy-progowe-progi-carbon-cm-style-x5-g05\/#primaryimage\"},\"image\":{\"@id\":\"https:\/\/carbonmiledesign.pl\/produkt\/listwy-progowe-progi-carbon-cm-style-x5-g05\/#primaryimage\"},\"thumbnailUrl\":\"https:\/\/carbonmiledesign.pl\/wp-content\/uploads\/2025\/07\/listwy-g05.jpeg\",\"datePublished\":\"2025-07-10T13:59:51+00:00\",\"dateModified\":\"2025-12-02T00:49:00+00:00\",\"description\":\"Listwy progowe progi carbon CM Style X5 G05 wykonane z najwy\u017cszej jako\u015bci w\u0142\u00f3kna w\u0119glowego, \u015bwietnie podkre\u015bl\u0105 agresywn\u0105 sylwetk\u0119 Twojego BMW!\",\"breadcrumb\":{\"@id\":\"https:\/\/carbonmiledesign.pl\/produkt\/listwy-progowe-progi-carbon-cm-style-x5-g05\/#breadcrumb\"},\"inLanguage\":\"en-US\",\"potentialAction\":[{\"@type\":\"ReadAction\",\"target\":[\"https:\/\/carbonmiledesign.pl\/produkt\/listwy-progowe-progi-carbon-cm-style-x5-g05\/\"]}]},{\"@type\":\"ImageObject\",\"inLanguage\":\"en-US\",\"@id\":\"https:\/\/carbonmiledesign.pl\/produkt\/listwy-progowe-progi-carbon-cm-style-x5-g05\/#primaryimage\",\"url\":\"https:\/\/carbonmiledesign.pl\/wp-content\/uploads\/2025\/07\/listwy-g05.jpeg\",\"contentUrl\":\"https:\/\/carbonmiledesign.pl\/wp-content\/uploads\/2025\/07\/listwy-g05.jpeg\",\"width\":1000,\"height\":1000},{\"@type\":\"BreadcrumbList\",\"@id\":\"https:\/\/carbonmiledesign.pl\/produkt\/listwy-progowe-progi-carbon-cm-style-x5-g05\/#breadcrumb\",\"itemListElement\":[{\"@type\":\"ListItem\",\"position\":1,\"name\":\"Strona g\u0142\u00f3wna\",\"item\":\"https:\/\/carbonmiledesign.pl\/\"},{\"@type\":\"ListItem\",\"position\":2,\"name\":\"Sklep\",\"item\":\"https:\/\/carbonmiledesign.pl\/sklep-wysokiej-jakosci-czesci-carbon\/\"},{\"@type\":\"ListItem\",\"position\":3,\"name\":\"Listwy progowe progi carbon CM Style X5 G05\"}]},{\"@type\":\"WebSite\",\"@id\":\"https:\/\/carbonmiledesign.pl\/#website\",\"url\":\"https:\/\/carbonmiledesign.pl\/\",\"name\":\"Carbonmile Design\",\"description\":\"\",\"publisher\":{\"@id\":\"https:\/\/carbonmiledesign.pl\/#organization\"},\"alternateName\":\"CM Design\",\"potentialAction\":[{\"@type\":\"SearchAction\",\"target\":{\"@type\":\"EntryPoint\",\"urlTemplate\":\"https:\/\/carbonmiledesign.pl\/?s={search_term_string}\"},\"query-input\":{\"@type\":\"PropertyValueSpecification\",\"valueRequired\":true,\"valueName\":\"search_term_string\"}}],\"inLanguage\":\"en-US\"},{\"@type\":\"Organization\",\"@id\":\"https:\/\/carbonmiledesign.pl\/#organization\",\"name\":\"Carbonmile Design\",\"url\":\"https:\/\/carbonmiledesign.pl\/\",\"logo\":{\"@type\":\"ImageObject\",\"inLanguage\":\"en-US\",\"@id\":\"https:\/\/carbonmiledesign.pl\/#\/schema\/logo\/image\/\",\"url\":\"https:\/\/carbonmiledesign.pl\/wp-content\/uploads\/2025\/01\/Carbonmiledesign-logo-czarne-przezroczyste-tlo.png\",\"contentUrl\":\"https:\/\/carbonmiledesign.pl\/wp-content\/uploads\/2025\/01\/Carbonmiledesign-logo-czarne-przezroczyste-tlo.png\",\"width\":2420,\"height\":520,\"caption\":\"Carbonmile Design\"},\"image\":{\"@id\":\"https:\/\/carbonmiledesign.pl\/#\/schema\/logo\/image\/\"}}]}<\/script>\n<!-- \/ Yoast SEO plugin. -->","yoast_head_json":{"title":"Sill strips carbon CM Style X5 G05 sills","description":"Listwy progowe progi carbon CM Style X5 G05 wykonane z najwy\u017cszej jako\u015bci w\u0142\u00f3kna w\u0119glowego, \u015bwietnie podkre\u015bl\u0105 agresywn\u0105 sylwetk\u0119 Twojego BMW!","robots":{"index":"index","follow":"follow","max-snippet":"max-snippet:-1","max-image-preview":"max-image-preview:large","max-video-preview":"max-video-preview:-1"},"canonical":"https:\/\/carbonmiledesign.pl\/en\/product\/listwy-progowe-progi-carbon-cm-style-x5-g05\/","og_locale":"en_US","og_type":"article","og_title":"Listwy progowe progi carbon CM Style X5 G05","og_description":"Listwy progowe progi carbon CM Style X5 G05 wykonane z najwy\u017cszej jako\u015bci w\u0142\u00f3kna w\u0119glowego, \u015bwietnie podkre\u015bl\u0105 agresywn\u0105 sylwetk\u0119 Twojego BMW!","og_url":"https:\/\/carbonmiledesign.pl\/en\/product\/listwy-progowe-progi-carbon-cm-style-x5-g05\/","og_site_name":"CarbonMile design","article_modified_time":"2025-12-02T00:49:00+00:00","og_image":[{"width":1000,"height":1000,"url":"https:\/\/carbonmiledesign.pl\/wp-content\/uploads\/2025\/07\/listwy-g05.jpeg","type":"image\/jpeg"}],"twitter_card":"summary_large_image","twitter_misc":{"Est. reading time":"1 minute"},"schema":{"@context":"https:\/\/schema.org","@graph":[{"@type":"WebPage","@id":"https:\/\/carbonmiledesign.pl\/produkt\/listwy-progowe-progi-carbon-cm-style-x5-g05\/","url":"https:\/\/carbonmiledesign.pl\/produkt\/listwy-progowe-progi-carbon-cm-style-x5-g05\/","name":"Sill strips carbon CM Style X5 G05 sills","isPartOf":{"@id":"https:\/\/carbonmiledesign.pl\/#website"},"primaryImageOfPage":{"@id":"https:\/\/carbonmiledesign.pl\/produkt\/listwy-progowe-progi-carbon-cm-style-x5-g05\/#primaryimage"},"image":{"@id":"https:\/\/carbonmiledesign.pl\/produkt\/listwy-progowe-progi-carbon-cm-style-x5-g05\/#primaryimage"},"thumbnailUrl":"https:\/\/carbonmiledesign.pl\/wp-content\/uploads\/2025\/07\/listwy-g05.jpeg","datePublished":"2025-07-10T13:59:51+00:00","dateModified":"2025-12-02T00:49:00+00:00","description":"Listwy progowe progi carbon CM Style X5 G05 wykonane z najwy\u017cszej jako\u015bci w\u0142\u00f3kna w\u0119glowego, \u015bwietnie podkre\u015bl\u0105 agresywn\u0105 sylwetk\u0119 Twojego BMW!","breadcrumb":{"@id":"https:\/\/carbonmiledesign.pl\/produkt\/listwy-progowe-progi-carbon-cm-style-x5-g05\/#breadcrumb"},"inLanguage":"en-US","potentialAction":[{"@type":"ReadAction","target":["https:\/\/carbonmiledesign.pl\/produkt\/listwy-progowe-progi-carbon-cm-style-x5-g05\/"]}]},{"@type":"ImageObject","inLanguage":"en-US","@id":"https:\/\/carbonmiledesign.pl\/produkt\/listwy-progowe-progi-carbon-cm-style-x5-g05\/#primaryimage","url":"https:\/\/carbonmiledesign.pl\/wp-content\/uploads\/2025\/07\/listwy-g05.jpeg","contentUrl":"https:\/\/carbonmiledesign.pl\/wp-content\/uploads\/2025\/07\/listwy-g05.jpeg","width":1000,"height":1000},{"@type":"BreadcrumbList","@id":"https:\/\/carbonmiledesign.pl\/produkt\/listwy-progowe-progi-carbon-cm-style-x5-g05\/#breadcrumb","itemListElement":[{"@type":"ListItem","position":1,"name":"Strona g\u0142\u00f3wna","item":"https:\/\/carbonmiledesign.pl\/"},{"@type":"ListItem","position":2,"name":"Sklep","item":"https:\/\/carbonmiledesign.pl\/sklep-wysokiej-jakosci-czesci-carbon\/"},{"@type":"ListItem","position":3,"name":"Listwy progowe progi carbon CM Style X5 G05"}]},{"@type":"WebSite","@id":"https:\/\/carbonmiledesign.pl\/#website","url":"https:\/\/carbonmiledesign.pl\/","name":"Carbonmile Design","description":"","publisher":{"@id":"https:\/\/carbonmiledesign.pl\/#organization"},"alternateName":"CM Design","potentialAction":[{"@type":"SearchAction","target":{"@type":"EntryPoint","urlTemplate":"https:\/\/carbonmiledesign.pl\/?s={search_term_string}"},"query-input":{"@type":"PropertyValueSpecification","valueRequired":true,"valueName":"search_term_string"}}],"inLanguage":"en-US"},{"@type":"Organization","@id":"https:\/\/carbonmiledesign.pl\/#organization","name":"Carbonmile Design","url":"https:\/\/carbonmiledesign.pl\/","logo":{"@type":"ImageObject","inLanguage":"en-US","@id":"https:\/\/carbonmiledesign.pl\/#\/schema\/logo\/image\/","url":"https:\/\/carbonmiledesign.pl\/wp-content\/uploads\/2025\/01\/Carbonmiledesign-logo-czarne-przezroczyste-tlo.png","contentUrl":"https:\/\/carbonmiledesign.pl\/wp-content\/uploads\/2025\/01\/Carbonmiledesign-logo-czarne-przezroczyste-tlo.png","width":2420,"height":520,"caption":"Carbonmile Design"},"image":{"@id":"https:\/\/carbonmiledesign.pl\/#\/schema\/logo\/image\/"}}]}},"jetpack_sharing_enabled":true,"_links":{"self":[{"href":"https:\/\/carbonmiledesign.pl\/en\/wp-json\/wp\/v2\/product\/2514","targetHints":{"allow":["GET"]}}],"collection":[{"href":"https:\/\/carbonmiledesign.pl\/en\/wp-json\/wp\/v2\/product"}],"about":[{"href":"https:\/\/carbonmiledesign.pl\/en\/wp-json\/wp\/v2\/types\/product"}],"wp:featuredmedia":[{"embeddable":true,"href":"https:\/\/carbonmiledesign.pl\/en\/wp-json\/wp\/v2\/media\/2516"}],"wp:attachment":[{"href":"https:\/\/carbonmiledesign.pl\/en\/wp-json\/wp\/v2\/media?parent=2514"}],"wp:term":[{"taxonomy":"product_brand","embeddable":true,"href":"https:\/\/carbonmiledesign.pl\/en\/wp-json\/wp\/v2\/product_brand?post=2514"},{"taxonomy":"product_cat","embeddable":true,"href":"https:\/\/carbonmiledesign.pl\/en\/wp-json\/wp\/v2\/product_cat?post=2514"},{"taxonomy":"product_tag","embeddable":true,"href":"https:\/\/carbonmiledesign.pl\/en\/wp-json\/wp\/v2\/product_tag?post=2514"}],"curies":[{"name":"wp","href":"https:\/\/api.w.org\/{rel}","templated":true}]}}