{"id":2361,"date":"2025-06-16T15:44:10","date_gmt":"2025-06-16T13:44:10","guid":{"rendered":"https:\/\/carbonmiledesign.pl\/?post_type=product&#038;p=2361"},"modified":"2025-08-06T13:15:03","modified_gmt":"2025-08-06T11:15:03","slug":"splitter-carbon-przedniego-zderzaka-cm-style-porsche-911-carrera-992","status":"publish","type":"product","link":"https:\/\/carbonmiledesign.pl\/en\/product\/splitter-carbon-przedniego-zderzaka-cm-style-porsche-911-carrera-992\/","title":{"rendered":"Splitter carbon front bumper CM Style Porsche 911 Carrera 992"},"content":{"rendered":"<h3><strong>Splitter carbon front bumper CM Style Porsche 911 Carrera 992<\/strong><\/h3>\n<p><span style=\"font-size: 100%;\"><strong>Manufacturer:<\/strong> CM Design<\/span><\/p>\n<p><span style=\"font-size: 100%;\"><strong>Material: <\/strong>Material: Carbon fibre (Dry carbon)<a href=\"https:\/\/carbonmiledesign.pl\/karbon-od-podstaw-co-warto-wiedziec\/\">Dry carbon<\/a>)<\/span><\/p>\n<p><b>Fits to:<\/b><\/p>\n<ul>\n<li>2018-2024 Porsche 911 992 Carrera\u00a0<em>(bez pakietu sport design)<\/em><\/li>\n<li>2018-2024 Porsche 911 992 Carrera S <em>(bez pakietu sport design)<\/em><\/li>\n<li>2018-2024 Porsche 911 992 Carrera 4 <em>(bez pakietu sport design)<\/em><\/li>\n<li>2018-2024 Porsche 911 992 Carrera 4S <em>(bez pakietu sport design)<\/em><\/li>\n<li>2018-2024 Porsche 911 992 Carrera T <em>(bez pakietu sport design)<\/em><\/li>\n<\/ul>\n<p>Splitter przedniego zderzaka w stylu CM Design, wykonany z wysokiej jako\u015bci carbonu, to idealny dodatek, kt\u00f3ry podkre\u015bla agresywny front Porsche i nadaje mu wy\u015bcigowego charakteru. Dynamiczna forma i precyzyjne wyko\u0144czenie \u015bwietnie wkomponowuj\u0105 si\u0119 w styl marki.<\/p>\n<p>Najwy\u017csze standardy produkcji zapewniaj\u0105 nie tylko wygl\u0105d, ale r\u00f3wnie\u017c najwy\u017csz\u0105 jako\u015b\u0107, oraz perfekcyjne dopasowanie.<\/p>","protected":false},"excerpt":{"rendered":"<p><strong>Splitter carbon front bumper CM Style Porsche 911 Carrera 992<\/strong><\/p>\n<p>Wyj\u0105tkowa dok\u0142adka zderzaka przedniego z w\u0142\u00f3kna w\u0119glowego, kt\u00f3ra dodaje sportowego charakteru. Lekka, trwa\u0142a i perfekcyjnie dopasowana.<\/p>\n<p><span style=\"font-size: 75%;\"><strong>Fits to:<\/strong><\/span><\/p>\n<ul>\n<li><span style=\"font-size: 75%;\">2018-2024 Porsche 911 992 Carrera\u00a0<em>(bez pakietu sport design)<\/em><\/span><\/li>\n<li><span style=\"font-size: 75%;\">2018-2024 Porsche 911 992 Carrera S <em>(bez pakietu sport design)<\/em><\/span><\/li>\n<li><span style=\"font-size: 75%;\">2018-2024 Porsche 911 992 Carrera 4 <em>(bez pakietu sport design)<\/em><\/span><\/li>\n<li><span style=\"font-size: 75%;\">2018-2024 Porsche 911 992 Carrera 4S <em>(bez pakietu sport design)<\/em><\/span><\/li>\n<li><span style=\"font-size: 75%;\">2018-2024 Porsche 911 992 Carrera T <em>(bez pakietu sport design)<\/em><\/span><\/li>\n<\/ul>\n<p><span style=\"font-size: 75%;\"><strong>Estimated production time:<\/strong> <em>29 days<\/em><\/span><\/p>","protected":false},"featured_media":2363,"template":"","meta":[],"product_brand":[287],"product_cat":[292,293,112],"product_tag":[282,283,285,284,229],"class_list":{"0":"post-2361","1":"product","2":"type-product","3":"status-publish","4":"has-post-thumbnail","6":"product_brand-carbonmiledesign","7":"product_cat-porsche-911","8":"product_cat-porsche-992-carrera-targa-gts","9":"product_cat-porsche","10":"product_tag-282","11":"product_tag-283","12":"product_tag-carbon","13":"product_tag-porsche","14":"product_tag-splitter","15":"product_shipping_class-mala","16":"pa_generacja-319","17":"pa_marka-porsche","18":"pa_model-281","20":"first","21":"instock","22":"shipping-taxable","23":"purchasable","24":"product-type-simple"},"yoast_head":"<!-- This site is optimized with the Yoast SEO plugin v26.6 - https:\/\/yoast.com\/wordpress\/plugins\/seo\/ -->\n<title>Splitter carbon przedniego zderzaka CM Style Porsche 911 Carrera 992<\/title>\n<meta name=\"description\" content=\"Splitter carbon przedniego zderzaka CM Style Porsche 911 Carrera 992 | Podkre\u015bl sportowy charakter Porsche! Nowe oblicze tuningu wizualnego z CM Design\" \/>\n<meta name=\"robots\" content=\"index, follow, max-snippet:-1, max-image-preview:large, max-video-preview:-1\" \/>\n<link rel=\"canonical\" href=\"https:\/\/carbonmiledesign.pl\/en\/product\/splitter-carbon-przedniego-zderzaka-cm-style-porsche-911-carrera-992\/\" \/>\n<meta property=\"og:locale\" content=\"en_US\" \/>\n<meta property=\"og:type\" content=\"article\" \/>\n<meta property=\"og:title\" content=\"Splitter carbon przedniego zderzaka CM Style Porsche 911 Carrera 992\" \/>\n<meta property=\"og:description\" content=\"Splitter carbon przedniego zderzaka CM Style Porsche 911 Carrera 992 | Podkre\u015bl sportowy charakter Porsche! Nowe oblicze tuningu wizualnego z CM Design\" \/>\n<meta property=\"og:url\" content=\"https:\/\/carbonmiledesign.pl\/en\/product\/splitter-carbon-przedniego-zderzaka-cm-style-porsche-911-carrera-992\/\" \/>\n<meta property=\"og:site_name\" content=\"CarbonMile design\" \/>\n<meta property=\"article:modified_time\" content=\"2025-08-06T11:15:03+00:00\" \/>\n<meta property=\"og:image\" content=\"https:\/\/carbonmiledesign.pl\/wp-content\/uploads\/2025\/06\/Splitter-porsche-911-992-CM-Design-2.jpeg\" \/>\n\t<meta property=\"og:image:width\" content=\"1000\" \/>\n\t<meta property=\"og:image:height\" content=\"1000\" \/>\n\t<meta property=\"og:image:type\" content=\"image\/jpeg\" \/>\n<meta name=\"twitter:card\" content=\"summary_large_image\" \/>\n<meta name=\"twitter:label1\" content=\"Est. reading time\" \/>\n\t<meta name=\"twitter:data1\" content=\"1 minute\" \/>\n<script type=\"application\/ld+json\" class=\"yoast-schema-graph\">{\"@context\":\"https:\/\/schema.org\",\"@graph\":[{\"@type\":\"WebPage\",\"@id\":\"https:\/\/carbonmiledesign.pl\/produkt\/splitter-carbon-przedniego-zderzaka-cm-style-porsche-911-carrera-992\/\",\"url\":\"https:\/\/carbonmiledesign.pl\/produkt\/splitter-carbon-przedniego-zderzaka-cm-style-porsche-911-carrera-992\/\",\"name\":\"Splitter carbon przedniego zderzaka CM Style Porsche 911 Carrera 992\",\"isPartOf\":{\"@id\":\"https:\/\/carbonmiledesign.pl\/#website\"},\"primaryImageOfPage\":{\"@id\":\"https:\/\/carbonmiledesign.pl\/produkt\/splitter-carbon-przedniego-zderzaka-cm-style-porsche-911-carrera-992\/#primaryimage\"},\"image\":{\"@id\":\"https:\/\/carbonmiledesign.pl\/produkt\/splitter-carbon-przedniego-zderzaka-cm-style-porsche-911-carrera-992\/#primaryimage\"},\"thumbnailUrl\":\"https:\/\/carbonmiledesign.pl\/wp-content\/uploads\/2025\/06\/Splitter-porsche-911-992-CM-Design-2.jpeg\",\"datePublished\":\"2025-06-16T13:44:10+00:00\",\"dateModified\":\"2025-08-06T11:15:03+00:00\",\"description\":\"Splitter carbon przedniego zderzaka CM Style Porsche 911 Carrera 992 | Podkre\u015bl sportowy charakter Porsche! Nowe oblicze tuningu wizualnego z CM Design\",\"breadcrumb\":{\"@id\":\"https:\/\/carbonmiledesign.pl\/produkt\/splitter-carbon-przedniego-zderzaka-cm-style-porsche-911-carrera-992\/#breadcrumb\"},\"inLanguage\":\"en-US\",\"potentialAction\":[{\"@type\":\"ReadAction\",\"target\":[\"https:\/\/carbonmiledesign.pl\/produkt\/splitter-carbon-przedniego-zderzaka-cm-style-porsche-911-carrera-992\/\"]}]},{\"@type\":\"ImageObject\",\"inLanguage\":\"en-US\",\"@id\":\"https:\/\/carbonmiledesign.pl\/produkt\/splitter-carbon-przedniego-zderzaka-cm-style-porsche-911-carrera-992\/#primaryimage\",\"url\":\"https:\/\/carbonmiledesign.pl\/wp-content\/uploads\/2025\/06\/Splitter-porsche-911-992-CM-Design-2.jpeg\",\"contentUrl\":\"https:\/\/carbonmiledesign.pl\/wp-content\/uploads\/2025\/06\/Splitter-porsche-911-992-CM-Design-2.jpeg\",\"width\":1000,\"height\":1000},{\"@type\":\"BreadcrumbList\",\"@id\":\"https:\/\/carbonmiledesign.pl\/produkt\/splitter-carbon-przedniego-zderzaka-cm-style-porsche-911-carrera-992\/#breadcrumb\",\"itemListElement\":[{\"@type\":\"ListItem\",\"position\":1,\"name\":\"Strona g\u0142\u00f3wna\",\"item\":\"https:\/\/carbonmiledesign.pl\/\"},{\"@type\":\"ListItem\",\"position\":2,\"name\":\"Sklep\",\"item\":\"https:\/\/carbonmiledesign.pl\/sklep-wysokiej-jakosci-czesci-carbon\/\"},{\"@type\":\"ListItem\",\"position\":3,\"name\":\"Splitter carbon przedniego zderzaka CM Style Porsche 911 Carrera 992\"}]},{\"@type\":\"WebSite\",\"@id\":\"https:\/\/carbonmiledesign.pl\/#website\",\"url\":\"https:\/\/carbonmiledesign.pl\/\",\"name\":\"Carbonmile Design\",\"description\":\"\",\"publisher\":{\"@id\":\"https:\/\/carbonmiledesign.pl\/#organization\"},\"alternateName\":\"CM Design\",\"potentialAction\":[{\"@type\":\"SearchAction\",\"target\":{\"@type\":\"EntryPoint\",\"urlTemplate\":\"https:\/\/carbonmiledesign.pl\/?s={search_term_string}\"},\"query-input\":{\"@type\":\"PropertyValueSpecification\",\"valueRequired\":true,\"valueName\":\"search_term_string\"}}],\"inLanguage\":\"en-US\"},{\"@type\":\"Organization\",\"@id\":\"https:\/\/carbonmiledesign.pl\/#organization\",\"name\":\"Carbonmile Design\",\"url\":\"https:\/\/carbonmiledesign.pl\/\",\"logo\":{\"@type\":\"ImageObject\",\"inLanguage\":\"en-US\",\"@id\":\"https:\/\/carbonmiledesign.pl\/#\/schema\/logo\/image\/\",\"url\":\"https:\/\/carbonmiledesign.pl\/wp-content\/uploads\/2025\/01\/Carbonmiledesign-logo-czarne-przezroczyste-tlo.png\",\"contentUrl\":\"https:\/\/carbonmiledesign.pl\/wp-content\/uploads\/2025\/01\/Carbonmiledesign-logo-czarne-przezroczyste-tlo.png\",\"width\":2420,\"height\":520,\"caption\":\"Carbonmile Design\"},\"image\":{\"@id\":\"https:\/\/carbonmiledesign.pl\/#\/schema\/logo\/image\/\"}}]}<\/script>\n<!-- \/ Yoast SEO plugin. -->","yoast_head_json":{"title":"Splitter carbon front bumper CM Style Porsche 911 Carrera 992","description":"Splitter carbon przedniego zderzaka CM Style Porsche 911 Carrera 992 | Podkre\u015bl sportowy charakter Porsche! Nowe oblicze tuningu wizualnego z CM Design","robots":{"index":"index","follow":"follow","max-snippet":"max-snippet:-1","max-image-preview":"max-image-preview:large","max-video-preview":"max-video-preview:-1"},"canonical":"https:\/\/carbonmiledesign.pl\/en\/product\/splitter-carbon-przedniego-zderzaka-cm-style-porsche-911-carrera-992\/","og_locale":"en_US","og_type":"article","og_title":"Splitter carbon przedniego zderzaka CM Style Porsche 911 Carrera 992","og_description":"Splitter carbon przedniego zderzaka CM Style Porsche 911 Carrera 992 | Podkre\u015bl sportowy charakter Porsche! Nowe oblicze tuningu wizualnego z CM Design","og_url":"https:\/\/carbonmiledesign.pl\/en\/product\/splitter-carbon-przedniego-zderzaka-cm-style-porsche-911-carrera-992\/","og_site_name":"CarbonMile design","article_modified_time":"2025-08-06T11:15:03+00:00","og_image":[{"width":1000,"height":1000,"url":"https:\/\/carbonmiledesign.pl\/wp-content\/uploads\/2025\/06\/Splitter-porsche-911-992-CM-Design-2.jpeg","type":"image\/jpeg"}],"twitter_card":"summary_large_image","twitter_misc":{"Est. reading time":"1 minute"},"schema":{"@context":"https:\/\/schema.org","@graph":[{"@type":"WebPage","@id":"https:\/\/carbonmiledesign.pl\/produkt\/splitter-carbon-przedniego-zderzaka-cm-style-porsche-911-carrera-992\/","url":"https:\/\/carbonmiledesign.pl\/produkt\/splitter-carbon-przedniego-zderzaka-cm-style-porsche-911-carrera-992\/","name":"Splitter carbon front bumper CM Style Porsche 911 Carrera 992","isPartOf":{"@id":"https:\/\/carbonmiledesign.pl\/#website"},"primaryImageOfPage":{"@id":"https:\/\/carbonmiledesign.pl\/produkt\/splitter-carbon-przedniego-zderzaka-cm-style-porsche-911-carrera-992\/#primaryimage"},"image":{"@id":"https:\/\/carbonmiledesign.pl\/produkt\/splitter-carbon-przedniego-zderzaka-cm-style-porsche-911-carrera-992\/#primaryimage"},"thumbnailUrl":"https:\/\/carbonmiledesign.pl\/wp-content\/uploads\/2025\/06\/Splitter-porsche-911-992-CM-Design-2.jpeg","datePublished":"2025-06-16T13:44:10+00:00","dateModified":"2025-08-06T11:15:03+00:00","description":"Splitter carbon przedniego zderzaka CM Style Porsche 911 Carrera 992 | Podkre\u015bl sportowy charakter Porsche! Nowe oblicze tuningu wizualnego z CM Design","breadcrumb":{"@id":"https:\/\/carbonmiledesign.pl\/produkt\/splitter-carbon-przedniego-zderzaka-cm-style-porsche-911-carrera-992\/#breadcrumb"},"inLanguage":"en-US","potentialAction":[{"@type":"ReadAction","target":["https:\/\/carbonmiledesign.pl\/produkt\/splitter-carbon-przedniego-zderzaka-cm-style-porsche-911-carrera-992\/"]}]},{"@type":"ImageObject","inLanguage":"en-US","@id":"https:\/\/carbonmiledesign.pl\/produkt\/splitter-carbon-przedniego-zderzaka-cm-style-porsche-911-carrera-992\/#primaryimage","url":"https:\/\/carbonmiledesign.pl\/wp-content\/uploads\/2025\/06\/Splitter-porsche-911-992-CM-Design-2.jpeg","contentUrl":"https:\/\/carbonmiledesign.pl\/wp-content\/uploads\/2025\/06\/Splitter-porsche-911-992-CM-Design-2.jpeg","width":1000,"height":1000},{"@type":"BreadcrumbList","@id":"https:\/\/carbonmiledesign.pl\/produkt\/splitter-carbon-przedniego-zderzaka-cm-style-porsche-911-carrera-992\/#breadcrumb","itemListElement":[{"@type":"ListItem","position":1,"name":"Strona g\u0142\u00f3wna","item":"https:\/\/carbonmiledesign.pl\/"},{"@type":"ListItem","position":2,"name":"Sklep","item":"https:\/\/carbonmiledesign.pl\/sklep-wysokiej-jakosci-czesci-carbon\/"},{"@type":"ListItem","position":3,"name":"Splitter carbon przedniego zderzaka CM Style Porsche 911 Carrera 992"}]},{"@type":"WebSite","@id":"https:\/\/carbonmiledesign.pl\/#website","url":"https:\/\/carbonmiledesign.pl\/","name":"Carbonmile Design","description":"","publisher":{"@id":"https:\/\/carbonmiledesign.pl\/#organization"},"alternateName":"CM Design","potentialAction":[{"@type":"SearchAction","target":{"@type":"EntryPoint","urlTemplate":"https:\/\/carbonmiledesign.pl\/?s={search_term_string}"},"query-input":{"@type":"PropertyValueSpecification","valueRequired":true,"valueName":"search_term_string"}}],"inLanguage":"en-US"},{"@type":"Organization","@id":"https:\/\/carbonmiledesign.pl\/#organization","name":"Carbonmile Design","url":"https:\/\/carbonmiledesign.pl\/","logo":{"@type":"ImageObject","inLanguage":"en-US","@id":"https:\/\/carbonmiledesign.pl\/#\/schema\/logo\/image\/","url":"https:\/\/carbonmiledesign.pl\/wp-content\/uploads\/2025\/01\/Carbonmiledesign-logo-czarne-przezroczyste-tlo.png","contentUrl":"https:\/\/carbonmiledesign.pl\/wp-content\/uploads\/2025\/01\/Carbonmiledesign-logo-czarne-przezroczyste-tlo.png","width":2420,"height":520,"caption":"Carbonmile Design"},"image":{"@id":"https:\/\/carbonmiledesign.pl\/#\/schema\/logo\/image\/"}}]}},"jetpack_sharing_enabled":true,"_links":{"self":[{"href":"https:\/\/carbonmiledesign.pl\/en\/wp-json\/wp\/v2\/product\/2361","targetHints":{"allow":["GET"]}}],"collection":[{"href":"https:\/\/carbonmiledesign.pl\/en\/wp-json\/wp\/v2\/product"}],"about":[{"href":"https:\/\/carbonmiledesign.pl\/en\/wp-json\/wp\/v2\/types\/product"}],"wp:featuredmedia":[{"embeddable":true,"href":"https:\/\/carbonmiledesign.pl\/en\/wp-json\/wp\/v2\/media\/2363"}],"wp:attachment":[{"href":"https:\/\/carbonmiledesign.pl\/en\/wp-json\/wp\/v2\/media?parent=2361"}],"wp:term":[{"taxonomy":"product_brand","embeddable":true,"href":"https:\/\/carbonmiledesign.pl\/en\/wp-json\/wp\/v2\/product_brand?post=2361"},{"taxonomy":"product_cat","embeddable":true,"href":"https:\/\/carbonmiledesign.pl\/en\/wp-json\/wp\/v2\/product_cat?post=2361"},{"taxonomy":"product_tag","embeddable":true,"href":"https:\/\/carbonmiledesign.pl\/en\/wp-json\/wp\/v2\/product_tag?post=2361"}],"curies":[{"name":"wp","href":"https:\/\/api.w.org\/{rel}","templated":true}]}}