{"id":2278,"date":"2025-06-06T15:41:33","date_gmt":"2025-06-06T13:41:33","guid":{"rendered":"https:\/\/carbonmiledesign.pl\/?post_type=product&#038;p=2278"},"modified":"2025-07-17T14:22:54","modified_gmt":"2025-07-17T12:22:54","slug":"kierownica-carbon-alcantara-bmw-gxx-cm-design","status":"publish","type":"product","link":"https:\/\/carbonmiledesign.pl\/en\/product\/kierownica-carbon-alcantara-bmw-gxx-cm-design\/","title":{"rendered":"Carbon Alcantara steering wheel BMW GXX | CM Design"},"content":{"rendered":"<h3 data-start=\"35\" data-end=\"90\"><strong data-start=\"39\" data-end=\"90\">Carbon Alcantara steering wheel BMW GXX | CM Design<\/strong><\/h3>\n<p data-start=\"92\" data-end=\"300\">Podkre\u015bl sportowy charakter swojego BMW dzi\u0119ki ekskluzywnej kierownicy Carbon Alcantara od <strong data-start=\"183\" data-end=\"196\">CM Design<\/strong> \u2013 po\u0142\u0105czeniu nowoczesnego stylu, najwy\u017cszej jako\u015bci materia\u0142\u00f3w i mo\u017cliwo\u015bci indywidualnej konfiguracji.<\/p>\n<p data-start=\"302\" data-end=\"641\"><strong data-start=\"302\" data-end=\"349\">Luksusowe materia\u0142y i perfekcyjne wykonanie<\/strong><br data-start=\"349\" data-end=\"352\" \/>Rdzeniem zestawu jest ergonomicznie zaprojektowana kierownica obszyta alcantar\u0105, zapewniaj\u0105ca pewny chwyt oraz wyj\u0105tkowy komfort prowadzenia. Wyko\u0144czenie z <a href=\"https:\/\/carbonmiledesign.pl\/karbon-od-podstaw-co-warto-wiedziec\/\"><strong data-start=\"508\" data-end=\"523\">dry carbonu<\/strong><\/a> na obudowie kierownicy podkre\u015bla jej dynamiczny i nowoczesny wygl\u0105d, dodaj\u0105c wn\u0119trzu samochodu sportowego charakteru.<\/p>\n<p data-start=\"643\" data-end=\"771\"><strong data-start=\"643\" data-end=\"677\">Dost\u0119pne opcje personalizacji:<\/strong><br data-start=\"677\" data-end=\"680\" \/>\u2714 Grzanie kierownicy<br data-start=\"700\" data-end=\"703\" \/>\u2714 ACC \u2013 aktywny tempomat<br data-start=\"727\" data-end=\"730\" \/>\u2714 \u0141opatki zmiany bieg\u00f3w carbon<\/p>\n<p data-start=\"773\" data-end=\"983\">Ka\u017cda kierownica tworzona jest z dba\u0142o\u015bci\u0105 o detale, z zachowaniem OEM-owego dopasowania i zgodno\u015bci z fabrycznymi mocowaniami. Projekt CM Design to gwarancja jako\u015bci i stylu, kt\u00f3ry odmieni wn\u0119trze Twojego BMW.<\/p>\n<p data-start=\"773\" data-end=\"983\"><strong style=\"color: #ed1c24; font-size: 14.4px;\" data-start=\"987\" data-end=\"1002\">W zestawie:<\/strong><\/p>\n<p data-start=\"773\" data-end=\"983\"><span style=\"color: #ed1c24;\">\u2022 Kierownica obszyta alcantar\u0105<\/span><br data-start=\"1035\" data-end=\"1038\" \/><span style=\"color: #ed1c24;\">\u2022 Obudowa kierownicy wykonana z carbonu<\/span><br data-start=\"1077\" data-end=\"1080\" \/><span style=\"color: #ed1c24;\"><em data-start=\"1082\" data-end=\"1230\">Elementy takie jak poduszka powietrzna i \u00a0przyciski nie s\u0105 do\u0142\u0105czone \u2013 mo\u017cna je prze\u0142o\u017cy\u0107 z fabrycznej kierownicy lub dobra\u0107 opcje carbon jako dodatek.<\/em><\/span><\/p>","protected":false},"excerpt":{"rendered":"<h3 data-start=\"137\" data-end=\"204\"><span style=\"font-size: 75%;\"><strong data-start=\"141\" data-end=\"204\">Kierownica Carbon Alcantara OEM Style | BMW GXX | CM Design<\/strong><\/span><\/h3>\n<p data-start=\"206\" data-end=\"403\"><span style=\"font-size: 75%;\">Wyj\u0105tkowa kierownica wykonana z alcantary i najwy\u017cszej jako\u015bci w\u0142\u00f3kna w\u0119glowego (<a href=\"https:\/\/carbonmiledesign.pl\/karbon-od-podstaw-co-warto-wiedziec\/\"><em data-start=\"287\" data-end=\"299\">dry carbon<\/em><\/a>), zaprojektowana w stylu OEM. \u015awietnie podkre\u015bla sportowy i nowoczesny charakter wn\u0119trza Twojego BMW.<\/span><\/p>\n<p data-start=\"405\" data-end=\"477\"><span style=\"font-size: 75%;\"><strong data-start=\"405\" data-end=\"420\">W zestawie:<\/strong><\/span><br data-start=\"420\" data-end=\"423\" \/><span style=\"font-size: 75%;\">\u2022 Kierownica obszyta alcantar\u0105<\/span><br data-start=\"453\" data-end=\"456\" \/><span style=\"font-size: 75%;\">\u2022 Obudowa z carbonu<\/span><\/p>\n<p data-start=\"479\" data-end=\"549\"><span style=\"font-size: 75%;\"><strong data-start=\"479\" data-end=\"508\">Dost\u0119pne opcje dodatkowe:<\/strong><\/span><br data-start=\"508\" data-end=\"511\" \/><span style=\"font-size: 75%;\">\u2022 Grzanie<\/span><br data-start=\"520\" data-end=\"523\" \/><span style=\"font-size: 75%;\">\u2022 ACC<\/span><br data-start=\"528\" data-end=\"531\" \/><span style=\"font-size: 75%;\">\u2022 \u0141opatki carbon<\/span><\/p>\n<p data-start=\"551\" data-end=\"615\"><span style=\"font-size: 75%;\"><strong data-start=\"551\" data-end=\"583\">Estimated production time:<\/strong> 15dni<\/span><\/p>","protected":false},"featured_media":2335,"template":"","meta":[],"product_brand":[287],"product_cat":[202,120,122,217,218,219,200,256,257,258,70,203,107,123,211,212,199,259,260,261,145,146,105,143,144,255,248,245],"product_tag":[],"class_list":{"0":"post-2278","1":"product","2":"type-product","3":"status-publish","4":"has-post-thumbnail","6":"product_brand-carbonmiledesign","7":"product_cat-2-g42","8":"product_cat-3-g20","9":"product_cat-3-g21","10":"product_cat-4-g22","11":"product_cat-4-g23","12":"product_cat-4-g26","13":"product_cat-5-g31","14":"product_cat-8-g14","15":"product_cat-8-g15","16":"product_cat-8-g16","17":"product_cat-bmw","18":"product_cat-m2-g87","19":"product_cat-m3-g80","20":"product_cat-m3-g81","21":"product_cat-m4-g82","22":"product_cat-m4-g83","23":"product_cat-m5-f90","24":"product_cat-m8-f91","25":"product_cat-m8-f92","26":"product_cat-m8-f93","27":"product_cat-seria-1","28":"product_cat-seria-2-m2","29":"product_cat-seria-3-m3","30":"product_cat-seria-4-m4","31":"product_cat-seria-5-m5","32":"product_cat-seria-8-m8","33":"product_cat-x5-g05","34":"product_cat-x7-g07","35":"product_shipping_class-na-zamowienie","36":"pa_marka-bmw","38":"first","39":"instock","40":"shipping-taxable","41":"purchasable","42":"product-type-variable"},"yoast_head":"<!-- This site is optimized with the Yoast SEO plugin v26.6 - https:\/\/yoast.com\/wordpress\/plugins\/seo\/ -->\n<title>Kierownica Carbon Alcantara BMW GXX | CM Design<\/title>\n<meta name=\"description\" content=\"Kierownica BMW GXX carbon alcantara od CM Design. Opcje: Grzanie, ACC, \u0142opatki. Najwy\u017csza jako\u015b\u0107 wykonania i dopasowania w CM Design.\" \/>\n<meta name=\"robots\" content=\"index, follow, max-snippet:-1, max-image-preview:large, max-video-preview:-1\" \/>\n<link rel=\"canonical\" href=\"https:\/\/carbonmiledesign.pl\/en\/product\/kierownica-carbon-alcantara-bmw-gxx-cm-design\/\" \/>\n<meta property=\"og:locale\" content=\"en_US\" \/>\n<meta property=\"og:type\" content=\"article\" \/>\n<meta property=\"og:title\" content=\"Kierownica Carbon Alcantara BMW GXX | CM Design\" \/>\n<meta property=\"og:description\" content=\"Kierownica BMW GXX carbon alcantara od CM Design. Opcje: Grzanie, ACC, \u0142opatki. Najwy\u017csza jako\u015b\u0107 wykonania i dopasowania w CM Design.\" \/>\n<meta property=\"og:url\" content=\"https:\/\/carbonmiledesign.pl\/en\/product\/kierownica-carbon-alcantara-bmw-gxx-cm-design\/\" \/>\n<meta property=\"og:site_name\" content=\"CarbonMile design\" \/>\n<meta property=\"article:modified_time\" content=\"2025-07-17T12:22:54+00:00\" \/>\n<meta property=\"og:image\" content=\"https:\/\/carbonmiledesign.pl\/wp-content\/uploads\/2025\/06\/Kierownica-GXX-carbon-alcantara-CM-Design-3.png\" \/>\n\t<meta property=\"og:image:width\" content=\"1000\" \/>\n\t<meta property=\"og:image:height\" content=\"1000\" \/>\n\t<meta property=\"og:image:type\" content=\"image\/png\" \/>\n<meta name=\"twitter:card\" content=\"summary_large_image\" \/>\n<meta name=\"twitter:label1\" content=\"Est. reading time\" \/>\n\t<meta name=\"twitter:data1\" content=\"2 minutes\" \/>\n<script type=\"application\/ld+json\" class=\"yoast-schema-graph\">{\"@context\":\"https:\/\/schema.org\",\"@graph\":[{\"@type\":\"WebPage\",\"@id\":\"https:\/\/carbonmiledesign.pl\/produkt\/kierownica-carbon-alcantara-bmw-gxx-cm-design\/\",\"url\":\"https:\/\/carbonmiledesign.pl\/produkt\/kierownica-carbon-alcantara-bmw-gxx-cm-design\/\",\"name\":\"Kierownica Carbon Alcantara BMW GXX | CM Design\",\"isPartOf\":{\"@id\":\"https:\/\/carbonmiledesign.pl\/#website\"},\"primaryImageOfPage\":{\"@id\":\"https:\/\/carbonmiledesign.pl\/produkt\/kierownica-carbon-alcantara-bmw-gxx-cm-design\/#primaryimage\"},\"image\":{\"@id\":\"https:\/\/carbonmiledesign.pl\/produkt\/kierownica-carbon-alcantara-bmw-gxx-cm-design\/#primaryimage\"},\"thumbnailUrl\":\"https:\/\/carbonmiledesign.pl\/wp-content\/uploads\/2025\/06\/Kierownica-GXX-carbon-alcantara-CM-Design-3.png\",\"datePublished\":\"2025-06-06T13:41:33+00:00\",\"dateModified\":\"2025-07-17T12:22:54+00:00\",\"description\":\"Kierownica BMW GXX carbon alcantara od CM Design. Opcje: Grzanie, ACC, \u0142opatki. Najwy\u017csza jako\u015b\u0107 wykonania i dopasowania w CM Design.\",\"breadcrumb\":{\"@id\":\"https:\/\/carbonmiledesign.pl\/produkt\/kierownica-carbon-alcantara-bmw-gxx-cm-design\/#breadcrumb\"},\"inLanguage\":\"en-US\",\"potentialAction\":[{\"@type\":\"ReadAction\",\"target\":[\"https:\/\/carbonmiledesign.pl\/produkt\/kierownica-carbon-alcantara-bmw-gxx-cm-design\/\"]}]},{\"@type\":\"ImageObject\",\"inLanguage\":\"en-US\",\"@id\":\"https:\/\/carbonmiledesign.pl\/produkt\/kierownica-carbon-alcantara-bmw-gxx-cm-design\/#primaryimage\",\"url\":\"https:\/\/carbonmiledesign.pl\/wp-content\/uploads\/2025\/06\/Kierownica-GXX-carbon-alcantara-CM-Design-3.png\",\"contentUrl\":\"https:\/\/carbonmiledesign.pl\/wp-content\/uploads\/2025\/06\/Kierownica-GXX-carbon-alcantara-CM-Design-3.png\",\"width\":1000,\"height\":1000},{\"@type\":\"BreadcrumbList\",\"@id\":\"https:\/\/carbonmiledesign.pl\/produkt\/kierownica-carbon-alcantara-bmw-gxx-cm-design\/#breadcrumb\",\"itemListElement\":[{\"@type\":\"ListItem\",\"position\":1,\"name\":\"Strona g\u0142\u00f3wna\",\"item\":\"https:\/\/carbonmiledesign.pl\/\"},{\"@type\":\"ListItem\",\"position\":2,\"name\":\"Sklep\",\"item\":\"https:\/\/carbonmiledesign.pl\/sklep-wysokiej-jakosci-czesci-carbon\/\"},{\"@type\":\"ListItem\",\"position\":3,\"name\":\"Kierownica Carbon Alcantara BMW GXX | CM Design\"}]},{\"@type\":\"WebSite\",\"@id\":\"https:\/\/carbonmiledesign.pl\/#website\",\"url\":\"https:\/\/carbonmiledesign.pl\/\",\"name\":\"Carbonmile Design\",\"description\":\"\",\"publisher\":{\"@id\":\"https:\/\/carbonmiledesign.pl\/#organization\"},\"alternateName\":\"CM Design\",\"potentialAction\":[{\"@type\":\"SearchAction\",\"target\":{\"@type\":\"EntryPoint\",\"urlTemplate\":\"https:\/\/carbonmiledesign.pl\/?s={search_term_string}\"},\"query-input\":{\"@type\":\"PropertyValueSpecification\",\"valueRequired\":true,\"valueName\":\"search_term_string\"}}],\"inLanguage\":\"en-US\"},{\"@type\":\"Organization\",\"@id\":\"https:\/\/carbonmiledesign.pl\/#organization\",\"name\":\"Carbonmile Design\",\"url\":\"https:\/\/carbonmiledesign.pl\/\",\"logo\":{\"@type\":\"ImageObject\",\"inLanguage\":\"en-US\",\"@id\":\"https:\/\/carbonmiledesign.pl\/#\/schema\/logo\/image\/\",\"url\":\"https:\/\/carbonmiledesign.pl\/wp-content\/uploads\/2025\/01\/Carbonmiledesign-logo-czarne-przezroczyste-tlo.png\",\"contentUrl\":\"https:\/\/carbonmiledesign.pl\/wp-content\/uploads\/2025\/01\/Carbonmiledesign-logo-czarne-przezroczyste-tlo.png\",\"width\":2420,\"height\":520,\"caption\":\"Carbonmile Design\"},\"image\":{\"@id\":\"https:\/\/carbonmiledesign.pl\/#\/schema\/logo\/image\/\"}}]}<\/script>\n<!-- \/ Yoast SEO plugin. -->","yoast_head_json":{"title":"Carbon Alcantara steering wheel BMW GXX | CM Design","description":"Kierownica BMW GXX carbon alcantara od CM Design. Opcje: Grzanie, ACC, \u0142opatki. Najwy\u017csza jako\u015b\u0107 wykonania i dopasowania w CM Design.","robots":{"index":"index","follow":"follow","max-snippet":"max-snippet:-1","max-image-preview":"max-image-preview:large","max-video-preview":"max-video-preview:-1"},"canonical":"https:\/\/carbonmiledesign.pl\/en\/product\/kierownica-carbon-alcantara-bmw-gxx-cm-design\/","og_locale":"en_US","og_type":"article","og_title":"Kierownica Carbon Alcantara BMW GXX | CM Design","og_description":"Kierownica BMW GXX carbon alcantara od CM Design. Opcje: Grzanie, ACC, \u0142opatki. Najwy\u017csza jako\u015b\u0107 wykonania i dopasowania w CM Design.","og_url":"https:\/\/carbonmiledesign.pl\/en\/product\/kierownica-carbon-alcantara-bmw-gxx-cm-design\/","og_site_name":"CarbonMile design","article_modified_time":"2025-07-17T12:22:54+00:00","og_image":[{"width":1000,"height":1000,"url":"https:\/\/carbonmiledesign.pl\/wp-content\/uploads\/2025\/06\/Kierownica-GXX-carbon-alcantara-CM-Design-3.png","type":"image\/png"}],"twitter_card":"summary_large_image","twitter_misc":{"Est. reading time":"2 minutes"},"schema":{"@context":"https:\/\/schema.org","@graph":[{"@type":"WebPage","@id":"https:\/\/carbonmiledesign.pl\/produkt\/kierownica-carbon-alcantara-bmw-gxx-cm-design\/","url":"https:\/\/carbonmiledesign.pl\/produkt\/kierownica-carbon-alcantara-bmw-gxx-cm-design\/","name":"Carbon Alcantara steering wheel BMW GXX | CM Design","isPartOf":{"@id":"https:\/\/carbonmiledesign.pl\/#website"},"primaryImageOfPage":{"@id":"https:\/\/carbonmiledesign.pl\/produkt\/kierownica-carbon-alcantara-bmw-gxx-cm-design\/#primaryimage"},"image":{"@id":"https:\/\/carbonmiledesign.pl\/produkt\/kierownica-carbon-alcantara-bmw-gxx-cm-design\/#primaryimage"},"thumbnailUrl":"https:\/\/carbonmiledesign.pl\/wp-content\/uploads\/2025\/06\/Kierownica-GXX-carbon-alcantara-CM-Design-3.png","datePublished":"2025-06-06T13:41:33+00:00","dateModified":"2025-07-17T12:22:54+00:00","description":"Kierownica BMW GXX carbon alcantara od CM Design. Opcje: Grzanie, ACC, \u0142opatki. Najwy\u017csza jako\u015b\u0107 wykonania i dopasowania w CM Design.","breadcrumb":{"@id":"https:\/\/carbonmiledesign.pl\/produkt\/kierownica-carbon-alcantara-bmw-gxx-cm-design\/#breadcrumb"},"inLanguage":"en-US","potentialAction":[{"@type":"ReadAction","target":["https:\/\/carbonmiledesign.pl\/produkt\/kierownica-carbon-alcantara-bmw-gxx-cm-design\/"]}]},{"@type":"ImageObject","inLanguage":"en-US","@id":"https:\/\/carbonmiledesign.pl\/produkt\/kierownica-carbon-alcantara-bmw-gxx-cm-design\/#primaryimage","url":"https:\/\/carbonmiledesign.pl\/wp-content\/uploads\/2025\/06\/Kierownica-GXX-carbon-alcantara-CM-Design-3.png","contentUrl":"https:\/\/carbonmiledesign.pl\/wp-content\/uploads\/2025\/06\/Kierownica-GXX-carbon-alcantara-CM-Design-3.png","width":1000,"height":1000},{"@type":"BreadcrumbList","@id":"https:\/\/carbonmiledesign.pl\/produkt\/kierownica-carbon-alcantara-bmw-gxx-cm-design\/#breadcrumb","itemListElement":[{"@type":"ListItem","position":1,"name":"Strona g\u0142\u00f3wna","item":"https:\/\/carbonmiledesign.pl\/"},{"@type":"ListItem","position":2,"name":"Sklep","item":"https:\/\/carbonmiledesign.pl\/sklep-wysokiej-jakosci-czesci-carbon\/"},{"@type":"ListItem","position":3,"name":"Kierownica Carbon Alcantara BMW GXX | CM Design"}]},{"@type":"WebSite","@id":"https:\/\/carbonmiledesign.pl\/#website","url":"https:\/\/carbonmiledesign.pl\/","name":"Carbonmile Design","description":"","publisher":{"@id":"https:\/\/carbonmiledesign.pl\/#organization"},"alternateName":"CM Design","potentialAction":[{"@type":"SearchAction","target":{"@type":"EntryPoint","urlTemplate":"https:\/\/carbonmiledesign.pl\/?s={search_term_string}"},"query-input":{"@type":"PropertyValueSpecification","valueRequired":true,"valueName":"search_term_string"}}],"inLanguage":"en-US"},{"@type":"Organization","@id":"https:\/\/carbonmiledesign.pl\/#organization","name":"Carbonmile Design","url":"https:\/\/carbonmiledesign.pl\/","logo":{"@type":"ImageObject","inLanguage":"en-US","@id":"https:\/\/carbonmiledesign.pl\/#\/schema\/logo\/image\/","url":"https:\/\/carbonmiledesign.pl\/wp-content\/uploads\/2025\/01\/Carbonmiledesign-logo-czarne-przezroczyste-tlo.png","contentUrl":"https:\/\/carbonmiledesign.pl\/wp-content\/uploads\/2025\/01\/Carbonmiledesign-logo-czarne-przezroczyste-tlo.png","width":2420,"height":520,"caption":"Carbonmile Design"},"image":{"@id":"https:\/\/carbonmiledesign.pl\/#\/schema\/logo\/image\/"}}]}},"jetpack_sharing_enabled":true,"_links":{"self":[{"href":"https:\/\/carbonmiledesign.pl\/en\/wp-json\/wp\/v2\/product\/2278","targetHints":{"allow":["GET"]}}],"collection":[{"href":"https:\/\/carbonmiledesign.pl\/en\/wp-json\/wp\/v2\/product"}],"about":[{"href":"https:\/\/carbonmiledesign.pl\/en\/wp-json\/wp\/v2\/types\/product"}],"wp:featuredmedia":[{"embeddable":true,"href":"https:\/\/carbonmiledesign.pl\/en\/wp-json\/wp\/v2\/media\/2335"}],"wp:attachment":[{"href":"https:\/\/carbonmiledesign.pl\/en\/wp-json\/wp\/v2\/media?parent=2278"}],"wp:term":[{"taxonomy":"product_brand","embeddable":true,"href":"https:\/\/carbonmiledesign.pl\/en\/wp-json\/wp\/v2\/product_brand?post=2278"},{"taxonomy":"product_cat","embeddable":true,"href":"https:\/\/carbonmiledesign.pl\/en\/wp-json\/wp\/v2\/product_cat?post=2278"},{"taxonomy":"product_tag","embeddable":true,"href":"https:\/\/carbonmiledesign.pl\/en\/wp-json\/wp\/v2\/product_tag?post=2278"}],"curies":[{"name":"wp","href":"https:\/\/api.w.org\/{rel}","templated":true}]}}