{"id":2259,"date":"2025-05-29T12:26:53","date_gmt":"2025-05-29T10:26:53","guid":{"rendered":"https:\/\/carbonmiledesign.pl\/?post_type=product&#038;p=2259"},"modified":"2025-12-02T01:49:00","modified_gmt":"2025-12-02T00:49:00","slug":"listwy-progowe-progi-carbon-mp-style-bmw-m5-g90-g99","status":"publish","type":"product","link":"https:\/\/carbonmiledesign.pl\/en\/product\/listwy-progowe-progi-carbon-mp-style-bmw-m5-g90-g99\/","title":{"rendered":"Sill moldings carbon MP Style BMW M5 G90 G99"},"content":{"rendered":"<h3>Sill moldings carbon MP Style BMW M5 G90 G99<\/h3>\n<p><strong>Manufacturer:<\/strong>\u00a0CM Design<\/p>\n<p><strong>Material:\u00a0<\/strong>Carbon \u2013 W\u0142\u00f3kno-w\u0119glowe<\/p>\n<p><b>Fits to:<\/b><\/p>\n<ul>\n<li>BMW M5 G90<\/li>\n<li>BMW M5 G99 Touring<\/li>\n<\/ul>\n<p>Listwy progowe wykonane z najwy\u017cszej jako\u015bci carbonu nadaj\u0105 &#8222;M-pi\u0105tce&#8221; wyrazistego, sportowego charakteru, idealnie komponuj\u0105c si\u0119 z atletyczn\u0105 sylwetk\u0105 samochodu. To detal, kt\u00f3ry wizualnie obni\u017ca lini\u0119 nadwozia i dodaje eleganckiej agresji bez utraty codziennej funkcjonalno\u015bci.<\/p>\n<p>Najwy\u017csze standardy produkcji zapewniaj\u0105 nie tylko wygl\u0105d, ale r\u00f3wnie\u017c najwy\u017csz\u0105 jako\u015b\u0107, oraz perfekcyjne dopasowanie.<\/p>","protected":false},"excerpt":{"rendered":"<p><span style=\"font-size: 75%;\"><strong>LISTWY PROGOWE PROGI CARBON MP STYLE BMW M5 G90 G99<\/strong><\/span><\/p>\n<p>Wyj\u0105tkowe progi boczne z w\u0142\u00f3kna w\u0119glowego, kt\u00f3re dodaj\u0105 sportowego charakteru. Lekkie, trwa\u0142e i perfekcyjnie dopasowane.<\/p>\n<p><strong>Fits to:<\/strong><\/p>\n<ul>\n<li>BMW M5 G90<\/li>\n<li>BMW M5 G99 Touring<\/li>\n<\/ul>\n<p><strong>Estimated production time:<\/strong>\u00a0<em>19dni<\/em><\/p>","protected":false},"featured_media":3657,"template":"","meta":[],"product_brand":[],"product_cat":[70,241,242,144],"product_tag":[],"class_list":{"0":"post-2259","1":"product","2":"type-product","3":"status-publish","4":"has-post-thumbnail","6":"product_cat-bmw","7":"product_cat-m5-g90","8":"product_cat-m5-g99","9":"product_cat-seria-5-m5","10":"pa_generacja-g90","11":"pa_generacja-g99","12":"pa_marka-bmw","13":"pa_model-seria-5-m5","15":"first","16":"instock","17":"shipping-taxable","18":"purchasable","19":"product-type-simple"},"yoast_head":"<!-- This site is optimized with the Yoast SEO plugin v26.6 - https:\/\/yoast.com\/wordpress\/plugins\/seo\/ -->\n<title>Listwy progowe progi carbon MP Style BMW M5 G90 G99<\/title>\n<meta name=\"description\" content=\"Listwy progowe progi carbon MP Style BMW M5 G90 G99 Agresywne listwy progowe wykonane z najwy\u017cszej jako\u015bci carbonu, fenomenalnie podkre\u015blaj\u0105 sylwetk\u0119 M5!\" \/>\n<meta name=\"robots\" content=\"index, follow, max-snippet:-1, max-image-preview:large, max-video-preview:-1\" \/>\n<link rel=\"canonical\" href=\"https:\/\/carbonmiledesign.pl\/en\/product\/listwy-progowe-progi-carbon-mp-style-bmw-m5-g90-g99\/\" \/>\n<meta property=\"og:locale\" content=\"en_US\" \/>\n<meta property=\"og:type\" content=\"article\" \/>\n<meta property=\"og:title\" content=\"Listwy progowe progi carbon MP Style BMW M5 G90 G99\" \/>\n<meta property=\"og:description\" content=\"Listwy progowe progi carbon MP Style BMW M5 G90 G99 Agresywne listwy progowe wykonane z najwy\u017cszej jako\u015bci carbonu, fenomenalnie podkre\u015blaj\u0105 sylwetk\u0119 M5!\" \/>\n<meta property=\"og:url\" content=\"https:\/\/carbonmiledesign.pl\/en\/product\/listwy-progowe-progi-carbon-mp-style-bmw-m5-g90-g99\/\" \/>\n<meta property=\"og:site_name\" content=\"CarbonMile design\" \/>\n<meta property=\"article:modified_time\" content=\"2025-12-02T00:49:00+00:00\" \/>\n<meta property=\"og:image\" content=\"https:\/\/carbonmiledesign.pl\/wp-content\/uploads\/2025\/05\/Zrzut-ekranu-2025-10-16-o-13.40.03.png\" \/>\n\t<meta property=\"og:image:width\" content=\"1417\" \/>\n\t<meta property=\"og:image:height\" content=\"1374\" \/>\n\t<meta property=\"og:image:type\" content=\"image\/png\" \/>\n<meta name=\"twitter:card\" content=\"summary_large_image\" \/>\n<meta name=\"twitter:label1\" content=\"Est. reading time\" \/>\n\t<meta name=\"twitter:data1\" content=\"1 minute\" \/>\n<script type=\"application\/ld+json\" class=\"yoast-schema-graph\">{\"@context\":\"https:\/\/schema.org\",\"@graph\":[{\"@type\":\"WebPage\",\"@id\":\"https:\/\/carbonmiledesign.pl\/produkt\/listwy-progowe-progi-carbon-mp-style-bmw-m5-g90-g99\/\",\"url\":\"https:\/\/carbonmiledesign.pl\/produkt\/listwy-progowe-progi-carbon-mp-style-bmw-m5-g90-g99\/\",\"name\":\"Listwy progowe progi carbon MP Style BMW M5 G90 G99\",\"isPartOf\":{\"@id\":\"https:\/\/carbonmiledesign.pl\/#website\"},\"primaryImageOfPage\":{\"@id\":\"https:\/\/carbonmiledesign.pl\/produkt\/listwy-progowe-progi-carbon-mp-style-bmw-m5-g90-g99\/#primaryimage\"},\"image\":{\"@id\":\"https:\/\/carbonmiledesign.pl\/produkt\/listwy-progowe-progi-carbon-mp-style-bmw-m5-g90-g99\/#primaryimage\"},\"thumbnailUrl\":\"https:\/\/carbonmiledesign.pl\/wp-content\/uploads\/2025\/05\/Zrzut-ekranu-2025-10-16-o-13.40.03.png\",\"datePublished\":\"2025-05-29T10:26:53+00:00\",\"dateModified\":\"2025-12-02T00:49:00+00:00\",\"description\":\"Listwy progowe progi carbon MP Style BMW M5 G90 G99 Agresywne listwy progowe wykonane z najwy\u017cszej jako\u015bci carbonu, fenomenalnie podkre\u015blaj\u0105 sylwetk\u0119 M5!\",\"breadcrumb\":{\"@id\":\"https:\/\/carbonmiledesign.pl\/produkt\/listwy-progowe-progi-carbon-mp-style-bmw-m5-g90-g99\/#breadcrumb\"},\"inLanguage\":\"en-US\",\"potentialAction\":[{\"@type\":\"ReadAction\",\"target\":[\"https:\/\/carbonmiledesign.pl\/produkt\/listwy-progowe-progi-carbon-mp-style-bmw-m5-g90-g99\/\"]}]},{\"@type\":\"ImageObject\",\"inLanguage\":\"en-US\",\"@id\":\"https:\/\/carbonmiledesign.pl\/produkt\/listwy-progowe-progi-carbon-mp-style-bmw-m5-g90-g99\/#primaryimage\",\"url\":\"https:\/\/carbonmiledesign.pl\/wp-content\/uploads\/2025\/05\/Zrzut-ekranu-2025-10-16-o-13.40.03.png\",\"contentUrl\":\"https:\/\/carbonmiledesign.pl\/wp-content\/uploads\/2025\/05\/Zrzut-ekranu-2025-10-16-o-13.40.03.png\",\"width\":1417,\"height\":1374},{\"@type\":\"BreadcrumbList\",\"@id\":\"https:\/\/carbonmiledesign.pl\/produkt\/listwy-progowe-progi-carbon-mp-style-bmw-m5-g90-g99\/#breadcrumb\",\"itemListElement\":[{\"@type\":\"ListItem\",\"position\":1,\"name\":\"Strona g\u0142\u00f3wna\",\"item\":\"https:\/\/carbonmiledesign.pl\/\"},{\"@type\":\"ListItem\",\"position\":2,\"name\":\"Sklep\",\"item\":\"https:\/\/carbonmiledesign.pl\/sklep-wysokiej-jakosci-czesci-carbon\/\"},{\"@type\":\"ListItem\",\"position\":3,\"name\":\"Listwy progowe progi carbon MP Style BMW M5 G90 G99\"}]},{\"@type\":\"WebSite\",\"@id\":\"https:\/\/carbonmiledesign.pl\/#website\",\"url\":\"https:\/\/carbonmiledesign.pl\/\",\"name\":\"Carbonmile Design\",\"description\":\"\",\"publisher\":{\"@id\":\"https:\/\/carbonmiledesign.pl\/#organization\"},\"alternateName\":\"CM Design\",\"potentialAction\":[{\"@type\":\"SearchAction\",\"target\":{\"@type\":\"EntryPoint\",\"urlTemplate\":\"https:\/\/carbonmiledesign.pl\/?s={search_term_string}\"},\"query-input\":{\"@type\":\"PropertyValueSpecification\",\"valueRequired\":true,\"valueName\":\"search_term_string\"}}],\"inLanguage\":\"en-US\"},{\"@type\":\"Organization\",\"@id\":\"https:\/\/carbonmiledesign.pl\/#organization\",\"name\":\"Carbonmile Design\",\"url\":\"https:\/\/carbonmiledesign.pl\/\",\"logo\":{\"@type\":\"ImageObject\",\"inLanguage\":\"en-US\",\"@id\":\"https:\/\/carbonmiledesign.pl\/#\/schema\/logo\/image\/\",\"url\":\"https:\/\/carbonmiledesign.pl\/wp-content\/uploads\/2025\/01\/Carbonmiledesign-logo-czarne-przezroczyste-tlo.png\",\"contentUrl\":\"https:\/\/carbonmiledesign.pl\/wp-content\/uploads\/2025\/01\/Carbonmiledesign-logo-czarne-przezroczyste-tlo.png\",\"width\":2420,\"height\":520,\"caption\":\"Carbonmile Design\"},\"image\":{\"@id\":\"https:\/\/carbonmiledesign.pl\/#\/schema\/logo\/image\/\"}}]}<\/script>\n<!-- \/ Yoast SEO plugin. -->","yoast_head_json":{"title":"Sill moldings carbon MP Style BMW M5 G90 G99","description":"Listwy progowe progi carbon MP Style BMW M5 G90 G99 Agresywne listwy progowe wykonane z najwy\u017cszej jako\u015bci carbonu, fenomenalnie podkre\u015blaj\u0105 sylwetk\u0119 M5!","robots":{"index":"index","follow":"follow","max-snippet":"max-snippet:-1","max-image-preview":"max-image-preview:large","max-video-preview":"max-video-preview:-1"},"canonical":"https:\/\/carbonmiledesign.pl\/en\/product\/listwy-progowe-progi-carbon-mp-style-bmw-m5-g90-g99\/","og_locale":"en_US","og_type":"article","og_title":"Listwy progowe progi carbon MP Style BMW M5 G90 G99","og_description":"Listwy progowe progi carbon MP Style BMW M5 G90 G99 Agresywne listwy progowe wykonane z najwy\u017cszej jako\u015bci carbonu, fenomenalnie podkre\u015blaj\u0105 sylwetk\u0119 M5!","og_url":"https:\/\/carbonmiledesign.pl\/en\/product\/listwy-progowe-progi-carbon-mp-style-bmw-m5-g90-g99\/","og_site_name":"CarbonMile design","article_modified_time":"2025-12-02T00:49:00+00:00","og_image":[{"width":1417,"height":1374,"url":"https:\/\/carbonmiledesign.pl\/wp-content\/uploads\/2025\/05\/Zrzut-ekranu-2025-10-16-o-13.40.03.png","type":"image\/png"}],"twitter_card":"summary_large_image","twitter_misc":{"Est. reading time":"1 minute"},"schema":{"@context":"https:\/\/schema.org","@graph":[{"@type":"WebPage","@id":"https:\/\/carbonmiledesign.pl\/produkt\/listwy-progowe-progi-carbon-mp-style-bmw-m5-g90-g99\/","url":"https:\/\/carbonmiledesign.pl\/produkt\/listwy-progowe-progi-carbon-mp-style-bmw-m5-g90-g99\/","name":"Sill moldings carbon MP Style BMW M5 G90 G99","isPartOf":{"@id":"https:\/\/carbonmiledesign.pl\/#website"},"primaryImageOfPage":{"@id":"https:\/\/carbonmiledesign.pl\/produkt\/listwy-progowe-progi-carbon-mp-style-bmw-m5-g90-g99\/#primaryimage"},"image":{"@id":"https:\/\/carbonmiledesign.pl\/produkt\/listwy-progowe-progi-carbon-mp-style-bmw-m5-g90-g99\/#primaryimage"},"thumbnailUrl":"https:\/\/carbonmiledesign.pl\/wp-content\/uploads\/2025\/05\/Zrzut-ekranu-2025-10-16-o-13.40.03.png","datePublished":"2025-05-29T10:26:53+00:00","dateModified":"2025-12-02T00:49:00+00:00","description":"Listwy progowe progi carbon MP Style BMW M5 G90 G99 Agresywne listwy progowe wykonane z najwy\u017cszej jako\u015bci carbonu, fenomenalnie podkre\u015blaj\u0105 sylwetk\u0119 M5!","breadcrumb":{"@id":"https:\/\/carbonmiledesign.pl\/produkt\/listwy-progowe-progi-carbon-mp-style-bmw-m5-g90-g99\/#breadcrumb"},"inLanguage":"en-US","potentialAction":[{"@type":"ReadAction","target":["https:\/\/carbonmiledesign.pl\/produkt\/listwy-progowe-progi-carbon-mp-style-bmw-m5-g90-g99\/"]}]},{"@type":"ImageObject","inLanguage":"en-US","@id":"https:\/\/carbonmiledesign.pl\/produkt\/listwy-progowe-progi-carbon-mp-style-bmw-m5-g90-g99\/#primaryimage","url":"https:\/\/carbonmiledesign.pl\/wp-content\/uploads\/2025\/05\/Zrzut-ekranu-2025-10-16-o-13.40.03.png","contentUrl":"https:\/\/carbonmiledesign.pl\/wp-content\/uploads\/2025\/05\/Zrzut-ekranu-2025-10-16-o-13.40.03.png","width":1417,"height":1374},{"@type":"BreadcrumbList","@id":"https:\/\/carbonmiledesign.pl\/produkt\/listwy-progowe-progi-carbon-mp-style-bmw-m5-g90-g99\/#breadcrumb","itemListElement":[{"@type":"ListItem","position":1,"name":"Strona g\u0142\u00f3wna","item":"https:\/\/carbonmiledesign.pl\/"},{"@type":"ListItem","position":2,"name":"Sklep","item":"https:\/\/carbonmiledesign.pl\/sklep-wysokiej-jakosci-czesci-carbon\/"},{"@type":"ListItem","position":3,"name":"Listwy progowe progi carbon MP Style BMW M5 G90 G99"}]},{"@type":"WebSite","@id":"https:\/\/carbonmiledesign.pl\/#website","url":"https:\/\/carbonmiledesign.pl\/","name":"Carbonmile Design","description":"","publisher":{"@id":"https:\/\/carbonmiledesign.pl\/#organization"},"alternateName":"CM Design","potentialAction":[{"@type":"SearchAction","target":{"@type":"EntryPoint","urlTemplate":"https:\/\/carbonmiledesign.pl\/?s={search_term_string}"},"query-input":{"@type":"PropertyValueSpecification","valueRequired":true,"valueName":"search_term_string"}}],"inLanguage":"en-US"},{"@type":"Organization","@id":"https:\/\/carbonmiledesign.pl\/#organization","name":"Carbonmile Design","url":"https:\/\/carbonmiledesign.pl\/","logo":{"@type":"ImageObject","inLanguage":"en-US","@id":"https:\/\/carbonmiledesign.pl\/#\/schema\/logo\/image\/","url":"https:\/\/carbonmiledesign.pl\/wp-content\/uploads\/2025\/01\/Carbonmiledesign-logo-czarne-przezroczyste-tlo.png","contentUrl":"https:\/\/carbonmiledesign.pl\/wp-content\/uploads\/2025\/01\/Carbonmiledesign-logo-czarne-przezroczyste-tlo.png","width":2420,"height":520,"caption":"Carbonmile Design"},"image":{"@id":"https:\/\/carbonmiledesign.pl\/#\/schema\/logo\/image\/"}}]}},"jetpack_sharing_enabled":true,"_links":{"self":[{"href":"https:\/\/carbonmiledesign.pl\/en\/wp-json\/wp\/v2\/product\/2259","targetHints":{"allow":["GET"]}}],"collection":[{"href":"https:\/\/carbonmiledesign.pl\/en\/wp-json\/wp\/v2\/product"}],"about":[{"href":"https:\/\/carbonmiledesign.pl\/en\/wp-json\/wp\/v2\/types\/product"}],"wp:featuredmedia":[{"embeddable":true,"href":"https:\/\/carbonmiledesign.pl\/en\/wp-json\/wp\/v2\/media\/3657"}],"wp:attachment":[{"href":"https:\/\/carbonmiledesign.pl\/en\/wp-json\/wp\/v2\/media?parent=2259"}],"wp:term":[{"taxonomy":"product_brand","embeddable":true,"href":"https:\/\/carbonmiledesign.pl\/en\/wp-json\/wp\/v2\/product_brand?post=2259"},{"taxonomy":"product_cat","embeddable":true,"href":"https:\/\/carbonmiledesign.pl\/en\/wp-json\/wp\/v2\/product_cat?post=2259"},{"taxonomy":"product_tag","embeddable":true,"href":"https:\/\/carbonmiledesign.pl\/en\/wp-json\/wp\/v2\/product_tag?post=2259"}],"curies":[{"name":"wp","href":"https:\/\/api.w.org\/{rel}","templated":true}]}}