{"id":2205,"date":"2025-05-15T15:40:09","date_gmt":"2025-05-15T13:40:09","guid":{"rendered":"https:\/\/carbonmiledesign.pl\/?post_type=product&#038;p=2205"},"modified":"2025-12-02T01:49:00","modified_gmt":"2025-12-02T00:49:00","slug":"atrapy-wlotow-powietrza-carbon-maski-bmw-m3-g80-g81-m4-g82-g83","status":"publish","type":"product","link":"https:\/\/carbonmiledesign.pl\/en\/product\/atrapy-wlotow-powietrza-carbon-maski-bmw-m3-g80-g81-m4-g82-g83\/","title":{"rendered":"Atrapy wlot\u00f3w powietrza maski carbon BMW M3 G80 G81 M4 G82 G83"},"content":{"rendered":"<h2><strong>Carbon hood air intake attachments BMW M3 G80 G81 M4 G82 G83<\/strong><\/h2>\n<div id=\"accordion-description\" class=\"accordion-item\">\n<div id=\"accordion-description-content\" class=\"accordion-inner\" aria-labelledby=\"accordion-description-label\">\n<p><strong>Manufacturer:<\/strong>\u00a0CM Design<\/p>\n<p><strong>Material:\u00a0<\/strong>Carbon \u2013 Carbon Fibre (<a href=\"https:\/\/carbonmiledesign.pl\/karbon-od-podstaw-co-warto-wiedziec\/\">Dry carbon<\/a>)<\/p>\n<p><b>Fits to:<\/b><\/p>\n<ul>\n<li><span style=\"font-size: 100%;\"><strong>BMW M3 G80<\/strong><\/span><\/li>\n<li><span style=\"font-size: 100%;\"><strong>BMW M3 G81<\/strong><\/span><\/li>\n<li><span style=\"font-size: 100%;\"><strong>BMW M4 G82<\/strong><\/span><\/li>\n<li><span style=\"font-size: 100%;\"><strong>BMW M4 G83\u00a0<\/strong><\/span><\/li>\n<\/ul>\n<p data-start=\"658\" data-end=\"992\">The carbon air intake attachments are a detail that emphasizes the sporty and aggressive look of the hood of the M3 and M4 models. Made of the highest quality carbon fiber, they blend in perfectly with the body line and perfectly match the aesthetics of the carbon package.<\/p>\n<p data-start=\"994\" data-end=\"1103\">The highest production standards ensure perfect fitment, durability, and an exceptional sporty appearance.<\/p>\n<\/div>\n<\/div>\n<div id=\"accordion-additional_information\" class=\"accordion-item\"><\/div>","protected":false},"excerpt":{"rendered":"<h4><strong>Carbon hood air intake attachments BMW M3 G80 G81 M4 G82 G83<\/strong><\/h4>\n<p><span style=\"font-size: 75%;\">The BMW M3 G80 G81 M4 G82 G83's carbon hood air intake attachments, made of premium carbon, perfectly accentuate the aggressive silhouette of your BMW M, giving it an even sportier and more dynamic look.\u00a0<\/span><\/p>\n<p><span style=\"font-size: 75%;\"><strong>Fits to:<\/strong><\/span><\/p>\n<ul>\n<li><strong><span style=\"font-size: 75%;\">BMW M3 G80<\/span><\/strong><\/li>\n<li><strong><span style=\"font-size: 75%;\">BMW M3 G81<\/span><\/strong><\/li>\n<li><strong><span style=\"font-size: 75%;\">BMW M4 G82<\/span><\/strong><\/li>\n<li><strong><span style=\"font-size: 75%;\">BMW M4 G83\u00a0<\/span><\/strong><\/li>\n<\/ul>\n<p><span style=\"font-size: 75%;\"><strong>Estimated production time:<\/strong> <em>29 days<\/em><\/span><\/p>","protected":false},"featured_media":2207,"template":"","meta":[],"product_brand":[287],"product_cat":[70,107,123,211,212,105,143],"product_tag":[77,78,79,80,81,147,148],"class_list":{"0":"post-2205","1":"product","2":"type-product","3":"status-publish","4":"has-post-thumbnail","6":"product_brand-carbonmiledesign","7":"product_cat-bmw","8":"product_cat-m3-g80","9":"product_cat-m3-g81","10":"product_cat-m4-g82","11":"product_cat-m4-g83","12":"product_cat-seria-3-m3","13":"product_cat-seria-4-m4","14":"product_tag-bmw","15":"product_tag-m3-g80","16":"product_tag-m3-g81","17":"product_tag-m4-g82","18":"product_tag-m4-g83","19":"product_tag-seria-3-m3","20":"product_tag-seria-4-m4","21":"product_shipping_class-srednia","22":"pa_generacja-g80","23":"pa_generacja-g81","24":"pa_generacja-g82","25":"pa_generacja-g83","26":"pa_marka-bmw","27":"pa_model-seria-3-m3","28":"pa_model-seria-4-m4","30":"first","31":"instock","32":"shipping-taxable","33":"purchasable","34":"product-type-simple"},"yoast_head":"<!-- This site is optimized with the Yoast SEO plugin v26.6 - https:\/\/yoast.com\/wordpress\/plugins\/seo\/ -->\n<title>Atrapy wlot\u00f3w powietrza maski carbon BMW M3 G80 G81 M4 G82 G83<\/title>\n<meta name=\"description\" content=\"Atrapy wlot\u00f3w powietrza carbon maski BMW M3 G80 G81 M4 G82 G83! To po\u0142\u0105czenie agresywnego designu i najwy\u017cszej jako\u015bci wykonania\ud83d\ude80\ud83d\udd25\" \/>\n<meta name=\"robots\" content=\"index, follow, max-snippet:-1, max-image-preview:large, max-video-preview:-1\" \/>\n<link rel=\"canonical\" href=\"https:\/\/carbonmiledesign.pl\/en\/product\/atrapy-wlotow-powietrza-carbon-maski-bmw-m3-g80-g81-m4-g82-g83\/\" \/>\n<meta property=\"og:locale\" content=\"en_US\" \/>\n<meta property=\"og:type\" content=\"article\" \/>\n<meta property=\"og:title\" content=\"Atrapy wlot\u00f3w powietrza maski carbon BMW M3 G80 G81 M4 G82 G83\" \/>\n<meta property=\"og:description\" content=\"Atrapy wlot\u00f3w powietrza carbon maski BMW M3 G80 G81 M4 G82 G83! To po\u0142\u0105czenie agresywnego designu i najwy\u017cszej jako\u015bci wykonania\ud83d\ude80\ud83d\udd25\" \/>\n<meta property=\"og:url\" content=\"https:\/\/carbonmiledesign.pl\/en\/product\/atrapy-wlotow-powietrza-carbon-maski-bmw-m3-g80-g81-m4-g82-g83\/\" \/>\n<meta property=\"og:site_name\" content=\"CarbonMile design\" \/>\n<meta property=\"article:modified_time\" content=\"2025-12-02T00:49:00+00:00\" \/>\n<meta property=\"og:image\" content=\"https:\/\/carbonmiledesign.pl\/wp-content\/uploads\/2025\/05\/Wloty-powietrza-maski-carbon-CM-Design-2.jpeg\" \/>\n\t<meta property=\"og:image:width\" content=\"1024\" \/>\n\t<meta property=\"og:image:height\" content=\"1024\" \/>\n\t<meta property=\"og:image:type\" content=\"image\/jpeg\" \/>\n<meta name=\"twitter:card\" content=\"summary_large_image\" \/>\n<meta name=\"twitter:label1\" content=\"Est. reading time\" \/>\n\t<meta name=\"twitter:data1\" content=\"1 minute\" \/>\n<script type=\"application\/ld+json\" class=\"yoast-schema-graph\">{\"@context\":\"https:\/\/schema.org\",\"@graph\":[{\"@type\":\"WebPage\",\"@id\":\"https:\/\/carbonmiledesign.pl\/produkt\/atrapy-wlotow-powietrza-carbon-maski-bmw-m3-g80-g81-m4-g82-g83\/\",\"url\":\"https:\/\/carbonmiledesign.pl\/produkt\/atrapy-wlotow-powietrza-carbon-maski-bmw-m3-g80-g81-m4-g82-g83\/\",\"name\":\"Atrapy wlot\u00f3w powietrza maski carbon BMW M3 G80 G81 M4 G82 G83\",\"isPartOf\":{\"@id\":\"https:\/\/carbonmiledesign.pl\/#website\"},\"primaryImageOfPage\":{\"@id\":\"https:\/\/carbonmiledesign.pl\/produkt\/atrapy-wlotow-powietrza-carbon-maski-bmw-m3-g80-g81-m4-g82-g83\/#primaryimage\"},\"image\":{\"@id\":\"https:\/\/carbonmiledesign.pl\/produkt\/atrapy-wlotow-powietrza-carbon-maski-bmw-m3-g80-g81-m4-g82-g83\/#primaryimage\"},\"thumbnailUrl\":\"https:\/\/carbonmiledesign.pl\/wp-content\/uploads\/2025\/05\/Wloty-powietrza-maski-carbon-CM-Design-2.jpeg\",\"datePublished\":\"2025-05-15T13:40:09+00:00\",\"dateModified\":\"2025-12-02T00:49:00+00:00\",\"description\":\"Atrapy wlot\u00f3w powietrza carbon maski BMW M3 G80 G81 M4 G82 G83! To po\u0142\u0105czenie agresywnego designu i najwy\u017cszej jako\u015bci wykonania\ud83d\ude80\ud83d\udd25\",\"breadcrumb\":{\"@id\":\"https:\/\/carbonmiledesign.pl\/produkt\/atrapy-wlotow-powietrza-carbon-maski-bmw-m3-g80-g81-m4-g82-g83\/#breadcrumb\"},\"inLanguage\":\"en-US\",\"potentialAction\":[{\"@type\":\"ReadAction\",\"target\":[\"https:\/\/carbonmiledesign.pl\/produkt\/atrapy-wlotow-powietrza-carbon-maski-bmw-m3-g80-g81-m4-g82-g83\/\"]}]},{\"@type\":\"ImageObject\",\"inLanguage\":\"en-US\",\"@id\":\"https:\/\/carbonmiledesign.pl\/produkt\/atrapy-wlotow-powietrza-carbon-maski-bmw-m3-g80-g81-m4-g82-g83\/#primaryimage\",\"url\":\"https:\/\/carbonmiledesign.pl\/wp-content\/uploads\/2025\/05\/Wloty-powietrza-maski-carbon-CM-Design-2.jpeg\",\"contentUrl\":\"https:\/\/carbonmiledesign.pl\/wp-content\/uploads\/2025\/05\/Wloty-powietrza-maski-carbon-CM-Design-2.jpeg\",\"width\":1024,\"height\":1024},{\"@type\":\"BreadcrumbList\",\"@id\":\"https:\/\/carbonmiledesign.pl\/produkt\/atrapy-wlotow-powietrza-carbon-maski-bmw-m3-g80-g81-m4-g82-g83\/#breadcrumb\",\"itemListElement\":[{\"@type\":\"ListItem\",\"position\":1,\"name\":\"Strona g\u0142\u00f3wna\",\"item\":\"https:\/\/carbonmiledesign.pl\/\"},{\"@type\":\"ListItem\",\"position\":2,\"name\":\"Sklep\",\"item\":\"https:\/\/carbonmiledesign.pl\/sklep-wysokiej-jakosci-czesci-carbon\/\"},{\"@type\":\"ListItem\",\"position\":3,\"name\":\"Atrapy wlot\u00f3w powietrza maski carbon BMW M3 G80 G81 M4 G82 G83\"}]},{\"@type\":\"WebSite\",\"@id\":\"https:\/\/carbonmiledesign.pl\/#website\",\"url\":\"https:\/\/carbonmiledesign.pl\/\",\"name\":\"Carbonmile Design\",\"description\":\"\",\"publisher\":{\"@id\":\"https:\/\/carbonmiledesign.pl\/#organization\"},\"alternateName\":\"CM Design\",\"potentialAction\":[{\"@type\":\"SearchAction\",\"target\":{\"@type\":\"EntryPoint\",\"urlTemplate\":\"https:\/\/carbonmiledesign.pl\/?s={search_term_string}\"},\"query-input\":{\"@type\":\"PropertyValueSpecification\",\"valueRequired\":true,\"valueName\":\"search_term_string\"}}],\"inLanguage\":\"en-US\"},{\"@type\":\"Organization\",\"@id\":\"https:\/\/carbonmiledesign.pl\/#organization\",\"name\":\"Carbonmile Design\",\"url\":\"https:\/\/carbonmiledesign.pl\/\",\"logo\":{\"@type\":\"ImageObject\",\"inLanguage\":\"en-US\",\"@id\":\"https:\/\/carbonmiledesign.pl\/#\/schema\/logo\/image\/\",\"url\":\"https:\/\/carbonmiledesign.pl\/wp-content\/uploads\/2025\/01\/Carbonmiledesign-logo-czarne-przezroczyste-tlo.png\",\"contentUrl\":\"https:\/\/carbonmiledesign.pl\/wp-content\/uploads\/2025\/01\/Carbonmiledesign-logo-czarne-przezroczyste-tlo.png\",\"width\":2420,\"height\":520,\"caption\":\"Carbonmile Design\"},\"image\":{\"@id\":\"https:\/\/carbonmiledesign.pl\/#\/schema\/logo\/image\/\"}}]}<\/script>\n<!-- \/ Yoast SEO plugin. -->","yoast_head_json":{"title":"Atrapy wlot\u00f3w powietrza maski carbon BMW M3 G80 G81 M4 G82 G83","description":"Atrapy wlot\u00f3w powietrza carbon maski BMW M3 G80 G81 M4 G82 G83! To po\u0142\u0105czenie agresywnego designu i najwy\u017cszej jako\u015bci wykonania\ud83d\ude80\ud83d\udd25","robots":{"index":"index","follow":"follow","max-snippet":"max-snippet:-1","max-image-preview":"max-image-preview:large","max-video-preview":"max-video-preview:-1"},"canonical":"https:\/\/carbonmiledesign.pl\/en\/product\/atrapy-wlotow-powietrza-carbon-maski-bmw-m3-g80-g81-m4-g82-g83\/","og_locale":"en_US","og_type":"article","og_title":"Atrapy wlot\u00f3w powietrza maski carbon BMW M3 G80 G81 M4 G82 G83","og_description":"Atrapy wlot\u00f3w powietrza carbon maski BMW M3 G80 G81 M4 G82 G83! To po\u0142\u0105czenie agresywnego designu i najwy\u017cszej jako\u015bci wykonania\ud83d\ude80\ud83d\udd25","og_url":"https:\/\/carbonmiledesign.pl\/en\/product\/atrapy-wlotow-powietrza-carbon-maski-bmw-m3-g80-g81-m4-g82-g83\/","og_site_name":"CarbonMile design","article_modified_time":"2025-12-02T00:49:00+00:00","og_image":[{"width":1024,"height":1024,"url":"https:\/\/carbonmiledesign.pl\/wp-content\/uploads\/2025\/05\/Wloty-powietrza-maski-carbon-CM-Design-2.jpeg","type":"image\/jpeg"}],"twitter_card":"summary_large_image","twitter_misc":{"Est. reading time":"1 minute"},"schema":{"@context":"https:\/\/schema.org","@graph":[{"@type":"WebPage","@id":"https:\/\/carbonmiledesign.pl\/produkt\/atrapy-wlotow-powietrza-carbon-maski-bmw-m3-g80-g81-m4-g82-g83\/","url":"https:\/\/carbonmiledesign.pl\/produkt\/atrapy-wlotow-powietrza-carbon-maski-bmw-m3-g80-g81-m4-g82-g83\/","name":"Atrapy wlot\u00f3w powietrza maski carbon BMW M3 G80 G81 M4 G82 G83","isPartOf":{"@id":"https:\/\/carbonmiledesign.pl\/#website"},"primaryImageOfPage":{"@id":"https:\/\/carbonmiledesign.pl\/produkt\/atrapy-wlotow-powietrza-carbon-maski-bmw-m3-g80-g81-m4-g82-g83\/#primaryimage"},"image":{"@id":"https:\/\/carbonmiledesign.pl\/produkt\/atrapy-wlotow-powietrza-carbon-maski-bmw-m3-g80-g81-m4-g82-g83\/#primaryimage"},"thumbnailUrl":"https:\/\/carbonmiledesign.pl\/wp-content\/uploads\/2025\/05\/Wloty-powietrza-maski-carbon-CM-Design-2.jpeg","datePublished":"2025-05-15T13:40:09+00:00","dateModified":"2025-12-02T00:49:00+00:00","description":"Atrapy wlot\u00f3w powietrza carbon maski BMW M3 G80 G81 M4 G82 G83! To po\u0142\u0105czenie agresywnego designu i najwy\u017cszej jako\u015bci wykonania\ud83d\ude80\ud83d\udd25","breadcrumb":{"@id":"https:\/\/carbonmiledesign.pl\/produkt\/atrapy-wlotow-powietrza-carbon-maski-bmw-m3-g80-g81-m4-g82-g83\/#breadcrumb"},"inLanguage":"en-US","potentialAction":[{"@type":"ReadAction","target":["https:\/\/carbonmiledesign.pl\/produkt\/atrapy-wlotow-powietrza-carbon-maski-bmw-m3-g80-g81-m4-g82-g83\/"]}]},{"@type":"ImageObject","inLanguage":"en-US","@id":"https:\/\/carbonmiledesign.pl\/produkt\/atrapy-wlotow-powietrza-carbon-maski-bmw-m3-g80-g81-m4-g82-g83\/#primaryimage","url":"https:\/\/carbonmiledesign.pl\/wp-content\/uploads\/2025\/05\/Wloty-powietrza-maski-carbon-CM-Design-2.jpeg","contentUrl":"https:\/\/carbonmiledesign.pl\/wp-content\/uploads\/2025\/05\/Wloty-powietrza-maski-carbon-CM-Design-2.jpeg","width":1024,"height":1024},{"@type":"BreadcrumbList","@id":"https:\/\/carbonmiledesign.pl\/produkt\/atrapy-wlotow-powietrza-carbon-maski-bmw-m3-g80-g81-m4-g82-g83\/#breadcrumb","itemListElement":[{"@type":"ListItem","position":1,"name":"Strona g\u0142\u00f3wna","item":"https:\/\/carbonmiledesign.pl\/"},{"@type":"ListItem","position":2,"name":"Sklep","item":"https:\/\/carbonmiledesign.pl\/sklep-wysokiej-jakosci-czesci-carbon\/"},{"@type":"ListItem","position":3,"name":"Atrapy wlot\u00f3w powietrza maski carbon BMW M3 G80 G81 M4 G82 G83"}]},{"@type":"WebSite","@id":"https:\/\/carbonmiledesign.pl\/#website","url":"https:\/\/carbonmiledesign.pl\/","name":"Carbonmile Design","description":"","publisher":{"@id":"https:\/\/carbonmiledesign.pl\/#organization"},"alternateName":"CM Design","potentialAction":[{"@type":"SearchAction","target":{"@type":"EntryPoint","urlTemplate":"https:\/\/carbonmiledesign.pl\/?s={search_term_string}"},"query-input":{"@type":"PropertyValueSpecification","valueRequired":true,"valueName":"search_term_string"}}],"inLanguage":"en-US"},{"@type":"Organization","@id":"https:\/\/carbonmiledesign.pl\/#organization","name":"Carbonmile Design","url":"https:\/\/carbonmiledesign.pl\/","logo":{"@type":"ImageObject","inLanguage":"en-US","@id":"https:\/\/carbonmiledesign.pl\/#\/schema\/logo\/image\/","url":"https:\/\/carbonmiledesign.pl\/wp-content\/uploads\/2025\/01\/Carbonmiledesign-logo-czarne-przezroczyste-tlo.png","contentUrl":"https:\/\/carbonmiledesign.pl\/wp-content\/uploads\/2025\/01\/Carbonmiledesign-logo-czarne-przezroczyste-tlo.png","width":2420,"height":520,"caption":"Carbonmile Design"},"image":{"@id":"https:\/\/carbonmiledesign.pl\/#\/schema\/logo\/image\/"}}]}},"jetpack_sharing_enabled":true,"_links":{"self":[{"href":"https:\/\/carbonmiledesign.pl\/en\/wp-json\/wp\/v2\/product\/2205","targetHints":{"allow":["GET"]}}],"collection":[{"href":"https:\/\/carbonmiledesign.pl\/en\/wp-json\/wp\/v2\/product"}],"about":[{"href":"https:\/\/carbonmiledesign.pl\/en\/wp-json\/wp\/v2\/types\/product"}],"wp:featuredmedia":[{"embeddable":true,"href":"https:\/\/carbonmiledesign.pl\/en\/wp-json\/wp\/v2\/media\/2207"}],"wp:attachment":[{"href":"https:\/\/carbonmiledesign.pl\/en\/wp-json\/wp\/v2\/media?parent=2205"}],"wp:term":[{"taxonomy":"product_brand","embeddable":true,"href":"https:\/\/carbonmiledesign.pl\/en\/wp-json\/wp\/v2\/product_brand?post=2205"},{"taxonomy":"product_cat","embeddable":true,"href":"https:\/\/carbonmiledesign.pl\/en\/wp-json\/wp\/v2\/product_cat?post=2205"},{"taxonomy":"product_tag","embeddable":true,"href":"https:\/\/carbonmiledesign.pl\/en\/wp-json\/wp\/v2\/product_tag?post=2205"}],"curies":[{"name":"wp","href":"https:\/\/api.w.org\/{rel}","templated":true}]}}