{"id":2176,"date":"2025-05-15T14:04:33","date_gmt":"2025-05-15T12:04:33","guid":{"rendered":"https:\/\/carbonmiledesign.pl\/?post_type=product&#038;p=2176"},"modified":"2025-10-16T11:08:27","modified_gmt":"2025-10-16T09:08:27","slug":"spoiler-stojacy-mp-style-bmw-m3-g80-m4-g82-3-g20-4-g22","status":"publish","type":"product","link":"https:\/\/carbonmiledesign.pl\/en\/product\/spoiler-stojacy-mp-style-bmw-m3-g80-m4-g82-3-g20-4-g22\/","title":{"rendered":"MP style standing spoiler BMW M3 G80 M4 G82 3 G20 4 G22"},"content":{"rendered":"<h2><strong>MP style standing spoiler BMW M3 G80 M4 G82 3 G20 4 G22<\/strong><\/h2>\n<p><span style=\"font-size: 100%;\"><strong>Manufacturer:<\/strong> CM Design\u00a0<\/span><\/p>\n<p><span style=\"font-size: 100%;\"><strong>Material: <\/strong>Material: Carbon fibre (Dry carbon)<a href=\"https:\/\/carbonmiledesign.pl\/karbon-od-podstaw-co-warto-wiedziec\/\">Dry-carbon<\/a>)<\/span><\/p>\n<p><b>Fits to:<\/b><\/p>\n<ul>\n<li>BMW M3 G80<\/li>\n<li>BMW serii 3 G20<\/li>\n<li>BMW M4 G82<\/li>\n<li>BMW serii 4 G22<\/li>\n<\/ul>\n<p><span style=\"font-size: 100%;\">Wysokiej jako\u015bci lotka, wykonany z carbonu to \u015bwietne rozwi\u0105zanie zar\u00f3wno jako element uzupe\u0142niaj\u0105cy pakietu fabrycznego carbon, jak r\u00f3wnie\u017c jako cz\u0119\u015b\u0107 wi\u0119kszej realizacji! Lotka wzorowana na wersjach &#8222;CS&#8221;, posiada charakterystyczne przet\u0142oczenie na \u015brodku. Dzi\u0119ki ostrym kszta\u0142tom, \u015bwietnie podkre\u015bla sportowy charakter samochodu.\u00a0<\/span><\/p>\n<p>The highest production standards ensure not only an outstanding appearance but also the highest quality and durability.<\/p>","protected":false},"excerpt":{"rendered":"<p><strong>MP style standing spoiler BMW M3 G80 M4 G82 3 G20 4 G22<\/strong><\/p>\n<p><span style=\"font-size: 10.8px;\">Spoiler wykonany z najwy\u017cszej jako\u015bci carbonu, \u015bwietnie podkre\u015bli agresywn\u0105 sylwetk\u0119 Twojego samochodu, przywo\u0142uj\u0105c na my\u015bl sporty motorowe.\u00a0<\/span><\/p>\n<p><span style=\"font-size: 75%;\"><strong>Fits to:<\/strong><\/span><\/p>\n<ul>\n<li><span style=\"font-size: 75%;\">BMW M3 G80<\/span><\/li>\n<li><span style=\"font-size: 75%;\">BMW M4 G82<\/span><\/li>\n<li><span style=\"font-size: 75%;\">BMW serii 3 G20<br \/>\n<\/span><\/li>\n<li><span style=\"font-size: 75%;\">BMW serii 4 G22<\/span><\/li>\n<\/ul>\n<p><span style=\"font-size: 75%;\"><strong>Estimated production time:<\/strong>\u00a029dni<\/span><\/p>","protected":false},"featured_media":2185,"template":"","meta":[],"product_brand":[287],"product_cat":[120,217,70,107,211,105,143],"product_tag":[270,77,78,80,147,148],"class_list":{"0":"post-2176","1":"product","2":"type-product","3":"status-publish","4":"has-post-thumbnail","6":"product_brand-carbonmiledesign","7":"product_cat-3-g20","8":"product_cat-4-g22","9":"product_cat-bmw","10":"product_cat-m3-g80","11":"product_cat-m4-g82","12":"product_cat-seria-3-m3","13":"product_cat-seria-4-m4","14":"product_tag-4-g22","15":"product_tag-bmw","16":"product_tag-m3-g80","17":"product_tag-m4-g82","18":"product_tag-seria-3-m3","19":"product_tag-seria-4-m4","20":"product_shipping_class-mala","21":"pa_generacja-g20","22":"pa_generacja-g22","23":"pa_generacja-g80","24":"pa_generacja-g82","25":"pa_marka-bmw","26":"pa_model-seria-3-m3","27":"pa_model-seria-4-m4","29":"first","30":"instock","31":"shipping-taxable","32":"purchasable","33":"product-type-simple"},"yoast_head":"<!-- This site is optimized with the Yoast SEO plugin v26.6 - https:\/\/yoast.com\/wordpress\/plugins\/seo\/ -->\n<title>Spoiler stoj\u0105cy MP style BMW M3 G80 M4 G82 3 G20 4 G22<\/title>\n<meta name=\"description\" content=\"Spoiler stoj\u0105cy MP style BMW M3 G80 M4 G82 3 G20 4 G22 \u015bwietnie podkre\u015bla agresywny charakter oraz sportow\u0105 linie samochodu!\" \/>\n<meta name=\"robots\" content=\"index, follow, max-snippet:-1, max-image-preview:large, max-video-preview:-1\" \/>\n<link rel=\"canonical\" href=\"https:\/\/carbonmiledesign.pl\/en\/product\/spoiler-stojacy-mp-style-bmw-m3-g80-m4-g82-3-g20-4-g22\/\" \/>\n<meta property=\"og:locale\" content=\"en_US\" \/>\n<meta property=\"og:type\" content=\"article\" \/>\n<meta property=\"og:title\" content=\"Spoiler stoj\u0105cy MP style BMW M3 G80 M4 G82 3 G20 4 G22\" \/>\n<meta property=\"og:description\" content=\"Spoiler stoj\u0105cy MP style BMW M3 G80 M4 G82 3 G20 4 G22 \u015bwietnie podkre\u015bla agresywny charakter oraz sportow\u0105 linie samochodu!\" \/>\n<meta property=\"og:url\" content=\"https:\/\/carbonmiledesign.pl\/en\/product\/spoiler-stojacy-mp-style-bmw-m3-g80-m4-g82-3-g20-4-g22\/\" \/>\n<meta property=\"og:site_name\" content=\"CarbonMile design\" \/>\n<meta property=\"article:modified_time\" content=\"2025-10-16T09:08:27+00:00\" \/>\n<meta property=\"og:image\" content=\"https:\/\/carbonmiledesign.pl\/wp-content\/uploads\/2025\/05\/Spoiler-MP-style-CM-Design-9.jpeg\" \/>\n\t<meta property=\"og:image:width\" content=\"1024\" \/>\n\t<meta property=\"og:image:height\" content=\"1024\" \/>\n\t<meta property=\"og:image:type\" content=\"image\/jpeg\" \/>\n<meta name=\"twitter:card\" content=\"summary_large_image\" \/>\n<meta name=\"twitter:label1\" content=\"Est. reading time\" \/>\n\t<meta name=\"twitter:data1\" content=\"1 minute\" \/>\n<script type=\"application\/ld+json\" class=\"yoast-schema-graph\">{\"@context\":\"https:\/\/schema.org\",\"@graph\":[{\"@type\":\"WebPage\",\"@id\":\"https:\/\/carbonmiledesign.pl\/produkt\/spoiler-stojacy-mp-style-bmw-m3-g80-m4-g82-3-g20-4-g22\/\",\"url\":\"https:\/\/carbonmiledesign.pl\/produkt\/spoiler-stojacy-mp-style-bmw-m3-g80-m4-g82-3-g20-4-g22\/\",\"name\":\"Spoiler stoj\u0105cy MP style BMW M3 G80 M4 G82 3 G20 4 G22\",\"isPartOf\":{\"@id\":\"https:\/\/carbonmiledesign.pl\/#website\"},\"primaryImageOfPage\":{\"@id\":\"https:\/\/carbonmiledesign.pl\/produkt\/spoiler-stojacy-mp-style-bmw-m3-g80-m4-g82-3-g20-4-g22\/#primaryimage\"},\"image\":{\"@id\":\"https:\/\/carbonmiledesign.pl\/produkt\/spoiler-stojacy-mp-style-bmw-m3-g80-m4-g82-3-g20-4-g22\/#primaryimage\"},\"thumbnailUrl\":\"https:\/\/carbonmiledesign.pl\/wp-content\/uploads\/2025\/05\/Spoiler-MP-style-CM-Design-9.jpeg\",\"datePublished\":\"2025-05-15T12:04:33+00:00\",\"dateModified\":\"2025-10-16T09:08:27+00:00\",\"description\":\"Spoiler stoj\u0105cy MP style BMW M3 G80 M4 G82 3 G20 4 G22 \u015bwietnie podkre\u015bla agresywny charakter oraz sportow\u0105 linie samochodu!\",\"breadcrumb\":{\"@id\":\"https:\/\/carbonmiledesign.pl\/produkt\/spoiler-stojacy-mp-style-bmw-m3-g80-m4-g82-3-g20-4-g22\/#breadcrumb\"},\"inLanguage\":\"en-US\",\"potentialAction\":[{\"@type\":\"ReadAction\",\"target\":[\"https:\/\/carbonmiledesign.pl\/produkt\/spoiler-stojacy-mp-style-bmw-m3-g80-m4-g82-3-g20-4-g22\/\"]}]},{\"@type\":\"ImageObject\",\"inLanguage\":\"en-US\",\"@id\":\"https:\/\/carbonmiledesign.pl\/produkt\/spoiler-stojacy-mp-style-bmw-m3-g80-m4-g82-3-g20-4-g22\/#primaryimage\",\"url\":\"https:\/\/carbonmiledesign.pl\/wp-content\/uploads\/2025\/05\/Spoiler-MP-style-CM-Design-9.jpeg\",\"contentUrl\":\"https:\/\/carbonmiledesign.pl\/wp-content\/uploads\/2025\/05\/Spoiler-MP-style-CM-Design-9.jpeg\",\"width\":1024,\"height\":1024},{\"@type\":\"BreadcrumbList\",\"@id\":\"https:\/\/carbonmiledesign.pl\/produkt\/spoiler-stojacy-mp-style-bmw-m3-g80-m4-g82-3-g20-4-g22\/#breadcrumb\",\"itemListElement\":[{\"@type\":\"ListItem\",\"position\":1,\"name\":\"Strona g\u0142\u00f3wna\",\"item\":\"https:\/\/carbonmiledesign.pl\/\"},{\"@type\":\"ListItem\",\"position\":2,\"name\":\"Sklep\",\"item\":\"https:\/\/carbonmiledesign.pl\/sklep-wysokiej-jakosci-czesci-carbon\/\"},{\"@type\":\"ListItem\",\"position\":3,\"name\":\"Spoiler stoj\u0105cy MP style BMW M3 G80 M4 G82 3 G20 4 G22\"}]},{\"@type\":\"WebSite\",\"@id\":\"https:\/\/carbonmiledesign.pl\/#website\",\"url\":\"https:\/\/carbonmiledesign.pl\/\",\"name\":\"Carbonmile Design\",\"description\":\"\",\"publisher\":{\"@id\":\"https:\/\/carbonmiledesign.pl\/#organization\"},\"alternateName\":\"CM Design\",\"potentialAction\":[{\"@type\":\"SearchAction\",\"target\":{\"@type\":\"EntryPoint\",\"urlTemplate\":\"https:\/\/carbonmiledesign.pl\/?s={search_term_string}\"},\"query-input\":{\"@type\":\"PropertyValueSpecification\",\"valueRequired\":true,\"valueName\":\"search_term_string\"}}],\"inLanguage\":\"en-US\"},{\"@type\":\"Organization\",\"@id\":\"https:\/\/carbonmiledesign.pl\/#organization\",\"name\":\"Carbonmile Design\",\"url\":\"https:\/\/carbonmiledesign.pl\/\",\"logo\":{\"@type\":\"ImageObject\",\"inLanguage\":\"en-US\",\"@id\":\"https:\/\/carbonmiledesign.pl\/#\/schema\/logo\/image\/\",\"url\":\"https:\/\/carbonmiledesign.pl\/wp-content\/uploads\/2025\/01\/Carbonmiledesign-logo-czarne-przezroczyste-tlo.png\",\"contentUrl\":\"https:\/\/carbonmiledesign.pl\/wp-content\/uploads\/2025\/01\/Carbonmiledesign-logo-czarne-przezroczyste-tlo.png\",\"width\":2420,\"height\":520,\"caption\":\"Carbonmile Design\"},\"image\":{\"@id\":\"https:\/\/carbonmiledesign.pl\/#\/schema\/logo\/image\/\"}}]}<\/script>\n<!-- \/ Yoast SEO plugin. -->","yoast_head_json":{"title":"MP style standing spoiler BMW M3 G80 M4 G82 3 G20 4 G22","description":"Spoiler stoj\u0105cy MP style BMW M3 G80 M4 G82 3 G20 4 G22 \u015bwietnie podkre\u015bla agresywny charakter oraz sportow\u0105 linie samochodu!","robots":{"index":"index","follow":"follow","max-snippet":"max-snippet:-1","max-image-preview":"max-image-preview:large","max-video-preview":"max-video-preview:-1"},"canonical":"https:\/\/carbonmiledesign.pl\/en\/product\/spoiler-stojacy-mp-style-bmw-m3-g80-m4-g82-3-g20-4-g22\/","og_locale":"en_US","og_type":"article","og_title":"Spoiler stoj\u0105cy MP style BMW M3 G80 M4 G82 3 G20 4 G22","og_description":"Spoiler stoj\u0105cy MP style BMW M3 G80 M4 G82 3 G20 4 G22 \u015bwietnie podkre\u015bla agresywny charakter oraz sportow\u0105 linie samochodu!","og_url":"https:\/\/carbonmiledesign.pl\/en\/product\/spoiler-stojacy-mp-style-bmw-m3-g80-m4-g82-3-g20-4-g22\/","og_site_name":"CarbonMile design","article_modified_time":"2025-10-16T09:08:27+00:00","og_image":[{"width":1024,"height":1024,"url":"https:\/\/carbonmiledesign.pl\/wp-content\/uploads\/2025\/05\/Spoiler-MP-style-CM-Design-9.jpeg","type":"image\/jpeg"}],"twitter_card":"summary_large_image","twitter_misc":{"Est. reading time":"1 minute"},"schema":{"@context":"https:\/\/schema.org","@graph":[{"@type":"WebPage","@id":"https:\/\/carbonmiledesign.pl\/produkt\/spoiler-stojacy-mp-style-bmw-m3-g80-m4-g82-3-g20-4-g22\/","url":"https:\/\/carbonmiledesign.pl\/produkt\/spoiler-stojacy-mp-style-bmw-m3-g80-m4-g82-3-g20-4-g22\/","name":"MP style standing spoiler BMW M3 G80 M4 G82 3 G20 4 G22","isPartOf":{"@id":"https:\/\/carbonmiledesign.pl\/#website"},"primaryImageOfPage":{"@id":"https:\/\/carbonmiledesign.pl\/produkt\/spoiler-stojacy-mp-style-bmw-m3-g80-m4-g82-3-g20-4-g22\/#primaryimage"},"image":{"@id":"https:\/\/carbonmiledesign.pl\/produkt\/spoiler-stojacy-mp-style-bmw-m3-g80-m4-g82-3-g20-4-g22\/#primaryimage"},"thumbnailUrl":"https:\/\/carbonmiledesign.pl\/wp-content\/uploads\/2025\/05\/Spoiler-MP-style-CM-Design-9.jpeg","datePublished":"2025-05-15T12:04:33+00:00","dateModified":"2025-10-16T09:08:27+00:00","description":"Spoiler stoj\u0105cy MP style BMW M3 G80 M4 G82 3 G20 4 G22 \u015bwietnie podkre\u015bla agresywny charakter oraz sportow\u0105 linie samochodu!","breadcrumb":{"@id":"https:\/\/carbonmiledesign.pl\/produkt\/spoiler-stojacy-mp-style-bmw-m3-g80-m4-g82-3-g20-4-g22\/#breadcrumb"},"inLanguage":"en-US","potentialAction":[{"@type":"ReadAction","target":["https:\/\/carbonmiledesign.pl\/produkt\/spoiler-stojacy-mp-style-bmw-m3-g80-m4-g82-3-g20-4-g22\/"]}]},{"@type":"ImageObject","inLanguage":"en-US","@id":"https:\/\/carbonmiledesign.pl\/produkt\/spoiler-stojacy-mp-style-bmw-m3-g80-m4-g82-3-g20-4-g22\/#primaryimage","url":"https:\/\/carbonmiledesign.pl\/wp-content\/uploads\/2025\/05\/Spoiler-MP-style-CM-Design-9.jpeg","contentUrl":"https:\/\/carbonmiledesign.pl\/wp-content\/uploads\/2025\/05\/Spoiler-MP-style-CM-Design-9.jpeg","width":1024,"height":1024},{"@type":"BreadcrumbList","@id":"https:\/\/carbonmiledesign.pl\/produkt\/spoiler-stojacy-mp-style-bmw-m3-g80-m4-g82-3-g20-4-g22\/#breadcrumb","itemListElement":[{"@type":"ListItem","position":1,"name":"Strona g\u0142\u00f3wna","item":"https:\/\/carbonmiledesign.pl\/"},{"@type":"ListItem","position":2,"name":"Sklep","item":"https:\/\/carbonmiledesign.pl\/sklep-wysokiej-jakosci-czesci-carbon\/"},{"@type":"ListItem","position":3,"name":"Spoiler stoj\u0105cy MP style BMW M3 G80 M4 G82 3 G20 4 G22"}]},{"@type":"WebSite","@id":"https:\/\/carbonmiledesign.pl\/#website","url":"https:\/\/carbonmiledesign.pl\/","name":"Carbonmile Design","description":"","publisher":{"@id":"https:\/\/carbonmiledesign.pl\/#organization"},"alternateName":"CM Design","potentialAction":[{"@type":"SearchAction","target":{"@type":"EntryPoint","urlTemplate":"https:\/\/carbonmiledesign.pl\/?s={search_term_string}"},"query-input":{"@type":"PropertyValueSpecification","valueRequired":true,"valueName":"search_term_string"}}],"inLanguage":"en-US"},{"@type":"Organization","@id":"https:\/\/carbonmiledesign.pl\/#organization","name":"Carbonmile Design","url":"https:\/\/carbonmiledesign.pl\/","logo":{"@type":"ImageObject","inLanguage":"en-US","@id":"https:\/\/carbonmiledesign.pl\/#\/schema\/logo\/image\/","url":"https:\/\/carbonmiledesign.pl\/wp-content\/uploads\/2025\/01\/Carbonmiledesign-logo-czarne-przezroczyste-tlo.png","contentUrl":"https:\/\/carbonmiledesign.pl\/wp-content\/uploads\/2025\/01\/Carbonmiledesign-logo-czarne-przezroczyste-tlo.png","width":2420,"height":520,"caption":"Carbonmile Design"},"image":{"@id":"https:\/\/carbonmiledesign.pl\/#\/schema\/logo\/image\/"}}]}},"jetpack_sharing_enabled":true,"_links":{"self":[{"href":"https:\/\/carbonmiledesign.pl\/en\/wp-json\/wp\/v2\/product\/2176","targetHints":{"allow":["GET"]}}],"collection":[{"href":"https:\/\/carbonmiledesign.pl\/en\/wp-json\/wp\/v2\/product"}],"about":[{"href":"https:\/\/carbonmiledesign.pl\/en\/wp-json\/wp\/v2\/types\/product"}],"wp:featuredmedia":[{"embeddable":true,"href":"https:\/\/carbonmiledesign.pl\/en\/wp-json\/wp\/v2\/media\/2185"}],"wp:attachment":[{"href":"https:\/\/carbonmiledesign.pl\/en\/wp-json\/wp\/v2\/media?parent=2176"}],"wp:term":[{"taxonomy":"product_brand","embeddable":true,"href":"https:\/\/carbonmiledesign.pl\/en\/wp-json\/wp\/v2\/product_brand?post=2176"},{"taxonomy":"product_cat","embeddable":true,"href":"https:\/\/carbonmiledesign.pl\/en\/wp-json\/wp\/v2\/product_cat?post=2176"},{"taxonomy":"product_tag","embeddable":true,"href":"https:\/\/carbonmiledesign.pl\/en\/wp-json\/wp\/v2\/product_tag?post=2176"}],"curies":[{"name":"wp","href":"https:\/\/api.w.org\/{rel}","templated":true}]}}