{"id":2160,"date":"2025-05-15T11:13:29","date_gmt":"2025-05-15T09:13:29","guid":{"rendered":"https:\/\/carbonmiledesign.pl\/?post_type=product&#038;p=2160"},"modified":"2025-10-16T11:08:50","modified_gmt":"2025-10-16T09:08:50","slug":"skrzela-boczne-carbon-oem-style-bmw-m3-g80-g81","status":"publish","type":"product","link":"https:\/\/carbonmiledesign.pl\/en\/product\/skrzela-boczne-carbon-oem-style-bmw-m3-g80-g81\/","title":{"rendered":"Side gills carbon OEM Style BMW M3 G80 G81"},"content":{"rendered":"<h3><strong>Side gills carbon OEM Style BMW M3 G80 G81<\/strong><\/h3>\n<p><span style=\"font-size: 100%;\"><strong>Manufacturer:<\/strong> CM Design<\/span><\/p>\n<p><span style=\"font-size: 100%;\"><strong>Material: <\/strong>Material: Carbon fibre (Dry carbon)<a href=\"https:\/\/carbonmiledesign.pl\/karbon-od-podstaw-co-warto-wiedziec\/\">Dry carbon<\/a>)<\/span><\/p>\n<p><b>Fits to:<\/b><\/p>\n<ul>\n<li>BMW M3 G80<\/li>\n<li>BMW M3 G81 Touring<\/li>\n<\/ul>\n<p><span style=\"font-size: 100%;\">Wysokiej jako\u015bci skrzela boczne przednich b\u0142otnik\u00f3w, wykonane z carbonu to wyj\u0105tkowo subtelny element, \u015bwietnie wkomponowuj\u0105cy si\u0119 w agresywn\u0105 lini\u0119 M3!\u00a0<\/span><\/p>\n<p>The highest production standards ensure not only an outstanding appearance but also the highest quality and durability.<\/p>","protected":false},"excerpt":{"rendered":"<h4><strong>Side gills carbon OEM Style BMW M3 G80 G81<\/strong><\/h4>\n<p><span style=\"font-size: 10.8px;\">Skrzela boczne przednich b\u0142otnik\u00f3w, wykonane z najwy\u017cszej jako\u015bci carbonu, \u015bwietnie podkre\u015bl\u0105 agresywn\u0105 sylwetk\u0119 Twojego samochodu.\u00a0<\/span><\/p>\n<p><span style=\"font-size: 75%;\"><strong>Fits to:<\/strong><\/span><\/p>\n<ul>\n<li><span style=\"font-size: 75%;\">BMW M3 G80<\/span><\/li>\n<li><span style=\"font-size: 75%;\">BMW M3 G81<\/span><\/li>\n<\/ul>\n<p><span style=\"font-size: 75%;\"><strong>Estimated production time:<\/strong> <em>29 days<\/em><\/span><\/p>","protected":false},"featured_media":2156,"template":"","meta":[],"product_brand":[287],"product_cat":[70,107,123,105],"product_tag":[77,78,79,147],"class_list":{"0":"post-2160","1":"product","2":"type-product","3":"status-publish","4":"has-post-thumbnail","6":"product_brand-carbonmiledesign","7":"product_cat-bmw","8":"product_cat-m3-g80","9":"product_cat-m3-g81","10":"product_cat-seria-3-m3","11":"product_tag-bmw","12":"product_tag-m3-g80","13":"product_tag-m3-g81","14":"product_tag-seria-3-m3","15":"product_shipping_class-mala","16":"pa_generacja-g80","17":"pa_generacja-g81","18":"pa_generacja-g82","19":"pa_generacja-g83","20":"pa_marka-bmw","21":"pa_model-seria-3-m3","22":"pa_model-seria-4-m4","24":"first","25":"instock","26":"shipping-taxable","27":"purchasable","28":"product-type-simple"},"yoast_head":"<!-- This site is optimized with the Yoast SEO plugin v26.6 - https:\/\/yoast.com\/wordpress\/plugins\/seo\/ -->\n<title>Skrzela boczne carbon OEM Style BMW M3 G80 G81<\/title>\n<meta name=\"description\" content=\"Skrzela boczne carbon OEM Style BMW M3 G80 G81 \u015bwietnie podkre\u015bl\u0105 charakter Twojego samochodu. Postaw na jako\u015b\u0107 - Carbonmile Design.\" \/>\n<meta name=\"robots\" content=\"index, follow, max-snippet:-1, max-image-preview:large, max-video-preview:-1\" \/>\n<link rel=\"canonical\" href=\"https:\/\/carbonmiledesign.pl\/en\/product\/skrzela-boczne-carbon-oem-style-bmw-m3-g80-g81\/\" \/>\n<meta property=\"og:locale\" content=\"en_US\" \/>\n<meta property=\"og:type\" content=\"article\" \/>\n<meta property=\"og:title\" content=\"Skrzela boczne carbon OEM Style BMW M3 G80 G81\" \/>\n<meta property=\"og:description\" content=\"Skrzela boczne carbon OEM Style BMW M3 G80 G81 \u015bwietnie podkre\u015bl\u0105 charakter Twojego samochodu. Postaw na jako\u015b\u0107 - Carbonmile Design.\" \/>\n<meta property=\"og:url\" content=\"https:\/\/carbonmiledesign.pl\/en\/product\/skrzela-boczne-carbon-oem-style-bmw-m3-g80-g81\/\" \/>\n<meta property=\"og:site_name\" content=\"CarbonMile design\" \/>\n<meta property=\"article:modified_time\" content=\"2025-10-16T09:08:50+00:00\" \/>\n<meta property=\"og:image\" content=\"https:\/\/carbonmiledesign.pl\/wp-content\/uploads\/2025\/05\/Skrzela-carbon-OEM-Style-CM-Design-5.jpeg\" \/>\n\t<meta property=\"og:image:width\" content=\"1024\" \/>\n\t<meta property=\"og:image:height\" content=\"1024\" \/>\n\t<meta property=\"og:image:type\" content=\"image\/jpeg\" \/>\n<meta name=\"twitter:card\" content=\"summary_large_image\" \/>\n<meta name=\"twitter:label1\" content=\"Est. reading time\" \/>\n\t<meta name=\"twitter:data1\" content=\"1 minute\" \/>\n<script type=\"application\/ld+json\" class=\"yoast-schema-graph\">{\"@context\":\"https:\/\/schema.org\",\"@graph\":[{\"@type\":\"WebPage\",\"@id\":\"https:\/\/carbonmiledesign.pl\/produkt\/skrzela-boczne-carbon-oem-style-bmw-m3-g80-g81\/\",\"url\":\"https:\/\/carbonmiledesign.pl\/produkt\/skrzela-boczne-carbon-oem-style-bmw-m3-g80-g81\/\",\"name\":\"Skrzela boczne carbon OEM Style BMW M3 G80 G81\",\"isPartOf\":{\"@id\":\"https:\/\/carbonmiledesign.pl\/#website\"},\"primaryImageOfPage\":{\"@id\":\"https:\/\/carbonmiledesign.pl\/produkt\/skrzela-boczne-carbon-oem-style-bmw-m3-g80-g81\/#primaryimage\"},\"image\":{\"@id\":\"https:\/\/carbonmiledesign.pl\/produkt\/skrzela-boczne-carbon-oem-style-bmw-m3-g80-g81\/#primaryimage\"},\"thumbnailUrl\":\"https:\/\/carbonmiledesign.pl\/wp-content\/uploads\/2025\/05\/Skrzela-carbon-OEM-Style-CM-Design-5.jpeg\",\"datePublished\":\"2025-05-15T09:13:29+00:00\",\"dateModified\":\"2025-10-16T09:08:50+00:00\",\"description\":\"Skrzela boczne carbon OEM Style BMW M3 G80 G81 \u015bwietnie podkre\u015bl\u0105 charakter Twojego samochodu. Postaw na jako\u015b\u0107 - Carbonmile Design.\",\"breadcrumb\":{\"@id\":\"https:\/\/carbonmiledesign.pl\/produkt\/skrzela-boczne-carbon-oem-style-bmw-m3-g80-g81\/#breadcrumb\"},\"inLanguage\":\"en-US\",\"potentialAction\":[{\"@type\":\"ReadAction\",\"target\":[\"https:\/\/carbonmiledesign.pl\/produkt\/skrzela-boczne-carbon-oem-style-bmw-m3-g80-g81\/\"]}]},{\"@type\":\"ImageObject\",\"inLanguage\":\"en-US\",\"@id\":\"https:\/\/carbonmiledesign.pl\/produkt\/skrzela-boczne-carbon-oem-style-bmw-m3-g80-g81\/#primaryimage\",\"url\":\"https:\/\/carbonmiledesign.pl\/wp-content\/uploads\/2025\/05\/Skrzela-carbon-OEM-Style-CM-Design-5.jpeg\",\"contentUrl\":\"https:\/\/carbonmiledesign.pl\/wp-content\/uploads\/2025\/05\/Skrzela-carbon-OEM-Style-CM-Design-5.jpeg\",\"width\":1024,\"height\":1024},{\"@type\":\"BreadcrumbList\",\"@id\":\"https:\/\/carbonmiledesign.pl\/produkt\/skrzela-boczne-carbon-oem-style-bmw-m3-g80-g81\/#breadcrumb\",\"itemListElement\":[{\"@type\":\"ListItem\",\"position\":1,\"name\":\"Strona g\u0142\u00f3wna\",\"item\":\"https:\/\/carbonmiledesign.pl\/\"},{\"@type\":\"ListItem\",\"position\":2,\"name\":\"Sklep\",\"item\":\"https:\/\/carbonmiledesign.pl\/sklep-wysokiej-jakosci-czesci-carbon\/\"},{\"@type\":\"ListItem\",\"position\":3,\"name\":\"Skrzela boczne carbon OEM Style BMW M3 G80 G81\"}]},{\"@type\":\"WebSite\",\"@id\":\"https:\/\/carbonmiledesign.pl\/#website\",\"url\":\"https:\/\/carbonmiledesign.pl\/\",\"name\":\"Carbonmile Design\",\"description\":\"\",\"publisher\":{\"@id\":\"https:\/\/carbonmiledesign.pl\/#organization\"},\"alternateName\":\"CM Design\",\"potentialAction\":[{\"@type\":\"SearchAction\",\"target\":{\"@type\":\"EntryPoint\",\"urlTemplate\":\"https:\/\/carbonmiledesign.pl\/?s={search_term_string}\"},\"query-input\":{\"@type\":\"PropertyValueSpecification\",\"valueRequired\":true,\"valueName\":\"search_term_string\"}}],\"inLanguage\":\"en-US\"},{\"@type\":\"Organization\",\"@id\":\"https:\/\/carbonmiledesign.pl\/#organization\",\"name\":\"Carbonmile Design\",\"url\":\"https:\/\/carbonmiledesign.pl\/\",\"logo\":{\"@type\":\"ImageObject\",\"inLanguage\":\"en-US\",\"@id\":\"https:\/\/carbonmiledesign.pl\/#\/schema\/logo\/image\/\",\"url\":\"https:\/\/carbonmiledesign.pl\/wp-content\/uploads\/2025\/01\/Carbonmiledesign-logo-czarne-przezroczyste-tlo.png\",\"contentUrl\":\"https:\/\/carbonmiledesign.pl\/wp-content\/uploads\/2025\/01\/Carbonmiledesign-logo-czarne-przezroczyste-tlo.png\",\"width\":2420,\"height\":520,\"caption\":\"Carbonmile Design\"},\"image\":{\"@id\":\"https:\/\/carbonmiledesign.pl\/#\/schema\/logo\/image\/\"}}]}<\/script>\n<!-- \/ Yoast SEO plugin. -->","yoast_head_json":{"title":"Side gills carbon OEM Style BMW M3 G80 G81","description":"Skrzela boczne carbon OEM Style BMW M3 G80 G81 \u015bwietnie podkre\u015bl\u0105 charakter Twojego samochodu. Postaw na jako\u015b\u0107 - Carbonmile Design.","robots":{"index":"index","follow":"follow","max-snippet":"max-snippet:-1","max-image-preview":"max-image-preview:large","max-video-preview":"max-video-preview:-1"},"canonical":"https:\/\/carbonmiledesign.pl\/en\/product\/skrzela-boczne-carbon-oem-style-bmw-m3-g80-g81\/","og_locale":"en_US","og_type":"article","og_title":"Skrzela boczne carbon OEM Style BMW M3 G80 G81","og_description":"Skrzela boczne carbon OEM Style BMW M3 G80 G81 \u015bwietnie podkre\u015bl\u0105 charakter Twojego samochodu. Postaw na jako\u015b\u0107 - Carbonmile Design.","og_url":"https:\/\/carbonmiledesign.pl\/en\/product\/skrzela-boczne-carbon-oem-style-bmw-m3-g80-g81\/","og_site_name":"CarbonMile design","article_modified_time":"2025-10-16T09:08:50+00:00","og_image":[{"width":1024,"height":1024,"url":"https:\/\/carbonmiledesign.pl\/wp-content\/uploads\/2025\/05\/Skrzela-carbon-OEM-Style-CM-Design-5.jpeg","type":"image\/jpeg"}],"twitter_card":"summary_large_image","twitter_misc":{"Est. reading time":"1 minute"},"schema":{"@context":"https:\/\/schema.org","@graph":[{"@type":"WebPage","@id":"https:\/\/carbonmiledesign.pl\/produkt\/skrzela-boczne-carbon-oem-style-bmw-m3-g80-g81\/","url":"https:\/\/carbonmiledesign.pl\/produkt\/skrzela-boczne-carbon-oem-style-bmw-m3-g80-g81\/","name":"Side gills carbon OEM Style BMW M3 G80 G81","isPartOf":{"@id":"https:\/\/carbonmiledesign.pl\/#website"},"primaryImageOfPage":{"@id":"https:\/\/carbonmiledesign.pl\/produkt\/skrzela-boczne-carbon-oem-style-bmw-m3-g80-g81\/#primaryimage"},"image":{"@id":"https:\/\/carbonmiledesign.pl\/produkt\/skrzela-boczne-carbon-oem-style-bmw-m3-g80-g81\/#primaryimage"},"thumbnailUrl":"https:\/\/carbonmiledesign.pl\/wp-content\/uploads\/2025\/05\/Skrzela-carbon-OEM-Style-CM-Design-5.jpeg","datePublished":"2025-05-15T09:13:29+00:00","dateModified":"2025-10-16T09:08:50+00:00","description":"Skrzela boczne carbon OEM Style BMW M3 G80 G81 \u015bwietnie podkre\u015bl\u0105 charakter Twojego samochodu. Postaw na jako\u015b\u0107 - Carbonmile Design.","breadcrumb":{"@id":"https:\/\/carbonmiledesign.pl\/produkt\/skrzela-boczne-carbon-oem-style-bmw-m3-g80-g81\/#breadcrumb"},"inLanguage":"en-US","potentialAction":[{"@type":"ReadAction","target":["https:\/\/carbonmiledesign.pl\/produkt\/skrzela-boczne-carbon-oem-style-bmw-m3-g80-g81\/"]}]},{"@type":"ImageObject","inLanguage":"en-US","@id":"https:\/\/carbonmiledesign.pl\/produkt\/skrzela-boczne-carbon-oem-style-bmw-m3-g80-g81\/#primaryimage","url":"https:\/\/carbonmiledesign.pl\/wp-content\/uploads\/2025\/05\/Skrzela-carbon-OEM-Style-CM-Design-5.jpeg","contentUrl":"https:\/\/carbonmiledesign.pl\/wp-content\/uploads\/2025\/05\/Skrzela-carbon-OEM-Style-CM-Design-5.jpeg","width":1024,"height":1024},{"@type":"BreadcrumbList","@id":"https:\/\/carbonmiledesign.pl\/produkt\/skrzela-boczne-carbon-oem-style-bmw-m3-g80-g81\/#breadcrumb","itemListElement":[{"@type":"ListItem","position":1,"name":"Strona g\u0142\u00f3wna","item":"https:\/\/carbonmiledesign.pl\/"},{"@type":"ListItem","position":2,"name":"Sklep","item":"https:\/\/carbonmiledesign.pl\/sklep-wysokiej-jakosci-czesci-carbon\/"},{"@type":"ListItem","position":3,"name":"Skrzela boczne carbon OEM Style BMW M3 G80 G81"}]},{"@type":"WebSite","@id":"https:\/\/carbonmiledesign.pl\/#website","url":"https:\/\/carbonmiledesign.pl\/","name":"Carbonmile Design","description":"","publisher":{"@id":"https:\/\/carbonmiledesign.pl\/#organization"},"alternateName":"CM Design","potentialAction":[{"@type":"SearchAction","target":{"@type":"EntryPoint","urlTemplate":"https:\/\/carbonmiledesign.pl\/?s={search_term_string}"},"query-input":{"@type":"PropertyValueSpecification","valueRequired":true,"valueName":"search_term_string"}}],"inLanguage":"en-US"},{"@type":"Organization","@id":"https:\/\/carbonmiledesign.pl\/#organization","name":"Carbonmile Design","url":"https:\/\/carbonmiledesign.pl\/","logo":{"@type":"ImageObject","inLanguage":"en-US","@id":"https:\/\/carbonmiledesign.pl\/#\/schema\/logo\/image\/","url":"https:\/\/carbonmiledesign.pl\/wp-content\/uploads\/2025\/01\/Carbonmiledesign-logo-czarne-przezroczyste-tlo.png","contentUrl":"https:\/\/carbonmiledesign.pl\/wp-content\/uploads\/2025\/01\/Carbonmiledesign-logo-czarne-przezroczyste-tlo.png","width":2420,"height":520,"caption":"Carbonmile Design"},"image":{"@id":"https:\/\/carbonmiledesign.pl\/#\/schema\/logo\/image\/"}}]}},"jetpack_sharing_enabled":true,"_links":{"self":[{"href":"https:\/\/carbonmiledesign.pl\/en\/wp-json\/wp\/v2\/product\/2160","targetHints":{"allow":["GET"]}}],"collection":[{"href":"https:\/\/carbonmiledesign.pl\/en\/wp-json\/wp\/v2\/product"}],"about":[{"href":"https:\/\/carbonmiledesign.pl\/en\/wp-json\/wp\/v2\/types\/product"}],"wp:featuredmedia":[{"embeddable":true,"href":"https:\/\/carbonmiledesign.pl\/en\/wp-json\/wp\/v2\/media\/2156"}],"wp:attachment":[{"href":"https:\/\/carbonmiledesign.pl\/en\/wp-json\/wp\/v2\/media?parent=2160"}],"wp:term":[{"taxonomy":"product_brand","embeddable":true,"href":"https:\/\/carbonmiledesign.pl\/en\/wp-json\/wp\/v2\/product_brand?post=2160"},{"taxonomy":"product_cat","embeddable":true,"href":"https:\/\/carbonmiledesign.pl\/en\/wp-json\/wp\/v2\/product_cat?post=2160"},{"taxonomy":"product_tag","embeddable":true,"href":"https:\/\/carbonmiledesign.pl\/en\/wp-json\/wp\/v2\/product_tag?post=2160"}],"curies":[{"name":"wp","href":"https:\/\/api.w.org\/{rel}","templated":true}]}}