{"id":2107,"date":"2025-05-14T15:03:18","date_gmt":"2025-05-14T13:03:18","guid":{"rendered":"https:\/\/carbonmiledesign.pl\/?post_type=product&#038;p=2107"},"modified":"2025-12-02T01:49:00","modified_gmt":"2025-12-02T00:49:00","slug":"dyfuzor-dokladka-zderzaka-tylnego-carbon-cm-style-bmw-x7-g07","status":"publish","type":"product","link":"https:\/\/carbonmiledesign.pl\/en\/product\/dyfuzor-dokladka-zderzaka-tylnego-carbon-cm-style-bmw-x7-g07\/","title":{"rendered":"Rear bumper diffuser carbon CM Style BMW X7 G07"},"content":{"rendered":"<h3><strong>Rear bumper diffuser carbon CM Style BMW X7 G07<\/strong><\/h3>\n<p><strong>Manufacturer:<\/strong>\u00a0CM Design<\/p>\n<p><strong>Material:\u00a0<\/strong>Carbon \u2013 W\u0142\u00f3kno-w\u0119glowe<\/p>\n<p><b>Fits to:<\/b><\/p>\n<ul>\n<li>BMW X7 G07 pre-LCI (wersja przed-liftowa)<\/li>\n<\/ul>\n<p>Dyfuzor, dok\u0142adka zderzaka tylnego w stylu CM, wykonana z najwy\u017cszej jako\u015bci carbonu, nadaje BMW X7 G07 sportowy i dynamiczny wygl\u0105d, podkre\u015blaj\u0105c agresywn\u0105 sylwetk\u0119 pojazdu. To perfekcyjny akcent, kt\u00f3ry \u0142\u0105czy elegancj\u0119 z wy\u015bcigowym charakterem.<\/p>\n<p>Najwy\u017csze standardy produkcji zapewniaj\u0105 nie tylko wygl\u0105d, ale r\u00f3wnie\u017c najwy\u017csz\u0105 jako\u015b\u0107, oraz perfekcyjne dopasowanie.<\/p>","protected":false},"excerpt":{"rendered":"<p><strong>Rear bumper diffuser carbon CM Style BMW X7 G07<\/strong><\/p>\n<p>Wyj\u0105tkowy dyfuzor z w\u0142\u00f3kna w\u0119glowego, kt\u00f3ry dodaje sportowego charakteru. Lekkie, trwa\u0142e i perfekcyjnie dopasowane.<\/p>\n<p><strong>Fits to:<\/strong><\/p>\n<ul>\n<li>BMW X7 G07 pre-LCI (wersja przed-liftowa)<\/li>\n<\/ul>\n<p><strong>Estimated production time:<\/strong>\u00a0<em>29 days<\/em><\/p>","protected":false},"featured_media":2109,"template":"","meta":[],"product_brand":[],"product_cat":[70,245],"product_tag":[],"class_list":{"0":"post-2107","1":"product","2":"type-product","3":"status-publish","4":"has-post-thumbnail","6":"product_cat-bmw","7":"product_cat-x7-g07","8":"pa_generacja-g07","9":"pa_marka-bmw","10":"pa_model-x7","12":"first","13":"instock","14":"shipping-taxable","15":"purchasable","16":"product-type-simple"},"yoast_head":"<!-- This site is optimized with the Yoast SEO plugin v26.6 - https:\/\/yoast.com\/wordpress\/plugins\/seo\/ -->\n<title>Dyfuzor dok\u0142adka zderzaka tylnego carbon CM Style BMW X7 G07<\/title>\n<meta name=\"description\" content=\"Dyfuzor dok\u0142adka zderzaka tylnego carbon CM Style BMW X7 G07 Agresywny dyfuzor wykonany z najwy\u017cszej jako\u015bci carbonu, fenomenalnie podkre\u015blaj\u0105 sylwetk\u0119 X7!\" \/>\n<meta name=\"robots\" content=\"index, follow, max-snippet:-1, max-image-preview:large, max-video-preview:-1\" \/>\n<link rel=\"canonical\" href=\"https:\/\/carbonmiledesign.pl\/en\/product\/dyfuzor-dokladka-zderzaka-tylnego-carbon-cm-style-bmw-x7-g07\/\" \/>\n<meta property=\"og:locale\" content=\"en_US\" \/>\n<meta property=\"og:type\" content=\"article\" \/>\n<meta property=\"og:title\" content=\"Dyfuzor dok\u0142adka zderzaka tylnego carbon CM Style BMW X7 G07\" \/>\n<meta property=\"og:description\" content=\"Dyfuzor dok\u0142adka zderzaka tylnego carbon CM Style BMW X7 G07 Agresywny dyfuzor wykonany z najwy\u017cszej jako\u015bci carbonu, fenomenalnie podkre\u015blaj\u0105 sylwetk\u0119 X7!\" \/>\n<meta property=\"og:url\" content=\"https:\/\/carbonmiledesign.pl\/en\/product\/dyfuzor-dokladka-zderzaka-tylnego-carbon-cm-style-bmw-x7-g07\/\" \/>\n<meta property=\"og:site_name\" content=\"CarbonMile design\" \/>\n<meta property=\"article:modified_time\" content=\"2025-12-02T00:49:00+00:00\" \/>\n<meta property=\"og:image\" content=\"https:\/\/carbonmiledesign.pl\/wp-content\/uploads\/2025\/05\/Zrzut-ekranu-2025-05-14-o-10.23.36-e1747229170813.png\" \/>\n\t<meta property=\"og:image:width\" content=\"1275\" \/>\n\t<meta property=\"og:image:height\" content=\"1230\" \/>\n\t<meta property=\"og:image:type\" content=\"image\/png\" \/>\n<meta name=\"twitter:card\" content=\"summary_large_image\" \/>\n<meta name=\"twitter:label1\" content=\"Est. reading time\" \/>\n\t<meta name=\"twitter:data1\" content=\"1 minute\" \/>\n<script type=\"application\/ld+json\" class=\"yoast-schema-graph\">{\"@context\":\"https:\/\/schema.org\",\"@graph\":[{\"@type\":\"WebPage\",\"@id\":\"https:\/\/carbonmiledesign.pl\/produkt\/dyfuzor-dokladka-zderzaka-tylnego-carbon-cm-style-bmw-x7-g07\/\",\"url\":\"https:\/\/carbonmiledesign.pl\/produkt\/dyfuzor-dokladka-zderzaka-tylnego-carbon-cm-style-bmw-x7-g07\/\",\"name\":\"Dyfuzor dok\u0142adka zderzaka tylnego carbon CM Style BMW X7 G07\",\"isPartOf\":{\"@id\":\"https:\/\/carbonmiledesign.pl\/#website\"},\"primaryImageOfPage\":{\"@id\":\"https:\/\/carbonmiledesign.pl\/produkt\/dyfuzor-dokladka-zderzaka-tylnego-carbon-cm-style-bmw-x7-g07\/#primaryimage\"},\"image\":{\"@id\":\"https:\/\/carbonmiledesign.pl\/produkt\/dyfuzor-dokladka-zderzaka-tylnego-carbon-cm-style-bmw-x7-g07\/#primaryimage\"},\"thumbnailUrl\":\"https:\/\/carbonmiledesign.pl\/wp-content\/uploads\/2025\/05\/Zrzut-ekranu-2025-05-14-o-10.23.36-e1747229170813.png\",\"datePublished\":\"2025-05-14T13:03:18+00:00\",\"dateModified\":\"2025-12-02T00:49:00+00:00\",\"description\":\"Dyfuzor dok\u0142adka zderzaka tylnego carbon CM Style BMW X7 G07 Agresywny dyfuzor wykonany z najwy\u017cszej jako\u015bci carbonu, fenomenalnie podkre\u015blaj\u0105 sylwetk\u0119 X7!\",\"breadcrumb\":{\"@id\":\"https:\/\/carbonmiledesign.pl\/produkt\/dyfuzor-dokladka-zderzaka-tylnego-carbon-cm-style-bmw-x7-g07\/#breadcrumb\"},\"inLanguage\":\"en-US\",\"potentialAction\":[{\"@type\":\"ReadAction\",\"target\":[\"https:\/\/carbonmiledesign.pl\/produkt\/dyfuzor-dokladka-zderzaka-tylnego-carbon-cm-style-bmw-x7-g07\/\"]}]},{\"@type\":\"ImageObject\",\"inLanguage\":\"en-US\",\"@id\":\"https:\/\/carbonmiledesign.pl\/produkt\/dyfuzor-dokladka-zderzaka-tylnego-carbon-cm-style-bmw-x7-g07\/#primaryimage\",\"url\":\"https:\/\/carbonmiledesign.pl\/wp-content\/uploads\/2025\/05\/Zrzut-ekranu-2025-05-14-o-10.23.36-e1747229170813.png\",\"contentUrl\":\"https:\/\/carbonmiledesign.pl\/wp-content\/uploads\/2025\/05\/Zrzut-ekranu-2025-05-14-o-10.23.36-e1747229170813.png\",\"width\":1275,\"height\":1230},{\"@type\":\"BreadcrumbList\",\"@id\":\"https:\/\/carbonmiledesign.pl\/produkt\/dyfuzor-dokladka-zderzaka-tylnego-carbon-cm-style-bmw-x7-g07\/#breadcrumb\",\"itemListElement\":[{\"@type\":\"ListItem\",\"position\":1,\"name\":\"Strona g\u0142\u00f3wna\",\"item\":\"https:\/\/carbonmiledesign.pl\/\"},{\"@type\":\"ListItem\",\"position\":2,\"name\":\"Sklep\",\"item\":\"https:\/\/carbonmiledesign.pl\/sklep-wysokiej-jakosci-czesci-carbon\/\"},{\"@type\":\"ListItem\",\"position\":3,\"name\":\"Dyfuzor dok\u0142adka zderzaka tylnego carbon CM Style BMW X7 G07\"}]},{\"@type\":\"WebSite\",\"@id\":\"https:\/\/carbonmiledesign.pl\/#website\",\"url\":\"https:\/\/carbonmiledesign.pl\/\",\"name\":\"Carbonmile Design\",\"description\":\"\",\"publisher\":{\"@id\":\"https:\/\/carbonmiledesign.pl\/#organization\"},\"alternateName\":\"CM Design\",\"potentialAction\":[{\"@type\":\"SearchAction\",\"target\":{\"@type\":\"EntryPoint\",\"urlTemplate\":\"https:\/\/carbonmiledesign.pl\/?s={search_term_string}\"},\"query-input\":{\"@type\":\"PropertyValueSpecification\",\"valueRequired\":true,\"valueName\":\"search_term_string\"}}],\"inLanguage\":\"en-US\"},{\"@type\":\"Organization\",\"@id\":\"https:\/\/carbonmiledesign.pl\/#organization\",\"name\":\"Carbonmile Design\",\"url\":\"https:\/\/carbonmiledesign.pl\/\",\"logo\":{\"@type\":\"ImageObject\",\"inLanguage\":\"en-US\",\"@id\":\"https:\/\/carbonmiledesign.pl\/#\/schema\/logo\/image\/\",\"url\":\"https:\/\/carbonmiledesign.pl\/wp-content\/uploads\/2025\/01\/Carbonmiledesign-logo-czarne-przezroczyste-tlo.png\",\"contentUrl\":\"https:\/\/carbonmiledesign.pl\/wp-content\/uploads\/2025\/01\/Carbonmiledesign-logo-czarne-przezroczyste-tlo.png\",\"width\":2420,\"height\":520,\"caption\":\"Carbonmile Design\"},\"image\":{\"@id\":\"https:\/\/carbonmiledesign.pl\/#\/schema\/logo\/image\/\"}}]}<\/script>\n<!-- \/ Yoast SEO plugin. -->","yoast_head_json":{"title":"Rear bumper diffuser carbon CM Style BMW X7 G07","description":"Dyfuzor dok\u0142adka zderzaka tylnego carbon CM Style BMW X7 G07 Agresywny dyfuzor wykonany z najwy\u017cszej jako\u015bci carbonu, fenomenalnie podkre\u015blaj\u0105 sylwetk\u0119 X7!","robots":{"index":"index","follow":"follow","max-snippet":"max-snippet:-1","max-image-preview":"max-image-preview:large","max-video-preview":"max-video-preview:-1"},"canonical":"https:\/\/carbonmiledesign.pl\/en\/product\/dyfuzor-dokladka-zderzaka-tylnego-carbon-cm-style-bmw-x7-g07\/","og_locale":"en_US","og_type":"article","og_title":"Dyfuzor dok\u0142adka zderzaka tylnego carbon CM Style BMW X7 G07","og_description":"Dyfuzor dok\u0142adka zderzaka tylnego carbon CM Style BMW X7 G07 Agresywny dyfuzor wykonany z najwy\u017cszej jako\u015bci carbonu, fenomenalnie podkre\u015blaj\u0105 sylwetk\u0119 X7!","og_url":"https:\/\/carbonmiledesign.pl\/en\/product\/dyfuzor-dokladka-zderzaka-tylnego-carbon-cm-style-bmw-x7-g07\/","og_site_name":"CarbonMile design","article_modified_time":"2025-12-02T00:49:00+00:00","og_image":[{"width":1275,"height":1230,"url":"https:\/\/carbonmiledesign.pl\/wp-content\/uploads\/2025\/05\/Zrzut-ekranu-2025-05-14-o-10.23.36-e1747229170813.png","type":"image\/png"}],"twitter_card":"summary_large_image","twitter_misc":{"Est. reading time":"1 minute"},"schema":{"@context":"https:\/\/schema.org","@graph":[{"@type":"WebPage","@id":"https:\/\/carbonmiledesign.pl\/produkt\/dyfuzor-dokladka-zderzaka-tylnego-carbon-cm-style-bmw-x7-g07\/","url":"https:\/\/carbonmiledesign.pl\/produkt\/dyfuzor-dokladka-zderzaka-tylnego-carbon-cm-style-bmw-x7-g07\/","name":"Rear bumper diffuser carbon CM Style BMW X7 G07","isPartOf":{"@id":"https:\/\/carbonmiledesign.pl\/#website"},"primaryImageOfPage":{"@id":"https:\/\/carbonmiledesign.pl\/produkt\/dyfuzor-dokladka-zderzaka-tylnego-carbon-cm-style-bmw-x7-g07\/#primaryimage"},"image":{"@id":"https:\/\/carbonmiledesign.pl\/produkt\/dyfuzor-dokladka-zderzaka-tylnego-carbon-cm-style-bmw-x7-g07\/#primaryimage"},"thumbnailUrl":"https:\/\/carbonmiledesign.pl\/wp-content\/uploads\/2025\/05\/Zrzut-ekranu-2025-05-14-o-10.23.36-e1747229170813.png","datePublished":"2025-05-14T13:03:18+00:00","dateModified":"2025-12-02T00:49:00+00:00","description":"Dyfuzor dok\u0142adka zderzaka tylnego carbon CM Style BMW X7 G07 Agresywny dyfuzor wykonany z najwy\u017cszej jako\u015bci carbonu, fenomenalnie podkre\u015blaj\u0105 sylwetk\u0119 X7!","breadcrumb":{"@id":"https:\/\/carbonmiledesign.pl\/produkt\/dyfuzor-dokladka-zderzaka-tylnego-carbon-cm-style-bmw-x7-g07\/#breadcrumb"},"inLanguage":"en-US","potentialAction":[{"@type":"ReadAction","target":["https:\/\/carbonmiledesign.pl\/produkt\/dyfuzor-dokladka-zderzaka-tylnego-carbon-cm-style-bmw-x7-g07\/"]}]},{"@type":"ImageObject","inLanguage":"en-US","@id":"https:\/\/carbonmiledesign.pl\/produkt\/dyfuzor-dokladka-zderzaka-tylnego-carbon-cm-style-bmw-x7-g07\/#primaryimage","url":"https:\/\/carbonmiledesign.pl\/wp-content\/uploads\/2025\/05\/Zrzut-ekranu-2025-05-14-o-10.23.36-e1747229170813.png","contentUrl":"https:\/\/carbonmiledesign.pl\/wp-content\/uploads\/2025\/05\/Zrzut-ekranu-2025-05-14-o-10.23.36-e1747229170813.png","width":1275,"height":1230},{"@type":"BreadcrumbList","@id":"https:\/\/carbonmiledesign.pl\/produkt\/dyfuzor-dokladka-zderzaka-tylnego-carbon-cm-style-bmw-x7-g07\/#breadcrumb","itemListElement":[{"@type":"ListItem","position":1,"name":"Strona g\u0142\u00f3wna","item":"https:\/\/carbonmiledesign.pl\/"},{"@type":"ListItem","position":2,"name":"Sklep","item":"https:\/\/carbonmiledesign.pl\/sklep-wysokiej-jakosci-czesci-carbon\/"},{"@type":"ListItem","position":3,"name":"Dyfuzor dok\u0142adka zderzaka tylnego carbon CM Style BMW X7 G07"}]},{"@type":"WebSite","@id":"https:\/\/carbonmiledesign.pl\/#website","url":"https:\/\/carbonmiledesign.pl\/","name":"Carbonmile Design","description":"","publisher":{"@id":"https:\/\/carbonmiledesign.pl\/#organization"},"alternateName":"CM Design","potentialAction":[{"@type":"SearchAction","target":{"@type":"EntryPoint","urlTemplate":"https:\/\/carbonmiledesign.pl\/?s={search_term_string}"},"query-input":{"@type":"PropertyValueSpecification","valueRequired":true,"valueName":"search_term_string"}}],"inLanguage":"en-US"},{"@type":"Organization","@id":"https:\/\/carbonmiledesign.pl\/#organization","name":"Carbonmile Design","url":"https:\/\/carbonmiledesign.pl\/","logo":{"@type":"ImageObject","inLanguage":"en-US","@id":"https:\/\/carbonmiledesign.pl\/#\/schema\/logo\/image\/","url":"https:\/\/carbonmiledesign.pl\/wp-content\/uploads\/2025\/01\/Carbonmiledesign-logo-czarne-przezroczyste-tlo.png","contentUrl":"https:\/\/carbonmiledesign.pl\/wp-content\/uploads\/2025\/01\/Carbonmiledesign-logo-czarne-przezroczyste-tlo.png","width":2420,"height":520,"caption":"Carbonmile Design"},"image":{"@id":"https:\/\/carbonmiledesign.pl\/#\/schema\/logo\/image\/"}}]}},"jetpack_sharing_enabled":true,"_links":{"self":[{"href":"https:\/\/carbonmiledesign.pl\/en\/wp-json\/wp\/v2\/product\/2107","targetHints":{"allow":["GET"]}}],"collection":[{"href":"https:\/\/carbonmiledesign.pl\/en\/wp-json\/wp\/v2\/product"}],"about":[{"href":"https:\/\/carbonmiledesign.pl\/en\/wp-json\/wp\/v2\/types\/product"}],"wp:featuredmedia":[{"embeddable":true,"href":"https:\/\/carbonmiledesign.pl\/en\/wp-json\/wp\/v2\/media\/2109"}],"wp:attachment":[{"href":"https:\/\/carbonmiledesign.pl\/en\/wp-json\/wp\/v2\/media?parent=2107"}],"wp:term":[{"taxonomy":"product_brand","embeddable":true,"href":"https:\/\/carbonmiledesign.pl\/en\/wp-json\/wp\/v2\/product_brand?post=2107"},{"taxonomy":"product_cat","embeddable":true,"href":"https:\/\/carbonmiledesign.pl\/en\/wp-json\/wp\/v2\/product_cat?post=2107"},{"taxonomy":"product_tag","embeddable":true,"href":"https:\/\/carbonmiledesign.pl\/en\/wp-json\/wp\/v2\/product_tag?post=2107"}],"curies":[{"name":"wp","href":"https:\/\/api.w.org\/{rel}","templated":true}]}}