{"id":2067,"date":"2025-05-06T15:05:11","date_gmt":"2025-05-06T13:05:11","guid":{"rendered":"https:\/\/carbonmiledesign.pl\/?post_type=product&#038;p=2067"},"modified":"2025-07-03T11:07:16","modified_gmt":"2025-07-03T09:07:16","slug":"dokladki-zderzaka-przedniego-carbon-oem-style-bmw-m3-g80-g81-m4-g82-g83","status":"publish","type":"product","link":"https:\/\/carbonmiledesign.pl\/en\/product\/dokladki-zderzaka-przedniego-carbon-oem-style-bmw-m3-g80-g81-m4-g82-g83\/","title":{"rendered":"Carbon OEM Style BMW M3 G80 G81 M4 G82 G83 front bumper fins"},"content":{"rendered":"<h3><strong>Carbon OEM Style BMW M3 G80 G81 M4 G82 G83 front bumper fins<\/strong><\/h3>\n<p><span style=\"font-size: 100%;\"><strong>Manufacturer:<\/strong> CM Design<\/span><\/p>\n<p><span style=\"font-size: 100%;\"><strong>Material: <\/strong>Material: Carbon fibre (Dry carbon)<a href=\"https:\/\/carbonmiledesign.pl\/karbon-od-podstaw-co-warto-wiedziec\/\">dry carbon<\/a>)<\/span><\/p>\n<p><b>Fits to:<\/b><\/p>\n<ul>\n<li>BMW M3 G80<\/li>\n<li>BMW M3 G81 Touring<\/li>\n<li>BMW M4 G82<\/li>\n<li>BMW M4 G83<\/li>\n<\/ul>\n<p>Wykonane z wysokiej jako\u015bci w\u0142\u00f3kna w\u0119glowego, dok\u0142adki zderzaka przedniego w stylu OEM to \u015bwietna propozycja dla os\u00f3b ceni\u0105cych styl i jako\u015b\u0107. Idealnie wsp\u00f3\u0142graj\u0105 z fabrycznym pakietem carbonowym, podkre\u015blaj\u0105c sportow\u0105 lini\u0119 przedniego pasa i stanowi\u0105c solidn\u0105 baz\u0119 do dalszych modyfikacji.<\/p>\n<p>The highest production standards ensure not only an outstanding appearance but also the highest quality and durability.<\/p>","protected":false},"excerpt":{"rendered":"<h4><span style=\"font-size: 80%;\"><strong>Carbon OEM Style BMW M3 G80 G81 M4 G82 G83 front bumper fins<\/strong><\/span><\/h4>\n<p><span style=\"font-size: 75%;\">Wysokiej jako\u015bci dok\u0142adki zderzaka przedniego z carbonu to stylowy detal, kt\u00f3ry wzmacnia dynamiczny wygl\u0105d BMW i subtelnie nawi\u0105zuje do motorsportowego charakteru modeli M.<\/span><\/p>\n<p><span style=\"font-size: 75%;\"><strong>Fits to:<\/strong><\/span><\/p>\n<ul>\n<li><span style=\"font-size: 75%;\">BMW M3 G80<\/span><\/li>\n<li><span style=\"font-size: 75%;\">BMW M3 G81<\/span><\/li>\n<li><span style=\"font-size: 75%;\">BMW M4 G82<\/span><\/li>\n<li><span style=\"font-size: 75%;\">BMW M4 G83\u00a0<\/span><\/li>\n<\/ul>\n<p><span style=\"font-size: 75%;\"><strong>Estimated production time:<\/strong> <em>29 days \u00a0<\/em><\/span><\/p>","protected":false},"featured_media":2070,"template":"","meta":[],"product_brand":[287],"product_cat":[70,107,123,211,212,105,143],"product_tag":[77,78,79,80,81,147,148],"class_list":{"0":"post-2067","1":"product","2":"type-product","3":"status-publish","4":"has-post-thumbnail","6":"product_brand-carbonmiledesign","7":"product_cat-bmw","8":"product_cat-m3-g80","9":"product_cat-m3-g81","10":"product_cat-m4-g82","11":"product_cat-m4-g83","12":"product_cat-seria-3-m3","13":"product_cat-seria-4-m4","14":"product_tag-bmw","15":"product_tag-m3-g80","16":"product_tag-m3-g81","17":"product_tag-m4-g82","18":"product_tag-m4-g83","19":"product_tag-seria-3-m3","20":"product_tag-seria-4-m4","21":"product_shipping_class-mala","22":"pa_generacja-g80","23":"pa_generacja-g81","24":"pa_generacja-g82","25":"pa_generacja-g83","26":"pa_marka-bmw","27":"pa_model-seria-3-m3","28":"pa_model-seria-4-m4","30":"first","31":"instock","32":"shipping-taxable","33":"purchasable","34":"product-type-simple"},"yoast_head":"<!-- This site is optimized with the Yoast SEO plugin v26.6 - https:\/\/yoast.com\/wordpress\/plugins\/seo\/ -->\n<title>Dok\u0142adki zderzaka przedniego carbon OEM Style BMW M3 G80 G81 M4 G82 G83<\/title>\n<meta name=\"description\" content=\"Dok\u0142adki zderzaka przedniego carbon OEM style BMW M3 G80 G81 M4 G82 G83 | \u015awietnie podkre\u015bli charakter Twojego samochodu. Postaw na jako\u015b\u0107 - CM Design\" \/>\n<meta name=\"robots\" content=\"index, follow, max-snippet:-1, max-image-preview:large, max-video-preview:-1\" \/>\n<link rel=\"canonical\" href=\"https:\/\/carbonmiledesign.pl\/en\/product\/dokladki-zderzaka-przedniego-carbon-oem-style-bmw-m3-g80-g81-m4-g82-g83\/\" \/>\n<meta property=\"og:locale\" content=\"en_US\" \/>\n<meta property=\"og:type\" content=\"article\" \/>\n<meta property=\"og:title\" content=\"Dok\u0142adki zderzaka przedniego carbon OEM Style BMW M3 G80 G81 M4 G82 G83\" \/>\n<meta property=\"og:description\" content=\"Dok\u0142adki zderzaka przedniego carbon OEM style BMW M3 G80 G81 M4 G82 G83 | \u015awietnie podkre\u015bli charakter Twojego samochodu. Postaw na jako\u015b\u0107 - CM Design\" \/>\n<meta property=\"og:url\" content=\"https:\/\/carbonmiledesign.pl\/en\/product\/dokladki-zderzaka-przedniego-carbon-oem-style-bmw-m3-g80-g81-m4-g82-g83\/\" \/>\n<meta property=\"og:site_name\" content=\"CarbonMile design\" \/>\n<meta property=\"article:modified_time\" content=\"2025-07-03T09:07:16+00:00\" \/>\n<meta property=\"og:image\" content=\"https:\/\/carbonmiledesign.pl\/wp-content\/uploads\/2025\/05\/IMG_7393.jpg\" \/>\n\t<meta property=\"og:image:width\" content=\"1500\" \/>\n\t<meta property=\"og:image:height\" content=\"1500\" \/>\n\t<meta property=\"og:image:type\" content=\"image\/jpeg\" \/>\n<meta name=\"twitter:card\" content=\"summary_large_image\" \/>\n<meta name=\"twitter:label1\" content=\"Est. reading time\" \/>\n\t<meta name=\"twitter:data1\" content=\"1 minute\" \/>\n<script type=\"application\/ld+json\" class=\"yoast-schema-graph\">{\"@context\":\"https:\/\/schema.org\",\"@graph\":[{\"@type\":\"WebPage\",\"@id\":\"https:\/\/carbonmiledesign.pl\/produkt\/dokladki-zderzaka-przedniego-carbon-oem-style-bmw-m3-g80-g81-m4-g82-g83\/\",\"url\":\"https:\/\/carbonmiledesign.pl\/produkt\/dokladki-zderzaka-przedniego-carbon-oem-style-bmw-m3-g80-g81-m4-g82-g83\/\",\"name\":\"Dok\u0142adki zderzaka przedniego carbon OEM Style BMW M3 G80 G81 M4 G82 G83\",\"isPartOf\":{\"@id\":\"https:\/\/carbonmiledesign.pl\/#website\"},\"primaryImageOfPage\":{\"@id\":\"https:\/\/carbonmiledesign.pl\/produkt\/dokladki-zderzaka-przedniego-carbon-oem-style-bmw-m3-g80-g81-m4-g82-g83\/#primaryimage\"},\"image\":{\"@id\":\"https:\/\/carbonmiledesign.pl\/produkt\/dokladki-zderzaka-przedniego-carbon-oem-style-bmw-m3-g80-g81-m4-g82-g83\/#primaryimage\"},\"thumbnailUrl\":\"https:\/\/carbonmiledesign.pl\/wp-content\/uploads\/2025\/05\/IMG_7393.jpg\",\"datePublished\":\"2025-05-06T13:05:11+00:00\",\"dateModified\":\"2025-07-03T09:07:16+00:00\",\"description\":\"Dok\u0142adki zderzaka przedniego carbon OEM style BMW M3 G80 G81 M4 G82 G83 | \u015awietnie podkre\u015bli charakter Twojego samochodu. Postaw na jako\u015b\u0107 - CM Design\",\"breadcrumb\":{\"@id\":\"https:\/\/carbonmiledesign.pl\/produkt\/dokladki-zderzaka-przedniego-carbon-oem-style-bmw-m3-g80-g81-m4-g82-g83\/#breadcrumb\"},\"inLanguage\":\"en-US\",\"potentialAction\":[{\"@type\":\"ReadAction\",\"target\":[\"https:\/\/carbonmiledesign.pl\/produkt\/dokladki-zderzaka-przedniego-carbon-oem-style-bmw-m3-g80-g81-m4-g82-g83\/\"]}]},{\"@type\":\"ImageObject\",\"inLanguage\":\"en-US\",\"@id\":\"https:\/\/carbonmiledesign.pl\/produkt\/dokladki-zderzaka-przedniego-carbon-oem-style-bmw-m3-g80-g81-m4-g82-g83\/#primaryimage\",\"url\":\"https:\/\/carbonmiledesign.pl\/wp-content\/uploads\/2025\/05\/IMG_7393.jpg\",\"contentUrl\":\"https:\/\/carbonmiledesign.pl\/wp-content\/uploads\/2025\/05\/IMG_7393.jpg\",\"width\":1500,\"height\":1500},{\"@type\":\"BreadcrumbList\",\"@id\":\"https:\/\/carbonmiledesign.pl\/produkt\/dokladki-zderzaka-przedniego-carbon-oem-style-bmw-m3-g80-g81-m4-g82-g83\/#breadcrumb\",\"itemListElement\":[{\"@type\":\"ListItem\",\"position\":1,\"name\":\"Strona g\u0142\u00f3wna\",\"item\":\"https:\/\/carbonmiledesign.pl\/\"},{\"@type\":\"ListItem\",\"position\":2,\"name\":\"Sklep\",\"item\":\"https:\/\/carbonmiledesign.pl\/sklep-wysokiej-jakosci-czesci-carbon\/\"},{\"@type\":\"ListItem\",\"position\":3,\"name\":\"Dok\u0142adki zderzaka przedniego carbon OEM Style BMW M3 G80 G81 M4 G82 G83\"}]},{\"@type\":\"WebSite\",\"@id\":\"https:\/\/carbonmiledesign.pl\/#website\",\"url\":\"https:\/\/carbonmiledesign.pl\/\",\"name\":\"Carbonmile Design\",\"description\":\"\",\"publisher\":{\"@id\":\"https:\/\/carbonmiledesign.pl\/#organization\"},\"alternateName\":\"CM Design\",\"potentialAction\":[{\"@type\":\"SearchAction\",\"target\":{\"@type\":\"EntryPoint\",\"urlTemplate\":\"https:\/\/carbonmiledesign.pl\/?s={search_term_string}\"},\"query-input\":{\"@type\":\"PropertyValueSpecification\",\"valueRequired\":true,\"valueName\":\"search_term_string\"}}],\"inLanguage\":\"en-US\"},{\"@type\":\"Organization\",\"@id\":\"https:\/\/carbonmiledesign.pl\/#organization\",\"name\":\"Carbonmile Design\",\"url\":\"https:\/\/carbonmiledesign.pl\/\",\"logo\":{\"@type\":\"ImageObject\",\"inLanguage\":\"en-US\",\"@id\":\"https:\/\/carbonmiledesign.pl\/#\/schema\/logo\/image\/\",\"url\":\"https:\/\/carbonmiledesign.pl\/wp-content\/uploads\/2025\/01\/Carbonmiledesign-logo-czarne-przezroczyste-tlo.png\",\"contentUrl\":\"https:\/\/carbonmiledesign.pl\/wp-content\/uploads\/2025\/01\/Carbonmiledesign-logo-czarne-przezroczyste-tlo.png\",\"width\":2420,\"height\":520,\"caption\":\"Carbonmile Design\"},\"image\":{\"@id\":\"https:\/\/carbonmiledesign.pl\/#\/schema\/logo\/image\/\"}}]}<\/script>\n<!-- \/ Yoast SEO plugin. -->","yoast_head_json":{"title":"Carbon OEM Style BMW M3 G80 G81 M4 G82 G83 front bumper fins","description":"Dok\u0142adki zderzaka przedniego carbon OEM style BMW M3 G80 G81 M4 G82 G83 | \u015awietnie podkre\u015bli charakter Twojego samochodu. Postaw na jako\u015b\u0107 - CM Design","robots":{"index":"index","follow":"follow","max-snippet":"max-snippet:-1","max-image-preview":"max-image-preview:large","max-video-preview":"max-video-preview:-1"},"canonical":"https:\/\/carbonmiledesign.pl\/en\/product\/dokladki-zderzaka-przedniego-carbon-oem-style-bmw-m3-g80-g81-m4-g82-g83\/","og_locale":"en_US","og_type":"article","og_title":"Dok\u0142adki zderzaka przedniego carbon OEM Style BMW M3 G80 G81 M4 G82 G83","og_description":"Dok\u0142adki zderzaka przedniego carbon OEM style BMW M3 G80 G81 M4 G82 G83 | \u015awietnie podkre\u015bli charakter Twojego samochodu. Postaw na jako\u015b\u0107 - CM Design","og_url":"https:\/\/carbonmiledesign.pl\/en\/product\/dokladki-zderzaka-przedniego-carbon-oem-style-bmw-m3-g80-g81-m4-g82-g83\/","og_site_name":"CarbonMile design","article_modified_time":"2025-07-03T09:07:16+00:00","og_image":[{"width":1500,"height":1500,"url":"https:\/\/carbonmiledesign.pl\/wp-content\/uploads\/2025\/05\/IMG_7393.jpg","type":"image\/jpeg"}],"twitter_card":"summary_large_image","twitter_misc":{"Est. reading time":"1 minute"},"schema":{"@context":"https:\/\/schema.org","@graph":[{"@type":"WebPage","@id":"https:\/\/carbonmiledesign.pl\/produkt\/dokladki-zderzaka-przedniego-carbon-oem-style-bmw-m3-g80-g81-m4-g82-g83\/","url":"https:\/\/carbonmiledesign.pl\/produkt\/dokladki-zderzaka-przedniego-carbon-oem-style-bmw-m3-g80-g81-m4-g82-g83\/","name":"Carbon OEM Style BMW M3 G80 G81 M4 G82 G83 front bumper fins","isPartOf":{"@id":"https:\/\/carbonmiledesign.pl\/#website"},"primaryImageOfPage":{"@id":"https:\/\/carbonmiledesign.pl\/produkt\/dokladki-zderzaka-przedniego-carbon-oem-style-bmw-m3-g80-g81-m4-g82-g83\/#primaryimage"},"image":{"@id":"https:\/\/carbonmiledesign.pl\/produkt\/dokladki-zderzaka-przedniego-carbon-oem-style-bmw-m3-g80-g81-m4-g82-g83\/#primaryimage"},"thumbnailUrl":"https:\/\/carbonmiledesign.pl\/wp-content\/uploads\/2025\/05\/IMG_7393.jpg","datePublished":"2025-05-06T13:05:11+00:00","dateModified":"2025-07-03T09:07:16+00:00","description":"Dok\u0142adki zderzaka przedniego carbon OEM style BMW M3 G80 G81 M4 G82 G83 | \u015awietnie podkre\u015bli charakter Twojego samochodu. Postaw na jako\u015b\u0107 - CM Design","breadcrumb":{"@id":"https:\/\/carbonmiledesign.pl\/produkt\/dokladki-zderzaka-przedniego-carbon-oem-style-bmw-m3-g80-g81-m4-g82-g83\/#breadcrumb"},"inLanguage":"en-US","potentialAction":[{"@type":"ReadAction","target":["https:\/\/carbonmiledesign.pl\/produkt\/dokladki-zderzaka-przedniego-carbon-oem-style-bmw-m3-g80-g81-m4-g82-g83\/"]}]},{"@type":"ImageObject","inLanguage":"en-US","@id":"https:\/\/carbonmiledesign.pl\/produkt\/dokladki-zderzaka-przedniego-carbon-oem-style-bmw-m3-g80-g81-m4-g82-g83\/#primaryimage","url":"https:\/\/carbonmiledesign.pl\/wp-content\/uploads\/2025\/05\/IMG_7393.jpg","contentUrl":"https:\/\/carbonmiledesign.pl\/wp-content\/uploads\/2025\/05\/IMG_7393.jpg","width":1500,"height":1500},{"@type":"BreadcrumbList","@id":"https:\/\/carbonmiledesign.pl\/produkt\/dokladki-zderzaka-przedniego-carbon-oem-style-bmw-m3-g80-g81-m4-g82-g83\/#breadcrumb","itemListElement":[{"@type":"ListItem","position":1,"name":"Strona g\u0142\u00f3wna","item":"https:\/\/carbonmiledesign.pl\/"},{"@type":"ListItem","position":2,"name":"Sklep","item":"https:\/\/carbonmiledesign.pl\/sklep-wysokiej-jakosci-czesci-carbon\/"},{"@type":"ListItem","position":3,"name":"Dok\u0142adki zderzaka przedniego carbon OEM Style BMW M3 G80 G81 M4 G82 G83"}]},{"@type":"WebSite","@id":"https:\/\/carbonmiledesign.pl\/#website","url":"https:\/\/carbonmiledesign.pl\/","name":"Carbonmile Design","description":"","publisher":{"@id":"https:\/\/carbonmiledesign.pl\/#organization"},"alternateName":"CM Design","potentialAction":[{"@type":"SearchAction","target":{"@type":"EntryPoint","urlTemplate":"https:\/\/carbonmiledesign.pl\/?s={search_term_string}"},"query-input":{"@type":"PropertyValueSpecification","valueRequired":true,"valueName":"search_term_string"}}],"inLanguage":"en-US"},{"@type":"Organization","@id":"https:\/\/carbonmiledesign.pl\/#organization","name":"Carbonmile Design","url":"https:\/\/carbonmiledesign.pl\/","logo":{"@type":"ImageObject","inLanguage":"en-US","@id":"https:\/\/carbonmiledesign.pl\/#\/schema\/logo\/image\/","url":"https:\/\/carbonmiledesign.pl\/wp-content\/uploads\/2025\/01\/Carbonmiledesign-logo-czarne-przezroczyste-tlo.png","contentUrl":"https:\/\/carbonmiledesign.pl\/wp-content\/uploads\/2025\/01\/Carbonmiledesign-logo-czarne-przezroczyste-tlo.png","width":2420,"height":520,"caption":"Carbonmile Design"},"image":{"@id":"https:\/\/carbonmiledesign.pl\/#\/schema\/logo\/image\/"}}]}},"jetpack_sharing_enabled":true,"_links":{"self":[{"href":"https:\/\/carbonmiledesign.pl\/en\/wp-json\/wp\/v2\/product\/2067","targetHints":{"allow":["GET"]}}],"collection":[{"href":"https:\/\/carbonmiledesign.pl\/en\/wp-json\/wp\/v2\/product"}],"about":[{"href":"https:\/\/carbonmiledesign.pl\/en\/wp-json\/wp\/v2\/types\/product"}],"wp:featuredmedia":[{"embeddable":true,"href":"https:\/\/carbonmiledesign.pl\/en\/wp-json\/wp\/v2\/media\/2070"}],"wp:attachment":[{"href":"https:\/\/carbonmiledesign.pl\/en\/wp-json\/wp\/v2\/media?parent=2067"}],"wp:term":[{"taxonomy":"product_brand","embeddable":true,"href":"https:\/\/carbonmiledesign.pl\/en\/wp-json\/wp\/v2\/product_brand?post=2067"},{"taxonomy":"product_cat","embeddable":true,"href":"https:\/\/carbonmiledesign.pl\/en\/wp-json\/wp\/v2\/product_cat?post=2067"},{"taxonomy":"product_tag","embeddable":true,"href":"https:\/\/carbonmiledesign.pl\/en\/wp-json\/wp\/v2\/product_tag?post=2067"}],"curies":[{"name":"wp","href":"https:\/\/api.w.org\/{rel}","templated":true}]}}