{"id":2052,"date":"2025-05-06T14:11:20","date_gmt":"2025-05-06T12:11:20","guid":{"rendered":"https:\/\/carbonmiledesign.pl\/?post_type=product&#038;p=2052"},"modified":"2025-10-16T11:11:23","modified_gmt":"2025-10-16T09:11:23","slug":"dyfuzor-carbon-cm-style-bmw-serii-4-g22-g23-m440","status":"publish","type":"product","link":"https:\/\/carbonmiledesign.pl\/en\/product\/dyfuzor-carbon-cm-style-bmw-serii-4-g22-g23-m440\/","title":{"rendered":"Carbon diffuser CM Style BMW 4 Series G22 G23 M440"},"content":{"rendered":"<h2><strong>Carbon diffuser CM Style BMW 4 Series G22 G23 M440<\/strong><\/h2>\n<div id=\"accordion-description\" class=\"accordion-item\">\n<div id=\"accordion-description-content\" class=\"accordion-inner\" aria-labelledby=\"accordion-description-label\">\n<p><strong>Manufacturer:<\/strong>\u00a0CM Design<\/p>\n<p><strong>Material:\u00a0<\/strong>Carbon \u2013 W\u0142\u00f3kno-w\u0119glowe<\/p>\n<p><b>Fits to:<\/b><\/p>\n<ul>\n<li>BMW serii 4 G22 M440i \/ M440d<\/li>\n<li>BMW serii 4 G23 M440i \/ M440d<\/li>\n<\/ul>\n<p data-start=\"674\" data-end=\"1131\">Dyfuzor carbonowy CM Style to doskona\u0142y akcent, kt\u00f3re nadaje autu bardziej sportowy i agresywny wygl\u0105d. Wykonany z wytrzyma\u0142ego w\u0142\u00f3kna w\u0119glowego, jest lekki, a jednocze\u015bnie bardzo solidny. Dzi\u0119ki precyzyjnemu wykonaniu idealnie dopasowuje si\u0119 do fabrycznych mocowa\u0144, co zapewnia \u0142atwy monta\u017c. To \u015bwietna opcja dla os\u00f3b, kt\u00f3re chc\u0105 wyr\u00f3\u017cni\u0107 sw\u00f3j samoch\u00f3d i podkre\u015bli\u0107 jego dynamiczny charakter.<\/p>\n<p data-start=\"994\" data-end=\"1103\">The highest production standards ensure perfect fitment, durability, and an exceptional sporty appearance.<\/p>\n<\/div>\n<\/div>\n<div id=\"accordion-additional_information\" class=\"accordion-item\"><\/div>","protected":false},"excerpt":{"rendered":"<h4><span style=\"font-size: 75%;\">DYFUZOR CARBON CM STYLE BMW SERII 4 G22 G23 M440<\/span><\/h4>\n<p data-start=\"71\" data-end=\"398\"><span style=\"font-size: 75%;\">Nadaj swojej &#8222;czw\u00f3rce&#8221; jeszcze bardziej agresywnego i sportowego wygl\u0105du dzi\u0119ki dyfuzorowi CM Style wykonanemu z najwy\u017cszej jako\u015bci carbonu. Jego dynamiczny kszta\u0142t inspirowany motorsportem nie tylko podkre\u015bla charakter pojazdu, ale r\u00f3wnie\u017c poprawia aerodynamik\u0119, zwi\u0119kszaj\u0105c stabilno\u015b\u0107 przy wy\u017cszych pr\u0119dko\u015bciach. Dzi\u0119ki precyzyjnemu dopasowaniu idealnie komponuje si\u0119 z tyln\u0105 cz\u0119\u015bci\u0105 nadwozia, tworz\u0105c sp\u00f3jn\u0105 i nowoczesn\u0105 estetyk\u0119.<\/span><\/p>\n<p><span style=\"font-size: 75%;\"><strong>Fits to:<\/strong><\/span><\/p>\n<ul>\n<li><span style=\"font-size: 75%;\">BMW serii 4 G22 M440i \/ M440d<\/span><\/li>\n<li><span style=\"font-size: 75%;\">BMW serii 4 G23 M440i \/ M440d<\/span><\/li>\n<\/ul>\n<p><span style=\"font-size: 75%;\"><strong>Estimated production time:<\/strong>\u00a029<em>days<\/em><\/span><\/p>","protected":false},"featured_media":2056,"template":"","meta":[],"product_brand":[],"product_cat":[217,218,70,143],"product_tag":[77],"class_list":{"0":"post-2052","1":"product","2":"type-product","3":"status-publish","4":"has-post-thumbnail","6":"product_cat-4-g22","7":"product_cat-4-g23","8":"product_cat-bmw","9":"product_cat-seria-4-m4","10":"product_tag-bmw","11":"product_shipping_class-srednia","12":"pa_generacja-g22","13":"pa_generacja-g23","14":"pa_marka-bmw","15":"pa_model-seria-4-m4","17":"first","18":"instock","19":"shipping-taxable","20":"purchasable","21":"product-type-simple"},"yoast_head":"<!-- This site is optimized with the Yoast SEO plugin v26.6 - https:\/\/yoast.com\/wordpress\/plugins\/seo\/ -->\n<title>Dyfuzor carbon CM Style BMW serii 4 G22 G23 M440<\/title>\n<meta name=\"description\" content=\"Dyfuzor carbon CM Style BMW serii 4 G22 G23 M440 to po\u0142\u0105czenie nowoczesnego designu i najwy\u017cszej jako\u015bci wykonania \u2013 wybierz CM Design.\" \/>\n<meta name=\"robots\" content=\"index, follow, max-snippet:-1, max-image-preview:large, max-video-preview:-1\" \/>\n<link rel=\"canonical\" href=\"https:\/\/carbonmiledesign.pl\/en\/product\/dyfuzor-carbon-cm-style-bmw-serii-4-g22-g23-m440\/\" \/>\n<meta property=\"og:locale\" content=\"en_US\" \/>\n<meta property=\"og:type\" content=\"article\" \/>\n<meta property=\"og:title\" content=\"Dyfuzor carbon CM Style BMW serii 4 G22 G23 M440\" \/>\n<meta property=\"og:description\" content=\"Dyfuzor carbon CM Style BMW serii 4 G22 G23 M440 to po\u0142\u0105czenie nowoczesnego designu i najwy\u017cszej jako\u015bci wykonania \u2013 wybierz CM Design.\" \/>\n<meta property=\"og:url\" content=\"https:\/\/carbonmiledesign.pl\/en\/product\/dyfuzor-carbon-cm-style-bmw-serii-4-g22-g23-m440\/\" \/>\n<meta property=\"og:site_name\" content=\"CarbonMile design\" \/>\n<meta property=\"article:modified_time\" content=\"2025-10-16T09:11:23+00:00\" \/>\n<meta property=\"og:image\" content=\"https:\/\/carbonmiledesign.pl\/wp-content\/uploads\/2025\/05\/dyfuzor-g22.jpeg\" \/>\n\t<meta property=\"og:image:width\" content=\"1024\" \/>\n\t<meta property=\"og:image:height\" content=\"1024\" \/>\n\t<meta property=\"og:image:type\" content=\"image\/jpeg\" \/>\n<meta name=\"twitter:card\" content=\"summary_large_image\" \/>\n<meta name=\"twitter:label1\" content=\"Est. reading time\" \/>\n\t<meta name=\"twitter:data1\" content=\"1 minute\" \/>\n<script type=\"application\/ld+json\" class=\"yoast-schema-graph\">{\"@context\":\"https:\/\/schema.org\",\"@graph\":[{\"@type\":\"WebPage\",\"@id\":\"https:\/\/carbonmiledesign.pl\/produkt\/dyfuzor-carbon-cm-style-bmw-serii-4-g22-g23-m440\/\",\"url\":\"https:\/\/carbonmiledesign.pl\/produkt\/dyfuzor-carbon-cm-style-bmw-serii-4-g22-g23-m440\/\",\"name\":\"Dyfuzor carbon CM Style BMW serii 4 G22 G23 M440\",\"isPartOf\":{\"@id\":\"https:\/\/carbonmiledesign.pl\/#website\"},\"primaryImageOfPage\":{\"@id\":\"https:\/\/carbonmiledesign.pl\/produkt\/dyfuzor-carbon-cm-style-bmw-serii-4-g22-g23-m440\/#primaryimage\"},\"image\":{\"@id\":\"https:\/\/carbonmiledesign.pl\/produkt\/dyfuzor-carbon-cm-style-bmw-serii-4-g22-g23-m440\/#primaryimage\"},\"thumbnailUrl\":\"https:\/\/carbonmiledesign.pl\/wp-content\/uploads\/2025\/05\/dyfuzor-g22.jpeg\",\"datePublished\":\"2025-05-06T12:11:20+00:00\",\"dateModified\":\"2025-10-16T09:11:23+00:00\",\"description\":\"Dyfuzor carbon CM Style BMW serii 4 G22 G23 M440 to po\u0142\u0105czenie nowoczesnego designu i najwy\u017cszej jako\u015bci wykonania \u2013 wybierz CM Design.\",\"breadcrumb\":{\"@id\":\"https:\/\/carbonmiledesign.pl\/produkt\/dyfuzor-carbon-cm-style-bmw-serii-4-g22-g23-m440\/#breadcrumb\"},\"inLanguage\":\"en-US\",\"potentialAction\":[{\"@type\":\"ReadAction\",\"target\":[\"https:\/\/carbonmiledesign.pl\/produkt\/dyfuzor-carbon-cm-style-bmw-serii-4-g22-g23-m440\/\"]}]},{\"@type\":\"ImageObject\",\"inLanguage\":\"en-US\",\"@id\":\"https:\/\/carbonmiledesign.pl\/produkt\/dyfuzor-carbon-cm-style-bmw-serii-4-g22-g23-m440\/#primaryimage\",\"url\":\"https:\/\/carbonmiledesign.pl\/wp-content\/uploads\/2025\/05\/dyfuzor-g22.jpeg\",\"contentUrl\":\"https:\/\/carbonmiledesign.pl\/wp-content\/uploads\/2025\/05\/dyfuzor-g22.jpeg\",\"width\":1024,\"height\":1024},{\"@type\":\"BreadcrumbList\",\"@id\":\"https:\/\/carbonmiledesign.pl\/produkt\/dyfuzor-carbon-cm-style-bmw-serii-4-g22-g23-m440\/#breadcrumb\",\"itemListElement\":[{\"@type\":\"ListItem\",\"position\":1,\"name\":\"Strona g\u0142\u00f3wna\",\"item\":\"https:\/\/carbonmiledesign.pl\/\"},{\"@type\":\"ListItem\",\"position\":2,\"name\":\"Sklep\",\"item\":\"https:\/\/carbonmiledesign.pl\/sklep-wysokiej-jakosci-czesci-carbon\/\"},{\"@type\":\"ListItem\",\"position\":3,\"name\":\"Dyfuzor carbon CM Style BMW serii 4 G22 G23 M440\"}]},{\"@type\":\"WebSite\",\"@id\":\"https:\/\/carbonmiledesign.pl\/#website\",\"url\":\"https:\/\/carbonmiledesign.pl\/\",\"name\":\"Carbonmile Design\",\"description\":\"\",\"publisher\":{\"@id\":\"https:\/\/carbonmiledesign.pl\/#organization\"},\"alternateName\":\"CM Design\",\"potentialAction\":[{\"@type\":\"SearchAction\",\"target\":{\"@type\":\"EntryPoint\",\"urlTemplate\":\"https:\/\/carbonmiledesign.pl\/?s={search_term_string}\"},\"query-input\":{\"@type\":\"PropertyValueSpecification\",\"valueRequired\":true,\"valueName\":\"search_term_string\"}}],\"inLanguage\":\"en-US\"},{\"@type\":\"Organization\",\"@id\":\"https:\/\/carbonmiledesign.pl\/#organization\",\"name\":\"Carbonmile Design\",\"url\":\"https:\/\/carbonmiledesign.pl\/\",\"logo\":{\"@type\":\"ImageObject\",\"inLanguage\":\"en-US\",\"@id\":\"https:\/\/carbonmiledesign.pl\/#\/schema\/logo\/image\/\",\"url\":\"https:\/\/carbonmiledesign.pl\/wp-content\/uploads\/2025\/01\/Carbonmiledesign-logo-czarne-przezroczyste-tlo.png\",\"contentUrl\":\"https:\/\/carbonmiledesign.pl\/wp-content\/uploads\/2025\/01\/Carbonmiledesign-logo-czarne-przezroczyste-tlo.png\",\"width\":2420,\"height\":520,\"caption\":\"Carbonmile Design\"},\"image\":{\"@id\":\"https:\/\/carbonmiledesign.pl\/#\/schema\/logo\/image\/\"}}]}<\/script>\n<!-- \/ Yoast SEO plugin. -->","yoast_head_json":{"title":"Carbon diffuser CM Style BMW 4 Series G22 G23 M440","description":"Dyfuzor carbon CM Style BMW serii 4 G22 G23 M440 to po\u0142\u0105czenie nowoczesnego designu i najwy\u017cszej jako\u015bci wykonania \u2013 wybierz CM Design.","robots":{"index":"index","follow":"follow","max-snippet":"max-snippet:-1","max-image-preview":"max-image-preview:large","max-video-preview":"max-video-preview:-1"},"canonical":"https:\/\/carbonmiledesign.pl\/en\/product\/dyfuzor-carbon-cm-style-bmw-serii-4-g22-g23-m440\/","og_locale":"en_US","og_type":"article","og_title":"Dyfuzor carbon CM Style BMW serii 4 G22 G23 M440","og_description":"Dyfuzor carbon CM Style BMW serii 4 G22 G23 M440 to po\u0142\u0105czenie nowoczesnego designu i najwy\u017cszej jako\u015bci wykonania \u2013 wybierz CM Design.","og_url":"https:\/\/carbonmiledesign.pl\/en\/product\/dyfuzor-carbon-cm-style-bmw-serii-4-g22-g23-m440\/","og_site_name":"CarbonMile design","article_modified_time":"2025-10-16T09:11:23+00:00","og_image":[{"width":1024,"height":1024,"url":"https:\/\/carbonmiledesign.pl\/wp-content\/uploads\/2025\/05\/dyfuzor-g22.jpeg","type":"image\/jpeg"}],"twitter_card":"summary_large_image","twitter_misc":{"Est. reading time":"1 minute"},"schema":{"@context":"https:\/\/schema.org","@graph":[{"@type":"WebPage","@id":"https:\/\/carbonmiledesign.pl\/produkt\/dyfuzor-carbon-cm-style-bmw-serii-4-g22-g23-m440\/","url":"https:\/\/carbonmiledesign.pl\/produkt\/dyfuzor-carbon-cm-style-bmw-serii-4-g22-g23-m440\/","name":"Carbon diffuser CM Style BMW 4 Series G22 G23 M440","isPartOf":{"@id":"https:\/\/carbonmiledesign.pl\/#website"},"primaryImageOfPage":{"@id":"https:\/\/carbonmiledesign.pl\/produkt\/dyfuzor-carbon-cm-style-bmw-serii-4-g22-g23-m440\/#primaryimage"},"image":{"@id":"https:\/\/carbonmiledesign.pl\/produkt\/dyfuzor-carbon-cm-style-bmw-serii-4-g22-g23-m440\/#primaryimage"},"thumbnailUrl":"https:\/\/carbonmiledesign.pl\/wp-content\/uploads\/2025\/05\/dyfuzor-g22.jpeg","datePublished":"2025-05-06T12:11:20+00:00","dateModified":"2025-10-16T09:11:23+00:00","description":"Dyfuzor carbon CM Style BMW serii 4 G22 G23 M440 to po\u0142\u0105czenie nowoczesnego designu i najwy\u017cszej jako\u015bci wykonania \u2013 wybierz CM Design.","breadcrumb":{"@id":"https:\/\/carbonmiledesign.pl\/produkt\/dyfuzor-carbon-cm-style-bmw-serii-4-g22-g23-m440\/#breadcrumb"},"inLanguage":"en-US","potentialAction":[{"@type":"ReadAction","target":["https:\/\/carbonmiledesign.pl\/produkt\/dyfuzor-carbon-cm-style-bmw-serii-4-g22-g23-m440\/"]}]},{"@type":"ImageObject","inLanguage":"en-US","@id":"https:\/\/carbonmiledesign.pl\/produkt\/dyfuzor-carbon-cm-style-bmw-serii-4-g22-g23-m440\/#primaryimage","url":"https:\/\/carbonmiledesign.pl\/wp-content\/uploads\/2025\/05\/dyfuzor-g22.jpeg","contentUrl":"https:\/\/carbonmiledesign.pl\/wp-content\/uploads\/2025\/05\/dyfuzor-g22.jpeg","width":1024,"height":1024},{"@type":"BreadcrumbList","@id":"https:\/\/carbonmiledesign.pl\/produkt\/dyfuzor-carbon-cm-style-bmw-serii-4-g22-g23-m440\/#breadcrumb","itemListElement":[{"@type":"ListItem","position":1,"name":"Strona g\u0142\u00f3wna","item":"https:\/\/carbonmiledesign.pl\/"},{"@type":"ListItem","position":2,"name":"Sklep","item":"https:\/\/carbonmiledesign.pl\/sklep-wysokiej-jakosci-czesci-carbon\/"},{"@type":"ListItem","position":3,"name":"Dyfuzor carbon CM Style BMW serii 4 G22 G23 M440"}]},{"@type":"WebSite","@id":"https:\/\/carbonmiledesign.pl\/#website","url":"https:\/\/carbonmiledesign.pl\/","name":"Carbonmile Design","description":"","publisher":{"@id":"https:\/\/carbonmiledesign.pl\/#organization"},"alternateName":"CM Design","potentialAction":[{"@type":"SearchAction","target":{"@type":"EntryPoint","urlTemplate":"https:\/\/carbonmiledesign.pl\/?s={search_term_string}"},"query-input":{"@type":"PropertyValueSpecification","valueRequired":true,"valueName":"search_term_string"}}],"inLanguage":"en-US"},{"@type":"Organization","@id":"https:\/\/carbonmiledesign.pl\/#organization","name":"Carbonmile Design","url":"https:\/\/carbonmiledesign.pl\/","logo":{"@type":"ImageObject","inLanguage":"en-US","@id":"https:\/\/carbonmiledesign.pl\/#\/schema\/logo\/image\/","url":"https:\/\/carbonmiledesign.pl\/wp-content\/uploads\/2025\/01\/Carbonmiledesign-logo-czarne-przezroczyste-tlo.png","contentUrl":"https:\/\/carbonmiledesign.pl\/wp-content\/uploads\/2025\/01\/Carbonmiledesign-logo-czarne-przezroczyste-tlo.png","width":2420,"height":520,"caption":"Carbonmile Design"},"image":{"@id":"https:\/\/carbonmiledesign.pl\/#\/schema\/logo\/image\/"}}]}},"jetpack_sharing_enabled":true,"_links":{"self":[{"href":"https:\/\/carbonmiledesign.pl\/en\/wp-json\/wp\/v2\/product\/2052","targetHints":{"allow":["GET"]}}],"collection":[{"href":"https:\/\/carbonmiledesign.pl\/en\/wp-json\/wp\/v2\/product"}],"about":[{"href":"https:\/\/carbonmiledesign.pl\/en\/wp-json\/wp\/v2\/types\/product"}],"wp:featuredmedia":[{"embeddable":true,"href":"https:\/\/carbonmiledesign.pl\/en\/wp-json\/wp\/v2\/media\/2056"}],"wp:attachment":[{"href":"https:\/\/carbonmiledesign.pl\/en\/wp-json\/wp\/v2\/media?parent=2052"}],"wp:term":[{"taxonomy":"product_brand","embeddable":true,"href":"https:\/\/carbonmiledesign.pl\/en\/wp-json\/wp\/v2\/product_brand?post=2052"},{"taxonomy":"product_cat","embeddable":true,"href":"https:\/\/carbonmiledesign.pl\/en\/wp-json\/wp\/v2\/product_cat?post=2052"},{"taxonomy":"product_tag","embeddable":true,"href":"https:\/\/carbonmiledesign.pl\/en\/wp-json\/wp\/v2\/product_tag?post=2052"}],"curies":[{"name":"wp","href":"https:\/\/api.w.org\/{rel}","templated":true}]}}