{"id":1989,"date":"2025-04-04T15:27:49","date_gmt":"2025-04-04T13:27:49","guid":{"rendered":"https:\/\/carbonmiledesign.pl\/?post_type=product&#038;p=1989"},"modified":"2026-01-15T11:13:59","modified_gmt":"2026-01-15T10:13:59","slug":"zestaw-carbon-basic-m3-g80-g81-m4-g82-g83","status":"publish","type":"product","link":"https:\/\/carbonmiledesign.pl\/en\/product\/zestaw-carbon-basic-m3-g80-g81-m4-g82-g83\/","title":{"rendered":"Carbon Basic set M3 G80 G81, M4 G82 G83"},"content":{"rendered":"<h2><strong>Carbon Basic set M3 G80 G81, M4 G82 G83<\/strong><\/h2>\n<p><span style=\"font-size: 100%;\"><strong>Manufacturer:<\/strong> CM Design\u00a0<\/span><\/p>\n<p><span style=\"font-size: 100%;\"><strong>Material: <\/strong>Material: Carbon fibre (Dry carbon)<a href=\"https:\/\/carbonmiledesign.pl\/karbon-od-podstaw-co-warto-wiedziec\/\">Dry-carbon<\/a>)<\/span><\/p>\n<p><b>Fits to:<\/b><\/p>\n<ul>\n<li>BMW M3 G80<\/li>\n<li>BMW M3 G81<\/li>\n<li>BMW M4 G82<\/li>\n<li>BMW M4 G83<\/li>\n<\/ul>\n<p data-pm-slice=\"1 1 []\">Zestaw Carbon Basic to idealna opcja dla tych, kt\u00f3rzy chc\u0105 doda\u0107 swojemu pojazdowi sportowego charakteru. W sk\u0142ad zestawu wchodz\u0105 <strong>Wloty powietrza MP style<\/strong> oraz <strong>Dyfuzor MP style<\/strong> wykonane z najwy\u017cszej jako\u015bci w\u0142\u00f3kna w\u0119glowego. Wloty powietrza z carbonu idealnie zast\u0105pi\u0105 oryginalne kratki, nadaj\u0105c pojazdowi agresywny wygl\u0105d i poprawiaj\u0105c aerodynamik\u0119. Dyfuzor perfekcyjnie zast\u0105pi oryginalny dyfuzor i nada bardziej dynamiczny i wyrazisty wygl\u0105d.<\/p>\n<p>Najwy\u017csze standardy produkcji gwarantuj\u0105 nie tylko estetyk\u0119, ale tak\u017ce wyj\u0105tkow\u0105 jako\u015b\u0107 i trwa\u0142o\u015b\u0107, co sprawia, \u017ce zestaw spe\u0142ni oczekiwania nawet najbardziej wymagaj\u0105cych u\u017cytkownik\u00f3w.<\/p>","protected":false},"excerpt":{"rendered":"<h2><span style=\"font-size: 75%;\"><strong>Carbon Basic set M3 G80 G81, M4 G82 G83<\/strong><\/span><\/h2>\n<p><span style=\"font-size: 75%;\">Zestaw Carbon Basic to idealna propozycja dla os\u00f3b, kt\u00f3re pragn\u0105 doda\u0107 swojemu BMW sportowego charakteru. W sk\u0142ad zestawu wchodz\u0105 wloty powietrza oraz dyfuzor wykonane z najwy\u017cszej jako\u015bci w\u0142\u00f3kna w\u0119glowego. Dzi\u0119ki zastosowaniu lekkiej, ale wytrzyma\u0142ej konstrukcji, elementy te nie tylko poprawiaj\u0105 aerodynamik\u0119, ale tak\u017ce nadaj\u0105 pojazdowi dynamiczny, agresywny wygl\u0105d. Perfekcyjne dopasowanie i trwa\u0142o\u015b\u0107 gwarantuj\u0105 d\u0142ugotrwa\u0142\u0105 satysfakcj\u0119 z u\u017cytkowania.<\/span><\/p>\n<p><span style=\"font-size: 75%;\"><strong>Fits to:<\/strong><\/span><\/p>\n<ul>\n<li><span style=\"font-size: 75%;\">BMW M3 G80<\/span><\/li>\n<li><span style=\"font-size: 75%;\">BMW M3 G81<\/span><\/li>\n<li><span style=\"font-size: 75%;\">BMW M4 G82<\/span><\/li>\n<li><span style=\"font-size: 75%;\">BMW M4 G83<\/span><\/li>\n<\/ul>\n<p><span style=\"font-size: 75%;\"><strong>Przewidywany czas produkcji Dyfuzor: <\/strong>Dost\u0119pne od r\u0119ki<br \/>\n<\/span><span style=\"font-size: 75%;\"><strong>Przewidywany czas produkcji Wloty powietrza: <\/strong>Dost\u0119pne od r\u0119ki<br \/>\n<\/span><\/p>","protected":false},"featured_media":1990,"template":"","meta":[],"product_brand":[287],"product_cat":[70,157,107,123,211,212,105,143],"product_tag":[77,78,79,80,81,147,148],"class_list":{"0":"post-1989","1":"product","2":"type-product","3":"status-publish","4":"has-post-thumbnail","6":"product_brand-carbonmiledesign","7":"product_cat-bmw","8":"product_cat-dostepne-na-miejscu","9":"product_cat-m3-g80","10":"product_cat-m3-g81","11":"product_cat-m4-g82","12":"product_cat-m4-g83","13":"product_cat-seria-3-m3","14":"product_cat-seria-4-m4","15":"product_tag-bmw","16":"product_tag-m3-g80","17":"product_tag-m3-g81","18":"product_tag-m4-g82","19":"product_tag-m4-g83","20":"product_tag-seria-3-m3","21":"product_tag-seria-4-m4","22":"product_shipping_class-srednia","23":"pa_generacja-g80","24":"pa_generacja-g81","25":"pa_generacja-g82","26":"pa_generacja-g83","27":"pa_marka-bmw","28":"pa_model-seria-3-m3","30":"first","31":"instock","32":"sale","33":"shipping-taxable","34":"purchasable","35":"product-type-simple"},"yoast_head":"<!-- This site is optimized with the Yoast SEO plugin v26.6 - https:\/\/yoast.com\/wordpress\/plugins\/seo\/ -->\n<title>Zestaw carbon Basic M3 G80 G81 M4 G82 G83<\/title>\n<meta name=\"description\" content=\"Wysokiej jako\u015bci zestaw carbon Basic , sk\u0142adaj\u0105cy si\u0119 z - wlot\u00f3w powietrza MP style, oraz dyfuzora MP style - \u015bwietnie podkre\u015bli charakter Twojego BMW!\" \/>\n<meta name=\"robots\" content=\"index, follow, max-snippet:-1, max-image-preview:large, max-video-preview:-1\" \/>\n<link rel=\"canonical\" href=\"https:\/\/carbonmiledesign.pl\/en\/product\/zestaw-carbon-basic-m3-g80-g81-m4-g82-g83\/\" \/>\n<meta property=\"og:locale\" content=\"en_US\" \/>\n<meta property=\"og:type\" content=\"article\" \/>\n<meta property=\"og:title\" content=\"Zestaw carbon Basic M3 G80 G81 M4 G82 G83\" \/>\n<meta property=\"og:description\" content=\"Wysokiej jako\u015bci zestaw carbon Basic , sk\u0142adaj\u0105cy si\u0119 z - wlot\u00f3w powietrza MP style, oraz dyfuzora MP style - \u015bwietnie podkre\u015bli charakter Twojego BMW!\" \/>\n<meta property=\"og:url\" content=\"https:\/\/carbonmiledesign.pl\/en\/product\/zestaw-carbon-basic-m3-g80-g81-m4-g82-g83\/\" \/>\n<meta property=\"og:site_name\" content=\"CarbonMile design\" \/>\n<meta property=\"article:modified_time\" content=\"2026-01-15T10:13:59+00:00\" \/>\n<meta property=\"og:image\" content=\"https:\/\/carbonmiledesign.pl\/wp-content\/uploads\/2025\/04\/Projekt-bez-nazwy-18.png\" \/>\n\t<meta property=\"og:image:width\" content=\"1000\" \/>\n\t<meta property=\"og:image:height\" content=\"1000\" \/>\n\t<meta property=\"og:image:type\" content=\"image\/png\" \/>\n<meta name=\"twitter:card\" content=\"summary_large_image\" \/>\n<meta name=\"twitter:label1\" content=\"Est. reading time\" \/>\n\t<meta name=\"twitter:data1\" content=\"1 minute\" \/>\n<script type=\"application\/ld+json\" class=\"yoast-schema-graph\">{\"@context\":\"https:\/\/schema.org\",\"@graph\":[{\"@type\":\"WebPage\",\"@id\":\"https:\/\/carbonmiledesign.pl\/produkt\/zestaw-carbon-basic-m3-g80-g81-m4-g82-g83\/\",\"url\":\"https:\/\/carbonmiledesign.pl\/produkt\/zestaw-carbon-basic-m3-g80-g81-m4-g82-g83\/\",\"name\":\"Zestaw carbon Basic M3 G80 G81 M4 G82 G83\",\"isPartOf\":{\"@id\":\"https:\/\/carbonmiledesign.pl\/#website\"},\"primaryImageOfPage\":{\"@id\":\"https:\/\/carbonmiledesign.pl\/produkt\/zestaw-carbon-basic-m3-g80-g81-m4-g82-g83\/#primaryimage\"},\"image\":{\"@id\":\"https:\/\/carbonmiledesign.pl\/produkt\/zestaw-carbon-basic-m3-g80-g81-m4-g82-g83\/#primaryimage\"},\"thumbnailUrl\":\"https:\/\/carbonmiledesign.pl\/wp-content\/uploads\/2025\/04\/Projekt-bez-nazwy-18.png\",\"datePublished\":\"2025-04-04T13:27:49+00:00\",\"dateModified\":\"2026-01-15T10:13:59+00:00\",\"description\":\"Wysokiej jako\u015bci zestaw carbon Basic , sk\u0142adaj\u0105cy si\u0119 z - wlot\u00f3w powietrza MP style, oraz dyfuzora MP style - \u015bwietnie podkre\u015bli charakter Twojego BMW!\",\"breadcrumb\":{\"@id\":\"https:\/\/carbonmiledesign.pl\/produkt\/zestaw-carbon-basic-m3-g80-g81-m4-g82-g83\/#breadcrumb\"},\"inLanguage\":\"en-US\",\"potentialAction\":[{\"@type\":\"ReadAction\",\"target\":[\"https:\/\/carbonmiledesign.pl\/produkt\/zestaw-carbon-basic-m3-g80-g81-m4-g82-g83\/\"]}]},{\"@type\":\"ImageObject\",\"inLanguage\":\"en-US\",\"@id\":\"https:\/\/carbonmiledesign.pl\/produkt\/zestaw-carbon-basic-m3-g80-g81-m4-g82-g83\/#primaryimage\",\"url\":\"https:\/\/carbonmiledesign.pl\/wp-content\/uploads\/2025\/04\/Projekt-bez-nazwy-18.png\",\"contentUrl\":\"https:\/\/carbonmiledesign.pl\/wp-content\/uploads\/2025\/04\/Projekt-bez-nazwy-18.png\",\"width\":1000,\"height\":1000},{\"@type\":\"BreadcrumbList\",\"@id\":\"https:\/\/carbonmiledesign.pl\/produkt\/zestaw-carbon-basic-m3-g80-g81-m4-g82-g83\/#breadcrumb\",\"itemListElement\":[{\"@type\":\"ListItem\",\"position\":1,\"name\":\"Strona g\u0142\u00f3wna\",\"item\":\"https:\/\/carbonmiledesign.pl\/\"},{\"@type\":\"ListItem\",\"position\":2,\"name\":\"Sklep\",\"item\":\"https:\/\/carbonmiledesign.pl\/sklep-wysokiej-jakosci-czesci-carbon\/\"},{\"@type\":\"ListItem\",\"position\":3,\"name\":\"Zestaw carbon Basic M3 G80 G81, M4 G82 G83\"}]},{\"@type\":\"WebSite\",\"@id\":\"https:\/\/carbonmiledesign.pl\/#website\",\"url\":\"https:\/\/carbonmiledesign.pl\/\",\"name\":\"Carbonmile Design\",\"description\":\"\",\"publisher\":{\"@id\":\"https:\/\/carbonmiledesign.pl\/#organization\"},\"alternateName\":\"CM Design\",\"potentialAction\":[{\"@type\":\"SearchAction\",\"target\":{\"@type\":\"EntryPoint\",\"urlTemplate\":\"https:\/\/carbonmiledesign.pl\/?s={search_term_string}\"},\"query-input\":{\"@type\":\"PropertyValueSpecification\",\"valueRequired\":true,\"valueName\":\"search_term_string\"}}],\"inLanguage\":\"en-US\"},{\"@type\":\"Organization\",\"@id\":\"https:\/\/carbonmiledesign.pl\/#organization\",\"name\":\"Carbonmile Design\",\"url\":\"https:\/\/carbonmiledesign.pl\/\",\"logo\":{\"@type\":\"ImageObject\",\"inLanguage\":\"en-US\",\"@id\":\"https:\/\/carbonmiledesign.pl\/#\/schema\/logo\/image\/\",\"url\":\"https:\/\/carbonmiledesign.pl\/wp-content\/uploads\/2025\/01\/Carbonmiledesign-logo-czarne-przezroczyste-tlo.png\",\"contentUrl\":\"https:\/\/carbonmiledesign.pl\/wp-content\/uploads\/2025\/01\/Carbonmiledesign-logo-czarne-przezroczyste-tlo.png\",\"width\":2420,\"height\":520,\"caption\":\"Carbonmile Design\"},\"image\":{\"@id\":\"https:\/\/carbonmiledesign.pl\/#\/schema\/logo\/image\/\"}}]}<\/script>\n<!-- \/ Yoast SEO plugin. -->","yoast_head_json":{"title":"Zestaw carbon Basic M3 G80 G81 M4 G82 G83","description":"Wysokiej jako\u015bci zestaw carbon Basic , sk\u0142adaj\u0105cy si\u0119 z - wlot\u00f3w powietrza MP style, oraz dyfuzora MP style - \u015bwietnie podkre\u015bli charakter Twojego BMW!","robots":{"index":"index","follow":"follow","max-snippet":"max-snippet:-1","max-image-preview":"max-image-preview:large","max-video-preview":"max-video-preview:-1"},"canonical":"https:\/\/carbonmiledesign.pl\/en\/product\/zestaw-carbon-basic-m3-g80-g81-m4-g82-g83\/","og_locale":"en_US","og_type":"article","og_title":"Zestaw carbon Basic M3 G80 G81 M4 G82 G83","og_description":"Wysokiej jako\u015bci zestaw carbon Basic , sk\u0142adaj\u0105cy si\u0119 z - wlot\u00f3w powietrza MP style, oraz dyfuzora MP style - \u015bwietnie podkre\u015bli charakter Twojego BMW!","og_url":"https:\/\/carbonmiledesign.pl\/en\/product\/zestaw-carbon-basic-m3-g80-g81-m4-g82-g83\/","og_site_name":"CarbonMile design","article_modified_time":"2026-01-15T10:13:59+00:00","og_image":[{"width":1000,"height":1000,"url":"https:\/\/carbonmiledesign.pl\/wp-content\/uploads\/2025\/04\/Projekt-bez-nazwy-18.png","type":"image\/png"}],"twitter_card":"summary_large_image","twitter_misc":{"Est. reading time":"1 minute"},"schema":{"@context":"https:\/\/schema.org","@graph":[{"@type":"WebPage","@id":"https:\/\/carbonmiledesign.pl\/produkt\/zestaw-carbon-basic-m3-g80-g81-m4-g82-g83\/","url":"https:\/\/carbonmiledesign.pl\/produkt\/zestaw-carbon-basic-m3-g80-g81-m4-g82-g83\/","name":"Zestaw carbon Basic M3 G80 G81 M4 G82 G83","isPartOf":{"@id":"https:\/\/carbonmiledesign.pl\/#website"},"primaryImageOfPage":{"@id":"https:\/\/carbonmiledesign.pl\/produkt\/zestaw-carbon-basic-m3-g80-g81-m4-g82-g83\/#primaryimage"},"image":{"@id":"https:\/\/carbonmiledesign.pl\/produkt\/zestaw-carbon-basic-m3-g80-g81-m4-g82-g83\/#primaryimage"},"thumbnailUrl":"https:\/\/carbonmiledesign.pl\/wp-content\/uploads\/2025\/04\/Projekt-bez-nazwy-18.png","datePublished":"2025-04-04T13:27:49+00:00","dateModified":"2026-01-15T10:13:59+00:00","description":"Wysokiej jako\u015bci zestaw carbon Basic , sk\u0142adaj\u0105cy si\u0119 z - wlot\u00f3w powietrza MP style, oraz dyfuzora MP style - \u015bwietnie podkre\u015bli charakter Twojego BMW!","breadcrumb":{"@id":"https:\/\/carbonmiledesign.pl\/produkt\/zestaw-carbon-basic-m3-g80-g81-m4-g82-g83\/#breadcrumb"},"inLanguage":"en-US","potentialAction":[{"@type":"ReadAction","target":["https:\/\/carbonmiledesign.pl\/produkt\/zestaw-carbon-basic-m3-g80-g81-m4-g82-g83\/"]}]},{"@type":"ImageObject","inLanguage":"en-US","@id":"https:\/\/carbonmiledesign.pl\/produkt\/zestaw-carbon-basic-m3-g80-g81-m4-g82-g83\/#primaryimage","url":"https:\/\/carbonmiledesign.pl\/wp-content\/uploads\/2025\/04\/Projekt-bez-nazwy-18.png","contentUrl":"https:\/\/carbonmiledesign.pl\/wp-content\/uploads\/2025\/04\/Projekt-bez-nazwy-18.png","width":1000,"height":1000},{"@type":"BreadcrumbList","@id":"https:\/\/carbonmiledesign.pl\/produkt\/zestaw-carbon-basic-m3-g80-g81-m4-g82-g83\/#breadcrumb","itemListElement":[{"@type":"ListItem","position":1,"name":"Strona g\u0142\u00f3wna","item":"https:\/\/carbonmiledesign.pl\/"},{"@type":"ListItem","position":2,"name":"Sklep","item":"https:\/\/carbonmiledesign.pl\/sklep-wysokiej-jakosci-czesci-carbon\/"},{"@type":"ListItem","position":3,"name":"Zestaw carbon Basic M3 G80 G81, M4 G82 G83"}]},{"@type":"WebSite","@id":"https:\/\/carbonmiledesign.pl\/#website","url":"https:\/\/carbonmiledesign.pl\/","name":"Carbonmile Design","description":"","publisher":{"@id":"https:\/\/carbonmiledesign.pl\/#organization"},"alternateName":"CM Design","potentialAction":[{"@type":"SearchAction","target":{"@type":"EntryPoint","urlTemplate":"https:\/\/carbonmiledesign.pl\/?s={search_term_string}"},"query-input":{"@type":"PropertyValueSpecification","valueRequired":true,"valueName":"search_term_string"}}],"inLanguage":"en-US"},{"@type":"Organization","@id":"https:\/\/carbonmiledesign.pl\/#organization","name":"Carbonmile Design","url":"https:\/\/carbonmiledesign.pl\/","logo":{"@type":"ImageObject","inLanguage":"en-US","@id":"https:\/\/carbonmiledesign.pl\/#\/schema\/logo\/image\/","url":"https:\/\/carbonmiledesign.pl\/wp-content\/uploads\/2025\/01\/Carbonmiledesign-logo-czarne-przezroczyste-tlo.png","contentUrl":"https:\/\/carbonmiledesign.pl\/wp-content\/uploads\/2025\/01\/Carbonmiledesign-logo-czarne-przezroczyste-tlo.png","width":2420,"height":520,"caption":"Carbonmile Design"},"image":{"@id":"https:\/\/carbonmiledesign.pl\/#\/schema\/logo\/image\/"}}]}},"jetpack_sharing_enabled":true,"_links":{"self":[{"href":"https:\/\/carbonmiledesign.pl\/en\/wp-json\/wp\/v2\/product\/1989","targetHints":{"allow":["GET"]}}],"collection":[{"href":"https:\/\/carbonmiledesign.pl\/en\/wp-json\/wp\/v2\/product"}],"about":[{"href":"https:\/\/carbonmiledesign.pl\/en\/wp-json\/wp\/v2\/types\/product"}],"wp:featuredmedia":[{"embeddable":true,"href":"https:\/\/carbonmiledesign.pl\/en\/wp-json\/wp\/v2\/media\/1990"}],"wp:attachment":[{"href":"https:\/\/carbonmiledesign.pl\/en\/wp-json\/wp\/v2\/media?parent=1989"}],"wp:term":[{"taxonomy":"product_brand","embeddable":true,"href":"https:\/\/carbonmiledesign.pl\/en\/wp-json\/wp\/v2\/product_brand?post=1989"},{"taxonomy":"product_cat","embeddable":true,"href":"https:\/\/carbonmiledesign.pl\/en\/wp-json\/wp\/v2\/product_cat?post=1989"},{"taxonomy":"product_tag","embeddable":true,"href":"https:\/\/carbonmiledesign.pl\/en\/wp-json\/wp\/v2\/product_tag?post=1989"}],"curies":[{"name":"wp","href":"https:\/\/api.w.org\/{rel}","templated":true}]}}