{"id":1910,"date":"2025-03-17T14:17:38","date_gmt":"2025-03-17T13:17:38","guid":{"rendered":"https:\/\/carbonmiledesign.pl\/?post_type=product&#038;p=1910"},"modified":"2025-12-02T01:49:00","modified_gmt":"2025-12-02T00:49:00","slug":"splitter-winglets-carbon-tylnego-zderzaka-bmw-m4-g82-g83","status":"publish","type":"product","link":"https:\/\/carbonmiledesign.pl\/en\/product\/splitter-winglets-carbon-tylnego-zderzaka-bmw-m4-g82-g83\/","title":{"rendered":"Carbon fibre rear bumper splitter winglets BMW M4 G82 G83"},"content":{"rendered":"<h3><strong>Splitter carbon winglets tylnego zderzaka BMW M4 G82 G83 <\/strong><\/h3>\n<p><span style=\"font-size: 100%;\"><strong>Manufacturer:<\/strong> CM Design<\/span><\/p>\n<p><span style=\"font-size: 100%;\"><strong>Material: <\/strong>Material: Carbon fibre (Dry carbon)<a href=\"https:\/\/carbonmiledesign.pl\/karbon-od-podstaw-co-warto-wiedziec\/\">Dry carbon<\/a>)<\/span><\/p>\n<p><b>Fits to:<\/b><\/p>\n<ul>\n<li>BMW M4 G82<\/li>\n<li>BMW M4 G83<\/li>\n<\/ul>\n<p>Wysokiej jako\u015bci Splitter w stylu MP, wykonane z prawdziwego carbonu, to idealne dope\u0142nienie sportowego wygl\u0105du Twojego BMW. Dzi\u0119ki precyzyjnemu wykonaniu doskonale komponuj\u0105 si\u0119 z tylnym zderzakiem, podkre\u015blaj\u0105c agresywny i dynamiczny charakter auta.<\/p>\n<p>Najwy\u017csze standardy produkcji zapewniaj\u0105 nie tylko wygl\u0105d, ale r\u00f3wnie\u017c najwy\u017csz\u0105 jako\u015b\u0107, oraz perfekcyjne dopasowanie.<\/p>","protected":false},"excerpt":{"rendered":"<p><span style=\"font-size: 75%;\">Wyj\u0105tkowa dok\u0142adka zderzaka tylnego z w\u0142\u00f3kna w\u0119glowego, kt\u00f3ra dodaje sportowego charakteru. Lekka, trwa\u0142a i perfekcyjnie dopasowana.<\/span><\/p>\n<p><span style=\"font-size: 75%;\"><strong>Fits to:<\/strong><\/span><\/p>\n<ul>\n<li><span style=\"font-size: 75%;\">BMW M4 G82<\/span><\/li>\n<li><span style=\"font-size: 75%;\">BMW M4 G83<\/span><\/li>\n<\/ul>\n<p><span style=\"font-size: 75%;\"><strong>Estimated production time:<\/strong> <em>29dni<\/em><\/span><\/p>","protected":false},"featured_media":1913,"template":"","meta":[],"product_brand":[],"product_cat":[70,211,212,143],"product_tag":[77,80,81,148],"class_list":{"0":"post-1910","1":"product","2":"type-product","3":"status-publish","4":"has-post-thumbnail","6":"product_cat-bmw","7":"product_cat-m4-g82","8":"product_cat-m4-g83","9":"product_cat-seria-4-m4","10":"product_tag-bmw","11":"product_tag-m4-g82","12":"product_tag-m4-g83","13":"product_tag-seria-4-m4","14":"product_shipping_class-mala","15":"pa_generacja-g80","16":"pa_generacja-g82","17":"pa_marka-bmw","18":"pa_model-seria-3-m3","20":"first","21":"instock","22":"shipping-taxable","23":"purchasable","24":"product-type-simple"},"yoast_head":"<!-- This site is optimized with the Yoast SEO plugin v26.6 - https:\/\/yoast.com\/wordpress\/plugins\/seo\/ -->\n<title>Splitter carbon winglets tylnego zderzaka BMW M4 G82 G83<\/title>\n<meta name=\"description\" content=\"Splitter carbon tylnego zderzaka BMW M4 G82 G83 | Podkre\u015bl sportowy charakter swojego BMW! Nowe oblicze tuningu wizualnego z CM Design\" \/>\n<meta name=\"robots\" content=\"index, follow, max-snippet:-1, max-image-preview:large, max-video-preview:-1\" \/>\n<link rel=\"canonical\" href=\"https:\/\/carbonmiledesign.pl\/en\/product\/splitter-winglets-carbon-tylnego-zderzaka-bmw-m4-g82-g83\/\" \/>\n<meta property=\"og:locale\" content=\"en_US\" \/>\n<meta property=\"og:type\" content=\"article\" \/>\n<meta property=\"og:title\" content=\"Splitter carbon winglets tylnego zderzaka BMW M4 G82 G83\" \/>\n<meta property=\"og:description\" content=\"Splitter carbon tylnego zderzaka BMW M4 G82 G83 | Podkre\u015bl sportowy charakter swojego BMW! Nowe oblicze tuningu wizualnego z CM Design\" \/>\n<meta property=\"og:url\" content=\"https:\/\/carbonmiledesign.pl\/en\/product\/splitter-winglets-carbon-tylnego-zderzaka-bmw-m4-g82-g83\/\" \/>\n<meta property=\"og:site_name\" content=\"CarbonMile design\" \/>\n<meta property=\"article:modified_time\" content=\"2025-12-02T00:49:00+00:00\" \/>\n<meta property=\"og:image\" content=\"https:\/\/carbonmiledesign.pl\/wp-content\/uploads\/2025\/03\/IMG_5762.jpg\" \/>\n\t<meta property=\"og:image:width\" content=\"1500\" \/>\n\t<meta property=\"og:image:height\" content=\"1500\" \/>\n\t<meta property=\"og:image:type\" content=\"image\/jpeg\" \/>\n<meta name=\"twitter:card\" content=\"summary_large_image\" \/>\n<meta name=\"twitter:label1\" content=\"Est. reading time\" \/>\n\t<meta name=\"twitter:data1\" content=\"1 minute\" \/>\n<script type=\"application\/ld+json\" class=\"yoast-schema-graph\">{\"@context\":\"https:\/\/schema.org\",\"@graph\":[{\"@type\":\"WebPage\",\"@id\":\"https:\/\/carbonmiledesign.pl\/produkt\/splitter-winglets-carbon-tylnego-zderzaka-bmw-m4-g82-g83\/\",\"url\":\"https:\/\/carbonmiledesign.pl\/produkt\/splitter-winglets-carbon-tylnego-zderzaka-bmw-m4-g82-g83\/\",\"name\":\"Splitter carbon winglets tylnego zderzaka BMW M4 G82 G83\",\"isPartOf\":{\"@id\":\"https:\/\/carbonmiledesign.pl\/#website\"},\"primaryImageOfPage\":{\"@id\":\"https:\/\/carbonmiledesign.pl\/produkt\/splitter-winglets-carbon-tylnego-zderzaka-bmw-m4-g82-g83\/#primaryimage\"},\"image\":{\"@id\":\"https:\/\/carbonmiledesign.pl\/produkt\/splitter-winglets-carbon-tylnego-zderzaka-bmw-m4-g82-g83\/#primaryimage\"},\"thumbnailUrl\":\"https:\/\/carbonmiledesign.pl\/wp-content\/uploads\/2025\/03\/IMG_5762.jpg\",\"datePublished\":\"2025-03-17T13:17:38+00:00\",\"dateModified\":\"2025-12-02T00:49:00+00:00\",\"description\":\"Splitter carbon tylnego zderzaka BMW M4 G82 G83 | Podkre\u015bl sportowy charakter swojego BMW! Nowe oblicze tuningu wizualnego z CM Design\",\"breadcrumb\":{\"@id\":\"https:\/\/carbonmiledesign.pl\/produkt\/splitter-winglets-carbon-tylnego-zderzaka-bmw-m4-g82-g83\/#breadcrumb\"},\"inLanguage\":\"en-US\",\"potentialAction\":[{\"@type\":\"ReadAction\",\"target\":[\"https:\/\/carbonmiledesign.pl\/produkt\/splitter-winglets-carbon-tylnego-zderzaka-bmw-m4-g82-g83\/\"]}]},{\"@type\":\"ImageObject\",\"inLanguage\":\"en-US\",\"@id\":\"https:\/\/carbonmiledesign.pl\/produkt\/splitter-winglets-carbon-tylnego-zderzaka-bmw-m4-g82-g83\/#primaryimage\",\"url\":\"https:\/\/carbonmiledesign.pl\/wp-content\/uploads\/2025\/03\/IMG_5762.jpg\",\"contentUrl\":\"https:\/\/carbonmiledesign.pl\/wp-content\/uploads\/2025\/03\/IMG_5762.jpg\",\"width\":1500,\"height\":1500},{\"@type\":\"BreadcrumbList\",\"@id\":\"https:\/\/carbonmiledesign.pl\/produkt\/splitter-winglets-carbon-tylnego-zderzaka-bmw-m4-g82-g83\/#breadcrumb\",\"itemListElement\":[{\"@type\":\"ListItem\",\"position\":1,\"name\":\"Strona g\u0142\u00f3wna\",\"item\":\"https:\/\/carbonmiledesign.pl\/\"},{\"@type\":\"ListItem\",\"position\":2,\"name\":\"Sklep\",\"item\":\"https:\/\/carbonmiledesign.pl\/sklep-wysokiej-jakosci-czesci-carbon\/\"},{\"@type\":\"ListItem\",\"position\":3,\"name\":\"Splitter winglets carbon tylnego zderzaka BMW M4 G82 G83\"}]},{\"@type\":\"WebSite\",\"@id\":\"https:\/\/carbonmiledesign.pl\/#website\",\"url\":\"https:\/\/carbonmiledesign.pl\/\",\"name\":\"Carbonmile Design\",\"description\":\"\",\"publisher\":{\"@id\":\"https:\/\/carbonmiledesign.pl\/#organization\"},\"alternateName\":\"CM Design\",\"potentialAction\":[{\"@type\":\"SearchAction\",\"target\":{\"@type\":\"EntryPoint\",\"urlTemplate\":\"https:\/\/carbonmiledesign.pl\/?s={search_term_string}\"},\"query-input\":{\"@type\":\"PropertyValueSpecification\",\"valueRequired\":true,\"valueName\":\"search_term_string\"}}],\"inLanguage\":\"en-US\"},{\"@type\":\"Organization\",\"@id\":\"https:\/\/carbonmiledesign.pl\/#organization\",\"name\":\"Carbonmile Design\",\"url\":\"https:\/\/carbonmiledesign.pl\/\",\"logo\":{\"@type\":\"ImageObject\",\"inLanguage\":\"en-US\",\"@id\":\"https:\/\/carbonmiledesign.pl\/#\/schema\/logo\/image\/\",\"url\":\"https:\/\/carbonmiledesign.pl\/wp-content\/uploads\/2025\/01\/Carbonmiledesign-logo-czarne-przezroczyste-tlo.png\",\"contentUrl\":\"https:\/\/carbonmiledesign.pl\/wp-content\/uploads\/2025\/01\/Carbonmiledesign-logo-czarne-przezroczyste-tlo.png\",\"width\":2420,\"height\":520,\"caption\":\"Carbonmile Design\"},\"image\":{\"@id\":\"https:\/\/carbonmiledesign.pl\/#\/schema\/logo\/image\/\"}}]}<\/script>\n<!-- \/ Yoast SEO plugin. -->","yoast_head_json":{"title":"Splitter carbon winglets tylnego zderzaka BMW M4 G82 G83","description":"Splitter carbon tylnego zderzaka BMW M4 G82 G83 | Podkre\u015bl sportowy charakter swojego BMW! Nowe oblicze tuningu wizualnego z CM Design","robots":{"index":"index","follow":"follow","max-snippet":"max-snippet:-1","max-image-preview":"max-image-preview:large","max-video-preview":"max-video-preview:-1"},"canonical":"https:\/\/carbonmiledesign.pl\/en\/product\/splitter-winglets-carbon-tylnego-zderzaka-bmw-m4-g82-g83\/","og_locale":"en_US","og_type":"article","og_title":"Splitter carbon winglets tylnego zderzaka BMW M4 G82 G83","og_description":"Splitter carbon tylnego zderzaka BMW M4 G82 G83 | Podkre\u015bl sportowy charakter swojego BMW! Nowe oblicze tuningu wizualnego z CM Design","og_url":"https:\/\/carbonmiledesign.pl\/en\/product\/splitter-winglets-carbon-tylnego-zderzaka-bmw-m4-g82-g83\/","og_site_name":"CarbonMile design","article_modified_time":"2025-12-02T00:49:00+00:00","og_image":[{"width":1500,"height":1500,"url":"https:\/\/carbonmiledesign.pl\/wp-content\/uploads\/2025\/03\/IMG_5762.jpg","type":"image\/jpeg"}],"twitter_card":"summary_large_image","twitter_misc":{"Est. reading time":"1 minute"},"schema":{"@context":"https:\/\/schema.org","@graph":[{"@type":"WebPage","@id":"https:\/\/carbonmiledesign.pl\/produkt\/splitter-winglets-carbon-tylnego-zderzaka-bmw-m4-g82-g83\/","url":"https:\/\/carbonmiledesign.pl\/produkt\/splitter-winglets-carbon-tylnego-zderzaka-bmw-m4-g82-g83\/","name":"Splitter carbon winglets tylnego zderzaka BMW M4 G82 G83","isPartOf":{"@id":"https:\/\/carbonmiledesign.pl\/#website"},"primaryImageOfPage":{"@id":"https:\/\/carbonmiledesign.pl\/produkt\/splitter-winglets-carbon-tylnego-zderzaka-bmw-m4-g82-g83\/#primaryimage"},"image":{"@id":"https:\/\/carbonmiledesign.pl\/produkt\/splitter-winglets-carbon-tylnego-zderzaka-bmw-m4-g82-g83\/#primaryimage"},"thumbnailUrl":"https:\/\/carbonmiledesign.pl\/wp-content\/uploads\/2025\/03\/IMG_5762.jpg","datePublished":"2025-03-17T13:17:38+00:00","dateModified":"2025-12-02T00:49:00+00:00","description":"Splitter carbon tylnego zderzaka BMW M4 G82 G83 | Podkre\u015bl sportowy charakter swojego BMW! Nowe oblicze tuningu wizualnego z CM Design","breadcrumb":{"@id":"https:\/\/carbonmiledesign.pl\/produkt\/splitter-winglets-carbon-tylnego-zderzaka-bmw-m4-g82-g83\/#breadcrumb"},"inLanguage":"en-US","potentialAction":[{"@type":"ReadAction","target":["https:\/\/carbonmiledesign.pl\/produkt\/splitter-winglets-carbon-tylnego-zderzaka-bmw-m4-g82-g83\/"]}]},{"@type":"ImageObject","inLanguage":"en-US","@id":"https:\/\/carbonmiledesign.pl\/produkt\/splitter-winglets-carbon-tylnego-zderzaka-bmw-m4-g82-g83\/#primaryimage","url":"https:\/\/carbonmiledesign.pl\/wp-content\/uploads\/2025\/03\/IMG_5762.jpg","contentUrl":"https:\/\/carbonmiledesign.pl\/wp-content\/uploads\/2025\/03\/IMG_5762.jpg","width":1500,"height":1500},{"@type":"BreadcrumbList","@id":"https:\/\/carbonmiledesign.pl\/produkt\/splitter-winglets-carbon-tylnego-zderzaka-bmw-m4-g82-g83\/#breadcrumb","itemListElement":[{"@type":"ListItem","position":1,"name":"Strona g\u0142\u00f3wna","item":"https:\/\/carbonmiledesign.pl\/"},{"@type":"ListItem","position":2,"name":"Sklep","item":"https:\/\/carbonmiledesign.pl\/sklep-wysokiej-jakosci-czesci-carbon\/"},{"@type":"ListItem","position":3,"name":"Splitter winglets carbon tylnego zderzaka BMW M4 G82 G83"}]},{"@type":"WebSite","@id":"https:\/\/carbonmiledesign.pl\/#website","url":"https:\/\/carbonmiledesign.pl\/","name":"Carbonmile Design","description":"","publisher":{"@id":"https:\/\/carbonmiledesign.pl\/#organization"},"alternateName":"CM Design","potentialAction":[{"@type":"SearchAction","target":{"@type":"EntryPoint","urlTemplate":"https:\/\/carbonmiledesign.pl\/?s={search_term_string}"},"query-input":{"@type":"PropertyValueSpecification","valueRequired":true,"valueName":"search_term_string"}}],"inLanguage":"en-US"},{"@type":"Organization","@id":"https:\/\/carbonmiledesign.pl\/#organization","name":"Carbonmile Design","url":"https:\/\/carbonmiledesign.pl\/","logo":{"@type":"ImageObject","inLanguage":"en-US","@id":"https:\/\/carbonmiledesign.pl\/#\/schema\/logo\/image\/","url":"https:\/\/carbonmiledesign.pl\/wp-content\/uploads\/2025\/01\/Carbonmiledesign-logo-czarne-przezroczyste-tlo.png","contentUrl":"https:\/\/carbonmiledesign.pl\/wp-content\/uploads\/2025\/01\/Carbonmiledesign-logo-czarne-przezroczyste-tlo.png","width":2420,"height":520,"caption":"Carbonmile Design"},"image":{"@id":"https:\/\/carbonmiledesign.pl\/#\/schema\/logo\/image\/"}}]}},"jetpack_sharing_enabled":true,"_links":{"self":[{"href":"https:\/\/carbonmiledesign.pl\/en\/wp-json\/wp\/v2\/product\/1910","targetHints":{"allow":["GET"]}}],"collection":[{"href":"https:\/\/carbonmiledesign.pl\/en\/wp-json\/wp\/v2\/product"}],"about":[{"href":"https:\/\/carbonmiledesign.pl\/en\/wp-json\/wp\/v2\/types\/product"}],"wp:featuredmedia":[{"embeddable":true,"href":"https:\/\/carbonmiledesign.pl\/en\/wp-json\/wp\/v2\/media\/1913"}],"wp:attachment":[{"href":"https:\/\/carbonmiledesign.pl\/en\/wp-json\/wp\/v2\/media?parent=1910"}],"wp:term":[{"taxonomy":"product_brand","embeddable":true,"href":"https:\/\/carbonmiledesign.pl\/en\/wp-json\/wp\/v2\/product_brand?post=1910"},{"taxonomy":"product_cat","embeddable":true,"href":"https:\/\/carbonmiledesign.pl\/en\/wp-json\/wp\/v2\/product_cat?post=1910"},{"taxonomy":"product_tag","embeddable":true,"href":"https:\/\/carbonmiledesign.pl\/en\/wp-json\/wp\/v2\/product_tag?post=1910"}],"curies":[{"name":"wp","href":"https:\/\/api.w.org\/{rel}","templated":true}]}}