{"id":1884,"date":"2025-03-11T08:57:35","date_gmt":"2025-03-11T07:57:35","guid":{"rendered":"https:\/\/carbonmiledesign.pl\/?post_type=product&#038;p=1884"},"modified":"2025-10-16T11:14:14","modified_gmt":"2025-10-16T09:14:14","slug":"splitter-carbon-bmw-m5-f90-lci","status":"publish","type":"product","link":"https:\/\/carbonmiledesign.pl\/en\/product\/splitter-carbon-bmw-m5-f90-lci\/","title":{"rendered":"Carbon fibre splitter BMW M5 F90 LCI"},"content":{"rendered":"<h2><strong>Carbon fibre splitter BMW M5 F90 LCI<\/strong><\/h2>\n<div id=\"accordion-description\" class=\"accordion-item\">\n<div id=\"accordion-description-content\" class=\"accordion-inner\" aria-labelledby=\"accordion-description-label\">\n<p><strong>Manufacturer:<\/strong>\u00a0CM Design<\/p>\n<p><strong>Material:\u00a0<\/strong>Carbon \u2013 Carbon Fibre (<a href=\"https:\/\/carbonmiledesign.pl\/karbon-od-podstaw-co-warto-wiedziec\/\">Dry carbon<\/a>)<\/p>\n<p><b>Fits to:<\/b><\/p>\n<ul>\n<li>BMW M5 F90 LCI (wersja po-liftowa) 2020-2023<\/li>\n<\/ul>\n<p data-start=\"658\" data-end=\"992\">Splitter przedniego zderzaka to doskona\u0142e uzupe\u0142nienie pakietu carbon lub indywidualnej personalizacji pojazdu. Wykonany z najwy\u017cszej jako\u015bci w\u0142\u00f3kna w\u0119glowego, nie tylko podkre\u015bla sportowy design auta, ale tak\u017ce poprawia stabilno\u015b\u0107 przy wi\u0119kszych pr\u0119dko\u015bciach. Dzi\u0119ki precyzyjnemu wykonaniu idealnie dopasowuje si\u0119 do nadwozia, nadaj\u0105c M5 F90 jeszcze bardziej dynamiczny charakter.<\/p>\n<p data-start=\"994\" data-end=\"1103\">The highest production standards ensure perfect fitment, durability, and an exceptional sporty appearance.<\/p>\n<\/div>\n<\/div>\n<div id=\"accordion-additional_information\" class=\"accordion-item\"><\/div>","protected":false},"excerpt":{"rendered":"<h4><span style=\"font-size: 75%;\">SPLITTER CARBON BMW M5 F90 LCI<\/span><\/h4>\n<p data-start=\"62\" data-end=\"374\"><span style=\"font-size: 75%;\">Splitter przedniego zderzaka w stylu MP, wykonany z najwy\u017cszej jako\u015bci carbonu, podkre\u015bla agresywny i sportowy charakter Twojego BMW M5 F90. Jego dynamiczny kszta\u0142t inspirowany motorsportem nie tylko nadaje pojazdowi bardziej wyrazisty wygl\u0105d, ale tak\u017ce poprawia aerodynamik\u0119, zwi\u0119kszaj\u0105c docisk przedniej osi.<\/span><\/p>\n<p><span style=\"font-size: 75%;\"><strong>Fits to:<\/strong><\/span><\/p>\n<ul>\n<li><span style=\"font-size: 75%;\">BMW M5 F90 LCI (wersja po-liftowa) 2020-2023<\/span><\/li>\n<\/ul>\n<p><span style=\"font-size: 75%;\"><strong>Estimated production time:<\/strong>\u00a029<em>days<\/em><\/span><\/p>","protected":false},"featured_media":1885,"template":"","meta":[],"product_brand":[],"product_cat":[70,199,144],"product_tag":[77,209,228,190,229],"class_list":{"0":"post-1884","1":"product","2":"type-product","3":"status-publish","4":"has-post-thumbnail","6":"product_cat-bmw","7":"product_cat-m5-f90","8":"product_cat-seria-5-m5","9":"product_tag-bmw","10":"product_tag-f90","11":"product_tag-m5","12":"product_tag-seria-5-m5","13":"product_tag-splitter","14":"product_shipping_class-srednia","15":"pa_generacja-f90","16":"pa_marka-bmw","17":"pa_model-seria-5-m5","19":"first","20":"instock","21":"shipping-taxable","22":"purchasable","23":"product-type-simple"},"yoast_head":"<!-- This site is optimized with the Yoast SEO plugin v26.6 - https:\/\/yoast.com\/wordpress\/plugins\/seo\/ -->\n<title>Splitter carbon BMW M5 F90 LCI<\/title>\n<meta name=\"description\" content=\"Splitter carbon BMW M5 F90 LCI to po\u0142\u0105czenie agresywnego designu, lepszej aerodynamiki i najwy\u017cszej jako\u015bci wykonania \u2013 wybierz CM Design. \ud83d\ude80\" \/>\n<meta name=\"robots\" content=\"index, follow, max-snippet:-1, max-image-preview:large, max-video-preview:-1\" \/>\n<link rel=\"canonical\" href=\"https:\/\/carbonmiledesign.pl\/en\/product\/splitter-carbon-bmw-m5-f90-lci\/\" \/>\n<meta property=\"og:locale\" content=\"en_US\" \/>\n<meta property=\"og:type\" content=\"article\" \/>\n<meta property=\"og:title\" content=\"Splitter carbon BMW M5 F90 LCI\" \/>\n<meta property=\"og:description\" content=\"Splitter carbon BMW M5 F90 LCI to po\u0142\u0105czenie agresywnego designu, lepszej aerodynamiki i najwy\u017cszej jako\u015bci wykonania \u2013 wybierz CM Design. \ud83d\ude80\" \/>\n<meta property=\"og:url\" content=\"https:\/\/carbonmiledesign.pl\/en\/product\/splitter-carbon-bmw-m5-f90-lci\/\" \/>\n<meta property=\"og:site_name\" content=\"CarbonMile design\" \/>\n<meta property=\"article:modified_time\" content=\"2025-10-16T09:14:14+00:00\" \/>\n<meta property=\"og:image\" content=\"https:\/\/carbonmiledesign.pl\/wp-content\/uploads\/2025\/03\/splitter-f90.jpeg\" \/>\n\t<meta property=\"og:image:width\" content=\"1000\" \/>\n\t<meta property=\"og:image:height\" content=\"1000\" \/>\n\t<meta property=\"og:image:type\" content=\"image\/jpeg\" \/>\n<meta name=\"twitter:card\" content=\"summary_large_image\" \/>\n<meta name=\"twitter:label1\" content=\"Est. reading time\" \/>\n\t<meta name=\"twitter:data1\" content=\"1 minute\" \/>\n<script type=\"application\/ld+json\" class=\"yoast-schema-graph\">{\"@context\":\"https:\/\/schema.org\",\"@graph\":[{\"@type\":\"WebPage\",\"@id\":\"https:\/\/carbonmiledesign.pl\/produkt\/splitter-carbon-bmw-m5-f90-lci\/\",\"url\":\"https:\/\/carbonmiledesign.pl\/produkt\/splitter-carbon-bmw-m5-f90-lci\/\",\"name\":\"Splitter carbon BMW M5 F90 LCI\",\"isPartOf\":{\"@id\":\"https:\/\/carbonmiledesign.pl\/#website\"},\"primaryImageOfPage\":{\"@id\":\"https:\/\/carbonmiledesign.pl\/produkt\/splitter-carbon-bmw-m5-f90-lci\/#primaryimage\"},\"image\":{\"@id\":\"https:\/\/carbonmiledesign.pl\/produkt\/splitter-carbon-bmw-m5-f90-lci\/#primaryimage\"},\"thumbnailUrl\":\"https:\/\/carbonmiledesign.pl\/wp-content\/uploads\/2025\/03\/splitter-f90.jpeg\",\"datePublished\":\"2025-03-11T07:57:35+00:00\",\"dateModified\":\"2025-10-16T09:14:14+00:00\",\"description\":\"Splitter carbon BMW M5 F90 LCI to po\u0142\u0105czenie agresywnego designu, lepszej aerodynamiki i najwy\u017cszej jako\u015bci wykonania \u2013 wybierz CM Design. \ud83d\ude80\",\"breadcrumb\":{\"@id\":\"https:\/\/carbonmiledesign.pl\/produkt\/splitter-carbon-bmw-m5-f90-lci\/#breadcrumb\"},\"inLanguage\":\"en-US\",\"potentialAction\":[{\"@type\":\"ReadAction\",\"target\":[\"https:\/\/carbonmiledesign.pl\/produkt\/splitter-carbon-bmw-m5-f90-lci\/\"]}]},{\"@type\":\"ImageObject\",\"inLanguage\":\"en-US\",\"@id\":\"https:\/\/carbonmiledesign.pl\/produkt\/splitter-carbon-bmw-m5-f90-lci\/#primaryimage\",\"url\":\"https:\/\/carbonmiledesign.pl\/wp-content\/uploads\/2025\/03\/splitter-f90.jpeg\",\"contentUrl\":\"https:\/\/carbonmiledesign.pl\/wp-content\/uploads\/2025\/03\/splitter-f90.jpeg\",\"width\":1000,\"height\":1000},{\"@type\":\"BreadcrumbList\",\"@id\":\"https:\/\/carbonmiledesign.pl\/produkt\/splitter-carbon-bmw-m5-f90-lci\/#breadcrumb\",\"itemListElement\":[{\"@type\":\"ListItem\",\"position\":1,\"name\":\"Strona g\u0142\u00f3wna\",\"item\":\"https:\/\/carbonmiledesign.pl\/\"},{\"@type\":\"ListItem\",\"position\":2,\"name\":\"Sklep\",\"item\":\"https:\/\/carbonmiledesign.pl\/sklep-wysokiej-jakosci-czesci-carbon\/\"},{\"@type\":\"ListItem\",\"position\":3,\"name\":\"Splitter carbon BMW M5 F90 LCI\"}]},{\"@type\":\"WebSite\",\"@id\":\"https:\/\/carbonmiledesign.pl\/#website\",\"url\":\"https:\/\/carbonmiledesign.pl\/\",\"name\":\"Carbonmile Design\",\"description\":\"\",\"publisher\":{\"@id\":\"https:\/\/carbonmiledesign.pl\/#organization\"},\"alternateName\":\"CM Design\",\"potentialAction\":[{\"@type\":\"SearchAction\",\"target\":{\"@type\":\"EntryPoint\",\"urlTemplate\":\"https:\/\/carbonmiledesign.pl\/?s={search_term_string}\"},\"query-input\":{\"@type\":\"PropertyValueSpecification\",\"valueRequired\":true,\"valueName\":\"search_term_string\"}}],\"inLanguage\":\"en-US\"},{\"@type\":\"Organization\",\"@id\":\"https:\/\/carbonmiledesign.pl\/#organization\",\"name\":\"Carbonmile Design\",\"url\":\"https:\/\/carbonmiledesign.pl\/\",\"logo\":{\"@type\":\"ImageObject\",\"inLanguage\":\"en-US\",\"@id\":\"https:\/\/carbonmiledesign.pl\/#\/schema\/logo\/image\/\",\"url\":\"https:\/\/carbonmiledesign.pl\/wp-content\/uploads\/2025\/01\/Carbonmiledesign-logo-czarne-przezroczyste-tlo.png\",\"contentUrl\":\"https:\/\/carbonmiledesign.pl\/wp-content\/uploads\/2025\/01\/Carbonmiledesign-logo-czarne-przezroczyste-tlo.png\",\"width\":2420,\"height\":520,\"caption\":\"Carbonmile Design\"},\"image\":{\"@id\":\"https:\/\/carbonmiledesign.pl\/#\/schema\/logo\/image\/\"}}]}<\/script>\n<!-- \/ Yoast SEO plugin. -->","yoast_head_json":{"title":"Carbon fibre splitter BMW M5 F90 LCI","description":"Splitter carbon BMW M5 F90 LCI to po\u0142\u0105czenie agresywnego designu, lepszej aerodynamiki i najwy\u017cszej jako\u015bci wykonania \u2013 wybierz CM Design. \ud83d\ude80","robots":{"index":"index","follow":"follow","max-snippet":"max-snippet:-1","max-image-preview":"max-image-preview:large","max-video-preview":"max-video-preview:-1"},"canonical":"https:\/\/carbonmiledesign.pl\/en\/product\/splitter-carbon-bmw-m5-f90-lci\/","og_locale":"en_US","og_type":"article","og_title":"Splitter carbon BMW M5 F90 LCI","og_description":"Splitter carbon BMW M5 F90 LCI to po\u0142\u0105czenie agresywnego designu, lepszej aerodynamiki i najwy\u017cszej jako\u015bci wykonania \u2013 wybierz CM Design. \ud83d\ude80","og_url":"https:\/\/carbonmiledesign.pl\/en\/product\/splitter-carbon-bmw-m5-f90-lci\/","og_site_name":"CarbonMile design","article_modified_time":"2025-10-16T09:14:14+00:00","og_image":[{"width":1000,"height":1000,"url":"https:\/\/carbonmiledesign.pl\/wp-content\/uploads\/2025\/03\/splitter-f90.jpeg","type":"image\/jpeg"}],"twitter_card":"summary_large_image","twitter_misc":{"Est. reading time":"1 minute"},"schema":{"@context":"https:\/\/schema.org","@graph":[{"@type":"WebPage","@id":"https:\/\/carbonmiledesign.pl\/produkt\/splitter-carbon-bmw-m5-f90-lci\/","url":"https:\/\/carbonmiledesign.pl\/produkt\/splitter-carbon-bmw-m5-f90-lci\/","name":"Carbon fibre splitter BMW M5 F90 LCI","isPartOf":{"@id":"https:\/\/carbonmiledesign.pl\/#website"},"primaryImageOfPage":{"@id":"https:\/\/carbonmiledesign.pl\/produkt\/splitter-carbon-bmw-m5-f90-lci\/#primaryimage"},"image":{"@id":"https:\/\/carbonmiledesign.pl\/produkt\/splitter-carbon-bmw-m5-f90-lci\/#primaryimage"},"thumbnailUrl":"https:\/\/carbonmiledesign.pl\/wp-content\/uploads\/2025\/03\/splitter-f90.jpeg","datePublished":"2025-03-11T07:57:35+00:00","dateModified":"2025-10-16T09:14:14+00:00","description":"Splitter carbon BMW M5 F90 LCI to po\u0142\u0105czenie agresywnego designu, lepszej aerodynamiki i najwy\u017cszej jako\u015bci wykonania \u2013 wybierz CM Design. \ud83d\ude80","breadcrumb":{"@id":"https:\/\/carbonmiledesign.pl\/produkt\/splitter-carbon-bmw-m5-f90-lci\/#breadcrumb"},"inLanguage":"en-US","potentialAction":[{"@type":"ReadAction","target":["https:\/\/carbonmiledesign.pl\/produkt\/splitter-carbon-bmw-m5-f90-lci\/"]}]},{"@type":"ImageObject","inLanguage":"en-US","@id":"https:\/\/carbonmiledesign.pl\/produkt\/splitter-carbon-bmw-m5-f90-lci\/#primaryimage","url":"https:\/\/carbonmiledesign.pl\/wp-content\/uploads\/2025\/03\/splitter-f90.jpeg","contentUrl":"https:\/\/carbonmiledesign.pl\/wp-content\/uploads\/2025\/03\/splitter-f90.jpeg","width":1000,"height":1000},{"@type":"BreadcrumbList","@id":"https:\/\/carbonmiledesign.pl\/produkt\/splitter-carbon-bmw-m5-f90-lci\/#breadcrumb","itemListElement":[{"@type":"ListItem","position":1,"name":"Strona g\u0142\u00f3wna","item":"https:\/\/carbonmiledesign.pl\/"},{"@type":"ListItem","position":2,"name":"Sklep","item":"https:\/\/carbonmiledesign.pl\/sklep-wysokiej-jakosci-czesci-carbon\/"},{"@type":"ListItem","position":3,"name":"Splitter carbon BMW M5 F90 LCI"}]},{"@type":"WebSite","@id":"https:\/\/carbonmiledesign.pl\/#website","url":"https:\/\/carbonmiledesign.pl\/","name":"Carbonmile Design","description":"","publisher":{"@id":"https:\/\/carbonmiledesign.pl\/#organization"},"alternateName":"CM Design","potentialAction":[{"@type":"SearchAction","target":{"@type":"EntryPoint","urlTemplate":"https:\/\/carbonmiledesign.pl\/?s={search_term_string}"},"query-input":{"@type":"PropertyValueSpecification","valueRequired":true,"valueName":"search_term_string"}}],"inLanguage":"en-US"},{"@type":"Organization","@id":"https:\/\/carbonmiledesign.pl\/#organization","name":"Carbonmile Design","url":"https:\/\/carbonmiledesign.pl\/","logo":{"@type":"ImageObject","inLanguage":"en-US","@id":"https:\/\/carbonmiledesign.pl\/#\/schema\/logo\/image\/","url":"https:\/\/carbonmiledesign.pl\/wp-content\/uploads\/2025\/01\/Carbonmiledesign-logo-czarne-przezroczyste-tlo.png","contentUrl":"https:\/\/carbonmiledesign.pl\/wp-content\/uploads\/2025\/01\/Carbonmiledesign-logo-czarne-przezroczyste-tlo.png","width":2420,"height":520,"caption":"Carbonmile Design"},"image":{"@id":"https:\/\/carbonmiledesign.pl\/#\/schema\/logo\/image\/"}}]}},"jetpack_sharing_enabled":true,"_links":{"self":[{"href":"https:\/\/carbonmiledesign.pl\/en\/wp-json\/wp\/v2\/product\/1884","targetHints":{"allow":["GET"]}}],"collection":[{"href":"https:\/\/carbonmiledesign.pl\/en\/wp-json\/wp\/v2\/product"}],"about":[{"href":"https:\/\/carbonmiledesign.pl\/en\/wp-json\/wp\/v2\/types\/product"}],"wp:featuredmedia":[{"embeddable":true,"href":"https:\/\/carbonmiledesign.pl\/en\/wp-json\/wp\/v2\/media\/1885"}],"wp:attachment":[{"href":"https:\/\/carbonmiledesign.pl\/en\/wp-json\/wp\/v2\/media?parent=1884"}],"wp:term":[{"taxonomy":"product_brand","embeddable":true,"href":"https:\/\/carbonmiledesign.pl\/en\/wp-json\/wp\/v2\/product_brand?post=1884"},{"taxonomy":"product_cat","embeddable":true,"href":"https:\/\/carbonmiledesign.pl\/en\/wp-json\/wp\/v2\/product_cat?post=1884"},{"taxonomy":"product_tag","embeddable":true,"href":"https:\/\/carbonmiledesign.pl\/en\/wp-json\/wp\/v2\/product_tag?post=1884"}],"curies":[{"name":"wp","href":"https:\/\/api.w.org\/{rel}","templated":true}]}}