{"id":1870,"date":"2025-03-10T13:37:27","date_gmt":"2025-03-10T12:37:27","guid":{"rendered":"https:\/\/carbonmiledesign.pl\/?post_type=product&#038;p=1870"},"modified":"2025-10-16T14:56:53","modified_gmt":"2025-10-16T12:56:53","slug":"lotka-carbon-mp-pro-style-bmw-seria-5-g30-m5-f90","status":"publish","type":"product","link":"https:\/\/carbonmiledesign.pl\/en\/product\/lotka-carbon-mp-pro-style-bmw-seria-5-g30-m5-f90\/","title":{"rendered":"Carbon fibre MP PRO Style spoiler BMW 5 Series G30 M5 F90"},"content":{"rendered":"<h2><strong>Carbon fibre MP PRO Style spoiler BMW 5 Series G30 M5 F90<\/strong><\/h2>\n<p><span style=\"font-size: 100%;\"><strong>Manufacturer:<\/strong> CM Design\u00a0<\/span><\/p>\n<p><span style=\"font-size: 100%;\"><strong>Material: <\/strong>Carbon fibre<\/span><\/p>\n<p><b>Fits to:<\/b><\/p>\n<ul>\n<li>BMW M5 F90<\/li>\n<li>BMW serii 5 G30<\/li>\n<\/ul>\n<p><span style=\"font-size: 100%;\">Wysokiej jako\u015bci lotka, wykonana z carbonu to \u015bwietne rozwi\u0105zanie zar\u00f3wno jako element uzupe\u0142niaj\u0105cy pakietu fabrycznego carbon, jak r\u00f3wnie\u017c jako cz\u0119\u015b\u0107 wi\u0119kszej realizacji! Lotka wzorowana na wersjach &#8222;CS&#8221;, posiada charakterystyczne przet\u0142oczenie na \u015brodku. Dzi\u0119ki ostrym kszta\u0142tom, \u015bwietnie podkre\u015bla sportowy charakter samochodu.\u00a0<\/span><\/p>\n<p>The highest production standards ensure not only an outstanding appearance but also the highest quality and durability.<\/p>","protected":false},"excerpt":{"rendered":"<p><strong><span style=\"font-size: 75%;\">LOTKA CARBON MP PRO STYLE BMW SERII 5 G30 M5 F90<\/span><\/strong><\/p>\n<p><span style=\"font-size: 10.8px;\">Lotka, wykonana z najwy\u017cszej jako\u015bci carbonu, \u015bwietnie podkre\u015bli agresywn\u0105 sylwetk\u0119 Twojego samochodu, przywo\u0142uj\u0105c na my\u015bl sporty motorowe.\u00a0<\/span><\/p>\n<p><span style=\"font-size: 75%;\"><strong>Fits to:<\/strong><\/span><\/p>\n<ul>\n<li><span style=\"font-size: 75%;\">BMW M5 F90<\/span><\/li>\n<li><span style=\"font-size: 75%;\">BMW serii 5 G30<\/span><\/li>\n<\/ul>\n<p><span style=\"font-size: 75%;\"><strong>Estimated production time:<\/strong> <em>25 dni\u00a0<\/em><\/span><\/p>","protected":false},"featured_media":1871,"template":"","meta":[],"product_brand":[],"product_cat":[200,70,199,144],"product_tag":[192,77,191,190],"class_list":{"0":"post-1870","1":"product","2":"type-product","3":"status-publish","4":"has-post-thumbnail","6":"product_cat-5-g31","7":"product_cat-bmw","8":"product_cat-m5-f90","9":"product_cat-seria-5-m5","10":"product_tag-5-g30","11":"product_tag-bmw","12":"product_tag-m5-f90","13":"product_tag-seria-5-m5","14":"product_shipping_class-mala","15":"pa_generacja-g20","16":"pa_generacja-g80","17":"pa_marka-bmw","18":"pa_model-seria-3-m3","20":"first","21":"instock","22":"shipping-taxable","23":"purchasable","24":"product-type-simple"},"yoast_head":"<!-- This site is optimized with the Yoast SEO plugin v26.6 - https:\/\/yoast.com\/wordpress\/plugins\/seo\/ -->\n<title>Lotka carbon MP PRO Style BMW seria 5 G30 M5 F90<\/title>\n<meta name=\"description\" content=\"Lotka carbon MP PRO Style BMW seria 5 G30 M5 F90 dzi\u0119ki charakterystycznemu przet\u0142oczeniu, \u015bwietnie podkre\u015bla agresywny charakter samochodu!\" \/>\n<meta name=\"robots\" content=\"index, follow, max-snippet:-1, max-image-preview:large, max-video-preview:-1\" \/>\n<link rel=\"canonical\" href=\"https:\/\/carbonmiledesign.pl\/en\/product\/lotka-carbon-mp-pro-style-bmw-seria-5-g30-m5-f90\/\" \/>\n<meta property=\"og:locale\" content=\"en_US\" \/>\n<meta property=\"og:type\" content=\"article\" \/>\n<meta property=\"og:title\" content=\"Lotka carbon MP PRO Style BMW seria 5 G30 M5 F90\" \/>\n<meta property=\"og:description\" content=\"Lotka carbon MP PRO Style BMW seria 5 G30 M5 F90 dzi\u0119ki charakterystycznemu przet\u0142oczeniu, \u015bwietnie podkre\u015bla agresywny charakter samochodu!\" \/>\n<meta property=\"og:url\" content=\"https:\/\/carbonmiledesign.pl\/en\/product\/lotka-carbon-mp-pro-style-bmw-seria-5-g30-m5-f90\/\" \/>\n<meta property=\"og:site_name\" content=\"CarbonMile design\" \/>\n<meta property=\"article:modified_time\" content=\"2025-10-16T12:56:53+00:00\" \/>\n<meta property=\"og:image\" content=\"https:\/\/carbonmiledesign.pl\/wp-content\/uploads\/2025\/03\/lotka-pro-f90.jpeg\" \/>\n\t<meta property=\"og:image:width\" content=\"1000\" \/>\n\t<meta property=\"og:image:height\" content=\"1000\" \/>\n\t<meta property=\"og:image:type\" content=\"image\/jpeg\" \/>\n<meta name=\"twitter:card\" content=\"summary_large_image\" \/>\n<meta name=\"twitter:label1\" content=\"Est. reading time\" \/>\n\t<meta name=\"twitter:data1\" content=\"1 minute\" \/>\n<script type=\"application\/ld+json\" class=\"yoast-schema-graph\">{\"@context\":\"https:\/\/schema.org\",\"@graph\":[{\"@type\":\"WebPage\",\"@id\":\"https:\/\/carbonmiledesign.pl\/produkt\/lotka-carbon-mp-pro-style-bmw-seria-5-g30-m5-f90\/\",\"url\":\"https:\/\/carbonmiledesign.pl\/produkt\/lotka-carbon-mp-pro-style-bmw-seria-5-g30-m5-f90\/\",\"name\":\"Lotka carbon MP PRO Style BMW seria 5 G30 M5 F90\",\"isPartOf\":{\"@id\":\"https:\/\/carbonmiledesign.pl\/#website\"},\"primaryImageOfPage\":{\"@id\":\"https:\/\/carbonmiledesign.pl\/produkt\/lotka-carbon-mp-pro-style-bmw-seria-5-g30-m5-f90\/#primaryimage\"},\"image\":{\"@id\":\"https:\/\/carbonmiledesign.pl\/produkt\/lotka-carbon-mp-pro-style-bmw-seria-5-g30-m5-f90\/#primaryimage\"},\"thumbnailUrl\":\"https:\/\/carbonmiledesign.pl\/wp-content\/uploads\/2025\/03\/lotka-pro-f90.jpeg\",\"datePublished\":\"2025-03-10T12:37:27+00:00\",\"dateModified\":\"2025-10-16T12:56:53+00:00\",\"description\":\"Lotka carbon MP PRO Style BMW seria 5 G30 M5 F90 dzi\u0119ki charakterystycznemu przet\u0142oczeniu, \u015bwietnie podkre\u015bla agresywny charakter samochodu!\",\"breadcrumb\":{\"@id\":\"https:\/\/carbonmiledesign.pl\/produkt\/lotka-carbon-mp-pro-style-bmw-seria-5-g30-m5-f90\/#breadcrumb\"},\"inLanguage\":\"en-US\",\"potentialAction\":[{\"@type\":\"ReadAction\",\"target\":[\"https:\/\/carbonmiledesign.pl\/produkt\/lotka-carbon-mp-pro-style-bmw-seria-5-g30-m5-f90\/\"]}]},{\"@type\":\"ImageObject\",\"inLanguage\":\"en-US\",\"@id\":\"https:\/\/carbonmiledesign.pl\/produkt\/lotka-carbon-mp-pro-style-bmw-seria-5-g30-m5-f90\/#primaryimage\",\"url\":\"https:\/\/carbonmiledesign.pl\/wp-content\/uploads\/2025\/03\/lotka-pro-f90.jpeg\",\"contentUrl\":\"https:\/\/carbonmiledesign.pl\/wp-content\/uploads\/2025\/03\/lotka-pro-f90.jpeg\",\"width\":1000,\"height\":1000},{\"@type\":\"BreadcrumbList\",\"@id\":\"https:\/\/carbonmiledesign.pl\/produkt\/lotka-carbon-mp-pro-style-bmw-seria-5-g30-m5-f90\/#breadcrumb\",\"itemListElement\":[{\"@type\":\"ListItem\",\"position\":1,\"name\":\"Strona g\u0142\u00f3wna\",\"item\":\"https:\/\/carbonmiledesign.pl\/\"},{\"@type\":\"ListItem\",\"position\":2,\"name\":\"Sklep\",\"item\":\"https:\/\/carbonmiledesign.pl\/sklep-wysokiej-jakosci-czesci-carbon\/\"},{\"@type\":\"ListItem\",\"position\":3,\"name\":\"Lotka carbon MP PRO Style BMW seria 5 G30 M5 F90\"}]},{\"@type\":\"WebSite\",\"@id\":\"https:\/\/carbonmiledesign.pl\/#website\",\"url\":\"https:\/\/carbonmiledesign.pl\/\",\"name\":\"Carbonmile Design\",\"description\":\"\",\"publisher\":{\"@id\":\"https:\/\/carbonmiledesign.pl\/#organization\"},\"alternateName\":\"CM Design\",\"potentialAction\":[{\"@type\":\"SearchAction\",\"target\":{\"@type\":\"EntryPoint\",\"urlTemplate\":\"https:\/\/carbonmiledesign.pl\/?s={search_term_string}\"},\"query-input\":{\"@type\":\"PropertyValueSpecification\",\"valueRequired\":true,\"valueName\":\"search_term_string\"}}],\"inLanguage\":\"en-US\"},{\"@type\":\"Organization\",\"@id\":\"https:\/\/carbonmiledesign.pl\/#organization\",\"name\":\"Carbonmile Design\",\"url\":\"https:\/\/carbonmiledesign.pl\/\",\"logo\":{\"@type\":\"ImageObject\",\"inLanguage\":\"en-US\",\"@id\":\"https:\/\/carbonmiledesign.pl\/#\/schema\/logo\/image\/\",\"url\":\"https:\/\/carbonmiledesign.pl\/wp-content\/uploads\/2025\/01\/Carbonmiledesign-logo-czarne-przezroczyste-tlo.png\",\"contentUrl\":\"https:\/\/carbonmiledesign.pl\/wp-content\/uploads\/2025\/01\/Carbonmiledesign-logo-czarne-przezroczyste-tlo.png\",\"width\":2420,\"height\":520,\"caption\":\"Carbonmile Design\"},\"image\":{\"@id\":\"https:\/\/carbonmiledesign.pl\/#\/schema\/logo\/image\/\"}}]}<\/script>\n<!-- \/ Yoast SEO plugin. -->","yoast_head_json":{"title":"Carbon fibre MP PRO Style spoiler BMW 5 Series G30 M5 F90","description":"Lotka carbon MP PRO Style BMW seria 5 G30 M5 F90 dzi\u0119ki charakterystycznemu przet\u0142oczeniu, \u015bwietnie podkre\u015bla agresywny charakter samochodu!","robots":{"index":"index","follow":"follow","max-snippet":"max-snippet:-1","max-image-preview":"max-image-preview:large","max-video-preview":"max-video-preview:-1"},"canonical":"https:\/\/carbonmiledesign.pl\/en\/product\/lotka-carbon-mp-pro-style-bmw-seria-5-g30-m5-f90\/","og_locale":"en_US","og_type":"article","og_title":"Lotka carbon MP PRO Style BMW seria 5 G30 M5 F90","og_description":"Lotka carbon MP PRO Style BMW seria 5 G30 M5 F90 dzi\u0119ki charakterystycznemu przet\u0142oczeniu, \u015bwietnie podkre\u015bla agresywny charakter samochodu!","og_url":"https:\/\/carbonmiledesign.pl\/en\/product\/lotka-carbon-mp-pro-style-bmw-seria-5-g30-m5-f90\/","og_site_name":"CarbonMile design","article_modified_time":"2025-10-16T12:56:53+00:00","og_image":[{"width":1000,"height":1000,"url":"https:\/\/carbonmiledesign.pl\/wp-content\/uploads\/2025\/03\/lotka-pro-f90.jpeg","type":"image\/jpeg"}],"twitter_card":"summary_large_image","twitter_misc":{"Est. reading time":"1 minute"},"schema":{"@context":"https:\/\/schema.org","@graph":[{"@type":"WebPage","@id":"https:\/\/carbonmiledesign.pl\/produkt\/lotka-carbon-mp-pro-style-bmw-seria-5-g30-m5-f90\/","url":"https:\/\/carbonmiledesign.pl\/produkt\/lotka-carbon-mp-pro-style-bmw-seria-5-g30-m5-f90\/","name":"Carbon fibre MP PRO Style spoiler BMW 5 Series G30 M5 F90","isPartOf":{"@id":"https:\/\/carbonmiledesign.pl\/#website"},"primaryImageOfPage":{"@id":"https:\/\/carbonmiledesign.pl\/produkt\/lotka-carbon-mp-pro-style-bmw-seria-5-g30-m5-f90\/#primaryimage"},"image":{"@id":"https:\/\/carbonmiledesign.pl\/produkt\/lotka-carbon-mp-pro-style-bmw-seria-5-g30-m5-f90\/#primaryimage"},"thumbnailUrl":"https:\/\/carbonmiledesign.pl\/wp-content\/uploads\/2025\/03\/lotka-pro-f90.jpeg","datePublished":"2025-03-10T12:37:27+00:00","dateModified":"2025-10-16T12:56:53+00:00","description":"Lotka carbon MP PRO Style BMW seria 5 G30 M5 F90 dzi\u0119ki charakterystycznemu przet\u0142oczeniu, \u015bwietnie podkre\u015bla agresywny charakter samochodu!","breadcrumb":{"@id":"https:\/\/carbonmiledesign.pl\/produkt\/lotka-carbon-mp-pro-style-bmw-seria-5-g30-m5-f90\/#breadcrumb"},"inLanguage":"en-US","potentialAction":[{"@type":"ReadAction","target":["https:\/\/carbonmiledesign.pl\/produkt\/lotka-carbon-mp-pro-style-bmw-seria-5-g30-m5-f90\/"]}]},{"@type":"ImageObject","inLanguage":"en-US","@id":"https:\/\/carbonmiledesign.pl\/produkt\/lotka-carbon-mp-pro-style-bmw-seria-5-g30-m5-f90\/#primaryimage","url":"https:\/\/carbonmiledesign.pl\/wp-content\/uploads\/2025\/03\/lotka-pro-f90.jpeg","contentUrl":"https:\/\/carbonmiledesign.pl\/wp-content\/uploads\/2025\/03\/lotka-pro-f90.jpeg","width":1000,"height":1000},{"@type":"BreadcrumbList","@id":"https:\/\/carbonmiledesign.pl\/produkt\/lotka-carbon-mp-pro-style-bmw-seria-5-g30-m5-f90\/#breadcrumb","itemListElement":[{"@type":"ListItem","position":1,"name":"Strona g\u0142\u00f3wna","item":"https:\/\/carbonmiledesign.pl\/"},{"@type":"ListItem","position":2,"name":"Sklep","item":"https:\/\/carbonmiledesign.pl\/sklep-wysokiej-jakosci-czesci-carbon\/"},{"@type":"ListItem","position":3,"name":"Lotka carbon MP PRO Style BMW seria 5 G30 M5 F90"}]},{"@type":"WebSite","@id":"https:\/\/carbonmiledesign.pl\/#website","url":"https:\/\/carbonmiledesign.pl\/","name":"Carbonmile Design","description":"","publisher":{"@id":"https:\/\/carbonmiledesign.pl\/#organization"},"alternateName":"CM Design","potentialAction":[{"@type":"SearchAction","target":{"@type":"EntryPoint","urlTemplate":"https:\/\/carbonmiledesign.pl\/?s={search_term_string}"},"query-input":{"@type":"PropertyValueSpecification","valueRequired":true,"valueName":"search_term_string"}}],"inLanguage":"en-US"},{"@type":"Organization","@id":"https:\/\/carbonmiledesign.pl\/#organization","name":"Carbonmile Design","url":"https:\/\/carbonmiledesign.pl\/","logo":{"@type":"ImageObject","inLanguage":"en-US","@id":"https:\/\/carbonmiledesign.pl\/#\/schema\/logo\/image\/","url":"https:\/\/carbonmiledesign.pl\/wp-content\/uploads\/2025\/01\/Carbonmiledesign-logo-czarne-przezroczyste-tlo.png","contentUrl":"https:\/\/carbonmiledesign.pl\/wp-content\/uploads\/2025\/01\/Carbonmiledesign-logo-czarne-przezroczyste-tlo.png","width":2420,"height":520,"caption":"Carbonmile Design"},"image":{"@id":"https:\/\/carbonmiledesign.pl\/#\/schema\/logo\/image\/"}}]}},"jetpack_sharing_enabled":true,"_links":{"self":[{"href":"https:\/\/carbonmiledesign.pl\/en\/wp-json\/wp\/v2\/product\/1870","targetHints":{"allow":["GET"]}}],"collection":[{"href":"https:\/\/carbonmiledesign.pl\/en\/wp-json\/wp\/v2\/product"}],"about":[{"href":"https:\/\/carbonmiledesign.pl\/en\/wp-json\/wp\/v2\/types\/product"}],"wp:featuredmedia":[{"embeddable":true,"href":"https:\/\/carbonmiledesign.pl\/en\/wp-json\/wp\/v2\/media\/1871"}],"wp:attachment":[{"href":"https:\/\/carbonmiledesign.pl\/en\/wp-json\/wp\/v2\/media?parent=1870"}],"wp:term":[{"taxonomy":"product_brand","embeddable":true,"href":"https:\/\/carbonmiledesign.pl\/en\/wp-json\/wp\/v2\/product_brand?post=1870"},{"taxonomy":"product_cat","embeddable":true,"href":"https:\/\/carbonmiledesign.pl\/en\/wp-json\/wp\/v2\/product_cat?post=1870"},{"taxonomy":"product_tag","embeddable":true,"href":"https:\/\/carbonmiledesign.pl\/en\/wp-json\/wp\/v2\/product_tag?post=1870"}],"curies":[{"name":"wp","href":"https:\/\/api.w.org\/{rel}","templated":true}]}}