{"id":1828,"date":"2025-03-07T12:00:25","date_gmt":"2025-03-07T11:00:25","guid":{"rendered":"https:\/\/carbonmiledesign.pl\/?post_type=product&#038;p=1828"},"modified":"2025-12-02T01:49:00","modified_gmt":"2025-12-02T00:49:00","slug":"spoiler-lotka-mp-style-bmw-m2-g87","status":"publish","type":"product","link":"https:\/\/carbonmiledesign.pl\/en\/product\/spoiler-lotka-mp-style-bmw-m2-g87\/","title":{"rendered":"MP style spoiler BMW M2 G87"},"content":{"rendered":"<h2><strong>MP style spoiler BMW M2 G87<\/strong><\/h2>\n<div id=\"accordion-description\" class=\"accordion-item\">\n<div id=\"accordion-description-content\" class=\"accordion-inner\" aria-labelledby=\"accordion-description-label\">\n<p><strong>Manufacturer:<\/strong>\u00a0CM Design<\/p>\n<p><strong>Material:\u00a0<\/strong>Carbon \u2013 Carbon Fibre (<a href=\"https:\/\/carbonmiledesign.pl\/karbon-od-podstaw-co-warto-wiedziec\/\">Dry carbon<\/a>)<\/p>\n<p><b>Fits to:<\/b><\/p>\n<ul>\n<li>BMW M2 G87<\/li>\n<\/ul>\n<p data-start=\"779\" data-end=\"1163\">The MP Style spoiler made of carbon is the perfect accessory for the BMW M2 G87, which emphasizes the sporty character of the car. Its expressive form makes the rear part of the car look more dynamic and modern. The carbon fiber provides exceptional aesthetics and durability, and the thoughtful shape of the spoiler fits in with the exterior design, giving it an even more aggressive look.<\/p>\n<p data-start=\"994\" data-end=\"1103\">The highest production standards ensure perfect fitment, durability, and an exceptional sporty appearance.<\/p>\n<\/div>\n<\/div>\n<div id=\"accordion-additional_information\" class=\"accordion-item\"><\/div>","protected":false},"excerpt":{"rendered":"<h2><span style=\"font-size: 75%;\"><strong>MP style spoiler BMW M2 G87<\/strong><\/span><\/h2>\n<p data-start=\"71\" data-end=\"398\"><span style=\"font-size: 75%;\">The MP Style spoiler is an element that gives the BMW M2 G87 a more aggressive and sporty look. Its precisely designed shape blends perfectly with the body line, emphasizing the dynamic character of the vehicle. Made of high-quality carbon, it not only looks great, but also improves airflow over the rear of the car. It's ideal for those who want to add even more motorsport-inspired style to their M2.<\/span><\/p>\n<p><span style=\"font-size: 75%;\"><strong>Fits to:<\/strong><\/span><\/p>\n<ul>\n<li><span style=\"font-size: 75%;\">BMW M2 G87<\/span><\/li>\n<\/ul>\n<p><span style=\"font-size: 75%;\"><strong>Estimated production time:<\/strong>\u00a029<em>days<\/em><\/span><\/p>","protected":false},"featured_media":1847,"template":"","meta":[],"product_brand":[],"product_cat":[70,203,146],"product_tag":[77,197,204],"class_list":{"0":"post-1828","1":"product","2":"type-product","3":"status-publish","4":"has-post-thumbnail","6":"product_cat-bmw","7":"product_cat-m2-g87","8":"product_cat-seria-2-m2","9":"product_tag-bmw","10":"product_tag-m2-g87","11":"product_tag-seria-2-m2","12":"product_shipping_class-srednia","13":"pa_generacja-g87","14":"pa_marka-bmw","15":"pa_model-seria-2-m2","17":"first","18":"instock","19":"shipping-taxable","20":"purchasable","21":"product-type-simple"},"yoast_head":"<!-- This site is optimized with the Yoast SEO plugin v26.6 - https:\/\/yoast.com\/wordpress\/plugins\/seo\/ -->\n<title>Spoiler lotka MP style BMW M2 G87<\/title>\n<meta name=\"description\" content=\"Spoiler MP Style z carbonu to po\u0142\u0105czenie agresywnego designu, poprawionej aerodynamiki i najwy\u017cszej jako\u015bci \u2013 wybierz CM Design. \ud83d\ude80\ud83d\udd25\" \/>\n<meta name=\"robots\" content=\"index, follow, max-snippet:-1, max-image-preview:large, max-video-preview:-1\" \/>\n<link rel=\"canonical\" href=\"https:\/\/carbonmiledesign.pl\/en\/product\/spoiler-lotka-mp-style-bmw-m2-g87\/\" \/>\n<meta property=\"og:locale\" content=\"en_US\" \/>\n<meta property=\"og:type\" content=\"article\" \/>\n<meta property=\"og:title\" content=\"Spoiler lotka MP style BMW M2 G87\" \/>\n<meta property=\"og:description\" content=\"Spoiler MP Style z carbonu to po\u0142\u0105czenie agresywnego designu, poprawionej aerodynamiki i najwy\u017cszej jako\u015bci \u2013 wybierz CM Design. \ud83d\ude80\ud83d\udd25\" \/>\n<meta property=\"og:url\" content=\"https:\/\/carbonmiledesign.pl\/en\/product\/spoiler-lotka-mp-style-bmw-m2-g87\/\" \/>\n<meta property=\"og:site_name\" content=\"CarbonMile design\" \/>\n<meta property=\"article:modified_time\" content=\"2025-12-02T00:49:00+00:00\" \/>\n<meta property=\"og:image\" content=\"https:\/\/carbonmiledesign.pl\/wp-content\/uploads\/2025\/03\/IMG_1658.jpg\" \/>\n\t<meta property=\"og:image:width\" content=\"1000\" \/>\n\t<meta property=\"og:image:height\" content=\"1000\" \/>\n\t<meta property=\"og:image:type\" content=\"image\/jpeg\" \/>\n<meta name=\"twitter:card\" content=\"summary_large_image\" \/>\n<meta name=\"twitter:label1\" content=\"Est. reading time\" \/>\n\t<meta name=\"twitter:data1\" content=\"1 minute\" \/>\n<script type=\"application\/ld+json\" class=\"yoast-schema-graph\">{\"@context\":\"https:\/\/schema.org\",\"@graph\":[{\"@type\":\"WebPage\",\"@id\":\"https:\/\/carbonmiledesign.pl\/produkt\/spoiler-lotka-mp-style-bmw-m2-g87\/\",\"url\":\"https:\/\/carbonmiledesign.pl\/produkt\/spoiler-lotka-mp-style-bmw-m2-g87\/\",\"name\":\"Spoiler lotka MP style BMW M2 G87\",\"isPartOf\":{\"@id\":\"https:\/\/carbonmiledesign.pl\/#website\"},\"primaryImageOfPage\":{\"@id\":\"https:\/\/carbonmiledesign.pl\/produkt\/spoiler-lotka-mp-style-bmw-m2-g87\/#primaryimage\"},\"image\":{\"@id\":\"https:\/\/carbonmiledesign.pl\/produkt\/spoiler-lotka-mp-style-bmw-m2-g87\/#primaryimage\"},\"thumbnailUrl\":\"https:\/\/carbonmiledesign.pl\/wp-content\/uploads\/2025\/03\/IMG_1658.jpg\",\"datePublished\":\"2025-03-07T11:00:25+00:00\",\"dateModified\":\"2025-12-02T00:49:00+00:00\",\"description\":\"Spoiler MP Style z carbonu to po\u0142\u0105czenie agresywnego designu, poprawionej aerodynamiki i najwy\u017cszej jako\u015bci \u2013 wybierz CM Design. \ud83d\ude80\ud83d\udd25\",\"breadcrumb\":{\"@id\":\"https:\/\/carbonmiledesign.pl\/produkt\/spoiler-lotka-mp-style-bmw-m2-g87\/#breadcrumb\"},\"inLanguage\":\"en-US\",\"potentialAction\":[{\"@type\":\"ReadAction\",\"target\":[\"https:\/\/carbonmiledesign.pl\/produkt\/spoiler-lotka-mp-style-bmw-m2-g87\/\"]}]},{\"@type\":\"ImageObject\",\"inLanguage\":\"en-US\",\"@id\":\"https:\/\/carbonmiledesign.pl\/produkt\/spoiler-lotka-mp-style-bmw-m2-g87\/#primaryimage\",\"url\":\"https:\/\/carbonmiledesign.pl\/wp-content\/uploads\/2025\/03\/IMG_1658.jpg\",\"contentUrl\":\"https:\/\/carbonmiledesign.pl\/wp-content\/uploads\/2025\/03\/IMG_1658.jpg\",\"width\":1000,\"height\":1000},{\"@type\":\"BreadcrumbList\",\"@id\":\"https:\/\/carbonmiledesign.pl\/produkt\/spoiler-lotka-mp-style-bmw-m2-g87\/#breadcrumb\",\"itemListElement\":[{\"@type\":\"ListItem\",\"position\":1,\"name\":\"Strona g\u0142\u00f3wna\",\"item\":\"https:\/\/carbonmiledesign.pl\/\"},{\"@type\":\"ListItem\",\"position\":2,\"name\":\"Sklep\",\"item\":\"https:\/\/carbonmiledesign.pl\/sklep-wysokiej-jakosci-czesci-carbon\/\"},{\"@type\":\"ListItem\",\"position\":3,\"name\":\"Spoiler lotka MP style BMW M2 G87\"}]},{\"@type\":\"WebSite\",\"@id\":\"https:\/\/carbonmiledesign.pl\/#website\",\"url\":\"https:\/\/carbonmiledesign.pl\/\",\"name\":\"Carbonmile Design\",\"description\":\"\",\"publisher\":{\"@id\":\"https:\/\/carbonmiledesign.pl\/#organization\"},\"alternateName\":\"CM Design\",\"potentialAction\":[{\"@type\":\"SearchAction\",\"target\":{\"@type\":\"EntryPoint\",\"urlTemplate\":\"https:\/\/carbonmiledesign.pl\/?s={search_term_string}\"},\"query-input\":{\"@type\":\"PropertyValueSpecification\",\"valueRequired\":true,\"valueName\":\"search_term_string\"}}],\"inLanguage\":\"en-US\"},{\"@type\":\"Organization\",\"@id\":\"https:\/\/carbonmiledesign.pl\/#organization\",\"name\":\"Carbonmile Design\",\"url\":\"https:\/\/carbonmiledesign.pl\/\",\"logo\":{\"@type\":\"ImageObject\",\"inLanguage\":\"en-US\",\"@id\":\"https:\/\/carbonmiledesign.pl\/#\/schema\/logo\/image\/\",\"url\":\"https:\/\/carbonmiledesign.pl\/wp-content\/uploads\/2025\/01\/Carbonmiledesign-logo-czarne-przezroczyste-tlo.png\",\"contentUrl\":\"https:\/\/carbonmiledesign.pl\/wp-content\/uploads\/2025\/01\/Carbonmiledesign-logo-czarne-przezroczyste-tlo.png\",\"width\":2420,\"height\":520,\"caption\":\"Carbonmile Design\"},\"image\":{\"@id\":\"https:\/\/carbonmiledesign.pl\/#\/schema\/logo\/image\/\"}}]}<\/script>\n<!-- \/ Yoast SEO plugin. -->","yoast_head_json":{"title":"MP style spoiler BMW M2 G87","description":"Spoiler MP Style z carbonu to po\u0142\u0105czenie agresywnego designu, poprawionej aerodynamiki i najwy\u017cszej jako\u015bci \u2013 wybierz CM Design. \ud83d\ude80\ud83d\udd25","robots":{"index":"index","follow":"follow","max-snippet":"max-snippet:-1","max-image-preview":"max-image-preview:large","max-video-preview":"max-video-preview:-1"},"canonical":"https:\/\/carbonmiledesign.pl\/en\/product\/spoiler-lotka-mp-style-bmw-m2-g87\/","og_locale":"en_US","og_type":"article","og_title":"Spoiler lotka MP style BMW M2 G87","og_description":"Spoiler MP Style z carbonu to po\u0142\u0105czenie agresywnego designu, poprawionej aerodynamiki i najwy\u017cszej jako\u015bci \u2013 wybierz CM Design. \ud83d\ude80\ud83d\udd25","og_url":"https:\/\/carbonmiledesign.pl\/en\/product\/spoiler-lotka-mp-style-bmw-m2-g87\/","og_site_name":"CarbonMile design","article_modified_time":"2025-12-02T00:49:00+00:00","og_image":[{"width":1000,"height":1000,"url":"https:\/\/carbonmiledesign.pl\/wp-content\/uploads\/2025\/03\/IMG_1658.jpg","type":"image\/jpeg"}],"twitter_card":"summary_large_image","twitter_misc":{"Est. reading time":"1 minute"},"schema":{"@context":"https:\/\/schema.org","@graph":[{"@type":"WebPage","@id":"https:\/\/carbonmiledesign.pl\/produkt\/spoiler-lotka-mp-style-bmw-m2-g87\/","url":"https:\/\/carbonmiledesign.pl\/produkt\/spoiler-lotka-mp-style-bmw-m2-g87\/","name":"MP style spoiler BMW M2 G87","isPartOf":{"@id":"https:\/\/carbonmiledesign.pl\/#website"},"primaryImageOfPage":{"@id":"https:\/\/carbonmiledesign.pl\/produkt\/spoiler-lotka-mp-style-bmw-m2-g87\/#primaryimage"},"image":{"@id":"https:\/\/carbonmiledesign.pl\/produkt\/spoiler-lotka-mp-style-bmw-m2-g87\/#primaryimage"},"thumbnailUrl":"https:\/\/carbonmiledesign.pl\/wp-content\/uploads\/2025\/03\/IMG_1658.jpg","datePublished":"2025-03-07T11:00:25+00:00","dateModified":"2025-12-02T00:49:00+00:00","description":"Spoiler MP Style z carbonu to po\u0142\u0105czenie agresywnego designu, poprawionej aerodynamiki i najwy\u017cszej jako\u015bci \u2013 wybierz CM Design. \ud83d\ude80\ud83d\udd25","breadcrumb":{"@id":"https:\/\/carbonmiledesign.pl\/produkt\/spoiler-lotka-mp-style-bmw-m2-g87\/#breadcrumb"},"inLanguage":"en-US","potentialAction":[{"@type":"ReadAction","target":["https:\/\/carbonmiledesign.pl\/produkt\/spoiler-lotka-mp-style-bmw-m2-g87\/"]}]},{"@type":"ImageObject","inLanguage":"en-US","@id":"https:\/\/carbonmiledesign.pl\/produkt\/spoiler-lotka-mp-style-bmw-m2-g87\/#primaryimage","url":"https:\/\/carbonmiledesign.pl\/wp-content\/uploads\/2025\/03\/IMG_1658.jpg","contentUrl":"https:\/\/carbonmiledesign.pl\/wp-content\/uploads\/2025\/03\/IMG_1658.jpg","width":1000,"height":1000},{"@type":"BreadcrumbList","@id":"https:\/\/carbonmiledesign.pl\/produkt\/spoiler-lotka-mp-style-bmw-m2-g87\/#breadcrumb","itemListElement":[{"@type":"ListItem","position":1,"name":"Strona g\u0142\u00f3wna","item":"https:\/\/carbonmiledesign.pl\/"},{"@type":"ListItem","position":2,"name":"Sklep","item":"https:\/\/carbonmiledesign.pl\/sklep-wysokiej-jakosci-czesci-carbon\/"},{"@type":"ListItem","position":3,"name":"Spoiler lotka MP style BMW M2 G87"}]},{"@type":"WebSite","@id":"https:\/\/carbonmiledesign.pl\/#website","url":"https:\/\/carbonmiledesign.pl\/","name":"Carbonmile Design","description":"","publisher":{"@id":"https:\/\/carbonmiledesign.pl\/#organization"},"alternateName":"CM Design","potentialAction":[{"@type":"SearchAction","target":{"@type":"EntryPoint","urlTemplate":"https:\/\/carbonmiledesign.pl\/?s={search_term_string}"},"query-input":{"@type":"PropertyValueSpecification","valueRequired":true,"valueName":"search_term_string"}}],"inLanguage":"en-US"},{"@type":"Organization","@id":"https:\/\/carbonmiledesign.pl\/#organization","name":"Carbonmile Design","url":"https:\/\/carbonmiledesign.pl\/","logo":{"@type":"ImageObject","inLanguage":"en-US","@id":"https:\/\/carbonmiledesign.pl\/#\/schema\/logo\/image\/","url":"https:\/\/carbonmiledesign.pl\/wp-content\/uploads\/2025\/01\/Carbonmiledesign-logo-czarne-przezroczyste-tlo.png","contentUrl":"https:\/\/carbonmiledesign.pl\/wp-content\/uploads\/2025\/01\/Carbonmiledesign-logo-czarne-przezroczyste-tlo.png","width":2420,"height":520,"caption":"Carbonmile Design"},"image":{"@id":"https:\/\/carbonmiledesign.pl\/#\/schema\/logo\/image\/"}}]}},"jetpack_sharing_enabled":true,"_links":{"self":[{"href":"https:\/\/carbonmiledesign.pl\/en\/wp-json\/wp\/v2\/product\/1828","targetHints":{"allow":["GET"]}}],"collection":[{"href":"https:\/\/carbonmiledesign.pl\/en\/wp-json\/wp\/v2\/product"}],"about":[{"href":"https:\/\/carbonmiledesign.pl\/en\/wp-json\/wp\/v2\/types\/product"}],"wp:featuredmedia":[{"embeddable":true,"href":"https:\/\/carbonmiledesign.pl\/en\/wp-json\/wp\/v2\/media\/1847"}],"wp:attachment":[{"href":"https:\/\/carbonmiledesign.pl\/en\/wp-json\/wp\/v2\/media?parent=1828"}],"wp:term":[{"taxonomy":"product_brand","embeddable":true,"href":"https:\/\/carbonmiledesign.pl\/en\/wp-json\/wp\/v2\/product_brand?post=1828"},{"taxonomy":"product_cat","embeddable":true,"href":"https:\/\/carbonmiledesign.pl\/en\/wp-json\/wp\/v2\/product_cat?post=1828"},{"taxonomy":"product_tag","embeddable":true,"href":"https:\/\/carbonmiledesign.pl\/en\/wp-json\/wp\/v2\/product_tag?post=1828"}],"curies":[{"name":"wp","href":"https:\/\/api.w.org\/{rel}","templated":true}]}}