{"id":1620,"date":"2025-03-04T15:35:19","date_gmt":"2025-03-04T14:35:19","guid":{"rendered":"https:\/\/carbonmiledesign.pl\/?post_type=product&#038;p=1620"},"modified":"2025-10-16T11:19:33","modified_gmt":"2025-10-16T09:19:33","slug":"obudowa-ramka-grilla-carbon-bmw-2-g42","status":"publish","type":"product","link":"https:\/\/carbonmiledesign.pl\/en\/product\/obudowa-ramka-grilla-carbon-bmw-2-g42\/","title":{"rendered":"Carbon fibre grille frame BMW 2 Series G42"},"content":{"rendered":"<h2><strong>OBUDOWA \/ RAMKA GRILLA CARBON BMW 2 G42<\/strong><\/h2>\n<p><span style=\"font-size: 100%;\"><strong>Manufacturer:<\/strong> CM Design<\/span><\/p>\n<p><span style=\"font-size: 100%;\"><strong>Material: <\/strong>Material: Carbon fibre (Dry carbon)<a href=\"https:\/\/carbonmiledesign.pl\/karbon-od-podstaw-co-warto-wiedziec\/\">Dry carbon<\/a>)<\/span><\/p>\n<p><b>Fits to:<\/b><\/p>\n<ul>\n<li>BMW 2 G42<\/li>\n<\/ul>\n<p data-start=\"626\" data-end=\"882\">Wysokiej jako\u015bci carbonowa obudowa grilla to \u015bwietne rozwi\u0105zanie zar\u00f3wno jako uzupe\u0142nienie fabrycznego pakietu carbon, jak i jako element wi\u0119kszej personalizacji. Zast\u0119puje standardow\u0105 ramk\u0119, nadaj\u0105c przodowi pojazdu bardziej agresywny i sportowy wygl\u0105d.<\/p>\n<p data-start=\"884\" data-end=\"994\">Najwy\u017csze standardy produkcji gwarantuj\u0105 doskona\u0142y wygl\u0105d, trwa\u0142o\u015b\u0107 i precyzyjne dopasowanie do Twojego samochodu.<\/p>","protected":false},"excerpt":{"rendered":"<h4><span style=\"font-size: 75%;\"><strong>OBUDOWA \/ RAMKA GRILLA CARBON BMW 2 G42<\/strong><\/span><\/h4>\n<p data-start=\"82\" data-end=\"341\"><span style=\"font-size: 75%;\">Obudowa grilla wykonana z najwy\u017cszej jako\u015bci carbonu podkre\u015bli sportowy i agresywny charakter Twojego BMW 2 G42, nadaj\u0105c mu unikalny wygl\u0105d inspirowany motorsportem. To doskona\u0142y spos\u00f3b na wyr\u00f3\u017cnienie si\u0119 na drodze i podkre\u015blenie dynamicznego stylu pojazdu.<\/span><\/p>\n<p><span style=\"font-size: 75%;\"><strong>Fits to:<\/strong><\/span><\/p>\n<ul>\n<li><span style=\"font-size: 75%;\">BMW 2 G42<\/span><\/li>\n<\/ul>\n<p><span style=\"font-size: 75%;\"><strong>Estimated production time:<\/strong> <em>28dni<\/em><\/span><\/p>","protected":false},"featured_media":1631,"template":"","meta":[],"product_brand":[],"product_cat":[202,70,146],"product_tag":[198,77,204],"class_list":{"0":"post-1620","1":"product","2":"type-product","3":"status-publish","4":"has-post-thumbnail","6":"product_cat-2-g42","7":"product_cat-bmw","8":"product_cat-seria-2-m2","9":"product_tag-2-g42","10":"product_tag-bmw","11":"product_tag-seria-2-m2","12":"product_shipping_class-mala","13":"pa_generacja-g42","14":"pa_marka-bmw","15":"pa_model-seria-2-m2","17":"first","18":"instock","19":"shipping-taxable","20":"purchasable","21":"product-type-simple"},"yoast_head":"<!-- This site is optimized with the Yoast SEO plugin v26.6 - https:\/\/yoast.com\/wordpress\/plugins\/seo\/ -->\n<title>Obudowa ramka grilla carbon BMW 2 G42<\/title>\n<meta name=\"description\" content=\"Podkre\u015bl sportowy charakter swojego BMW 2 G42! Perfekcyjne dopasowanie, najwy\u017csza jako\u015b\u0107 wykonania i unikalny design \u2013 postaw na CM Design. \ud83d\ude80\" \/>\n<meta name=\"robots\" content=\"index, follow, max-snippet:-1, max-image-preview:large, max-video-preview:-1\" \/>\n<link rel=\"canonical\" href=\"https:\/\/carbonmiledesign.pl\/en\/product\/grill-atrapa-carbon-acc-bmw-m3-g80-g81-m4-g82-g83\/\" \/>\n<meta property=\"og:locale\" content=\"en_US\" \/>\n<meta property=\"og:type\" content=\"article\" \/>\n<meta property=\"og:title\" content=\"Obudowa ramka grilla carbon BMW 2 G42\" \/>\n<meta property=\"og:description\" content=\"Podkre\u015bl sportowy charakter swojego BMW 2 G42! Perfekcyjne dopasowanie, najwy\u017csza jako\u015b\u0107 wykonania i unikalny design \u2013 postaw na CM Design. \ud83d\ude80\" \/>\n<meta property=\"og:url\" content=\"https:\/\/carbonmiledesign.pl\/en\/product\/grill-atrapa-carbon-acc-bmw-m3-g80-g81-m4-g82-g83\/\" \/>\n<meta property=\"og:site_name\" content=\"CarbonMile design\" \/>\n<meta property=\"article:modified_time\" content=\"2025-10-16T09:19:33+00:00\" \/>\n<meta property=\"og:image\" content=\"https:\/\/carbonmiledesign.pl\/wp-content\/uploads\/2025\/03\/IMG_5748.jpg\" \/>\n\t<meta property=\"og:image:width\" content=\"1000\" \/>\n\t<meta property=\"og:image:height\" content=\"1000\" \/>\n\t<meta property=\"og:image:type\" content=\"image\/jpeg\" \/>\n<meta name=\"twitter:card\" content=\"summary_large_image\" \/>\n<meta name=\"twitter:label1\" content=\"Est. reading time\" \/>\n\t<meta name=\"twitter:data1\" content=\"1 minute\" \/>\n<script type=\"application\/ld+json\" class=\"yoast-schema-graph\">{\"@context\":\"https:\/\/schema.org\",\"@graph\":[{\"@type\":\"WebPage\",\"@id\":\"https:\/\/carbonmiledesign.pl\/produkt\/obudowa-ramka-grilla-carbon-bmw-2-g42\/\",\"url\":\"https:\/\/carbonmiledesign.pl\/produkt\/grill-atrapa-carbon-acc-bmw-m3-g80-g81-m4-g82-g83\/\",\"name\":\"Obudowa ramka grilla carbon BMW 2 G42\",\"isPartOf\":{\"@id\":\"https:\/\/carbonmiledesign.pl\/#website\"},\"primaryImageOfPage\":{\"@id\":\"https:\/\/carbonmiledesign.pl\/produkt\/grill-atrapa-carbon-acc-bmw-m3-g80-g81-m4-g82-g83\/#primaryimage\"},\"image\":{\"@id\":\"https:\/\/carbonmiledesign.pl\/produkt\/grill-atrapa-carbon-acc-bmw-m3-g80-g81-m4-g82-g83\/#primaryimage\"},\"thumbnailUrl\":\"https:\/\/carbonmiledesign.pl\/wp-content\/uploads\/2025\/03\/IMG_5748.jpg\",\"datePublished\":\"2025-03-04T14:35:19+00:00\",\"dateModified\":\"2025-10-16T09:19:33+00:00\",\"description\":\"Podkre\u015bl sportowy charakter swojego BMW 2 G42! Perfekcyjne dopasowanie, najwy\u017csza jako\u015b\u0107 wykonania i unikalny design \u2013 postaw na CM Design. \ud83d\ude80\",\"breadcrumb\":{\"@id\":\"https:\/\/carbonmiledesign.pl\/produkt\/grill-atrapa-carbon-acc-bmw-m3-g80-g81-m4-g82-g83\/#breadcrumb\"},\"inLanguage\":\"en-US\",\"potentialAction\":[{\"@type\":\"ReadAction\",\"target\":[\"https:\/\/carbonmiledesign.pl\/produkt\/grill-atrapa-carbon-acc-bmw-m3-g80-g81-m4-g82-g83\/\"]}]},{\"@type\":\"ImageObject\",\"inLanguage\":\"en-US\",\"@id\":\"https:\/\/carbonmiledesign.pl\/produkt\/grill-atrapa-carbon-acc-bmw-m3-g80-g81-m4-g82-g83\/#primaryimage\",\"url\":\"https:\/\/carbonmiledesign.pl\/wp-content\/uploads\/2025\/03\/IMG_5748.jpg\",\"contentUrl\":\"https:\/\/carbonmiledesign.pl\/wp-content\/uploads\/2025\/03\/IMG_5748.jpg\",\"width\":1000,\"height\":1000},{\"@type\":\"BreadcrumbList\",\"@id\":\"https:\/\/carbonmiledesign.pl\/produkt\/grill-atrapa-carbon-acc-bmw-m3-g80-g81-m4-g82-g83\/#breadcrumb\",\"itemListElement\":[{\"@type\":\"ListItem\",\"position\":1,\"name\":\"Strona g\u0142\u00f3wna\",\"item\":\"https:\/\/carbonmiledesign.pl\/\"},{\"@type\":\"ListItem\",\"position\":2,\"name\":\"Sklep\",\"item\":\"https:\/\/carbonmiledesign.pl\/sklep-wysokiej-jakosci-czesci-carbon\/\"},{\"@type\":\"ListItem\",\"position\":3,\"name\":\"Obudowa, ramka grilla carbon BMW 2 G42\"}]},{\"@type\":\"WebSite\",\"@id\":\"https:\/\/carbonmiledesign.pl\/#website\",\"url\":\"https:\/\/carbonmiledesign.pl\/\",\"name\":\"Carbonmile Design\",\"description\":\"\",\"publisher\":{\"@id\":\"https:\/\/carbonmiledesign.pl\/#organization\"},\"alternateName\":\"CM Design\",\"potentialAction\":[{\"@type\":\"SearchAction\",\"target\":{\"@type\":\"EntryPoint\",\"urlTemplate\":\"https:\/\/carbonmiledesign.pl\/?s={search_term_string}\"},\"query-input\":{\"@type\":\"PropertyValueSpecification\",\"valueRequired\":true,\"valueName\":\"search_term_string\"}}],\"inLanguage\":\"en-US\"},{\"@type\":\"Organization\",\"@id\":\"https:\/\/carbonmiledesign.pl\/#organization\",\"name\":\"Carbonmile Design\",\"url\":\"https:\/\/carbonmiledesign.pl\/\",\"logo\":{\"@type\":\"ImageObject\",\"inLanguage\":\"en-US\",\"@id\":\"https:\/\/carbonmiledesign.pl\/#\/schema\/logo\/image\/\",\"url\":\"https:\/\/carbonmiledesign.pl\/wp-content\/uploads\/2025\/01\/Carbonmiledesign-logo-czarne-przezroczyste-tlo.png\",\"contentUrl\":\"https:\/\/carbonmiledesign.pl\/wp-content\/uploads\/2025\/01\/Carbonmiledesign-logo-czarne-przezroczyste-tlo.png\",\"width\":2420,\"height\":520,\"caption\":\"Carbonmile Design\"},\"image\":{\"@id\":\"https:\/\/carbonmiledesign.pl\/#\/schema\/logo\/image\/\"}}]}<\/script>\n<!-- \/ Yoast SEO plugin. -->","yoast_head_json":{"title":"Obudowa ramka grilla carbon BMW 2 G42","description":"Podkre\u015bl sportowy charakter swojego BMW 2 G42! Perfekcyjne dopasowanie, najwy\u017csza jako\u015b\u0107 wykonania i unikalny design \u2013 postaw na CM Design. \ud83d\ude80","robots":{"index":"index","follow":"follow","max-snippet":"max-snippet:-1","max-image-preview":"max-image-preview:large","max-video-preview":"max-video-preview:-1"},"canonical":"https:\/\/carbonmiledesign.pl\/en\/product\/grill-atrapa-carbon-acc-bmw-m3-g80-g81-m4-g82-g83\/","og_locale":"en_US","og_type":"article","og_title":"Obudowa ramka grilla carbon BMW 2 G42","og_description":"Podkre\u015bl sportowy charakter swojego BMW 2 G42! Perfekcyjne dopasowanie, najwy\u017csza jako\u015b\u0107 wykonania i unikalny design \u2013 postaw na CM Design. \ud83d\ude80","og_url":"https:\/\/carbonmiledesign.pl\/en\/product\/grill-atrapa-carbon-acc-bmw-m3-g80-g81-m4-g82-g83\/","og_site_name":"CarbonMile design","article_modified_time":"2025-10-16T09:19:33+00:00","og_image":[{"width":1000,"height":1000,"url":"https:\/\/carbonmiledesign.pl\/wp-content\/uploads\/2025\/03\/IMG_5748.jpg","type":"image\/jpeg"}],"twitter_card":"summary_large_image","twitter_misc":{"Est. reading time":"1 minute"},"schema":{"@context":"https:\/\/schema.org","@graph":[{"@type":"WebPage","@id":"https:\/\/carbonmiledesign.pl\/produkt\/obudowa-ramka-grilla-carbon-bmw-2-g42\/","url":"https:\/\/carbonmiledesign.pl\/produkt\/grill-atrapa-carbon-acc-bmw-m3-g80-g81-m4-g82-g83\/","name":"Obudowa ramka grilla carbon BMW 2 G42","isPartOf":{"@id":"https:\/\/carbonmiledesign.pl\/#website"},"primaryImageOfPage":{"@id":"https:\/\/carbonmiledesign.pl\/produkt\/grill-atrapa-carbon-acc-bmw-m3-g80-g81-m4-g82-g83\/#primaryimage"},"image":{"@id":"https:\/\/carbonmiledesign.pl\/produkt\/grill-atrapa-carbon-acc-bmw-m3-g80-g81-m4-g82-g83\/#primaryimage"},"thumbnailUrl":"https:\/\/carbonmiledesign.pl\/wp-content\/uploads\/2025\/03\/IMG_5748.jpg","datePublished":"2025-03-04T14:35:19+00:00","dateModified":"2025-10-16T09:19:33+00:00","description":"Podkre\u015bl sportowy charakter swojego BMW 2 G42! Perfekcyjne dopasowanie, najwy\u017csza jako\u015b\u0107 wykonania i unikalny design \u2013 postaw na CM Design. \ud83d\ude80","breadcrumb":{"@id":"https:\/\/carbonmiledesign.pl\/produkt\/grill-atrapa-carbon-acc-bmw-m3-g80-g81-m4-g82-g83\/#breadcrumb"},"inLanguage":"en-US","potentialAction":[{"@type":"ReadAction","target":["https:\/\/carbonmiledesign.pl\/produkt\/grill-atrapa-carbon-acc-bmw-m3-g80-g81-m4-g82-g83\/"]}]},{"@type":"ImageObject","inLanguage":"en-US","@id":"https:\/\/carbonmiledesign.pl\/produkt\/grill-atrapa-carbon-acc-bmw-m3-g80-g81-m4-g82-g83\/#primaryimage","url":"https:\/\/carbonmiledesign.pl\/wp-content\/uploads\/2025\/03\/IMG_5748.jpg","contentUrl":"https:\/\/carbonmiledesign.pl\/wp-content\/uploads\/2025\/03\/IMG_5748.jpg","width":1000,"height":1000},{"@type":"BreadcrumbList","@id":"https:\/\/carbonmiledesign.pl\/produkt\/grill-atrapa-carbon-acc-bmw-m3-g80-g81-m4-g82-g83\/#breadcrumb","itemListElement":[{"@type":"ListItem","position":1,"name":"Strona g\u0142\u00f3wna","item":"https:\/\/carbonmiledesign.pl\/"},{"@type":"ListItem","position":2,"name":"Sklep","item":"https:\/\/carbonmiledesign.pl\/sklep-wysokiej-jakosci-czesci-carbon\/"},{"@type":"ListItem","position":3,"name":"Obudowa, ramka grilla carbon BMW 2 G42"}]},{"@type":"WebSite","@id":"https:\/\/carbonmiledesign.pl\/#website","url":"https:\/\/carbonmiledesign.pl\/","name":"Carbonmile Design","description":"","publisher":{"@id":"https:\/\/carbonmiledesign.pl\/#organization"},"alternateName":"CM Design","potentialAction":[{"@type":"SearchAction","target":{"@type":"EntryPoint","urlTemplate":"https:\/\/carbonmiledesign.pl\/?s={search_term_string}"},"query-input":{"@type":"PropertyValueSpecification","valueRequired":true,"valueName":"search_term_string"}}],"inLanguage":"en-US"},{"@type":"Organization","@id":"https:\/\/carbonmiledesign.pl\/#organization","name":"Carbonmile Design","url":"https:\/\/carbonmiledesign.pl\/","logo":{"@type":"ImageObject","inLanguage":"en-US","@id":"https:\/\/carbonmiledesign.pl\/#\/schema\/logo\/image\/","url":"https:\/\/carbonmiledesign.pl\/wp-content\/uploads\/2025\/01\/Carbonmiledesign-logo-czarne-przezroczyste-tlo.png","contentUrl":"https:\/\/carbonmiledesign.pl\/wp-content\/uploads\/2025\/01\/Carbonmiledesign-logo-czarne-przezroczyste-tlo.png","width":2420,"height":520,"caption":"Carbonmile Design"},"image":{"@id":"https:\/\/carbonmiledesign.pl\/#\/schema\/logo\/image\/"}}]}},"jetpack_sharing_enabled":true,"_links":{"self":[{"href":"https:\/\/carbonmiledesign.pl\/en\/wp-json\/wp\/v2\/product\/1620","targetHints":{"allow":["GET"]}}],"collection":[{"href":"https:\/\/carbonmiledesign.pl\/en\/wp-json\/wp\/v2\/product"}],"about":[{"href":"https:\/\/carbonmiledesign.pl\/en\/wp-json\/wp\/v2\/types\/product"}],"wp:featuredmedia":[{"embeddable":true,"href":"https:\/\/carbonmiledesign.pl\/en\/wp-json\/wp\/v2\/media\/1631"}],"wp:attachment":[{"href":"https:\/\/carbonmiledesign.pl\/en\/wp-json\/wp\/v2\/media?parent=1620"}],"wp:term":[{"taxonomy":"product_brand","embeddable":true,"href":"https:\/\/carbonmiledesign.pl\/en\/wp-json\/wp\/v2\/product_brand?post=1620"},{"taxonomy":"product_cat","embeddable":true,"href":"https:\/\/carbonmiledesign.pl\/en\/wp-json\/wp\/v2\/product_cat?post=1620"},{"taxonomy":"product_tag","embeddable":true,"href":"https:\/\/carbonmiledesign.pl\/en\/wp-json\/wp\/v2\/product_tag?post=1620"}],"curies":[{"name":"wp","href":"https:\/\/api.w.org\/{rel}","templated":true}]}}