{"id":1514,"date":"2025-02-17T12:27:24","date_gmt":"2025-02-17T11:27:24","guid":{"rendered":"https:\/\/carbonmiledesign.pl\/?post_type=product&#038;p=1514"},"modified":"2026-04-03T15:12:49","modified_gmt":"2026-04-03T13:12:49","slug":"zestaw-zderzaka-przedniego-carbon-aero-m3-g80-g81-m4-g82-g83","status":"publish","type":"product","link":"https:\/\/carbonmiledesign.pl\/en\/product\/zestaw-zderzaka-przedniego-carbon-aero-m3-g80-g81-m4-g82-g83\/","title":{"rendered":"Carbon fibre Aero front bumper set BMW M3 G80 G81, M4 G82 G83"},"content":{"rendered":"<h2><strong>Carbon fibre Aero front bumper set BMW M3 G80 G81, M4 G82 G83<\/strong><\/h2>\n<p><span style=\"font-size: 100%;\"><strong>Manufacturer:<\/strong> CM Design\u00a0<\/span><\/p>\n<p><span style=\"font-size: 100%;\"><strong>Material: <\/strong>Material: Carbon fibre (Dry carbon)<a href=\"https:\/\/carbonmiledesign.pl\/karbon-od-podstaw-co-warto-wiedziec\/\">Dry-carbon<\/a>)<\/span><\/p>\n<p><b>Fits to:<\/b><\/p>\n<ul>\n<li>BMW M3 G80<\/li>\n<li>BMW M3 G81<\/li>\n<li>BMW M4 G82<\/li>\n<li>BMW M4 G83<\/li>\n<\/ul>\n<p>Wysokiej jako\u015bci zestaw zderzaka przedniego, wykonany z carbonu, to doskona\u0142e uzupe\u0142nienie fabrycznego pakietu carbon lub element wi\u0119kszej personalizacji pojazdu! Zestaw zawiera wloty powietrza oraz splitter, kt\u00f3re nie tylko podkre\u015blaj\u0105 sportowy charakter samochodu, ale tak\u017ce poprawiaj\u0105 jego aerodynamik\u0119.<\/p>\n<p>Najwy\u017csze standardy produkcji gwarantuj\u0105 nie tylko estetyk\u0119, ale tak\u017ce wyj\u0105tkow\u0105 jako\u015b\u0107 i trwa\u0142o\u015b\u0107, co sprawia, \u017ce zestaw spe\u0142ni oczekiwania nawet najbardziej wymagaj\u0105cych u\u017cytkownik\u00f3w.<\/p>","protected":false},"excerpt":{"rendered":"<h2><span style=\"font-size: 75%;\"><strong>Carbon fibre Aero front bumper set BMW M3 G80 G81, M4 G82 G83<\/strong><\/span><\/h2>\n<p><span style=\"font-size: 75%;\">Zestaw zderzaka przedniego z najwy\u017cszej jako\u015bci carbonu podkre\u015bla agresywn\u0105 sylwetk\u0119 Twojego BMW, inspirowan\u0105 sportami motorowymi. Wloty powietrza i splitter nie tylko poprawiaj\u0105 aerodynamik\u0119, ale tak\u017ce nadaj\u0105 dynamiczny, sportowy charakter. Lekka i wytrzyma\u0142a konstrukcja gwarantuje perfekcyjne dopasowanie oraz trwa\u0142o\u015b\u0107.<\/span><\/p>\n<p><span style=\"font-size: 75%;\"><strong>Fits to:<\/strong><\/span><\/p>\n<ul>\n<li><span style=\"font-size: 75%;\">BMW M3 G80<\/span><\/li>\n<li><span style=\"font-size: 75%;\">BMW M3 G81<\/span><\/li>\n<li><span style=\"font-size: 75%;\">BMW M4 G82<\/span><\/li>\n<li><span style=\"font-size: 75%;\">BMW M4 G83<\/span><\/li>\n<\/ul>\n<p><span style=\"font-size: 75%;\"><strong>Przewidywany czas produkcji Splitter:\u00a0<\/strong>20 dni<br \/>\n<strong>Przewidywany czas produkcji Wloty powietrza: <\/strong>Available in the showroom<br \/>\n<\/span><\/p>","protected":false},"featured_media":1518,"template":"","meta":[],"product_brand":[287],"product_cat":[70,107,123,211,212,105,143],"product_tag":[77,78,79,80,81,147,148],"class_list":{"0":"post-1514","1":"product","2":"type-product","3":"status-publish","4":"has-post-thumbnail","6":"product_brand-carbonmiledesign","7":"product_cat-bmw","8":"product_cat-m3-g80","9":"product_cat-m3-g81","10":"product_cat-m4-g82","11":"product_cat-m4-g83","12":"product_cat-seria-3-m3","13":"product_cat-seria-4-m4","14":"product_tag-bmw","15":"product_tag-m3-g80","16":"product_tag-m3-g81","17":"product_tag-m4-g82","18":"product_tag-m4-g83","19":"product_tag-seria-3-m3","20":"product_tag-seria-4-m4","21":"product_shipping_class-mala","22":"pa_generacja-g80","23":"pa_generacja-g81","24":"pa_generacja-g82","25":"pa_generacja-g83","26":"pa_marka-bmw","27":"pa_model-seria-3-m3","29":"first","30":"instock","31":"sale","32":"shipping-taxable","33":"purchasable","34":"product-type-simple"},"yoast_head":"<!-- This site is optimized with the Yoast SEO plugin v26.6 - https:\/\/yoast.com\/wordpress\/plugins\/seo\/ -->\n<title>Zestaw zderzaka przedniego carbon Aero M3 G80 G81 M4 G82 G83<\/title>\n<meta name=\"description\" content=\"Wysokiej jako\u015bci zestaw zderzaka przedniego carbon Aero, sk\u0142adaj\u0105cy si\u0119 z - wlot\u00f3w powietrza, oraz splittera - \u015bwietnie podkre\u015bli charakter Twojego BMW!\" \/>\n<meta name=\"robots\" content=\"index, follow, max-snippet:-1, max-image-preview:large, max-video-preview:-1\" \/>\n<link rel=\"canonical\" href=\"https:\/\/carbonmiledesign.pl\/en\/product\/zestaw-zderzaka-przedniego-carbon-aero-m3-g80-g81-m4-g82-g83\/\" \/>\n<meta property=\"og:locale\" content=\"en_US\" \/>\n<meta property=\"og:type\" content=\"article\" \/>\n<meta property=\"og:title\" content=\"Zestaw zderzaka przedniego carbon Aero M3 G80 G81 M4 G82 G83\" \/>\n<meta property=\"og:description\" content=\"Wysokiej jako\u015bci zestaw zderzaka przedniego carbon Aero, sk\u0142adaj\u0105cy si\u0119 z - wlot\u00f3w powietrza, oraz splittera - \u015bwietnie podkre\u015bli charakter Twojego BMW!\" \/>\n<meta property=\"og:url\" content=\"https:\/\/carbonmiledesign.pl\/en\/product\/zestaw-zderzaka-przedniego-carbon-aero-m3-g80-g81-m4-g82-g83\/\" \/>\n<meta property=\"og:site_name\" content=\"CarbonMile design\" \/>\n<meta property=\"article:modified_time\" content=\"2026-04-03T13:12:49+00:00\" \/>\n<meta property=\"og:image\" content=\"https:\/\/carbonmiledesign.pl\/wp-content\/uploads\/2025\/02\/Zestaw-zderzaka-przedniego-Aero-carbonmiledesign.png\" \/>\n\t<meta property=\"og:image:width\" content=\"1000\" \/>\n\t<meta property=\"og:image:height\" content=\"1000\" \/>\n\t<meta property=\"og:image:type\" content=\"image\/png\" \/>\n<meta name=\"twitter:card\" content=\"summary_large_image\" \/>\n<meta name=\"twitter:label1\" content=\"Est. reading time\" \/>\n\t<meta name=\"twitter:data1\" content=\"1 minute\" \/>\n<script type=\"application\/ld+json\" class=\"yoast-schema-graph\">{\"@context\":\"https:\/\/schema.org\",\"@graph\":[{\"@type\":\"WebPage\",\"@id\":\"https:\/\/carbonmiledesign.pl\/produkt\/zestaw-zderzaka-przedniego-carbon-aero-m3-g80-g81-m4-g82-g83\/\",\"url\":\"https:\/\/carbonmiledesign.pl\/produkt\/zestaw-zderzaka-przedniego-carbon-aero-m3-g80-g81-m4-g82-g83\/\",\"name\":\"Zestaw zderzaka przedniego carbon Aero M3 G80 G81 M4 G82 G83\",\"isPartOf\":{\"@id\":\"https:\/\/carbonmiledesign.pl\/#website\"},\"primaryImageOfPage\":{\"@id\":\"https:\/\/carbonmiledesign.pl\/produkt\/zestaw-zderzaka-przedniego-carbon-aero-m3-g80-g81-m4-g82-g83\/#primaryimage\"},\"image\":{\"@id\":\"https:\/\/carbonmiledesign.pl\/produkt\/zestaw-zderzaka-przedniego-carbon-aero-m3-g80-g81-m4-g82-g83\/#primaryimage\"},\"thumbnailUrl\":\"https:\/\/carbonmiledesign.pl\/wp-content\/uploads\/2025\/02\/Zestaw-zderzaka-przedniego-Aero-carbonmiledesign.png\",\"datePublished\":\"2025-02-17T11:27:24+00:00\",\"dateModified\":\"2026-04-03T13:12:49+00:00\",\"description\":\"Wysokiej jako\u015bci zestaw zderzaka przedniego carbon Aero, sk\u0142adaj\u0105cy si\u0119 z - wlot\u00f3w powietrza, oraz splittera - \u015bwietnie podkre\u015bli charakter Twojego BMW!\",\"breadcrumb\":{\"@id\":\"https:\/\/carbonmiledesign.pl\/produkt\/zestaw-zderzaka-przedniego-carbon-aero-m3-g80-g81-m4-g82-g83\/#breadcrumb\"},\"inLanguage\":\"en-US\",\"potentialAction\":[{\"@type\":\"ReadAction\",\"target\":[\"https:\/\/carbonmiledesign.pl\/produkt\/zestaw-zderzaka-przedniego-carbon-aero-m3-g80-g81-m4-g82-g83\/\"]}]},{\"@type\":\"ImageObject\",\"inLanguage\":\"en-US\",\"@id\":\"https:\/\/carbonmiledesign.pl\/produkt\/zestaw-zderzaka-przedniego-carbon-aero-m3-g80-g81-m4-g82-g83\/#primaryimage\",\"url\":\"https:\/\/carbonmiledesign.pl\/wp-content\/uploads\/2025\/02\/Zestaw-zderzaka-przedniego-Aero-carbonmiledesign.png\",\"contentUrl\":\"https:\/\/carbonmiledesign.pl\/wp-content\/uploads\/2025\/02\/Zestaw-zderzaka-przedniego-Aero-carbonmiledesign.png\",\"width\":1000,\"height\":1000},{\"@type\":\"BreadcrumbList\",\"@id\":\"https:\/\/carbonmiledesign.pl\/produkt\/zestaw-zderzaka-przedniego-carbon-aero-m3-g80-g81-m4-g82-g83\/#breadcrumb\",\"itemListElement\":[{\"@type\":\"ListItem\",\"position\":1,\"name\":\"Strona g\u0142\u00f3wna\",\"item\":\"https:\/\/carbonmiledesign.pl\/\"},{\"@type\":\"ListItem\",\"position\":2,\"name\":\"Sklep\",\"item\":\"https:\/\/carbonmiledesign.pl\/sklep-wysokiej-jakosci-czesci-carbon\/\"},{\"@type\":\"ListItem\",\"position\":3,\"name\":\"Zestaw zderzaka przedniego carbon Aero M3 G80 G81, M4 G82 G83\"}]},{\"@type\":\"WebSite\",\"@id\":\"https:\/\/carbonmiledesign.pl\/#website\",\"url\":\"https:\/\/carbonmiledesign.pl\/\",\"name\":\"Carbonmile Design\",\"description\":\"\",\"publisher\":{\"@id\":\"https:\/\/carbonmiledesign.pl\/#organization\"},\"alternateName\":\"CM Design\",\"potentialAction\":[{\"@type\":\"SearchAction\",\"target\":{\"@type\":\"EntryPoint\",\"urlTemplate\":\"https:\/\/carbonmiledesign.pl\/?s={search_term_string}\"},\"query-input\":{\"@type\":\"PropertyValueSpecification\",\"valueRequired\":true,\"valueName\":\"search_term_string\"}}],\"inLanguage\":\"en-US\"},{\"@type\":\"Organization\",\"@id\":\"https:\/\/carbonmiledesign.pl\/#organization\",\"name\":\"Carbonmile Design\",\"url\":\"https:\/\/carbonmiledesign.pl\/\",\"logo\":{\"@type\":\"ImageObject\",\"inLanguage\":\"en-US\",\"@id\":\"https:\/\/carbonmiledesign.pl\/#\/schema\/logo\/image\/\",\"url\":\"https:\/\/carbonmiledesign.pl\/wp-content\/uploads\/2025\/01\/Carbonmiledesign-logo-czarne-przezroczyste-tlo.png\",\"contentUrl\":\"https:\/\/carbonmiledesign.pl\/wp-content\/uploads\/2025\/01\/Carbonmiledesign-logo-czarne-przezroczyste-tlo.png\",\"width\":2420,\"height\":520,\"caption\":\"Carbonmile Design\"},\"image\":{\"@id\":\"https:\/\/carbonmiledesign.pl\/#\/schema\/logo\/image\/\"}}]}<\/script>\n<!-- \/ Yoast SEO plugin. -->","yoast_head_json":{"title":"Zestaw zderzaka przedniego carbon Aero M3 G80 G81 M4 G82 G83","description":"Wysokiej jako\u015bci zestaw zderzaka przedniego carbon Aero, sk\u0142adaj\u0105cy si\u0119 z - wlot\u00f3w powietrza, oraz splittera - \u015bwietnie podkre\u015bli charakter Twojego BMW!","robots":{"index":"index","follow":"follow","max-snippet":"max-snippet:-1","max-image-preview":"max-image-preview:large","max-video-preview":"max-video-preview:-1"},"canonical":"https:\/\/carbonmiledesign.pl\/en\/product\/zestaw-zderzaka-przedniego-carbon-aero-m3-g80-g81-m4-g82-g83\/","og_locale":"en_US","og_type":"article","og_title":"Zestaw zderzaka przedniego carbon Aero M3 G80 G81 M4 G82 G83","og_description":"Wysokiej jako\u015bci zestaw zderzaka przedniego carbon Aero, sk\u0142adaj\u0105cy si\u0119 z - wlot\u00f3w powietrza, oraz splittera - \u015bwietnie podkre\u015bli charakter Twojego BMW!","og_url":"https:\/\/carbonmiledesign.pl\/en\/product\/zestaw-zderzaka-przedniego-carbon-aero-m3-g80-g81-m4-g82-g83\/","og_site_name":"CarbonMile design","article_modified_time":"2026-04-03T13:12:49+00:00","og_image":[{"width":1000,"height":1000,"url":"https:\/\/carbonmiledesign.pl\/wp-content\/uploads\/2025\/02\/Zestaw-zderzaka-przedniego-Aero-carbonmiledesign.png","type":"image\/png"}],"twitter_card":"summary_large_image","twitter_misc":{"Est. reading time":"1 minute"},"schema":{"@context":"https:\/\/schema.org","@graph":[{"@type":"WebPage","@id":"https:\/\/carbonmiledesign.pl\/produkt\/zestaw-zderzaka-przedniego-carbon-aero-m3-g80-g81-m4-g82-g83\/","url":"https:\/\/carbonmiledesign.pl\/produkt\/zestaw-zderzaka-przedniego-carbon-aero-m3-g80-g81-m4-g82-g83\/","name":"Zestaw zderzaka przedniego carbon Aero M3 G80 G81 M4 G82 G83","isPartOf":{"@id":"https:\/\/carbonmiledesign.pl\/#website"},"primaryImageOfPage":{"@id":"https:\/\/carbonmiledesign.pl\/produkt\/zestaw-zderzaka-przedniego-carbon-aero-m3-g80-g81-m4-g82-g83\/#primaryimage"},"image":{"@id":"https:\/\/carbonmiledesign.pl\/produkt\/zestaw-zderzaka-przedniego-carbon-aero-m3-g80-g81-m4-g82-g83\/#primaryimage"},"thumbnailUrl":"https:\/\/carbonmiledesign.pl\/wp-content\/uploads\/2025\/02\/Zestaw-zderzaka-przedniego-Aero-carbonmiledesign.png","datePublished":"2025-02-17T11:27:24+00:00","dateModified":"2026-04-03T13:12:49+00:00","description":"Wysokiej jako\u015bci zestaw zderzaka przedniego carbon Aero, sk\u0142adaj\u0105cy si\u0119 z - wlot\u00f3w powietrza, oraz splittera - \u015bwietnie podkre\u015bli charakter Twojego BMW!","breadcrumb":{"@id":"https:\/\/carbonmiledesign.pl\/produkt\/zestaw-zderzaka-przedniego-carbon-aero-m3-g80-g81-m4-g82-g83\/#breadcrumb"},"inLanguage":"en-US","potentialAction":[{"@type":"ReadAction","target":["https:\/\/carbonmiledesign.pl\/produkt\/zestaw-zderzaka-przedniego-carbon-aero-m3-g80-g81-m4-g82-g83\/"]}]},{"@type":"ImageObject","inLanguage":"en-US","@id":"https:\/\/carbonmiledesign.pl\/produkt\/zestaw-zderzaka-przedniego-carbon-aero-m3-g80-g81-m4-g82-g83\/#primaryimage","url":"https:\/\/carbonmiledesign.pl\/wp-content\/uploads\/2025\/02\/Zestaw-zderzaka-przedniego-Aero-carbonmiledesign.png","contentUrl":"https:\/\/carbonmiledesign.pl\/wp-content\/uploads\/2025\/02\/Zestaw-zderzaka-przedniego-Aero-carbonmiledesign.png","width":1000,"height":1000},{"@type":"BreadcrumbList","@id":"https:\/\/carbonmiledesign.pl\/produkt\/zestaw-zderzaka-przedniego-carbon-aero-m3-g80-g81-m4-g82-g83\/#breadcrumb","itemListElement":[{"@type":"ListItem","position":1,"name":"Strona g\u0142\u00f3wna","item":"https:\/\/carbonmiledesign.pl\/"},{"@type":"ListItem","position":2,"name":"Sklep","item":"https:\/\/carbonmiledesign.pl\/sklep-wysokiej-jakosci-czesci-carbon\/"},{"@type":"ListItem","position":3,"name":"Zestaw zderzaka przedniego carbon Aero M3 G80 G81, M4 G82 G83"}]},{"@type":"WebSite","@id":"https:\/\/carbonmiledesign.pl\/#website","url":"https:\/\/carbonmiledesign.pl\/","name":"Carbonmile Design","description":"","publisher":{"@id":"https:\/\/carbonmiledesign.pl\/#organization"},"alternateName":"CM Design","potentialAction":[{"@type":"SearchAction","target":{"@type":"EntryPoint","urlTemplate":"https:\/\/carbonmiledesign.pl\/?s={search_term_string}"},"query-input":{"@type":"PropertyValueSpecification","valueRequired":true,"valueName":"search_term_string"}}],"inLanguage":"en-US"},{"@type":"Organization","@id":"https:\/\/carbonmiledesign.pl\/#organization","name":"Carbonmile Design","url":"https:\/\/carbonmiledesign.pl\/","logo":{"@type":"ImageObject","inLanguage":"en-US","@id":"https:\/\/carbonmiledesign.pl\/#\/schema\/logo\/image\/","url":"https:\/\/carbonmiledesign.pl\/wp-content\/uploads\/2025\/01\/Carbonmiledesign-logo-czarne-przezroczyste-tlo.png","contentUrl":"https:\/\/carbonmiledesign.pl\/wp-content\/uploads\/2025\/01\/Carbonmiledesign-logo-czarne-przezroczyste-tlo.png","width":2420,"height":520,"caption":"Carbonmile Design"},"image":{"@id":"https:\/\/carbonmiledesign.pl\/#\/schema\/logo\/image\/"}}]}},"jetpack_sharing_enabled":true,"_links":{"self":[{"href":"https:\/\/carbonmiledesign.pl\/en\/wp-json\/wp\/v2\/product\/1514","targetHints":{"allow":["GET"]}}],"collection":[{"href":"https:\/\/carbonmiledesign.pl\/en\/wp-json\/wp\/v2\/product"}],"about":[{"href":"https:\/\/carbonmiledesign.pl\/en\/wp-json\/wp\/v2\/types\/product"}],"wp:featuredmedia":[{"embeddable":true,"href":"https:\/\/carbonmiledesign.pl\/en\/wp-json\/wp\/v2\/media\/1518"}],"wp:attachment":[{"href":"https:\/\/carbonmiledesign.pl\/en\/wp-json\/wp\/v2\/media?parent=1514"}],"wp:term":[{"taxonomy":"product_brand","embeddable":true,"href":"https:\/\/carbonmiledesign.pl\/en\/wp-json\/wp\/v2\/product_brand?post=1514"},{"taxonomy":"product_cat","embeddable":true,"href":"https:\/\/carbonmiledesign.pl\/en\/wp-json\/wp\/v2\/product_cat?post=1514"},{"taxonomy":"product_tag","embeddable":true,"href":"https:\/\/carbonmiledesign.pl\/en\/wp-json\/wp\/v2\/product_tag?post=1514"}],"curies":[{"name":"wp","href":"https:\/\/api.w.org\/{rel}","templated":true}]}}