{"id":364,"date":"2024-12-10T14:14:56","date_gmt":"2024-12-10T13:14:56","guid":{"rendered":"https:\/\/carbonmiledesign.pl\/?page_id=364"},"modified":"2025-07-08T10:26:18","modified_gmt":"2025-07-08T08:26:18","slug":"kontakt","status":"publish","type":"page","link":"https:\/\/carbonmiledesign.pl\/en\/kontakt\/","title":{"rendered":"Contact"},"content":{"rendered":"<div class=\"row row-collapse row-full-width\"  id=\"row-1335426123\">\n\n\n\t<div id=\"col-855623482\" class=\"col small-12 large-12\"  >\n\t\t\t\t<div class=\"col-inner text-center\"  >\n\t\t\t\n\t\t\t\n\n\t<div id=\"gap-313181641\" class=\"gap-element clearfix\" style=\"display:block; height:auto;\">\n\t\t\n<style>\n#gap-313181641 {\n  padding-top: 30px;\n}\n<\/style>\n\t<\/div>\n\t\n\n<h1 style=\"text-align: center;\"><strong>Contact<\/strong><\/h1>\n<div class=\"is-divider divider clearfix\" style=\"max-width:110px;background-color:rgb(153, 48, 49);\"><\/div>\n\n\n\t<section class=\"section\" id=\"section_503761812\">\n\t\t<div class=\"section-bg fill\" >\n\t\t\t<img loading=\"lazy\" decoding=\"async\" width=\"1152\" height=\"2048\" src=\"https:\/\/carbonmiledesign.pl\/wp-content\/uploads\/2025\/06\/1ef84132-c8d6-466c-a1fb-7ff268ac2941.jpg\" class=\"bg attachment-2048x2048 size-2048x2048\" alt=\"\" \/>\t\t\t\t\t\t<div class=\"section-bg-overlay absolute fill\"><\/div>\n\t\t\t\n\n\t\t<\/div>\n\n\t\t\n\n\t\t<div class=\"section-content relative\">\n\t\t\t\n\n<div class=\"row row-collapse align-center\" style=\"max-width:\" id=\"row-348109840\">\n\n\n\t<div id=\"col-1471831706\" class=\"col small-12 large-12\"  >\n\t\t\t\t<div class=\"col-inner text-center dark\"  >\n\t\t\t\n\t\t\t\n\n\t<div id=\"text-2848743079\" class=\"text\">\n\t\t\n\n<p class=\"lead\"><em><span style=\"font-size: 120%;\">Send us a message<\/span><\/em><\/p>\n\t\t\n<style>\n#text-2848743079 {\n  text-align: center;\n}\n<\/style>\n\t<\/div>\n\t\n\n\t\t<\/div>\n\t\t\t\t\n<style>\n#col-1471831706 > .col-inner {\n  padding: 100px 20px 200px 0px;\n}\n@media (min-width:550px) {\n  #col-1471831706 > .col-inner {\n    padding: 100px 0px 200px 0px;\n  }\n}\n<\/style>\n\t<\/div>\n\n\t\n\n<\/div>\n\n\t\t<\/div>\n\n\t\t\n<style>\n#section_503761812 {\n  padding-top: 0px;\n  padding-bottom: 0px;\n  min-height: 0px;\n}\n#section_503761812 .section-bg-overlay {\n  background-color: rgba(0, 0, 0, 0.12);\n}\n#section_503761812 .section-bg img {\n  object-position: 45% 54%;\n}\n@media (min-width:550px) {\n  #section_503761812 {\n    padding-top: 0px;\n    padding-bottom: 0px;\n  }\n  #section_503761812 .section-bg-overlay {\n    background-color: rgba(0, 0, 0, 0.21);\n  }\n}\n@media (min-width:850px) {\n  #section_503761812 {\n    padding-top: 10px;\n    padding-bottom: 10px;\n  }\n  #section_503761812 .section-bg-overlay {\n    background-color: rgba(0, 0, 0, 0.68);\n  }\n}\n<\/style>\n\t<\/section>\n\t\n\n\t\t<\/div>\n\t\t\t\t\n<style>\n#col-855623482 > .col-inner {\n  padding: 0px 30px 0px 30px;\n}\n<\/style>\n\t<\/div>\n\n\t\n\n<\/div>\n<div class=\"row row-large\" style=\"max-width:1400px\" id=\"row-1364104221\">\n\n\n\t<div id=\"col-1593085833\" class=\"col small-12 large-12\"  >\n\t\t\t\t<div class=\"col-inner\" style=\"background-color:rgb(255, 255, 255);\" >\n\t\t\t\n\t\t\t\n\n<div class=\"row row-collapse row-full-width\"  id=\"row-529406482\">\n\n\n\t<div id=\"col-1511519624\" class=\"col medium-12 small-12 large-6\"  >\n\t\t\t\t<div class=\"col-inner\"  >\n\t\t\t\n\t\t\t\n\n<h2><span style=\"font-size: 120%;\">Contact us<\/span><\/h2>\n\t<div id=\"gap-1191094853\" class=\"gap-element clearfix\" style=\"display:block; height:auto;\">\n\t\t\n<style>\n#gap-1191094853 {\n  padding-top: 20px;\n}\n@media (min-width:550px) {\n  #gap-1191094853 {\n    padding-top: 20px;\n  }\n}\n@media (min-width:850px) {\n  #gap-1191094853 {\n    padding-top: 30px;\n  }\n}\n<\/style>\n\t<\/div>\n\t\n\n<div class=\"row\"  id=\"row-1193779997\">\n\n\n\t<div id=\"col-1456407639\" class=\"col medium-5 small-12 large-5\"  >\n\t\t\t\t<div class=\"col-inner\"  >\n\t\t\t\n\t\t\t\n\n\t<div class=\"img has-hover x md-x lg-x y md-y lg-y\" id=\"image_121888398\">\n\t\t\t\t\t\t\t\t<div class=\"img-inner dark\" >\n\t\t\t<img loading=\"lazy\" decoding=\"async\" width=\"240\" height=\"240\" src=\"https:\/\/carbonmiledesign.pl\/wp-content\/uploads\/2024\/12\/1e53d316-0424-4831-9b34-efe9b5d86eb2.png\" class=\"attachment-large size-large\" alt=\"\" srcset=\"https:\/\/carbonmiledesign.pl\/wp-content\/uploads\/2024\/12\/1e53d316-0424-4831-9b34-efe9b5d86eb2.png 240w, https:\/\/carbonmiledesign.pl\/wp-content\/uploads\/2024\/12\/1e53d316-0424-4831-9b34-efe9b5d86eb2-100x100.png 100w\" sizes=\"auto, (max-width: 240px) 100vw, 240px\" \/>\t\t\t\t\t\t\n\t\t\t\t\t<\/div>\n\t\t\t\t\t\t\t\t\n<style>\n#image_121888398 {\n  width: 15%;\n}\n@media (min-width:550px) {\n  #image_121888398 {\n    width: 20%;\n  }\n}\n<\/style>\n\t<\/div>\n\t\n\n<h5 class=\"uppercase\"><strong>Address<\/strong><\/h5>\n<p>Konstancin-Jeziorna<br \/>Borowa 44<br \/>05-520<\/p>\n\n\t\t<\/div>\n\t\t\t\t\t<\/div>\n\n\t\n\n\t<div id=\"col-1328173515\" class=\"col medium-5 small-12 large-5\"  >\n\t\t\t\t<div class=\"col-inner\"  >\n\t\t\t\n\t\t\t\n\n\t<div class=\"img has-hover x md-x lg-x y md-y lg-y\" id=\"image_1523465535\">\n\t\t\t\t\t\t\t\t<div class=\"img-inner dark\" >\n\t\t\t<img loading=\"lazy\" decoding=\"async\" width=\"240\" height=\"240\" src=\"https:\/\/carbonmiledesign.pl\/wp-content\/uploads\/2024\/12\/764de6fe-ae2b-42df-a4c3-7f206196a96e.png\" class=\"attachment-large size-large\" alt=\"\" srcset=\"https:\/\/carbonmiledesign.pl\/wp-content\/uploads\/2024\/12\/764de6fe-ae2b-42df-a4c3-7f206196a96e.png 240w, https:\/\/carbonmiledesign.pl\/wp-content\/uploads\/2024\/12\/764de6fe-ae2b-42df-a4c3-7f206196a96e-100x100.png 100w\" sizes=\"auto, (max-width: 240px) 100vw, 240px\" \/>\t\t\t\t\t\t\n\t\t\t\t\t<\/div>\n\t\t\t\t\t\t\t\t\n<style>\n#image_1523465535 {\n  width: 15%;\n}\n@media (min-width:550px) {\n  #image_1523465535 {\n    width: 20%;\n  }\n}\n<\/style>\n\t<\/div>\n\t\n\n<h5 class=\"uppercase\"><strong>OPENING HOURS<\/strong><\/h5>\n<p>Mon-Fri: 8:00 AM \u2013 4:00 PM<\/p>\n\n\t\t<\/div>\n\t\t\t\t\t<\/div>\n\n\t\n\n<\/div>\n<div class=\"row\"  id=\"row-2033400959\">\n\n\n\t<div id=\"col-1044387791\" class=\"col medium-5 small-12 large-5\"  >\n\t\t\t\t<div class=\"col-inner\"  >\n\t\t\t\n\t\t\t\n\n\t<div class=\"img has-hover x md-x lg-x y md-y lg-y\" id=\"image_2039858942\">\n\t\t\t\t\t\t\t\t<div class=\"img-inner dark\" >\n\t\t\t<img loading=\"lazy\" decoding=\"async\" width=\"240\" height=\"240\" src=\"https:\/\/carbonmiledesign.pl\/wp-content\/uploads\/2024\/12\/670d534e-ce4e-472a-bf02-25dc9cfec2a6.png\" class=\"attachment-large size-large\" alt=\"\" srcset=\"https:\/\/carbonmiledesign.pl\/wp-content\/uploads\/2024\/12\/670d534e-ce4e-472a-bf02-25dc9cfec2a6.png 240w, https:\/\/carbonmiledesign.pl\/wp-content\/uploads\/2024\/12\/670d534e-ce4e-472a-bf02-25dc9cfec2a6-100x100.png 100w\" sizes=\"auto, (max-width: 240px) 100vw, 240px\" \/>\t\t\t\t\t\t\n\t\t\t\t\t<\/div>\n\t\t\t\t\t\t\t\t\n<style>\n#image_2039858942 {\n  width: 15%;\n}\n@media (min-width:550px) {\n  #image_2039858942 {\n    width: 20%;\n  }\n}\n<\/style>\n\t<\/div>\n\t\n\n<h5 class=\"uppercase\"><strong>PHONE NUMBER<\/strong><\/h5>\n<p>+48-797-869-745<br \/>+48-667-087-522<\/p>\n\n\t\t<\/div>\n\t\t\t\t\t<\/div>\n\n\t\n\n\t<div id=\"col-1829808809\" class=\"col medium-5 small-12 large-5\"  >\n\t\t\t\t<div class=\"col-inner\"  >\n\t\t\t\n\t\t\t\n\n\t<div class=\"img has-hover x md-x lg-x y md-y lg-y\" id=\"image_1785007304\">\n\t\t\t\t\t\t\t\t<div class=\"img-inner dark\" >\n\t\t\t<img loading=\"lazy\" decoding=\"async\" width=\"240\" height=\"240\" src=\"https:\/\/carbonmiledesign.pl\/wp-content\/uploads\/2024\/12\/36d21fa1-112d-4c7f-9e52-3b48e3106377.png\" class=\"attachment-large size-large\" alt=\"\" srcset=\"https:\/\/carbonmiledesign.pl\/wp-content\/uploads\/2024\/12\/36d21fa1-112d-4c7f-9e52-3b48e3106377.png 240w, https:\/\/carbonmiledesign.pl\/wp-content\/uploads\/2024\/12\/36d21fa1-112d-4c7f-9e52-3b48e3106377-100x100.png 100w\" sizes=\"auto, (max-width: 240px) 100vw, 240px\" \/>\t\t\t\t\t\t\n\t\t\t\t\t<\/div>\n\t\t\t\t\t\t\t\t\n<style>\n#image_1785007304 {\n  width: 15%;\n}\n@media (min-width:550px) {\n  #image_1785007304 {\n    width: 20%;\n  }\n}\n<\/style>\n\t<\/div>\n\t\n\n<h5 class=\"uppercase\"><b>e-mail<\/b><\/h5>\n<p>kontakt@carbonmiledesign.pl<\/p>\n\n\t\t<\/div>\n\t\t\t\t\t<\/div>\n\n\t\n\n<\/div>\n\n\t\t<\/div>\n\t\t\t\t\n<style>\n#col-1511519624 > .col-inner {\n  padding: 0px 0px 0px 20px;\n}\n<\/style>\n\t<\/div>\n\n\t\n\n\t<div id=\"col-445903098\" class=\"col medium-12 small-12 large-6\"  >\n\t\t\t\t<div class=\"col-inner text-left\"  >\n\t\t\t\n\t\t\t\n\n<h2><span style=\"font-size: 120%;\">Ask us a question<\/span><\/h2>\n\t<div id=\"gap-481653320\" class=\"gap-element clearfix\" style=\"display:block; height:auto;\">\n\t\t\n<style>\n#gap-481653320 {\n  padding-top: 20px;\n}\n@media (min-width:550px) {\n  #gap-481653320 {\n    padding-top: 20px;\n  }\n}\n@media (min-width:850px) {\n  #gap-481653320 {\n    padding-top: 30px;\n  }\n}\n<\/style>\n\t<\/div>\n\t\n\n\n<div class=\"wpcf7 no-js\" id=\"wpcf7-f1253-o1\" lang=\"en-US\" dir=\"ltr\" data-wpcf7-id=\"1253\">\n<div class=\"screen-reader-response\"><p role=\"status\" aria-live=\"polite\" aria-atomic=\"true\"><\/p> <ul><\/ul><\/div>\n<form action=\"\/en\/wp-json\/wp\/v2\/pages\/364#wpcf7-f1253-o1\" method=\"post\" class=\"wpcf7-form init\" aria-label=\"Contact form\" novalidate=\"novalidate\" data-status=\"init\" data-trp-original-action=\"\/en\/wp-json\/wp\/v2\/pages\/364#wpcf7-f1253-o1\">\n<fieldset class=\"hidden-fields-container\"><input type=\"hidden\" name=\"_wpcf7\" value=\"1253\" \/><input type=\"hidden\" name=\"_wpcf7_version\" value=\"6.1.4\" \/><input type=\"hidden\" name=\"_wpcf7_locale\" value=\"en_US\" \/><input type=\"hidden\" name=\"_wpcf7_unit_tag\" value=\"wpcf7-f1253-o1\" \/><input type=\"hidden\" name=\"_wpcf7_container_post\" value=\"0\" \/><input type=\"hidden\" name=\"_wpcf7_posted_data_hash\" value=\"\" \/>\n<\/fieldset>\n<div class=\"form-flat\">\n\t<p><span class=\"wpcf7-form-control-wrap\" data-name=\"imie-i-nazwisko\"><input size=\"40\" maxlength=\"400\" class=\"wpcf7-form-control wpcf7-text wpcf7-validates-as-required\" aria-required=\"true\" aria-invalid=\"false\" placeholder=\"First name (required)\" value=\"\" type=\"text\" name=\"imie-i-nazwisko\" \/><\/span>\n\t<\/p>\n\t<p><span class=\"wpcf7-form-control-wrap\" data-name=\"email\"><input size=\"40\" maxlength=\"400\" class=\"wpcf7-form-control wpcf7-email wpcf7-validates-as-required wpcf7-text wpcf7-validates-as-email\" aria-required=\"true\" aria-invalid=\"false\" placeholder=\"Email (required)\" value=\"\" type=\"email\" name=\"email\" \/><\/span>\n\t<\/p>\n\t<p><span class=\"wpcf7-form-control-wrap\" data-name=\"tel-479\"><input size=\"40\" maxlength=\"400\" class=\"wpcf7-form-control wpcf7-tel wpcf7-text wpcf7-validates-as-tel\" aria-invalid=\"false\" placeholder=\"Phone number\" value=\"\" type=\"tel\" name=\"tel-479\" \/><\/span>\n\t<\/p>\n\t<p><span class=\"wpcf7-form-control-wrap\" data-name=\"textarea-535\"><textarea cols=\"40\" rows=\"10\" maxlength=\"2000\" class=\"wpcf7-form-control wpcf7-textarea wpcf7-validates-as-required\" aria-required=\"true\" aria-invalid=\"false\" placeholder=\"Message (required)\" name=\"textarea-535\"><\/textarea><\/span>\n\t<\/p>\n\t<p><span class=\"wpcf7-form-control-wrap\" data-name=\"acceptance\"><span class=\"wpcf7-form-control wpcf7-acceptance\"><span class=\"wpcf7-list-item\"><label><input type=\"checkbox\" name=\"acceptance\" value=\"1\" aria-invalid=\"false\" \/><span class=\"wpcf7-list-item-label\">Accept <a href=\"https:\/\/carbonmiledesign.pl\/polityka-prywatnosci\/\">the privacy policy<\/a>.<\/span><\/label><\/span><\/span><\/span>\n\t<\/p>\n\t<p><input class=\"wpcf7-form-control wpcf7-submit has-spinner button\" type=\"submit\" value=\"Send\" \/>\n\t<\/p>\n<\/div><div class=\"wpcf7-response-output\" aria-hidden=\"true\"><\/div>\n<input type=\"hidden\" name=\"trp-form-language\" value=\"en\"\/><\/form>\n<\/div>\n\n\n\n\t\t<\/div>\n\t\t\t\t\t<\/div>\n\n\t\n\n\n<style>\n#row-529406482 > .col > .col-inner {\n  padding: 0px 15px 0px 15px;\n}\n<\/style>\n<\/div>\n\n\t\t<\/div>\n\t\t\t\t\n<style>\n#col-1593085833 > .col-inner {\n  padding: 50px 20px 0px 20px;\n  margin: -0 0px 0px 0px;\n}\n@media (min-width:550px) {\n  #col-1593085833 > .col-inner {\n    padding: 50px 20px 30px 20px;\n    margin: 0 0px 0px 0px;\n  }\n}\n@media (min-width:850px) {\n  #col-1593085833 > .col-inner {\n    padding: 66px 5% 16px 5%;\n    margin: -135px 0px 0px 0px;\n  }\n}\n<\/style>\n\t<\/div>\n\n\t\n\n<\/div>\n<div class=\"row row-collapse row-full-width\"  id=\"row-1134964704\">\n\n\n\t<div id=\"col-2131722398\" class=\"col small-12 large-12\"  >\n\t\t\t\t<div class=\"col-inner\"  >\n\t\t\t\n\t\t\t\n\n\n\t\t<\/div>\n\t\t\t\t\n<style>\n#col-2131722398 > .col-inner {\n  padding: 0px 30px 0px 30px;\n}\n<\/style>\n\t<\/div>\n\n\t\n\n<\/div>","protected":false},"excerpt":{"rendered":"","protected":false},"author":1,"featured_media":0,"parent":0,"menu_order":0,"comment_status":"closed","ping_status":"closed","template":"page-blank.php","meta":{"footnotes":""},"class_list":["post-364","page","type-page","status-publish","hentry"],"yoast_head":"<!-- This site is optimized with the Yoast SEO plugin v26.6 - https:\/\/yoast.com\/wordpress\/plugins\/seo\/ -->\n<title>Kontakt - Carbonmile Design<\/title>\n<meta name=\"description\" content=\"Kontakt - Skontaktuj si\u0119 z nami i otrzymaj spersonalizowan\u0105 ofert\u0119 cz\u0119\u015bci carbon do Twojego samochodu, oraz wsparcie na ka\u017cdym etapie\" \/>\n<meta name=\"robots\" content=\"index, follow, max-snippet:-1, max-image-preview:large, max-video-preview:-1\" \/>\n<link rel=\"canonical\" href=\"https:\/\/carbonmiledesign.pl\/en\/kontakt\/\" \/>\n<meta property=\"og:locale\" content=\"en_US\" \/>\n<meta property=\"og:type\" content=\"article\" \/>\n<meta property=\"og:title\" content=\"Kontakt - Carbonmile Design\" \/>\n<meta property=\"og:description\" content=\"Kontakt - Skontaktuj si\u0119 z nami i otrzymaj spersonalizowan\u0105 ofert\u0119 cz\u0119\u015bci carbon do Twojego samochodu, oraz wsparcie na ka\u017cdym etapie\" \/>\n<meta property=\"og:url\" content=\"https:\/\/carbonmiledesign.pl\/en\/kontakt\/\" \/>\n<meta property=\"og:site_name\" content=\"CarbonMile design\" \/>\n<meta property=\"article:modified_time\" content=\"2025-07-08T08:26:18+00:00\" \/>\n<meta name=\"twitter:card\" content=\"summary_large_image\" \/>\n<meta name=\"twitter:label1\" content=\"Est. reading time\" \/>\n\t<meta name=\"twitter:data1\" content=\"2 minutes\" \/>\n<script type=\"application\/ld+json\" class=\"yoast-schema-graph\">{\"@context\":\"https:\/\/schema.org\",\"@graph\":[{\"@type\":\"WebPage\",\"@id\":\"https:\/\/carbonmiledesign.pl\/kontakt\/\",\"url\":\"https:\/\/carbonmiledesign.pl\/kontakt\/\",\"name\":\"Kontakt - Carbonmile Design\",\"isPartOf\":{\"@id\":\"https:\/\/carbonmiledesign.pl\/#website\"},\"datePublished\":\"2024-12-10T13:14:56+00:00\",\"dateModified\":\"2025-07-08T08:26:18+00:00\",\"description\":\"Kontakt - Skontaktuj si\u0119 z nami i otrzymaj spersonalizowan\u0105 ofert\u0119 cz\u0119\u015bci carbon do Twojego samochodu, oraz wsparcie na ka\u017cdym etapie\",\"breadcrumb\":{\"@id\":\"https:\/\/carbonmiledesign.pl\/kontakt\/#breadcrumb\"},\"inLanguage\":\"en-US\",\"potentialAction\":[{\"@type\":\"ReadAction\",\"target\":[\"https:\/\/carbonmiledesign.pl\/kontakt\/\"]}]},{\"@type\":\"BreadcrumbList\",\"@id\":\"https:\/\/carbonmiledesign.pl\/kontakt\/#breadcrumb\",\"itemListElement\":[{\"@type\":\"ListItem\",\"position\":1,\"name\":\"Strona g\u0142\u00f3wna\",\"item\":\"https:\/\/carbonmiledesign.pl\/\"},{\"@type\":\"ListItem\",\"position\":2,\"name\":\"Kontakt\"}]},{\"@type\":\"WebSite\",\"@id\":\"https:\/\/carbonmiledesign.pl\/#website\",\"url\":\"https:\/\/carbonmiledesign.pl\/\",\"name\":\"Carbonmile Design\",\"description\":\"\",\"publisher\":{\"@id\":\"https:\/\/carbonmiledesign.pl\/#organization\"},\"alternateName\":\"CM Design\",\"potentialAction\":[{\"@type\":\"SearchAction\",\"target\":{\"@type\":\"EntryPoint\",\"urlTemplate\":\"https:\/\/carbonmiledesign.pl\/?s={search_term_string}\"},\"query-input\":{\"@type\":\"PropertyValueSpecification\",\"valueRequired\":true,\"valueName\":\"search_term_string\"}}],\"inLanguage\":\"en-US\"},{\"@type\":\"Organization\",\"@id\":\"https:\/\/carbonmiledesign.pl\/#organization\",\"name\":\"Carbonmile Design\",\"url\":\"https:\/\/carbonmiledesign.pl\/\",\"logo\":{\"@type\":\"ImageObject\",\"inLanguage\":\"en-US\",\"@id\":\"https:\/\/carbonmiledesign.pl\/#\/schema\/logo\/image\/\",\"url\":\"https:\/\/carbonmiledesign.pl\/wp-content\/uploads\/2025\/01\/Carbonmiledesign-logo-czarne-przezroczyste-tlo.png\",\"contentUrl\":\"https:\/\/carbonmiledesign.pl\/wp-content\/uploads\/2025\/01\/Carbonmiledesign-logo-czarne-przezroczyste-tlo.png\",\"width\":2420,\"height\":520,\"caption\":\"Carbonmile Design\"},\"image\":{\"@id\":\"https:\/\/carbonmiledesign.pl\/#\/schema\/logo\/image\/\"}}]}<\/script>\n<!-- \/ Yoast SEO plugin. -->","yoast_head_json":{"title":"Kontakt - Carbonmile Design","description":"Kontakt - Skontaktuj si\u0119 z nami i otrzymaj spersonalizowan\u0105 ofert\u0119 cz\u0119\u015bci carbon do Twojego samochodu, oraz wsparcie na ka\u017cdym etapie","robots":{"index":"index","follow":"follow","max-snippet":"max-snippet:-1","max-image-preview":"max-image-preview:large","max-video-preview":"max-video-preview:-1"},"canonical":"https:\/\/carbonmiledesign.pl\/en\/kontakt\/","og_locale":"en_US","og_type":"article","og_title":"Kontakt - Carbonmile Design","og_description":"Kontakt - Skontaktuj si\u0119 z nami i otrzymaj spersonalizowan\u0105 ofert\u0119 cz\u0119\u015bci carbon do Twojego samochodu, oraz wsparcie na ka\u017cdym etapie","og_url":"https:\/\/carbonmiledesign.pl\/en\/kontakt\/","og_site_name":"CarbonMile design","article_modified_time":"2025-07-08T08:26:18+00:00","twitter_card":"summary_large_image","twitter_misc":{"Est. reading time":"2 minutes"},"schema":{"@context":"https:\/\/schema.org","@graph":[{"@type":"WebPage","@id":"https:\/\/carbonmiledesign.pl\/kontakt\/","url":"https:\/\/carbonmiledesign.pl\/kontakt\/","name":"Kontakt - Carbonmile Design","isPartOf":{"@id":"https:\/\/carbonmiledesign.pl\/#website"},"datePublished":"2024-12-10T13:14:56+00:00","dateModified":"2025-07-08T08:26:18+00:00","description":"Kontakt - Skontaktuj si\u0119 z nami i otrzymaj spersonalizowan\u0105 ofert\u0119 cz\u0119\u015bci carbon do Twojego samochodu, oraz wsparcie na ka\u017cdym etapie","breadcrumb":{"@id":"https:\/\/carbonmiledesign.pl\/kontakt\/#breadcrumb"},"inLanguage":"en-US","potentialAction":[{"@type":"ReadAction","target":["https:\/\/carbonmiledesign.pl\/kontakt\/"]}]},{"@type":"BreadcrumbList","@id":"https:\/\/carbonmiledesign.pl\/kontakt\/#breadcrumb","itemListElement":[{"@type":"ListItem","position":1,"name":"Strona g\u0142\u00f3wna","item":"https:\/\/carbonmiledesign.pl\/"},{"@type":"ListItem","position":2,"name":"Kontakt"}]},{"@type":"WebSite","@id":"https:\/\/carbonmiledesign.pl\/#website","url":"https:\/\/carbonmiledesign.pl\/","name":"Carbonmile Design","description":"","publisher":{"@id":"https:\/\/carbonmiledesign.pl\/#organization"},"alternateName":"CM Design","potentialAction":[{"@type":"SearchAction","target":{"@type":"EntryPoint","urlTemplate":"https:\/\/carbonmiledesign.pl\/?s={search_term_string}"},"query-input":{"@type":"PropertyValueSpecification","valueRequired":true,"valueName":"search_term_string"}}],"inLanguage":"en-US"},{"@type":"Organization","@id":"https:\/\/carbonmiledesign.pl\/#organization","name":"Carbonmile Design","url":"https:\/\/carbonmiledesign.pl\/","logo":{"@type":"ImageObject","inLanguage":"en-US","@id":"https:\/\/carbonmiledesign.pl\/#\/schema\/logo\/image\/","url":"https:\/\/carbonmiledesign.pl\/wp-content\/uploads\/2025\/01\/Carbonmiledesign-logo-czarne-przezroczyste-tlo.png","contentUrl":"https:\/\/carbonmiledesign.pl\/wp-content\/uploads\/2025\/01\/Carbonmiledesign-logo-czarne-przezroczyste-tlo.png","width":2420,"height":520,"caption":"Carbonmile Design"},"image":{"@id":"https:\/\/carbonmiledesign.pl\/#\/schema\/logo\/image\/"}}]}},"jetpack_sharing_enabled":true,"_links":{"self":[{"href":"https:\/\/carbonmiledesign.pl\/en\/wp-json\/wp\/v2\/pages\/364","targetHints":{"allow":["GET"]}}],"collection":[{"href":"https:\/\/carbonmiledesign.pl\/en\/wp-json\/wp\/v2\/pages"}],"about":[{"href":"https:\/\/carbonmiledesign.pl\/en\/wp-json\/wp\/v2\/types\/page"}],"author":[{"embeddable":true,"href":"https:\/\/carbonmiledesign.pl\/en\/wp-json\/wp\/v2\/users\/1"}],"replies":[{"embeddable":true,"href":"https:\/\/carbonmiledesign.pl\/en\/wp-json\/wp\/v2\/comments?post=364"}],"version-history":[{"count":0,"href":"https:\/\/carbonmiledesign.pl\/en\/wp-json\/wp\/v2\/pages\/364\/revisions"}],"wp:attachment":[{"href":"https:\/\/carbonmiledesign.pl\/en\/wp-json\/wp\/v2\/media?parent=364"}],"curies":[{"name":"wp","href":"https:\/\/api.w.org\/{rel}","templated":true}]}}