{"id":3,"date":"2024-12-10T12:08:52","date_gmt":"2024-12-10T11:08:52","guid":{"rendered":"https:\/\/carbonmiledesign.pl\/?page_id=3"},"modified":"2026-01-16T15:19:23","modified_gmt":"2026-01-16T14:19:23","slug":"polityka-prywatnosci","status":"publish","type":"page","link":"https:\/\/carbonmiledesign.pl\/en\/polityka-prywatnosci\/","title":{"rendered":"Privacy policy"},"content":{"rendered":"<div id=\"gap-391996132\" class=\"gap-element clearfix\" style=\"display:block; height:auto;\">\n\t\t\n<style>\n#gap-391996132 {\n  padding-top: 30px;\n}\n<\/style>\n\t<\/div>\n\t\n\n<h1 style=\"text-align: center;\">Privacy policy<\/h1>\n<div class=\"text-center\"><div class=\"is-divider divider clearfix\" style=\"max-width:305px;background-color:rgb(153, 48, 49);\"><\/div><\/div>\n\n<div class=\"row\"  id=\"row-296943293\">\n\n\n\t<div id=\"col-1707373493\" class=\"col medium-1 small-12 large-1\"  >\n\t\t\t\t<div class=\"col-inner\"  >\n\t\t\t\n\t\t\t\n\n\n\t\t<\/div>\n\t\t\t\t\t<\/div>\n\n\t\n\n\t<div id=\"col-1352296865\" class=\"col medium-10 small-12 large-10\"  >\n\t\t\t\t<div class=\"col-inner\"  >\n\t\t\t\n\t\t\t\n\n<p><strong>General information<\/strong><br \/>This Privacy Policy describes the principles of processing personal data of users of the Carbonmile Design website, which offers the sale of carbon visual parts for cars and the services of order matching and product assembly.<\/p>\n<p>The administrator of personal data contained on the website is:<br \/><strong>Carbonmiledesign Sp. z o.o.<\/strong><br \/>ul. Borowa 44<br \/>05-520 Konstancin-Jeziorna<br \/>NIP: 1231588867<br \/>REGON: 54281351600000<\/p>\n<p><strong>Scope of personal data processed<\/strong><br \/>As part of the Carbonmile Design store's operations, we collect and process personal data such as:<\/p>\n<ul>\n<li>Name and surname<\/li>\n<li>Email address<\/li>\n<li>Shipping address<\/li>\n<li>Phone number<\/li>\n<li>Payment details (in case of online transactions)<\/li>\n<\/ul>\n<p><strong>Purposes of personal data processing<\/strong><br \/>Personal data is collected for the purpose of:<\/p>\n<ol>\n<li>Realizacji us\u0142ug \u015bwiadczonych przez CarbonmileDesign, w tym przyjmowania i realizowania zam\u00f3wie\u0144, dostosowywania produkt\u00f3w do potrzeb klienta oraz monta\u017cu cz\u0119\u015bci we wsp\u00f3\u0142pracy z Servicemile.<\/li>\n<li>Customer service, including contact regarding enquiries, order fulfillment and complaint handling.<\/li>\n<li>Issuing accounting documents, such as invoices.<\/li>\n<li>Carrying out marketing activities, including sending information about new products, promotions and special offers, in accordance with user preferences.<\/li>\n<li>Pursuing claims arising from transactions.<\/li>\n<\/ol>\n<p><strong>Legal basis for data processing<\/strong><br \/>Personal data is processed based on the user's consent expressed by accepting the terms of use of the store's services when entering the website. Data processing may also take place on the basis of concluding a contract (order fulfillment) and in order to fulfill legal obligations (e.g. tax obligations).<\/p>\n<p><strong>Transfer of personal data<\/strong><br \/>Users\u2019 personal data may be transferred to third parties in the following cases:<\/p>\n<ul>\n<li>Courier companies \u2013 to deliver ordered products.<\/li>\n<li>Payment companies \u2013 to process online payments.<\/li>\n<li>Subcontractors \u2013 for the purpose of carrying out product assembly services and other orders related to the store\u2019s operations.<\/li>\n<\/ul>\n<p><strong>Data storage period<\/strong><br \/>Personal data will be stored for the time necessary to complete the order and provide services, including for the purpose of issuing accounting documents, for the period required by law, e.g. for tax purposes. After this time, the data will be deleted or anonymized.<\/p>\n<p><strong>Transferring data outside the EU<\/strong><br \/>Currently, users' personal data is not transferred outside the European Union. If this practice changes, users will be informed of any significant changes.<\/p>\n<p><strong>User rights<\/strong><br \/>The user has the right to:<\/p>\n<ul>\n<li>Access your personal data and receive a copy of this data.<\/li>\n<li>Rectify your data if it is incorrect or incomplete.<\/li>\n<li>Deletion of data (so-called right to be forgotten) if the data is no longer necessary for the purposes for which it was collected.<\/li>\n<li>Limitations on data processing when certain circumstances apply.<\/li>\n<li>Transferring data to another data controller.<\/li>\n<li>Object to data processing if there are appropriate grounds to do so.<\/li>\n<\/ul>\n<p>To exercise the above rights, users can contact us via the contact form or by sending an email to: <a rel=\"noopener\">kontakt@carbonmiledesign.pl<\/a>.<\/p>\n<p><strong>Security of personal data<\/strong><br \/>Carbonmile Design uses personal data protection measures, such as connection encryption (SSL) and technological and organizational security measures to protect data against unauthorized access, loss, modification or deletion.<\/p>\n<p><strong>Cookies<\/strong><br \/>The Carbonmile Design website uses cookies to improve the quality of services, analyze user activity and adapt the content of the website to their preferences. Cookies are used, among others, for the following purposes:<\/p>\n<ul>\n<li>User authentication<\/li>\n<li>Monitoring website performance<\/li>\n<li>Personalizing advertising content<\/li>\n<\/ul>\n<p>Users can disable cookies in their browser settings at any time, but this may affect the functionality of the site.<\/p>\n<p><strong>Contact<\/strong><br \/>In case of any questions or concerns regarding the processing of personal data or the Privacy Policy, users can contact us via:<br \/>E-mail: <a rel=\"noopener\">kontakt@carbonmiledesign.pl<\/a><\/p>\n<p><strong>Changes in Privacy Policy<\/strong><br \/>We reserve the right to change the Privacy Policy. Any changes will be posted on this page and will be effective upon posting. Users will be notified of any changes to the Privacy Policy.<\/p>\n\n\t\t<\/div>\n\t\t\t\t\t<\/div>\n\n\t\n\n\t<div id=\"col-256148339\" class=\"col medium-1 small-12 large-1\"  >\n\t\t\t\t<div class=\"col-inner\"  >\n\t\t\t\n\t\t\t\n\n\n\t\t<\/div>\n\t\t\t\t\t<\/div>\n\n\t\n\n<\/div>\n\t<div id=\"gap-1476239245\" class=\"gap-element clearfix\" style=\"display:block; height:auto;\">\n\t\t\n<style>\n#gap-1476239245 {\n  padding-top: 30px;\n}\n<\/style>\n\t<\/div>","protected":false},"excerpt":{"rendered":"","protected":false},"author":1,"featured_media":0,"parent":0,"menu_order":0,"comment_status":"closed","ping_status":"open","template":"","meta":{"footnotes":""},"class_list":["post-3","page","type-page","status-publish","hentry"],"yoast_head":"<!-- This site is optimized with the Yoast SEO plugin v26.6 - https:\/\/yoast.com\/wordpress\/plugins\/seo\/ -->\n<title>Polityka prywatno\u015bci - CarbonMile design<\/title>\n<meta name=\"robots\" content=\"index, follow, max-snippet:-1, max-image-preview:large, max-video-preview:-1\" \/>\n<link rel=\"canonical\" href=\"https:\/\/carbonmiledesign.pl\/en\/polityka-prywatnosci\/\" \/>\n<meta property=\"og:locale\" content=\"en_US\" \/>\n<meta property=\"og:type\" content=\"article\" \/>\n<meta property=\"og:title\" content=\"Polityka prywatno\u015bci - CarbonMile design\" \/>\n<meta property=\"og:url\" content=\"https:\/\/carbonmiledesign.pl\/en\/polityka-prywatnosci\/\" \/>\n<meta property=\"og:site_name\" content=\"CarbonMile design\" \/>\n<meta property=\"article:modified_time\" content=\"2026-01-16T14:19:23+00:00\" \/>\n<meta name=\"twitter:card\" content=\"summary_large_image\" \/>\n<meta name=\"twitter:label1\" content=\"Est. reading time\" \/>\n\t<meta name=\"twitter:data1\" content=\"4 minutes\" \/>\n<script type=\"application\/ld+json\" class=\"yoast-schema-graph\">{\"@context\":\"https:\/\/schema.org\",\"@graph\":[{\"@type\":\"WebPage\",\"@id\":\"https:\/\/carbonmiledesign.pl\/polityka-prywatnosci\/\",\"url\":\"https:\/\/carbonmiledesign.pl\/polityka-prywatnosci\/\",\"name\":\"Polityka prywatno\u015bci - CarbonMile design\",\"isPartOf\":{\"@id\":\"https:\/\/carbonmiledesign.pl\/#website\"},\"datePublished\":\"2024-12-10T11:08:52+00:00\",\"dateModified\":\"2026-01-16T14:19:23+00:00\",\"breadcrumb\":{\"@id\":\"https:\/\/carbonmiledesign.pl\/polityka-prywatnosci\/#breadcrumb\"},\"inLanguage\":\"en-US\",\"potentialAction\":[{\"@type\":\"ReadAction\",\"target\":[\"https:\/\/carbonmiledesign.pl\/polityka-prywatnosci\/\"]}]},{\"@type\":\"BreadcrumbList\",\"@id\":\"https:\/\/carbonmiledesign.pl\/polityka-prywatnosci\/#breadcrumb\",\"itemListElement\":[{\"@type\":\"ListItem\",\"position\":1,\"name\":\"Strona g\u0142\u00f3wna\",\"item\":\"https:\/\/carbonmiledesign.pl\/\"},{\"@type\":\"ListItem\",\"position\":2,\"name\":\"Polityka prywatno\u015bci\"}]},{\"@type\":\"WebSite\",\"@id\":\"https:\/\/carbonmiledesign.pl\/#website\",\"url\":\"https:\/\/carbonmiledesign.pl\/\",\"name\":\"Carbonmile Design\",\"description\":\"\",\"publisher\":{\"@id\":\"https:\/\/carbonmiledesign.pl\/#organization\"},\"alternateName\":\"CM Design\",\"potentialAction\":[{\"@type\":\"SearchAction\",\"target\":{\"@type\":\"EntryPoint\",\"urlTemplate\":\"https:\/\/carbonmiledesign.pl\/?s={search_term_string}\"},\"query-input\":{\"@type\":\"PropertyValueSpecification\",\"valueRequired\":true,\"valueName\":\"search_term_string\"}}],\"inLanguage\":\"en-US\"},{\"@type\":\"Organization\",\"@id\":\"https:\/\/carbonmiledesign.pl\/#organization\",\"name\":\"Carbonmile Design\",\"url\":\"https:\/\/carbonmiledesign.pl\/\",\"logo\":{\"@type\":\"ImageObject\",\"inLanguage\":\"en-US\",\"@id\":\"https:\/\/carbonmiledesign.pl\/#\/schema\/logo\/image\/\",\"url\":\"https:\/\/carbonmiledesign.pl\/wp-content\/uploads\/2025\/01\/Carbonmiledesign-logo-czarne-przezroczyste-tlo.png\",\"contentUrl\":\"https:\/\/carbonmiledesign.pl\/wp-content\/uploads\/2025\/01\/Carbonmiledesign-logo-czarne-przezroczyste-tlo.png\",\"width\":2420,\"height\":520,\"caption\":\"Carbonmile Design\"},\"image\":{\"@id\":\"https:\/\/carbonmiledesign.pl\/#\/schema\/logo\/image\/\"}}]}<\/script>\n<!-- \/ Yoast SEO plugin. -->","yoast_head_json":{"title":"Polityka prywatno\u015bci - CarbonMile design","robots":{"index":"index","follow":"follow","max-snippet":"max-snippet:-1","max-image-preview":"max-image-preview:large","max-video-preview":"max-video-preview:-1"},"canonical":"https:\/\/carbonmiledesign.pl\/en\/polityka-prywatnosci\/","og_locale":"en_US","og_type":"article","og_title":"Polityka prywatno\u015bci - CarbonMile design","og_url":"https:\/\/carbonmiledesign.pl\/en\/polityka-prywatnosci\/","og_site_name":"CarbonMile design","article_modified_time":"2026-01-16T14:19:23+00:00","twitter_card":"summary_large_image","twitter_misc":{"Est. reading time":"4 minutes"},"schema":{"@context":"https:\/\/schema.org","@graph":[{"@type":"WebPage","@id":"https:\/\/carbonmiledesign.pl\/polityka-prywatnosci\/","url":"https:\/\/carbonmiledesign.pl\/polityka-prywatnosci\/","name":"Polityka prywatno\u015bci - CarbonMile design","isPartOf":{"@id":"https:\/\/carbonmiledesign.pl\/#website"},"datePublished":"2024-12-10T11:08:52+00:00","dateModified":"2026-01-16T14:19:23+00:00","breadcrumb":{"@id":"https:\/\/carbonmiledesign.pl\/polityka-prywatnosci\/#breadcrumb"},"inLanguage":"en-US","potentialAction":[{"@type":"ReadAction","target":["https:\/\/carbonmiledesign.pl\/polityka-prywatnosci\/"]}]},{"@type":"BreadcrumbList","@id":"https:\/\/carbonmiledesign.pl\/polityka-prywatnosci\/#breadcrumb","itemListElement":[{"@type":"ListItem","position":1,"name":"Strona g\u0142\u00f3wna","item":"https:\/\/carbonmiledesign.pl\/"},{"@type":"ListItem","position":2,"name":"Polityka prywatno\u015bci"}]},{"@type":"WebSite","@id":"https:\/\/carbonmiledesign.pl\/#website","url":"https:\/\/carbonmiledesign.pl\/","name":"Carbonmile Design","description":"","publisher":{"@id":"https:\/\/carbonmiledesign.pl\/#organization"},"alternateName":"CM Design","potentialAction":[{"@type":"SearchAction","target":{"@type":"EntryPoint","urlTemplate":"https:\/\/carbonmiledesign.pl\/?s={search_term_string}"},"query-input":{"@type":"PropertyValueSpecification","valueRequired":true,"valueName":"search_term_string"}}],"inLanguage":"en-US"},{"@type":"Organization","@id":"https:\/\/carbonmiledesign.pl\/#organization","name":"Carbonmile Design","url":"https:\/\/carbonmiledesign.pl\/","logo":{"@type":"ImageObject","inLanguage":"en-US","@id":"https:\/\/carbonmiledesign.pl\/#\/schema\/logo\/image\/","url":"https:\/\/carbonmiledesign.pl\/wp-content\/uploads\/2025\/01\/Carbonmiledesign-logo-czarne-przezroczyste-tlo.png","contentUrl":"https:\/\/carbonmiledesign.pl\/wp-content\/uploads\/2025\/01\/Carbonmiledesign-logo-czarne-przezroczyste-tlo.png","width":2420,"height":520,"caption":"Carbonmile Design"},"image":{"@id":"https:\/\/carbonmiledesign.pl\/#\/schema\/logo\/image\/"}}]}},"jetpack_sharing_enabled":true,"_links":{"self":[{"href":"https:\/\/carbonmiledesign.pl\/en\/wp-json\/wp\/v2\/pages\/3","targetHints":{"allow":["GET"]}}],"collection":[{"href":"https:\/\/carbonmiledesign.pl\/en\/wp-json\/wp\/v2\/pages"}],"about":[{"href":"https:\/\/carbonmiledesign.pl\/en\/wp-json\/wp\/v2\/types\/page"}],"author":[{"embeddable":true,"href":"https:\/\/carbonmiledesign.pl\/en\/wp-json\/wp\/v2\/users\/1"}],"replies":[{"embeddable":true,"href":"https:\/\/carbonmiledesign.pl\/en\/wp-json\/wp\/v2\/comments?post=3"}],"version-history":[{"count":1,"href":"https:\/\/carbonmiledesign.pl\/en\/wp-json\/wp\/v2\/pages\/3\/revisions"}],"predecessor-version":[{"id":4081,"href":"https:\/\/carbonmiledesign.pl\/en\/wp-json\/wp\/v2\/pages\/3\/revisions\/4081"}],"wp:attachment":[{"href":"https:\/\/carbonmiledesign.pl\/en\/wp-json\/wp\/v2\/media?parent=3"}],"curies":[{"name":"wp","href":"https:\/\/api.w.org\/{rel}","templated":true}]}}