{"id":1174,"date":"2025-01-31T18:27:14","date_gmt":"2025-01-31T17:27:14","guid":{"rendered":"https:\/\/carbonmiledesign.pl\/?page_id=1174"},"modified":"2025-02-02T16:06:14","modified_gmt":"2025-02-02T15:06:14","slug":"gwarancje","status":"publish","type":"page","link":"https:\/\/carbonmiledesign.pl\/en\/gwarancje\/","title":{"rendered":"Warranty"},"content":{"rendered":"<div id=\"gap-19939217\" class=\"gap-element clearfix\" style=\"display:block; height:auto;\">\n\t\t\n<style>\n#gap-19939217 {\n  padding-top: 30px;\n}\n<\/style>\n\t<\/div>\n\t\n\n<h1 style=\"text-align: center;\">Warranty<\/h1>\n<div class=\"text-center\"><div class=\"is-divider divider clearfix\" style=\"max-width:160px;background-color:rgb(153, 48, 49);\"><\/div><\/div>\n\n<div class=\"row\"  id=\"row-130853320\">\n\n\n\t<div id=\"col-1012621379\" class=\"col medium-1 small-12 large-1\"  >\n\t\t\t\t<div class=\"col-inner\"  >\n\t\t\t\n\t\t\t\n\n\n\t\t<\/div>\n\t\t\t\t\t<\/div>\n\n\t\n\n\t<div id=\"col-491735473\" class=\"col medium-10 small-12 large-10\"  >\n\t\t\t\t<div class=\"col-inner\"  >\n\t\t\t\n\t\t\t\n\n<p><strong>1. Okres gwarancji<\/strong><br \/>Carbonmile Design udziela 12-miesi\u0119cznej gwarancji na wszystkie oferowane produkty, o ile nie wskazano inaczej.<\/p>\n<p><strong>2. Zakres gwarancji<\/strong><br \/>Gwarancja obejmuje wy\u0142\u0105cznie wady materia\u0142owe oraz wady produkcyjne, powsta\u0142e z naszej winy, takie jak np. odchodzenie lakieru z materia\u0142u.<br \/>Monta\u017c produktu le\u017cy po stronie klienta \u2013 wszelkie uszkodzenia powsta\u0142e w wyniku nieprawid\u0142owego monta\u017cu nie podlegaj\u0105 gwarancji.<br \/>Je\u017celi produkt zostanie zamontowany w autoryzowanym serwisie servicemile, monta\u017c obj\u0119ty jest gwarancj\u0105.<\/p>\n<p><strong>3. Wy\u0142\u0105czenia z gwarancji<\/strong><br \/>Gwarancja nie obejmuje:<\/p>\n<ul>\n<li>Uszkodze\u0144 wynikaj\u0105cych z nieprawid\u0142owego monta\u017cu (je\u015bli produkt nie by\u0142 montowany w servicemile).<\/li>\n<li>Uszkodze\u0144 powsta\u0142ych z winy u\u017cytkownika, np. poprzez niew\u0142a\u015bciwe u\u017cytkowanie lub zaniedbanie.<\/li>\n<li>Uszkodze\u0144 wynikaj\u0105cych ze zbyt intensywnej eksploatacji lub u\u017cycia w spos\u00f3b niezgodny z przeznaczeniem.<\/li>\n<li>Normalnego zu\u017cycia produktu.<\/li>\n<li>Uszkodze\u0144 mechanicznych powsta\u0142ych w wyniku dzia\u0142ania si\u0142y zewn\u0119trznej (np. wypadk\u00f3w drogowych).<\/li>\n<\/ul>\n<p>Nieprawid\u0142owy monta\u017c przeprowadzony przez klienta lub nieautoryzowany serwis skutkuje utrat\u0105 gwarancji.<\/p>\n<p><strong>4. Procedura zg\u0142aszania reklamacji w ramach gwarancji<\/strong><br \/>Aby zg\u0142osi\u0107 reklamacj\u0119 w ramach gwarancji, klient powinien:<\/p>\n<ol>\n<li>Wype\u0142ni\u0107 formularz zg\u0142oszeniowy dost\u0119pny poni\u017cej.<\/li>\n<li>Za\u0142\u0105czy\u0107 dow\u00f3d zakupu (paragon lub faktur\u0119).<\/li>\n<li>Po otrzymaniu akceptacji zg\u0142oszenia, odes\u0142a\u0107 produkt na w\u0142asny koszt.\n<ul>\n<li>Je\u015bli reklamacja zostanie uznana, zwr\u00f3cimy koszt wysy\u0142ki zgodnie z naszym cennikiem.<\/li>\n<\/ul>\n<\/li>\n<\/ol>\n<p><strong>5. Spos\u00f3b realizacji gwarancji<\/strong><br \/>Ka\u017cde zg\u0142oszenie gwarancyjne rozpatrujemy indywidualnie, dostosowuj\u0105c si\u0119 do sytuacji klienta.<br \/>W ramach gwarancji mo\u017cemy zaoferowa\u0107:<\/p>\n<ul>\n<li>Napraw\u0119 produktu<\/li>\n<li>Kupon upominkowy na warto\u015b\u0107 produktu<\/li>\n<li>Wymian\u0119 produktu na nowy egzemplarz.<\/li>\n<li>Inne rozwi\u0105zanie uzgodnione indywidualnie z klientem.<\/li>\n<\/ul>\n<p>Na rozpatrzenie zg\u0142oszenia mamy do 14 dni roboczych od momentu otrzymania produktu.<\/p>\n<p><strong>6. Dodatkowe informacje<\/strong><\/p>\n<ul>\n<li>Nie oferujemy przed\u0142u\u017conej gwarancji.<\/li>\n<li>Autoryzowany monta\u017c mo\u017cliwy jest wy\u0142\u0105cznie w serwisie Servicemile.<\/li>\n<li>Je\u015bli produkt zostanie poprawnie zamontowany przez klienta lub inny serwis, nadal podlega gwarancji, o ile nie dosz\u0142o do uszkodzenia podczas monta\u017cu.<\/li>\n<\/ul>\n\n\t\t<\/div>\n\t\t\t\t\t<\/div>\n\n\t\n\n\t<div id=\"col-808873634\" class=\"col medium-1 small-12 large-1\"  >\n\t\t\t\t<div class=\"col-inner\"  >\n\t\t\t\n\t\t\t\n\n\n\t\t<\/div>\n\t\t\t\t\t<\/div>\n\n\t\n\n<\/div>\n<div class=\"row\"  id=\"row-1448836657\">\n\n\n\t<div id=\"col-740792083\" class=\"col medium-1 small-12 large-1\"  >\n\t\t\t\t<div class=\"col-inner\"  >\n\t\t\t\n\t\t\t\n\n\n\t\t<\/div>\n\t\t\t\t\t<\/div>\n\n\t\n\n\t<div id=\"col-1134997690\" class=\"col medium-5 small-12 large-5\"  >\n\t\t\t\t<div class=\"col-inner\"  >\n\t\t\t\n\t\t\t\n\n<h1 style=\"text-align: center;\">Formularz gwarancyjny<\/h1>\n<div class=\"text-center\"><div class=\"is-divider divider clearfix\" style=\"max-width:360px;background-color:rgb(153, 48, 49);\"><\/div><\/div>\n\n\n<div class=\"wpcf7 no-js\" id=\"wpcf7-f1190-o1\" lang=\"en-US\" dir=\"ltr\" data-wpcf7-id=\"1190\">\n<div class=\"screen-reader-response\"><p role=\"status\" aria-live=\"polite\" aria-atomic=\"true\"><\/p> <ul><\/ul><\/div>\n<form action=\"\/en\/wp-json\/wp\/v2\/pages\/1174#wpcf7-f1190-o1\" method=\"post\" class=\"wpcf7-form init\" aria-label=\"Contact form\" enctype=\"multipart\/form-data\" novalidate=\"novalidate\" data-status=\"init\" data-trp-original-action=\"\/en\/wp-json\/wp\/v2\/pages\/1174#wpcf7-f1190-o1\">\n<fieldset class=\"hidden-fields-container\"><input type=\"hidden\" name=\"_wpcf7\" value=\"1190\" \/><input type=\"hidden\" name=\"_wpcf7_version\" value=\"6.1.4\" \/><input type=\"hidden\" name=\"_wpcf7_locale\" value=\"en_US\" \/><input type=\"hidden\" name=\"_wpcf7_unit_tag\" value=\"wpcf7-f1190-o1\" \/><input type=\"hidden\" name=\"_wpcf7_container_post\" value=\"0\" \/><input type=\"hidden\" name=\"_wpcf7_posted_data_hash\" value=\"\" \/>\n<\/fieldset>\n<div class=\"form-flat\">\n\t<p><span class=\"wpcf7-form-control-wrap\" data-name=\"imie-i-nazwisko\"><input size=\"40\" maxlength=\"400\" class=\"wpcf7-form-control wpcf7-text wpcf7-validates-as-required\" aria-required=\"true\" aria-invalid=\"false\" placeholder=\"Imi\u0119 i nazwisko (wymagane)\" value=\"\" type=\"text\" name=\"imie-i-nazwisko\" \/><\/span>\n\t<\/p>\n\t<p><span class=\"wpcf7-form-control-wrap\" data-name=\"email\"><input size=\"40\" maxlength=\"400\" class=\"wpcf7-form-control wpcf7-email wpcf7-validates-as-required wpcf7-text wpcf7-validates-as-email\" aria-required=\"true\" aria-invalid=\"false\" placeholder=\"Email (required)\" value=\"\" type=\"email\" name=\"email\" \/><\/span>\n\t<\/p>\n\t<p><span class=\"wpcf7-form-control-wrap\" data-name=\"tel-479\"><input size=\"40\" maxlength=\"400\" class=\"wpcf7-form-control wpcf7-tel wpcf7-validates-as-required wpcf7-text wpcf7-validates-as-tel\" aria-required=\"true\" aria-invalid=\"false\" placeholder=\"Phone number\" value=\"\" type=\"tel\" name=\"tel-479\" \/><\/span>\n\t<\/p>\n\t<p><span class=\"wpcf7-form-control-wrap\" data-name=\"Opisz\"><textarea cols=\"40\" rows=\"10\" maxlength=\"2000\" class=\"wpcf7-form-control wpcf7-textarea wpcf7-validates-as-required\" aria-required=\"true\" aria-invalid=\"false\" placeholder=\"Opisz problem z produktem (wymagane)\" name=\"Opisz\"><\/textarea><\/span>\n\t<\/p>\n\t<p><span class=\"wpcf7-form-control-wrap\" data-name=\"order-number\"><input size=\"40\" maxlength=\"400\" class=\"wpcf7-form-control wpcf7-text wpcf7-validates-as-required\" id=\"order-number\" aria-required=\"true\" aria-invalid=\"false\" placeholder=\"Numer zam\u00f3wienia (wymagane)\" value=\"\" type=\"text\" name=\"order-number\" \/><\/span>\n\t<\/p>\n\t<p><span class=\"wpcf7-form-control-wrap\" data-name=\"plik\"><input size=\"40\" class=\"wpcf7-form-control wpcf7-file\" accept=\".jpg,.jpeg,.png,.pdf\" aria-invalid=\"false\" type=\"file\" name=\"plik\" \/><\/span>\n\t<\/p>\n\t<p><span class=\"wpcf7-form-control-wrap\" data-name=\"acceptance\"><span class=\"wpcf7-form-control wpcf7-acceptance\"><span class=\"wpcf7-list-item\"><label><input type=\"checkbox\" name=\"acceptance\" value=\"1\" aria-invalid=\"false\" \/><span class=\"wpcf7-list-item-label\">Accept <a href=\"https:\/\/carbonmiledesign.pl\/polityka-prywatnosci\/\">the privacy policy<\/a>.<\/span><\/label><\/span><\/span><\/span>\n\t<\/p>\n\t<p><input class=\"wpcf7-form-control wpcf7-submit has-spinner button\" type=\"submit\" value=\"Send\" \/>\n\t<\/p>\n<\/div><div class=\"wpcf7-response-output\" aria-hidden=\"true\"><\/div>\n<input type=\"hidden\" name=\"trp-form-language\" value=\"en\"\/><\/form>\n<\/div>\n\n\n\n\t\t<\/div>\n\t\t\t\t\t<\/div>\n\n\t\n\n\t<div id=\"col-1563359322\" class=\"col medium-6 small-12 large-6\"  >\n\t\t\t\t<div class=\"col-inner\"  >\n\t\t\t\n\t\t\t\n\n\t<div class=\"img has-hover x md-x lg-x y md-y lg-y\" id=\"image_1976481154\">\n\t\t\t\t\t\t\t\t<div class=\"img-inner image-cover dark\" style=\"padding-top:585px;\">\n\t\t\t<img loading=\"lazy\" decoding=\"async\" width=\"1020\" height=\"765\" src=\"https:\/\/carbonmiledesign.pl\/wp-content\/uploads\/2025\/01\/lotka-m5-f90-1067x800.jpg\" class=\"attachment-large size-large\" alt=\"\" srcset=\"https:\/\/carbonmiledesign.pl\/wp-content\/uploads\/2025\/01\/lotka-m5-f90-1067x800.jpg 1067w, https:\/\/carbonmiledesign.pl\/wp-content\/uploads\/2025\/01\/lotka-m5-f90-scaled-1000x750.jpg 1000w, https:\/\/carbonmiledesign.pl\/wp-content\/uploads\/2025\/01\/lotka-m5-f90-533x400.jpg 533w, https:\/\/carbonmiledesign.pl\/wp-content\/uploads\/2025\/01\/lotka-m5-f90-768x576.jpg 768w, https:\/\/carbonmiledesign.pl\/wp-content\/uploads\/2025\/01\/lotka-m5-f90-1536x1152.jpg 1536w, https:\/\/carbonmiledesign.pl\/wp-content\/uploads\/2025\/01\/lotka-m5-f90-2048x1536.jpg 2048w\" sizes=\"auto, (max-width: 1020px) 100vw, 1020px\" \/>\t\t\t\t\t\t\n\t\t\t\t\t<\/div>\n\t\t\t\t\t\t\t\t\n<style>\n#image_1976481154 {\n  width: 100%;\n}\n<\/style>\n\t<\/div>\n\t\n\n\n\t\t<\/div>\n\t\t\t\t\t<\/div>\n\n\t\n\n<\/div>","protected":false},"excerpt":{"rendered":"","protected":false},"author":1,"featured_media":0,"parent":0,"menu_order":0,"comment_status":"closed","ping_status":"closed","template":"","meta":{"footnotes":""},"class_list":["post-1174","page","type-page","status-publish","hentry"],"yoast_head":"<!-- This site is optimized with the Yoast SEO plugin v26.6 - https:\/\/yoast.com\/wordpress\/plugins\/seo\/ -->\n<title>Gwarancje - CarbonMile design<\/title>\n<meta name=\"robots\" content=\"index, follow, max-snippet:-1, max-image-preview:large, max-video-preview:-1\" \/>\n<link rel=\"canonical\" href=\"https:\/\/carbonmiledesign.pl\/en\/gwarancje\/\" \/>\n<meta property=\"og:locale\" content=\"en_US\" \/>\n<meta property=\"og:type\" content=\"article\" \/>\n<meta property=\"og:title\" content=\"Gwarancje - CarbonMile design\" \/>\n<meta property=\"og:url\" content=\"https:\/\/carbonmiledesign.pl\/en\/gwarancje\/\" \/>\n<meta property=\"og:site_name\" content=\"CarbonMile design\" \/>\n<meta property=\"article:modified_time\" content=\"2025-02-02T15:06:14+00:00\" \/>\n<meta name=\"twitter:card\" content=\"summary_large_image\" \/>\n<script type=\"application\/ld+json\" class=\"yoast-schema-graph\">{\"@context\":\"https:\/\/schema.org\",\"@graph\":[{\"@type\":\"WebPage\",\"@id\":\"https:\/\/carbonmiledesign.pl\/gwarancje\/\",\"url\":\"https:\/\/carbonmiledesign.pl\/gwarancje\/\",\"name\":\"Gwarancje - CarbonMile design\",\"isPartOf\":{\"@id\":\"https:\/\/carbonmiledesign.pl\/#website\"},\"datePublished\":\"2025-01-31T17:27:14+00:00\",\"dateModified\":\"2025-02-02T15:06:14+00:00\",\"breadcrumb\":{\"@id\":\"https:\/\/carbonmiledesign.pl\/gwarancje\/#breadcrumb\"},\"inLanguage\":\"en-US\",\"potentialAction\":[{\"@type\":\"ReadAction\",\"target\":[\"https:\/\/carbonmiledesign.pl\/gwarancje\/\"]}]},{\"@type\":\"BreadcrumbList\",\"@id\":\"https:\/\/carbonmiledesign.pl\/gwarancje\/#breadcrumb\",\"itemListElement\":[{\"@type\":\"ListItem\",\"position\":1,\"name\":\"Strona g\u0142\u00f3wna\",\"item\":\"https:\/\/carbonmiledesign.pl\/\"},{\"@type\":\"ListItem\",\"position\":2,\"name\":\"Gwarancje\"}]},{\"@type\":\"WebSite\",\"@id\":\"https:\/\/carbonmiledesign.pl\/#website\",\"url\":\"https:\/\/carbonmiledesign.pl\/\",\"name\":\"Carbonmile Design\",\"description\":\"\",\"publisher\":{\"@id\":\"https:\/\/carbonmiledesign.pl\/#organization\"},\"alternateName\":\"CM Design\",\"potentialAction\":[{\"@type\":\"SearchAction\",\"target\":{\"@type\":\"EntryPoint\",\"urlTemplate\":\"https:\/\/carbonmiledesign.pl\/?s={search_term_string}\"},\"query-input\":{\"@type\":\"PropertyValueSpecification\",\"valueRequired\":true,\"valueName\":\"search_term_string\"}}],\"inLanguage\":\"en-US\"},{\"@type\":\"Organization\",\"@id\":\"https:\/\/carbonmiledesign.pl\/#organization\",\"name\":\"Carbonmile Design\",\"url\":\"https:\/\/carbonmiledesign.pl\/\",\"logo\":{\"@type\":\"ImageObject\",\"inLanguage\":\"en-US\",\"@id\":\"https:\/\/carbonmiledesign.pl\/#\/schema\/logo\/image\/\",\"url\":\"https:\/\/carbonmiledesign.pl\/wp-content\/uploads\/2025\/01\/Carbonmiledesign-logo-czarne-przezroczyste-tlo.png\",\"contentUrl\":\"https:\/\/carbonmiledesign.pl\/wp-content\/uploads\/2025\/01\/Carbonmiledesign-logo-czarne-przezroczyste-tlo.png\",\"width\":2420,\"height\":520,\"caption\":\"Carbonmile Design\"},\"image\":{\"@id\":\"https:\/\/carbonmiledesign.pl\/#\/schema\/logo\/image\/\"}}]}<\/script>\n<!-- \/ Yoast SEO plugin. -->","yoast_head_json":{"title":"Gwarancje - CarbonMile design","robots":{"index":"index","follow":"follow","max-snippet":"max-snippet:-1","max-image-preview":"max-image-preview:large","max-video-preview":"max-video-preview:-1"},"canonical":"https:\/\/carbonmiledesign.pl\/en\/gwarancje\/","og_locale":"en_US","og_type":"article","og_title":"Gwarancje - CarbonMile design","og_url":"https:\/\/carbonmiledesign.pl\/en\/gwarancje\/","og_site_name":"CarbonMile design","article_modified_time":"2025-02-02T15:06:14+00:00","twitter_card":"summary_large_image","schema":{"@context":"https:\/\/schema.org","@graph":[{"@type":"WebPage","@id":"https:\/\/carbonmiledesign.pl\/gwarancje\/","url":"https:\/\/carbonmiledesign.pl\/gwarancje\/","name":"Gwarancje - CarbonMile design","isPartOf":{"@id":"https:\/\/carbonmiledesign.pl\/#website"},"datePublished":"2025-01-31T17:27:14+00:00","dateModified":"2025-02-02T15:06:14+00:00","breadcrumb":{"@id":"https:\/\/carbonmiledesign.pl\/gwarancje\/#breadcrumb"},"inLanguage":"en-US","potentialAction":[{"@type":"ReadAction","target":["https:\/\/carbonmiledesign.pl\/gwarancje\/"]}]},{"@type":"BreadcrumbList","@id":"https:\/\/carbonmiledesign.pl\/gwarancje\/#breadcrumb","itemListElement":[{"@type":"ListItem","position":1,"name":"Strona g\u0142\u00f3wna","item":"https:\/\/carbonmiledesign.pl\/"},{"@type":"ListItem","position":2,"name":"Gwarancje"}]},{"@type":"WebSite","@id":"https:\/\/carbonmiledesign.pl\/#website","url":"https:\/\/carbonmiledesign.pl\/","name":"Carbonmile Design","description":"","publisher":{"@id":"https:\/\/carbonmiledesign.pl\/#organization"},"alternateName":"CM Design","potentialAction":[{"@type":"SearchAction","target":{"@type":"EntryPoint","urlTemplate":"https:\/\/carbonmiledesign.pl\/?s={search_term_string}"},"query-input":{"@type":"PropertyValueSpecification","valueRequired":true,"valueName":"search_term_string"}}],"inLanguage":"en-US"},{"@type":"Organization","@id":"https:\/\/carbonmiledesign.pl\/#organization","name":"Carbonmile Design","url":"https:\/\/carbonmiledesign.pl\/","logo":{"@type":"ImageObject","inLanguage":"en-US","@id":"https:\/\/carbonmiledesign.pl\/#\/schema\/logo\/image\/","url":"https:\/\/carbonmiledesign.pl\/wp-content\/uploads\/2025\/01\/Carbonmiledesign-logo-czarne-przezroczyste-tlo.png","contentUrl":"https:\/\/carbonmiledesign.pl\/wp-content\/uploads\/2025\/01\/Carbonmiledesign-logo-czarne-przezroczyste-tlo.png","width":2420,"height":520,"caption":"Carbonmile Design"},"image":{"@id":"https:\/\/carbonmiledesign.pl\/#\/schema\/logo\/image\/"}}]}},"jetpack_sharing_enabled":true,"_links":{"self":[{"href":"https:\/\/carbonmiledesign.pl\/en\/wp-json\/wp\/v2\/pages\/1174","targetHints":{"allow":["GET"]}}],"collection":[{"href":"https:\/\/carbonmiledesign.pl\/en\/wp-json\/wp\/v2\/pages"}],"about":[{"href":"https:\/\/carbonmiledesign.pl\/en\/wp-json\/wp\/v2\/types\/page"}],"author":[{"embeddable":true,"href":"https:\/\/carbonmiledesign.pl\/en\/wp-json\/wp\/v2\/users\/1"}],"replies":[{"embeddable":true,"href":"https:\/\/carbonmiledesign.pl\/en\/wp-json\/wp\/v2\/comments?post=1174"}],"version-history":[{"count":0,"href":"https:\/\/carbonmiledesign.pl\/en\/wp-json\/wp\/v2\/pages\/1174\/revisions"}],"wp:attachment":[{"href":"https:\/\/carbonmiledesign.pl\/en\/wp-json\/wp\/v2\/media?parent=1174"}],"curies":[{"name":"wp","href":"https:\/\/api.w.org\/{rel}","templated":true}]}}