{"id":1166,"date":"2025-01-31T15:49:12","date_gmt":"2025-01-31T14:49:12","guid":{"rendered":"https:\/\/carbonmiledesign.pl\/?page_id=1166"},"modified":"2026-01-16T15:23:03","modified_gmt":"2026-01-16T14:23:03","slug":"regulamin","status":"publish","type":"page","link":"https:\/\/carbonmiledesign.pl\/en\/regulamin\/","title":{"rendered":"Rules"},"content":{"rendered":"<div id=\"gap-1312409923\" class=\"gap-element clearfix\" style=\"display:block; height:auto;\">\n\t\t\n<style>\n#gap-1312409923 {\n  padding-top: 30px;\n}\n<\/style>\n\t<\/div>\n\t\n\n<h1 style=\"text-align: center;\">Rules<\/h1>\n<div class=\"text-center\"><div class=\"is-divider divider clearfix\" style=\"max-width:160px;background-color:rgb(153, 48, 49);\"><\/div><\/div>\n\n<div class=\"row\"  id=\"row-1356358275\">\n\n\n\t<div id=\"col-1841607609\" class=\"col medium-1 small-12 large-1\"  >\n\t\t\t\t<div class=\"col-inner\"  >\n\t\t\t\n\t\t\t\n\n\n\t\t<\/div>\n\t\t\t\t\t<\/div>\n\n\t\n\n\t<div id=\"col-1444281504\" class=\"col medium-10 small-12 large-10\"  >\n\t\t\t\t<div class=\"col-inner\"  >\n\t\t\t\n\t\t\t\n\n<p><strong>General provisions<\/strong><\/p>\n<ol>\n<li>Internet shop <strong>Carbonmile Design<\/strong> (zwany dalej &#8222;Sklepem&#8221;) prowadzi sprzeda\u017c detaliczn\u0105 produkt\u00f3w z zakresu cz\u0119\u015bci samochodowych wizualnych (w tym spoiler\u00f3w, splitter\u00f3w, dyfuzor\u00f3w, itp.) oraz oferuje us\u0142ugi monta\u017cu tych produkt\u00f3w.<\/li>\n<li>The store is available at the following internet address: <a href=\"http:\/\/www.carbonmiledesign.pl\/\" target=\"_new\" rel=\"noopener\">www.carbonmiledesign.pl<\/a>.<\/li>\n<li>The administrator of personal data is <strong>Carbonmile Design<\/strong>, ul. Borowa 44, 05-520 Konstancin-Jeziorna, NIP: 1231588867, REGON: 54281351600000.<\/li>\n<\/ol>\n<p><strong>Shopping in the Store<\/strong><br \/>4. The customer places an order by selecting products, adding them to the basket, selecting a product variant (if applicable), making payment and selecting a delivery method. <br \/>5. Registering an account in the Store is not mandatory. The customer can place an order without creating an account. <br \/>6. The order is deemed to have been placed after payment has been made and confirmation has been received by the Store.<\/p>\n<p><strong>Payment methods<\/strong><br \/>7. The store accepts the following payment methods:<\/p>\n<ul>\n<li>Payment card<\/li>\n<li>Przelewy24<\/li>\n<li>Apple Pay<\/li>\n<li>Google Pay<\/li>\n<li>Blik<\/li>\n<li>P\u0142atno\u015b\u0107 za pobraniem<\/li>\n<li>Payment on site<\/li>\n<\/ul>\n<p><strong>Delivery<\/strong><br \/>8. The store offers the following delivery options:<\/p>\n<ul>\n<li>Courier<\/li>\n<li>Parcel lockers (if the product fits in the locker)<\/li>\n<li>Personal collection at the company's headquarters.<\/li>\n<\/ul>\n<ol start=\"9\">\n<li>Delivery is available across Europe.<\/li>\n<\/ol>\n<p><strong>Product prices<\/strong><br \/>10. Product prices are quoted in gross amounts (including VAT) and include all transaction-related fees.<br \/>11. Product prices may change, for example, due to promotions, changes in shipping costs, or other factors.<\/p>\n<p><strong>Right of Withdrawal from the Contract<\/strong><br \/>12. In accordance with applicable law, the Customer has the right to withdraw from a distance contract within 14 calendar days from the date of receiving the goods, without providing a reason.<br \/>13. The conditions and procedure for returning goods are specified in a separate section on the Store's website.<\/p>\n<p><strong>Complaints and Warranties<\/strong><br \/>14. Complaints regarding the products should be submitted in accordance with the procedure described in the \"Complaints and warranties\" section on the Store's website. <strong>Complaints and Warranties<\/strong> on the Store's website.<br \/>15. The store provides a warranty on products to the extent specified in a separate section regarding the warranty.<\/p>\n<p><strong>Liability<\/strong><br \/>16. The store is not liable for any damage to the goods that occurred after they were received by the customer, including improper installation or use.<br \/>17. The customer has the right to return the goods in cases provided by law, in accordance with the return policy.<\/p>\n<p><strong>18. Protection of personal data.<\/strong><br \/>18. The store processes customers' personal data in accordance with... <strong>Privacy Policy<\/strong>, which is available on the Store's website.<br \/>19. The customer has the right to edit, update, and delete their personal data in the section <strong>My account<\/strong>or by contacting us through the contact form or email.<\/p>\n<p><strong>Changes to the rules<\/strong><br \/>20. The store reserves the right to change these terms and conditions at any time. Any changes will be published on this page. Customers will be informed about the changes through a notice on the store's website.<\/p>\n<p><strong>Intellectual Property Protection<\/strong><br \/>21. All content, including product photos, descriptions, and other materials published on the Store\u2019s website, are the intellectual property of the Store\u2019s owner and are protected by copyright law.<br \/>22. Copying, reproducing, or using materials without the owner\u2019s consent is prohibited.<\/p>\n<p><strong>Contact<\/strong><br \/>23. Any questions regarding orders, complaints, warranties, or the terms and conditions can be directed to the email address: <strong><a rel=\"noopener\">kontakt@carbonmiledesign.pl<\/a><\/strong><\/p>\n\n\t\t<\/div>\n\t\t\t\t\t<\/div>\n\n\t\n\n\t<div id=\"col-200518284\" class=\"col medium-1 small-12 large-1\"  >\n\t\t\t\t<div class=\"col-inner\"  >\n\t\t\t\n\t\t\t\n\n\n\t\t<\/div>\n\t\t\t\t\t<\/div>\n\n\t\n\n<\/div>","protected":false},"excerpt":{"rendered":"","protected":false},"author":1,"featured_media":0,"parent":0,"menu_order":0,"comment_status":"closed","ping_status":"closed","template":"","meta":{"footnotes":""},"class_list":["post-1166","page","type-page","status-publish","hentry"],"yoast_head":"<!-- This site is optimized with the Yoast SEO plugin v26.6 - https:\/\/yoast.com\/wordpress\/plugins\/seo\/ -->\n<title>Regulamin - CarbonMile design<\/title>\n<meta name=\"robots\" content=\"index, follow, max-snippet:-1, max-image-preview:large, max-video-preview:-1\" \/>\n<link rel=\"canonical\" href=\"https:\/\/carbonmiledesign.pl\/en\/regulamin\/\" \/>\n<meta property=\"og:locale\" content=\"en_US\" \/>\n<meta property=\"og:type\" content=\"article\" \/>\n<meta property=\"og:title\" content=\"Regulamin - CarbonMile design\" \/>\n<meta property=\"og:url\" content=\"https:\/\/carbonmiledesign.pl\/en\/regulamin\/\" \/>\n<meta property=\"og:site_name\" content=\"CarbonMile design\" \/>\n<meta property=\"article:modified_time\" content=\"2026-01-16T14:23:03+00:00\" \/>\n<meta name=\"twitter:card\" content=\"summary_large_image\" \/>\n<script type=\"application\/ld+json\" class=\"yoast-schema-graph\">{\"@context\":\"https:\/\/schema.org\",\"@graph\":[{\"@type\":\"WebPage\",\"@id\":\"https:\/\/carbonmiledesign.pl\/regulamin\/\",\"url\":\"https:\/\/carbonmiledesign.pl\/regulamin\/\",\"name\":\"Regulamin - CarbonMile design\",\"isPartOf\":{\"@id\":\"https:\/\/carbonmiledesign.pl\/#website\"},\"datePublished\":\"2025-01-31T14:49:12+00:00\",\"dateModified\":\"2026-01-16T14:23:03+00:00\",\"breadcrumb\":{\"@id\":\"https:\/\/carbonmiledesign.pl\/regulamin\/#breadcrumb\"},\"inLanguage\":\"en-US\",\"potentialAction\":[{\"@type\":\"ReadAction\",\"target\":[\"https:\/\/carbonmiledesign.pl\/regulamin\/\"]}]},{\"@type\":\"BreadcrumbList\",\"@id\":\"https:\/\/carbonmiledesign.pl\/regulamin\/#breadcrumb\",\"itemListElement\":[{\"@type\":\"ListItem\",\"position\":1,\"name\":\"Strona g\u0142\u00f3wna\",\"item\":\"https:\/\/carbonmiledesign.pl\/\"},{\"@type\":\"ListItem\",\"position\":2,\"name\":\"Regulamin\"}]},{\"@type\":\"WebSite\",\"@id\":\"https:\/\/carbonmiledesign.pl\/#website\",\"url\":\"https:\/\/carbonmiledesign.pl\/\",\"name\":\"Carbonmile Design\",\"description\":\"\",\"publisher\":{\"@id\":\"https:\/\/carbonmiledesign.pl\/#organization\"},\"alternateName\":\"CM Design\",\"potentialAction\":[{\"@type\":\"SearchAction\",\"target\":{\"@type\":\"EntryPoint\",\"urlTemplate\":\"https:\/\/carbonmiledesign.pl\/?s={search_term_string}\"},\"query-input\":{\"@type\":\"PropertyValueSpecification\",\"valueRequired\":true,\"valueName\":\"search_term_string\"}}],\"inLanguage\":\"en-US\"},{\"@type\":\"Organization\",\"@id\":\"https:\/\/carbonmiledesign.pl\/#organization\",\"name\":\"Carbonmile Design\",\"url\":\"https:\/\/carbonmiledesign.pl\/\",\"logo\":{\"@type\":\"ImageObject\",\"inLanguage\":\"en-US\",\"@id\":\"https:\/\/carbonmiledesign.pl\/#\/schema\/logo\/image\/\",\"url\":\"https:\/\/carbonmiledesign.pl\/wp-content\/uploads\/2025\/01\/Carbonmiledesign-logo-czarne-przezroczyste-tlo.png\",\"contentUrl\":\"https:\/\/carbonmiledesign.pl\/wp-content\/uploads\/2025\/01\/Carbonmiledesign-logo-czarne-przezroczyste-tlo.png\",\"width\":2420,\"height\":520,\"caption\":\"Carbonmile Design\"},\"image\":{\"@id\":\"https:\/\/carbonmiledesign.pl\/#\/schema\/logo\/image\/\"}}]}<\/script>\n<!-- \/ Yoast SEO plugin. -->","yoast_head_json":{"title":"Regulamin - CarbonMile design","robots":{"index":"index","follow":"follow","max-snippet":"max-snippet:-1","max-image-preview":"max-image-preview:large","max-video-preview":"max-video-preview:-1"},"canonical":"https:\/\/carbonmiledesign.pl\/en\/regulamin\/","og_locale":"en_US","og_type":"article","og_title":"Regulamin - CarbonMile design","og_url":"https:\/\/carbonmiledesign.pl\/en\/regulamin\/","og_site_name":"CarbonMile design","article_modified_time":"2026-01-16T14:23:03+00:00","twitter_card":"summary_large_image","schema":{"@context":"https:\/\/schema.org","@graph":[{"@type":"WebPage","@id":"https:\/\/carbonmiledesign.pl\/regulamin\/","url":"https:\/\/carbonmiledesign.pl\/regulamin\/","name":"Regulamin - CarbonMile design","isPartOf":{"@id":"https:\/\/carbonmiledesign.pl\/#website"},"datePublished":"2025-01-31T14:49:12+00:00","dateModified":"2026-01-16T14:23:03+00:00","breadcrumb":{"@id":"https:\/\/carbonmiledesign.pl\/regulamin\/#breadcrumb"},"inLanguage":"en-US","potentialAction":[{"@type":"ReadAction","target":["https:\/\/carbonmiledesign.pl\/regulamin\/"]}]},{"@type":"BreadcrumbList","@id":"https:\/\/carbonmiledesign.pl\/regulamin\/#breadcrumb","itemListElement":[{"@type":"ListItem","position":1,"name":"Strona g\u0142\u00f3wna","item":"https:\/\/carbonmiledesign.pl\/"},{"@type":"ListItem","position":2,"name":"Regulamin"}]},{"@type":"WebSite","@id":"https:\/\/carbonmiledesign.pl\/#website","url":"https:\/\/carbonmiledesign.pl\/","name":"Carbonmile Design","description":"","publisher":{"@id":"https:\/\/carbonmiledesign.pl\/#organization"},"alternateName":"CM Design","potentialAction":[{"@type":"SearchAction","target":{"@type":"EntryPoint","urlTemplate":"https:\/\/carbonmiledesign.pl\/?s={search_term_string}"},"query-input":{"@type":"PropertyValueSpecification","valueRequired":true,"valueName":"search_term_string"}}],"inLanguage":"en-US"},{"@type":"Organization","@id":"https:\/\/carbonmiledesign.pl\/#organization","name":"Carbonmile Design","url":"https:\/\/carbonmiledesign.pl\/","logo":{"@type":"ImageObject","inLanguage":"en-US","@id":"https:\/\/carbonmiledesign.pl\/#\/schema\/logo\/image\/","url":"https:\/\/carbonmiledesign.pl\/wp-content\/uploads\/2025\/01\/Carbonmiledesign-logo-czarne-przezroczyste-tlo.png","contentUrl":"https:\/\/carbonmiledesign.pl\/wp-content\/uploads\/2025\/01\/Carbonmiledesign-logo-czarne-przezroczyste-tlo.png","width":2420,"height":520,"caption":"Carbonmile Design"},"image":{"@id":"https:\/\/carbonmiledesign.pl\/#\/schema\/logo\/image\/"}}]}},"jetpack_sharing_enabled":true,"_links":{"self":[{"href":"https:\/\/carbonmiledesign.pl\/en\/wp-json\/wp\/v2\/pages\/1166","targetHints":{"allow":["GET"]}}],"collection":[{"href":"https:\/\/carbonmiledesign.pl\/en\/wp-json\/wp\/v2\/pages"}],"about":[{"href":"https:\/\/carbonmiledesign.pl\/en\/wp-json\/wp\/v2\/types\/page"}],"author":[{"embeddable":true,"href":"https:\/\/carbonmiledesign.pl\/en\/wp-json\/wp\/v2\/users\/1"}],"replies":[{"embeddable":true,"href":"https:\/\/carbonmiledesign.pl\/en\/wp-json\/wp\/v2\/comments?post=1166"}],"version-history":[{"count":1,"href":"https:\/\/carbonmiledesign.pl\/en\/wp-json\/wp\/v2\/pages\/1166\/revisions"}],"predecessor-version":[{"id":4082,"href":"https:\/\/carbonmiledesign.pl\/en\/wp-json\/wp\/v2\/pages\/1166\/revisions\/4082"}],"wp:attachment":[{"href":"https:\/\/carbonmiledesign.pl\/en\/wp-json\/wp\/v2\/media?parent=1166"}],"curies":[{"name":"wp","href":"https:\/\/api.w.org\/{rel}","templated":true}]}}