{"id":1016,"date":"2025-01-23T15:49:11","date_gmt":"2025-01-23T14:49:11","guid":{"rendered":"https:\/\/carbonmiledesign.pl\/?page_id=1016"},"modified":"2025-10-24T08:52:29","modified_gmt":"2025-10-24T06:52:29","slug":"pomoc-w-doborze-czesci-wizualne-carbon","status":"publish","type":"page","link":"https:\/\/carbonmiledesign.pl\/en\/pomoc-w-doborze-czesci-wizualne-carbon\/","title":{"rendered":"Assistance in selection parts"},"content":{"rendered":"<section class=\"section hide-for-small\" id=\"section_1235125663\">\n\t\t<div class=\"section-bg fill\" >\n\t\t\t\t\t\t\t\t\t\n\t\t\t\n\n\t\t<\/div>\n\n\t\t\n\n\t\t<div class=\"section-content relative\">\n\t\t\t\n\n<h1 style=\"text-align: center;\">Assistance in selection parts<\/h1>\n<div class=\"text-center\"><div class=\"is-divider divider clearfix\" style=\"max-width:260px;background-color:rgb(153, 48, 49);\"><\/div><\/div>\n\n<div class=\"row\"  id=\"row-1557097248\">\n\n\n\t<div id=\"col-1937307929\" class=\"col medium-6 small-12 large-6\"  >\n\t\t\t\t<div class=\"col-inner\"  >\n\t\t\t\n\t\t\t\n\n<p><span style=\"font-size: 80%; color: #282828;\">If you are not sure which products best suit your needs, we are happy to help! We offer assistance in selecting the right items from our extensive range, and we can also advise on products that we do not yet have on sale.<\/span><\/p>\n<p><span style=\"font-size: 80%; color: #282828;\">Our experts will carefully review your requirements and specifications to find the products that best meet your needs. If we don't have something, we will help you source the right product or suggest alternative solutions.<\/span><\/p>\n<p><span style=\"font-size: 80%; color: #282828;\">Contact us and we will be happy to help you choose the best products, both those available in our offer and those that we can source for you.<\/span><\/p>\n\n\t\t<\/div>\n\t\t\t\t\t<\/div>\n\n\t\n\n\t<div id=\"col-889908104\" class=\"col medium-6 small-12 large-6\"  >\n\t\t\t\t<div class=\"col-inner\"  >\n\t\t\t\n\t\t\t\n\n\t<div class=\"img has-hover x md-x lg-x y md-y lg-y\" id=\"image_1626755999\">\n\t\t\t\t\t\t\t\t<div class=\"img-inner image-cover dark\" style=\"padding-top:380px;\">\n\t\t\t<img loading=\"lazy\" decoding=\"async\" width=\"714\" height=\"800\" src=\"https:\/\/carbonmiledesign.pl\/wp-content\/uploads\/2025\/02\/Projekt-bez-nazwy-10-1-e1738677741566-714x800.png\" class=\"attachment-large size-large\" alt=\"\" srcset=\"https:\/\/carbonmiledesign.pl\/wp-content\/uploads\/2025\/02\/Projekt-bez-nazwy-10-1-e1738677741566-714x800.png 714w, https:\/\/carbonmiledesign.pl\/wp-content\/uploads\/2025\/02\/Projekt-bez-nazwy-10-1-e1738677741566-357x400.png 357w, https:\/\/carbonmiledesign.pl\/wp-content\/uploads\/2025\/02\/Projekt-bez-nazwy-10-1-e1738677741566-768x861.png 768w, https:\/\/carbonmiledesign.pl\/wp-content\/uploads\/2025\/02\/Projekt-bez-nazwy-10-1-e1738677741566-1000x1120.png 1000w, https:\/\/carbonmiledesign.pl\/wp-content\/uploads\/2025\/02\/Projekt-bez-nazwy-10-1-e1738677741566.png 1328w\" sizes=\"auto, (max-width: 714px) 100vw, 714px\" \/>\t\t\t\t\t\t\n\t\t\t\t\t<\/div>\n\t\t\t\t\t\t\t\t\n<style>\n#image_1626755999 {\n  width: 100%;\n}\n<\/style>\n\t<\/div>\n\t\n\n\n\t\t<\/div>\n\t\t\t\t\t<\/div>\n\n\t\n\n<\/div>\n<div class=\"row\"  id=\"row-1819477318\">\n\n\n\t<div id=\"col-1809750923\" class=\"col medium-6 small-12 large-6\"  >\n\t\t\t\t<div class=\"col-inner\"  >\n\t\t\t\n\t\t\t\n\n<h1 style=\"text-align: center;\">Form help in selection<\/h1>\n<div class=\"text-center\"><div class=\"is-divider divider clearfix\" style=\"max-width:415px;background-color:rgb(153, 48, 49);\"><\/div><\/div>\n\n\n<div class=\"wpcf7 no-js\" id=\"wpcf7-f1274-o1\" lang=\"en-US\" dir=\"ltr\" data-wpcf7-id=\"1274\">\n<div class=\"screen-reader-response\"><p role=\"status\" aria-live=\"polite\" aria-atomic=\"true\"><\/p> <ul><\/ul><\/div>\n<form action=\"\/en\/wp-json\/wp\/v2\/pages\/1016#wpcf7-f1274-o1\" method=\"post\" class=\"wpcf7-form init\" aria-label=\"Contact form\" novalidate=\"novalidate\" data-status=\"init\" data-trp-original-action=\"\/en\/wp-json\/wp\/v2\/pages\/1016#wpcf7-f1274-o1\">\n<fieldset class=\"hidden-fields-container\"><input type=\"hidden\" name=\"_wpcf7\" value=\"1274\" \/><input type=\"hidden\" name=\"_wpcf7_version\" value=\"6.1.4\" \/><input type=\"hidden\" name=\"_wpcf7_locale\" value=\"en_US\" \/><input type=\"hidden\" name=\"_wpcf7_unit_tag\" value=\"wpcf7-f1274-o1\" \/><input type=\"hidden\" name=\"_wpcf7_container_post\" value=\"0\" \/><input type=\"hidden\" name=\"_wpcf7_posted_data_hash\" value=\"\" \/>\n<\/fieldset>\n<div class=\"form-flat\">\n\t<p><span class=\"wpcf7-form-control-wrap\" data-name=\"imie-i-nazwisko\"><input size=\"40\" maxlength=\"400\" class=\"wpcf7-form-control wpcf7-text wpcf7-validates-as-required\" aria-required=\"true\" aria-invalid=\"false\" placeholder=\"First name (required)\" value=\"\" type=\"text\" name=\"imie-i-nazwisko\" \/><\/span>\n\t<\/p>\n\t<p><span class=\"wpcf7-form-control-wrap\" data-name=\"email\"><input size=\"40\" maxlength=\"400\" class=\"wpcf7-form-control wpcf7-email wpcf7-validates-as-required wpcf7-text wpcf7-validates-as-email\" aria-required=\"true\" aria-invalid=\"false\" placeholder=\"Email (required)\" value=\"\" type=\"email\" name=\"email\" \/><\/span>\n\t<\/p>\n\t<p><span class=\"wpcf7-form-control-wrap\" data-name=\"tel-479\"><input size=\"40\" maxlength=\"400\" class=\"wpcf7-form-control wpcf7-tel wpcf7-text wpcf7-validates-as-tel\" aria-invalid=\"false\" placeholder=\"Phone number\" value=\"\" type=\"tel\" name=\"tel-479\" \/><\/span><br \/>\n<span class=\"wpcf7-form-control-wrap\" data-name=\"marka\"><input size=\"40\" maxlength=\"400\" class=\"wpcf7-form-control wpcf7-text wpcf7-validates-as-required\" id=\"marka\" aria-required=\"true\" aria-invalid=\"false\" placeholder=\"Enter brand (required)\" value=\"\" type=\"text\" name=\"marka\" \/><\/span>\n\t<\/p>\n\t<p><span class=\"wpcf7-form-control-wrap\" data-name=\"model\"><input size=\"40\" maxlength=\"400\" class=\"wpcf7-form-control wpcf7-text wpcf7-validates-as-required\" id=\"model\" aria-required=\"true\" aria-invalid=\"false\" placeholder=\"Enter model (required)\" value=\"\" type=\"text\" name=\"model\" \/><\/span>\n\t<\/p>\n\t<p><span class=\"wpcf7-form-control-wrap\" data-name=\"textarea-535\"><textarea cols=\"40\" rows=\"10\" maxlength=\"2000\" class=\"wpcf7-form-control wpcf7-textarea wpcf7-validates-as-required\" aria-required=\"true\" aria-invalid=\"false\" placeholder=\"What products are you interested in? (required)\" name=\"textarea-535\"><\/textarea><\/span>\n\t<\/p>\n\t<p><span class=\"wpcf7-form-control-wrap\" data-name=\"acceptance\"><span class=\"wpcf7-form-control wpcf7-acceptance\"><span class=\"wpcf7-list-item\"><label><input type=\"checkbox\" name=\"acceptance\" value=\"1\" aria-invalid=\"false\" \/><span class=\"wpcf7-list-item-label\">Accept <a href=\"https:\/\/carbonmiledesign.pl\/polityka-prywatnosci\/\">the privacy policy<\/a>.<\/span><\/label><\/span><\/span><\/span>\n\t<\/p>\n\t<p><input class=\"wpcf7-form-control wpcf7-submit has-spinner button\" type=\"submit\" value=\"Send\" \/>\n\t<\/p>\n<\/div><div class=\"wpcf7-response-output\" aria-hidden=\"true\"><\/div>\n<input type=\"hidden\" name=\"trp-form-language\" value=\"en\"\/><\/form>\n<\/div>\n\n\n\n\t\t<\/div>\n\t\t\t\t\t<\/div>\n\n\t\n\n\t<div id=\"col-969005887\" class=\"col medium-6 small-12 large-6\"  >\n\t\t\t\t<div class=\"col-inner\"  >\n\t\t\t\n\t\t\t\n\n<h1 style=\"text-align: center;\">The product you are looking for is not available?<\/h1>\n<div class=\"text-center\"><div class=\"is-divider divider clearfix\" style=\"max-width:499px;background-color:rgb(153, 48, 49);\"><\/div><\/div>\n\n<p><span style=\"font-size: 80%; color: #282828;\">Not all products from our offer are available in the online store, but we have many other products that we can produce especially for you. If you do not find what you are looking for, please contact us! We are able to adapt our offer to your needs and produce a product to order.<\/span><\/p>\n<p><span style=\"font-size: 80%; color: #282828;\"><strong>Why should you contact us?<\/strong><\/span><\/p>\n<ul>\n<li><span style=\"font-size: 80%; color: #282828;\"><strong>Individual approach:<\/strong> We treat each inquiry individually to thoroughly understand your needs.<\/span><\/li>\n<li><span style=\"font-size: 80%; color: #282828;\"><strong>Flexibility:<\/strong> We are able to adapt products to specific requirements, both in terms of functionality and aesthetics.<\/span><\/li>\n<li><span style=\"font-size: 80%; color: #282828;\"><strong>Professionalism:<\/strong> We have many years of experience and use the latest technologies to deliver the highest quality products.<\/span><\/li>\n<\/ul>\n<p><span style=\"font-size: 80%; color: #282828;\"><strong>Fill out the form<\/strong>, and we will contact you to match the right products to your needs!<\/span><\/p>\n\n\t\t<\/div>\n\t\t\t\t\t<\/div>\n\n\t\n\n<\/div>\n\n\t\t<\/div>\n\n\t\t\n<style>\n#section_1235125663 {\n  padding-top: 30px;\n  padding-bottom: 30px;\n}\n<\/style>\n\t<\/section>\n\t\n\n\t<section class=\"section show-for-small\" id=\"section_641766265\">\n\t\t<div class=\"section-bg fill\" >\n\t\t\t\t\t\t\t\t\t\n\t\t\t\n\n\t\t<\/div>\n\n\t\t\n\n\t\t<div class=\"section-content relative\">\n\t\t\t\n\n<h1 style=\"text-align: center;\">Assistance in selection parts<\/h1>\n<div class=\"text-center\"><div class=\"is-divider divider clearfix\" style=\"max-width:220px;background-color:rgb(153, 48, 49);\"><\/div><\/div>\n\n<div class=\"row\"  id=\"row-1995729197\">\n\n\n\t<div id=\"col-395609439\" class=\"col medium-6 small-6 large-6\"  >\n\t\t\t\t<div class=\"col-inner\"  >\n\t\t\t\n\t\t\t\n\n\t<div id=\"text-1545656616\" class=\"text\">\n\t\t\n\n<p><span style=\"font-size: 75%;\">Not sure which products will be the best? We will help you choose the right items from our offer or suggest alternatives. Contact us and we will help you find the best solutions.<\/span><\/p>\n\t\t\n<style>\n#text-1545656616 {\n  text-align: center;\n}\n<\/style>\n\t<\/div>\n\t\n\n\t\t<\/div>\n\t\t\t\t\t<\/div>\n\n\t\n\n\t<div id=\"col-537321995\" class=\"col show-for-small medium-6 small-6 large-6\"  >\n\t\t\t\t<div class=\"col-inner\"  >\n\t\t\t\n\t\t\t\n\n\t<div class=\"img has-hover x md-x lg-x y md-y lg-y\" id=\"image_537386977\">\n\t\t\t\t\t\t\t\t<div class=\"img-inner image-cover dark\" style=\"padding-top:220px;\">\n\t\t\t<img loading=\"lazy\" decoding=\"async\" width=\"714\" height=\"800\" src=\"https:\/\/carbonmiledesign.pl\/wp-content\/uploads\/2025\/02\/Projekt-bez-nazwy-10-1-e1738677741566-714x800.png\" class=\"attachment-large size-large\" alt=\"\" srcset=\"https:\/\/carbonmiledesign.pl\/wp-content\/uploads\/2025\/02\/Projekt-bez-nazwy-10-1-e1738677741566-714x800.png 714w, https:\/\/carbonmiledesign.pl\/wp-content\/uploads\/2025\/02\/Projekt-bez-nazwy-10-1-e1738677741566-357x400.png 357w, https:\/\/carbonmiledesign.pl\/wp-content\/uploads\/2025\/02\/Projekt-bez-nazwy-10-1-e1738677741566-768x861.png 768w, https:\/\/carbonmiledesign.pl\/wp-content\/uploads\/2025\/02\/Projekt-bez-nazwy-10-1-e1738677741566-1000x1120.png 1000w, https:\/\/carbonmiledesign.pl\/wp-content\/uploads\/2025\/02\/Projekt-bez-nazwy-10-1-e1738677741566.png 1328w\" sizes=\"auto, (max-width: 714px) 100vw, 714px\" \/>\t\t\t\t\t\t\n\t\t\t\t\t<\/div>\n\t\t\t\t\t\t\t\t\n<style>\n#image_537386977 {\n  width: 100%;\n}\n@media (min-width:550px) {\n  #image_537386977 {\n    width: 100%;\n  }\n}\n<\/style>\n\t<\/div>\n\t\n\n\n\t\t<\/div>\n\t\t\t\t\t<\/div>\n\n\t\n\n<\/div>\n\t<div id=\"text-223243107\" class=\"text show-for-small\">\n\t\t\n\n<h1 style=\"text-align: center;\">Form help in selection<\/h1>\n\t\t\t<\/div>\n\t\n<div class=\"text-center\"><div class=\"is-divider divider clearfix\" style=\"max-width:350px;background-color:rgb(153, 48, 49);\"><\/div><\/div>\n\n\n<div class=\"wpcf7 no-js\" id=\"wpcf7-f1274-o2\" lang=\"en-US\" dir=\"ltr\" data-wpcf7-id=\"1274\">\n<div class=\"screen-reader-response\"><p role=\"status\" aria-live=\"polite\" aria-atomic=\"true\"><\/p> <ul><\/ul><\/div>\n<form action=\"\/en\/wp-json\/wp\/v2\/pages\/1016#wpcf7-f1274-o2\" method=\"post\" class=\"wpcf7-form init\" aria-label=\"Contact form\" novalidate=\"novalidate\" data-status=\"init\" data-trp-original-action=\"\/en\/wp-json\/wp\/v2\/pages\/1016#wpcf7-f1274-o2\">\n<fieldset class=\"hidden-fields-container\"><input type=\"hidden\" name=\"_wpcf7\" value=\"1274\" \/><input type=\"hidden\" name=\"_wpcf7_version\" value=\"6.1.4\" \/><input type=\"hidden\" name=\"_wpcf7_locale\" value=\"en_US\" \/><input type=\"hidden\" name=\"_wpcf7_unit_tag\" value=\"wpcf7-f1274-o2\" \/><input type=\"hidden\" name=\"_wpcf7_container_post\" value=\"0\" \/><input type=\"hidden\" name=\"_wpcf7_posted_data_hash\" value=\"\" \/>\n<\/fieldset>\n<div class=\"form-flat\">\n\t<p><span class=\"wpcf7-form-control-wrap\" data-name=\"imie-i-nazwisko\"><input size=\"40\" maxlength=\"400\" class=\"wpcf7-form-control wpcf7-text wpcf7-validates-as-required\" aria-required=\"true\" aria-invalid=\"false\" placeholder=\"First name (required)\" value=\"\" type=\"text\" name=\"imie-i-nazwisko\" \/><\/span>\n\t<\/p>\n\t<p><span class=\"wpcf7-form-control-wrap\" data-name=\"email\"><input size=\"40\" maxlength=\"400\" class=\"wpcf7-form-control wpcf7-email wpcf7-validates-as-required wpcf7-text wpcf7-validates-as-email\" aria-required=\"true\" aria-invalid=\"false\" placeholder=\"Email (required)\" value=\"\" type=\"email\" name=\"email\" \/><\/span>\n\t<\/p>\n\t<p><span class=\"wpcf7-form-control-wrap\" data-name=\"tel-479\"><input size=\"40\" maxlength=\"400\" class=\"wpcf7-form-control wpcf7-tel wpcf7-text wpcf7-validates-as-tel\" aria-invalid=\"false\" placeholder=\"Phone number\" value=\"\" type=\"tel\" name=\"tel-479\" \/><\/span><br \/>\n<span class=\"wpcf7-form-control-wrap\" data-name=\"marka\"><input size=\"40\" maxlength=\"400\" class=\"wpcf7-form-control wpcf7-text wpcf7-validates-as-required\" aria-required=\"true\" aria-invalid=\"false\" placeholder=\"Enter brand (required)\" value=\"\" type=\"text\" name=\"marka\" \/><\/span>\n\t<\/p>\n\t<p><span class=\"wpcf7-form-control-wrap\" data-name=\"model\"><input size=\"40\" maxlength=\"400\" class=\"wpcf7-form-control wpcf7-text wpcf7-validates-as-required\" aria-required=\"true\" aria-invalid=\"false\" placeholder=\"Enter model (required)\" value=\"\" type=\"text\" name=\"model\" \/><\/span>\n\t<\/p>\n\t<p><span class=\"wpcf7-form-control-wrap\" data-name=\"textarea-535\"><textarea cols=\"40\" rows=\"10\" maxlength=\"2000\" class=\"wpcf7-form-control wpcf7-textarea wpcf7-validates-as-required\" aria-required=\"true\" aria-invalid=\"false\" placeholder=\"What products are you interested in? (required)\" name=\"textarea-535\"><\/textarea><\/span>\n\t<\/p>\n\t<p><span class=\"wpcf7-form-control-wrap\" data-name=\"acceptance\"><span class=\"wpcf7-form-control wpcf7-acceptance\"><span class=\"wpcf7-list-item\"><label><input type=\"checkbox\" name=\"acceptance\" value=\"1\" aria-invalid=\"false\" \/><span class=\"wpcf7-list-item-label\">Accept <a href=\"https:\/\/carbonmiledesign.pl\/polityka-prywatnosci\/\">the privacy policy<\/a>.<\/span><\/label><\/span><\/span><\/span>\n\t<\/p>\n\t<p><input class=\"wpcf7-form-control wpcf7-submit has-spinner button\" type=\"submit\" value=\"Send\" \/>\n\t<\/p>\n<\/div><div class=\"wpcf7-response-output\" aria-hidden=\"true\"><\/div>\n<input type=\"hidden\" name=\"trp-form-language\" value=\"en\"\/><\/form>\n<\/div>\n\n\n<h1 style=\"text-align: center;\"><span style=\"font-size: 85%;\">The product you are looking for is not available?<\/span><\/h1>\n<div class=\"text-center\"><div class=\"is-divider divider clearfix\" style=\"max-width:360px;background-color:rgb(153, 48, 49);\"><\/div><\/div>\n\n\t<div id=\"text-2675678358\" class=\"text\">\n\t\t\n\n<p><span style=\"font-size: 75%;\">Not all products from our offer are available in the online store, but we have many other products that we can produce especially for you. If you do not find what you are looking for, please contact us! We are able to adapt our offer to your needs and produce a product to order.<\/span><\/p>\n<p><span style=\"font-size: 75%;\"><strong>Why should you contact us?<\/strong><\/span><\/p>\n<ul>\n<li><span style=\"font-size: 75%;\"><strong>Individual approach:<\/strong> We treat each inquiry individually to thoroughly understand your needs.<\/span><\/li>\n<li><span style=\"font-size: 75%;\"><strong>Flexibility:<\/strong> We are able to adapt products to specific requirements, both in terms of functionality and aesthetics.<\/span><\/li>\n<li><span style=\"font-size: 75%;\"><strong>Professionalism:<\/strong> We have many years of experience and use the latest technologies to deliver the highest quality products.<\/span><\/li>\n<\/ul>\n<p><span style=\"font-size: 75%;\"><strong>Fill out the form<\/strong>, and we will contact you to match the right products to your needs!<\/span><\/p>\n\t\t\n<style>\n#text-2675678358 {\n  text-align: center;\n}\n<\/style>\n\t<\/div>\n\t\n\n\t\t<\/div>\n\n\t\t\n<style>\n#section_641766265 {\n  padding-top: 30px;\n  padding-bottom: 30px;\n}\n<\/style>\n\t<\/section>","protected":false},"excerpt":{"rendered":"","protected":false},"author":1,"featured_media":0,"parent":0,"menu_order":0,"comment_status":"closed","ping_status":"closed","template":"","meta":{"footnotes":""},"class_list":["post-1016","page","type-page","status-publish","hentry"],"yoast_head":"<!-- This site is optimized with the Yoast SEO plugin v26.6 - https:\/\/yoast.com\/wordpress\/plugins\/seo\/ -->\n<title>Cz\u0119\u015bci wizualne carbon - otrzymaj profesjonaln\u0105 pomoc w doborze<\/title>\n<meta name=\"description\" content=\"Cz\u0119\u015bci wizualne carbon Carbonmile to najwy\u017csza jako\u015b\u0107 i profesjonalne podej\u015bcie. Pomo\u017cemy Ci dopasowa\u0107 cz\u0119\u015bci do Twoich potrzeb.\" \/>\n<meta name=\"robots\" content=\"index, follow, max-snippet:-1, max-image-preview:large, max-video-preview:-1\" \/>\n<link rel=\"canonical\" href=\"https:\/\/carbonmiledesign.pl\/en\/pomoc-w-doborze-czesci-wizualne-carbon\/\" \/>\n<meta property=\"og:locale\" content=\"en_US\" \/>\n<meta property=\"og:type\" content=\"article\" \/>\n<meta property=\"og:title\" content=\"Cz\u0119\u015bci wizualne carbon - otrzymaj profesjonaln\u0105 pomoc w doborze\" \/>\n<meta property=\"og:description\" content=\"Cz\u0119\u015bci wizualne carbon Carbonmile to najwy\u017csza jako\u015b\u0107 i profesjonalne podej\u015bcie. Pomo\u017cemy Ci dopasowa\u0107 cz\u0119\u015bci do Twoich potrzeb.\" \/>\n<meta property=\"og:url\" content=\"https:\/\/carbonmiledesign.pl\/en\/pomoc-w-doborze-czesci-wizualne-carbon\/\" \/>\n<meta property=\"og:site_name\" content=\"CarbonMile design\" \/>\n<meta property=\"article:modified_time\" content=\"2025-10-24T06:52:29+00:00\" \/>\n<meta name=\"twitter:card\" content=\"summary_large_image\" \/>\n<meta name=\"twitter:label1\" content=\"Est. reading time\" \/>\n\t<meta name=\"twitter:data1\" content=\"2 minutes\" \/>\n<script type=\"application\/ld+json\" class=\"yoast-schema-graph\">{\"@context\":\"https:\/\/schema.org\",\"@graph\":[{\"@type\":\"WebPage\",\"@id\":\"https:\/\/carbonmiledesign.pl\/pomoc-w-doborze-czesci-wizualne-carbon\/\",\"url\":\"https:\/\/carbonmiledesign.pl\/pomoc-w-doborze-czesci-wizualne-carbon\/\",\"name\":\"Cz\u0119\u015bci wizualne carbon - otrzymaj profesjonaln\u0105 pomoc w doborze\",\"isPartOf\":{\"@id\":\"https:\/\/carbonmiledesign.pl\/#website\"},\"datePublished\":\"2025-01-23T14:49:11+00:00\",\"dateModified\":\"2025-10-24T06:52:29+00:00\",\"description\":\"Cz\u0119\u015bci wizualne carbon Carbonmile to najwy\u017csza jako\u015b\u0107 i profesjonalne podej\u015bcie. Pomo\u017cemy Ci dopasowa\u0107 cz\u0119\u015bci do Twoich potrzeb.\",\"breadcrumb\":{\"@id\":\"https:\/\/carbonmiledesign.pl\/pomoc-w-doborze-czesci-wizualne-carbon\/#breadcrumb\"},\"inLanguage\":\"en-US\",\"potentialAction\":[{\"@type\":\"ReadAction\",\"target\":[\"https:\/\/carbonmiledesign.pl\/pomoc-w-doborze-czesci-wizualne-carbon\/\"]}]},{\"@type\":\"BreadcrumbList\",\"@id\":\"https:\/\/carbonmiledesign.pl\/pomoc-w-doborze-czesci-wizualne-carbon\/#breadcrumb\",\"itemListElement\":[{\"@type\":\"ListItem\",\"position\":1,\"name\":\"Strona g\u0142\u00f3wna\",\"item\":\"https:\/\/carbonmiledesign.pl\/\"},{\"@type\":\"ListItem\",\"position\":2,\"name\":\"Pomoc w doborze\"}]},{\"@type\":\"WebSite\",\"@id\":\"https:\/\/carbonmiledesign.pl\/#website\",\"url\":\"https:\/\/carbonmiledesign.pl\/\",\"name\":\"Carbonmile Design\",\"description\":\"\",\"publisher\":{\"@id\":\"https:\/\/carbonmiledesign.pl\/#organization\"},\"alternateName\":\"CM Design\",\"potentialAction\":[{\"@type\":\"SearchAction\",\"target\":{\"@type\":\"EntryPoint\",\"urlTemplate\":\"https:\/\/carbonmiledesign.pl\/?s={search_term_string}\"},\"query-input\":{\"@type\":\"PropertyValueSpecification\",\"valueRequired\":true,\"valueName\":\"search_term_string\"}}],\"inLanguage\":\"en-US\"},{\"@type\":\"Organization\",\"@id\":\"https:\/\/carbonmiledesign.pl\/#organization\",\"name\":\"Carbonmile Design\",\"url\":\"https:\/\/carbonmiledesign.pl\/\",\"logo\":{\"@type\":\"ImageObject\",\"inLanguage\":\"en-US\",\"@id\":\"https:\/\/carbonmiledesign.pl\/#\/schema\/logo\/image\/\",\"url\":\"https:\/\/carbonmiledesign.pl\/wp-content\/uploads\/2025\/01\/Carbonmiledesign-logo-czarne-przezroczyste-tlo.png\",\"contentUrl\":\"https:\/\/carbonmiledesign.pl\/wp-content\/uploads\/2025\/01\/Carbonmiledesign-logo-czarne-przezroczyste-tlo.png\",\"width\":2420,\"height\":520,\"caption\":\"Carbonmile Design\"},\"image\":{\"@id\":\"https:\/\/carbonmiledesign.pl\/#\/schema\/logo\/image\/\"}}]}<\/script>\n<!-- \/ Yoast SEO plugin. -->","yoast_head_json":{"title":"Cz\u0119\u015bci wizualne carbon - otrzymaj profesjonaln\u0105 pomoc w doborze","description":"Cz\u0119\u015bci wizualne carbon Carbonmile to najwy\u017csza jako\u015b\u0107 i profesjonalne podej\u015bcie. Pomo\u017cemy Ci dopasowa\u0107 cz\u0119\u015bci do Twoich potrzeb.","robots":{"index":"index","follow":"follow","max-snippet":"max-snippet:-1","max-image-preview":"max-image-preview:large","max-video-preview":"max-video-preview:-1"},"canonical":"https:\/\/carbonmiledesign.pl\/en\/pomoc-w-doborze-czesci-wizualne-carbon\/","og_locale":"en_US","og_type":"article","og_title":"Cz\u0119\u015bci wizualne carbon - otrzymaj profesjonaln\u0105 pomoc w doborze","og_description":"Cz\u0119\u015bci wizualne carbon Carbonmile to najwy\u017csza jako\u015b\u0107 i profesjonalne podej\u015bcie. Pomo\u017cemy Ci dopasowa\u0107 cz\u0119\u015bci do Twoich potrzeb.","og_url":"https:\/\/carbonmiledesign.pl\/en\/pomoc-w-doborze-czesci-wizualne-carbon\/","og_site_name":"CarbonMile design","article_modified_time":"2025-10-24T06:52:29+00:00","twitter_card":"summary_large_image","twitter_misc":{"Est. reading time":"2 minutes"},"schema":{"@context":"https:\/\/schema.org","@graph":[{"@type":"WebPage","@id":"https:\/\/carbonmiledesign.pl\/pomoc-w-doborze-czesci-wizualne-carbon\/","url":"https:\/\/carbonmiledesign.pl\/pomoc-w-doborze-czesci-wizualne-carbon\/","name":"Cz\u0119\u015bci wizualne carbon - otrzymaj profesjonaln\u0105 pomoc w doborze","isPartOf":{"@id":"https:\/\/carbonmiledesign.pl\/#website"},"datePublished":"2025-01-23T14:49:11+00:00","dateModified":"2025-10-24T06:52:29+00:00","description":"Cz\u0119\u015bci wizualne carbon Carbonmile to najwy\u017csza jako\u015b\u0107 i profesjonalne podej\u015bcie. Pomo\u017cemy Ci dopasowa\u0107 cz\u0119\u015bci do Twoich potrzeb.","breadcrumb":{"@id":"https:\/\/carbonmiledesign.pl\/pomoc-w-doborze-czesci-wizualne-carbon\/#breadcrumb"},"inLanguage":"en-US","potentialAction":[{"@type":"ReadAction","target":["https:\/\/carbonmiledesign.pl\/pomoc-w-doborze-czesci-wizualne-carbon\/"]}]},{"@type":"BreadcrumbList","@id":"https:\/\/carbonmiledesign.pl\/pomoc-w-doborze-czesci-wizualne-carbon\/#breadcrumb","itemListElement":[{"@type":"ListItem","position":1,"name":"Strona g\u0142\u00f3wna","item":"https:\/\/carbonmiledesign.pl\/"},{"@type":"ListItem","position":2,"name":"Pomoc w doborze"}]},{"@type":"WebSite","@id":"https:\/\/carbonmiledesign.pl\/#website","url":"https:\/\/carbonmiledesign.pl\/","name":"Carbonmile Design","description":"","publisher":{"@id":"https:\/\/carbonmiledesign.pl\/#organization"},"alternateName":"CM Design","potentialAction":[{"@type":"SearchAction","target":{"@type":"EntryPoint","urlTemplate":"https:\/\/carbonmiledesign.pl\/?s={search_term_string}"},"query-input":{"@type":"PropertyValueSpecification","valueRequired":true,"valueName":"search_term_string"}}],"inLanguage":"en-US"},{"@type":"Organization","@id":"https:\/\/carbonmiledesign.pl\/#organization","name":"Carbonmile Design","url":"https:\/\/carbonmiledesign.pl\/","logo":{"@type":"ImageObject","inLanguage":"en-US","@id":"https:\/\/carbonmiledesign.pl\/#\/schema\/logo\/image\/","url":"https:\/\/carbonmiledesign.pl\/wp-content\/uploads\/2025\/01\/Carbonmiledesign-logo-czarne-przezroczyste-tlo.png","contentUrl":"https:\/\/carbonmiledesign.pl\/wp-content\/uploads\/2025\/01\/Carbonmiledesign-logo-czarne-przezroczyste-tlo.png","width":2420,"height":520,"caption":"Carbonmile Design"},"image":{"@id":"https:\/\/carbonmiledesign.pl\/#\/schema\/logo\/image\/"}}]}},"jetpack_sharing_enabled":true,"_links":{"self":[{"href":"https:\/\/carbonmiledesign.pl\/en\/wp-json\/wp\/v2\/pages\/1016","targetHints":{"allow":["GET"]}}],"collection":[{"href":"https:\/\/carbonmiledesign.pl\/en\/wp-json\/wp\/v2\/pages"}],"about":[{"href":"https:\/\/carbonmiledesign.pl\/en\/wp-json\/wp\/v2\/types\/page"}],"author":[{"embeddable":true,"href":"https:\/\/carbonmiledesign.pl\/en\/wp-json\/wp\/v2\/users\/1"}],"replies":[{"embeddable":true,"href":"https:\/\/carbonmiledesign.pl\/en\/wp-json\/wp\/v2\/comments?post=1016"}],"version-history":[{"count":0,"href":"https:\/\/carbonmiledesign.pl\/en\/wp-json\/wp\/v2\/pages\/1016\/revisions"}],"wp:attachment":[{"href":"https:\/\/carbonmiledesign.pl\/en\/wp-json\/wp\/v2\/media?parent=1016"}],"curies":[{"name":"wp","href":"https:\/\/api.w.org\/{rel}","templated":true}]}}